{"id":95,"date":"2021-02-08T14:10:23","date_gmt":"2021-02-08T13:10:23","guid":{"rendered":"http:\/\/motorradcamperreisen.de\/?page_id=95"},"modified":"2023-05-14T17:10:54","modified_gmt":"2023-05-14T15:10:54","slug":"ausbau-bodenplatte","status":"publish","type":"page","link":"http:\/\/motorradcamperreisen.de\/?page_id=95","title":{"rendered":"Ausbau: Bodenplatte"},"content":{"rendered":"\n<p>Der Ausbau beginnt.<\/p>\n\n\n\n<p>Ich habe mir von Anbeginn vorgenommen ein paar Kleinigkeiten anders zu machen als andere Beschreibungen. Z. B. das Benennen von Ma\u00dfen beim Ausbau. Beim Vorsatz ist es geblieben, aber bei Interesse messe ich alles nach. Einfach anfragen.<\/p>\n\n\n\n<p>Im ersten Schritt habe ich die hintere R\u00fcckbank aus dem Caddy genommen. Entgegen anderslautenden Informationen muss da nichts geschraubt werden. Beherztes Ziehen an den unteren Laschen und die R\u00fcckbank kann problemlos entnommen werden.<\/p>\n\n\n\n<p>Nun ging es daran Schablonen zu erstellen. Das habe ich mit fester Pappe gemacht. Wie schon am Anfang beschrieben, soll die Mittelsitzbank im Regelfall im Auto bleiben und nur bei Langzeittouren \u2013 also l\u00e4nger als eine Woche \u2013 raus.<\/p>\n\n\n\n<p>Auf dem folgenden Bild seht ihr Schr\u00f6der mit der Schablone:<\/p>\n\n\n\n<figure class=\"wp-block-image size-large\"><img loading=\"lazy\" decoding=\"async\" width=\"768\" height=\"1024\" src=\"http:\/\/motorradcamperreisen.de\/wp-content\/uploads\/2021\/02\/Schablonen-768x1024.jpg\" alt=\"\" class=\"wp-image-96\" srcset=\"http:\/\/motorradcamperreisen.de\/wp-content\/uploads\/2021\/02\/Schablonen-768x1024.jpg 768w, http:\/\/motorradcamperreisen.de\/wp-content\/uploads\/2021\/02\/Schablonen-225x300.jpg 225w, http:\/\/motorradcamperreisen.de\/wp-content\/uploads\/2021\/02\/Schablonen-1152x1536.jpg 1152w, http:\/\/motorradcamperreisen.de\/wp-content\/uploads\/2021\/02\/Schablonen-1536x2048.jpg 1536w, http:\/\/motorradcamperreisen.de\/wp-content\/uploads\/2021\/02\/Schablonen-scaled.jpg 1920w\" sizes=\"(max-width: 768px) 100vw, 768px\" \/><\/figure>\n\n\n\n<p>Ich habe mir schon vor Wochen eine <a href=\"http:\/\/iframe%20style=%22width:120px;height:240px;%22%20marginwidth=%220%22%20marginheight=%220%22%20scrolling=%22no%22%20frameborder=%220%22%20src=%22\/ws-eu.amazon-adsystem.com\/widgets\/q?ServiceVersion=20070822&amp;OneJS=1&amp;Operation=GetAdHtml&amp;MarketPlace=DE&amp;source=ac&amp;ref=qf_sp_asin_til&amp;ad_type=product_link&amp;tracking_id=27061966-21&amp;marketplace=amazon&amp;region=DE&amp;placement=B01HS0ZLXK&amp;asins=B01HS0ZLXK&amp;linkId=a90a8ea0f220784acd247fdf6c6ff754&amp;show_border=false&amp;link_opens_in_new_window=false&amp;price_color=333333&amp;title_color=0066c0&amp;bg_color=ffffff%22\" target=\"_blank\" rel=\"noreferrer noopener\">Siebdruckplatte<\/a> 1250 x 2500 x 21 mm zugelegt. Diese habe ich mir im Carport zurechtgelegt und die Ma\u00dfe anhand der Schablone aufgezeichnet. Achtung: Die Breite der Platte ist noch zu schmal! Ich zeige das unten in den Bildern. F\u00fcr mich ist es allerdings ok. Zugeschnitten auf der langen Kante mit einer <a href=\"http:\/\/a%20target=%22_blank%22%20href=%22https:\/www.amazon.de\/gp\/product\/B000B9RKHG\/ref=as_li_tl?ie=UTF8&amp;camp=1638&amp;creative=6742&amp;creativeASIN=B000B9RKHG&amp;linkCode=as2&amp;tag=27061966-21&amp;linkId=8b85dce580efb52a30a28c156ba3d0f1%22%3eMannesmann%20Laser-Handkreiss\u00e4ge,%201200%20W,%20mit%202%20S\u00e4gebl\u00e4ttern,%20M12795%3c\/a%3e%3cimg%20src=%22\/\/ir-de.amazon-adsystem.com\/e\/ir?t=27061966-21&amp;l=am2&amp;o=3&amp;a=B000B9RKHG%22%20width=%221%22%20height=%221%22%20border=%220%22%20alt=%22%22%20style=%22border:none%20!important;%20margin:0px%20!important;%22%20\/\" target=\"_blank\" rel=\"noreferrer noopener\">Handkreiss\u00e4ge<\/a>, die Seiten wegen des kurvigen Ausschnitts mit der <a href=\"http:\/\/iframe%20style=%22width:120px;height:240px;%22%20marginwidth=%220%22%20marginheight=%220%22%20scrolling=%22no%22%20frameborder=%220%22%20src=%22\/ws-eu.amazon-adsystem.com\/widgets\/q?ServiceVersion=20070822&amp;OneJS=1&amp;Operation=GetAdHtml&amp;MarketPlace=DE&amp;source=ac&amp;ref=tf_til&amp;ad_type=product_link&amp;tracking_id=27061966-21&amp;marketplace=amazon&amp;region=DE&amp;placement=B00ALTFDSY&amp;asins=B00ALTFDSY&amp;linkId=f25a4c18561daa729a17b5beafeeade5&amp;show_border=false&amp;link_opens_in_new_window=false&amp;price_color=333333&amp;title_color=0066c0&amp;bg_color=ffffff%22\" target=\"_blank\" rel=\"noreferrer noopener\">Stichs\u00e4ge<\/a>. Anschlie\u00dfend habe ich die Schneidkanten erst mit einem <a href=\"http:\/\/iframe%20style=%22width:120px;height:240px;%22%20marginwidth=%220%22%20marginheight=%220%22%20scrolling=%22no%22%20frameborder=%220%22%20src=%22\/ws-eu.amazon-adsystem.com\/widgets\/q?ServiceVersion=20070822&amp;OneJS=1&amp;Operation=GetAdHtml&amp;MarketPlace=DE&amp;source=ac&amp;ref=tf_til&amp;ad_type=product_link&amp;tracking_id=27061966-21&amp;marketplace=amazon&amp;region=DE&amp;placement=B00ALTFDSY&amp;asins=B00ALTFDSY&amp;linkId=f25a4c18561daa729a17b5beafeeade5&amp;show_border=false&amp;link_opens_in_new_window=false&amp;price_color=333333&amp;title_color=0066c0&amp;bg_color=ffffff%22\" target=\"_blank\" rel=\"noreferrer noopener\">Bandschleifer <\/a>und danach mit einem <a href=\"iframe%20style=%22width:120px;height:240px;%22%20marginwidth=%220%22%20marginheight=%220%22%20scrolling=%22no%22%20frameborder=%220%22%20src=%22\/ws-eu.amazon-adsystem.com\/widgets\/q?ServiceVersion=20070822&amp;OneJS=1&amp;Operation=GetAdHtml&amp;MarketPlace=DE&amp;source=ac&amp;ref=tf_til&amp;ad_type=product_link&amp;tracking_id=27061966-21&amp;marketplace=amazon&amp;region=DE&amp;placement=B00BLZXYSI&amp;asins=B00BLZXYSI&amp;linkId=edf1f27b328d03f464ef87b0ad05103a&amp;show_border=false&amp;link_opens_in_new_window=false&amp;price_color=333333&amp;title_color=0066c0&amp;bg_color=ffffff%22\">Deltaschleifer<\/a> bearbeitet.<\/p>\n\n\n\n<p>Erfreulicherweise hat gleich der erste Zuschnitt richtig gepasst.<\/p>\n\n\n\n<p>Ich habe mich dazu entschieden, die Siebdruckplatte auf der Bodenplatte zu sichern. Hierzu habe ich die Zurr\u00f6senhalter (ich habe keine Ahnung wie die Dinger richtig hei\u00dfen) abgeschraubt, in die Siebdruckplatte entsprechende L\u00f6cher gebohrt und mit 8er Schlossschrauben das ganze befestigt.<\/p>\n\n\n\n<p>Tipp1: Schlossschrauben: Ich kann sie schnell l\u00f6sen und der Kopf st\u00f6rt mich an der Stelle nicht. Gehen nat\u00fcrlich auch andere Schrauben<\/p>\n\n\n\n<p>Tipp2: L\u00f6cher bohren: Wenn die Platte auf den L\u00f6chern liegt, sieht man eher nicht, wo man bohren m\u00fcsste. Hierzu habe ich mich eines Tricks bedient: Kreppband von der linken auf die rechte Seite spannen und die L\u00f6cher anzeichnen. Dieses Kreppband auf die Siebdruckplatte legen und die L\u00f6cher bohren.&nbsp;<\/p>\n\n\n\n<p>Weiter gehts mit <a href=\"http:\/\/motorradcamperreisen.de\/wp-admin\/post.php?post=247&amp;action=edit\">Bildern<\/a><\/p>\n","protected":false},"excerpt":{"rendered":"<p>Der Ausbau beginnt. Ich habe mir von Anbeginn vorgenommen ein paar Kleinigkeiten anders zu machen als andere Beschreibungen. Z. B. das Benennen von Ma\u00dfen beim Ausbau. Beim Vorsatz ist es geblieben, aber bei Interesse messe ich alles nach. Einfach anfragen. Im ersten Schritt habe ich die hintere R\u00fcckbank aus dem Caddy genommen. Entgegen anderslautenden Informationen [&hellip;]<\/p>\n","protected":false},"author":1,"featured_media":0,"parent":80,"menu_order":1,"comment_status":"open","ping_status":"closed","template":"","meta":{"site-sidebar-layout":"default","site-content-layout":"default","ast-site-content-layout":"default","site-content-style":"default","site-sidebar-style":"default","ast-global-header-display":"","ast-banner-title-visibility":"","ast-main-header-display":"","ast-hfb-above-header-display":"","ast-hfb-below-header-display":"","ast-hfb-mobile-header-display":"","site-post-title":"","ast-breadcrumbs-content":"","ast-featured-img":"","footer-sml-layout":"","ast-disable-related-posts":"","theme-transparent-header-meta":"default","adv-header-id-meta":"","stick-header-meta":"","header-above-stick-meta":"","header-main-stick-meta":"","header-below-stick-meta":"","astra-migrate-meta-layouts":"default","ast-page-background-enabled":"default","ast-page-background-meta":{"desktop":{"background-color":"","background-image":"","background-repeat":"repeat","background-position":"center center","background-size":"auto","background-attachment":"scroll","background-type":"","background-media":"","overlay-type":"","overlay-color":"","overlay-opacity":"","overlay-gradient":""},"tablet":{"background-color":"","background-image":"","background-repeat":"repeat","background-position":"center center","background-size":"auto","background-attachment":"scroll","background-type":"","background-media":"","overlay-type":"","overlay-color":"","overlay-opacity":"","overlay-gradient":""},"mobile":{"background-color":"","background-image":"","background-repeat":"repeat","background-position":"center center","background-size":"auto","background-attachment":"scroll","background-type":"","background-media":"","overlay-type":"","overlay-color":"","overlay-opacity":"","overlay-gradient":""}},"ast-content-background-meta":{"desktop":{"background-color":"var(--ast-global-color-5)","background-image":"","background-repeat":"repeat","background-position":"center center","background-size":"auto","background-attachment":"scroll","background-type":"","background-media":"","overlay-type":"","overlay-color":"","overlay-opacity":"","overlay-gradient":""},"tablet":{"background-color":"var(--ast-global-color-5)","background-image":"","background-repeat":"repeat","background-position":"center center","background-size":"auto","background-attachment":"scroll","background-type":"","background-media":"","overlay-type":"","overlay-color":"","overlay-opacity":"","overlay-gradient":""},"mobile":{"background-color":"var(--ast-global-color-5)","background-image":"","background-repeat":"repeat","background-position":"center center","background-size":"auto","background-attachment":"scroll","background-type":"","background-media":"","overlay-type":"","overlay-color":"","overlay-opacity":"","overlay-gradient":""}},"footnotes":""},"yoast_head":"<!-- This site is optimized with the Yoast SEO plugin v24.5 - https:\/\/yoast.com\/wordpress\/plugins\/seo\/ -->\n<title>Ausbau: Bodenplatte - motorradcamperreisen.de<\/title>\n<meta name=\"robots\" content=\"index, follow, max-snippet:-1, max-image-preview:large, max-video-preview:-1\" \/>\n<link rel=\"canonical\" href=\"http:\/\/motorradcamperreisen.de\/?page_id=95\" \/>\n<meta property=\"og:locale\" content=\"de_DE\" \/>\n<meta property=\"og:type\" content=\"article\" \/>\n<meta property=\"og:title\" content=\"Ausbau: Bodenplatte - motorradcamperreisen.de\" \/>\n<meta property=\"og:description\" content=\"Der Ausbau beginnt. Ich habe mir von Anbeginn vorgenommen ein paar Kleinigkeiten anders zu machen als andere Beschreibungen. Z. B. das Benennen von Ma\u00dfen beim Ausbau. Beim Vorsatz ist es geblieben, aber bei Interesse messe ich alles nach. Einfach anfragen. Im ersten Schritt habe ich die hintere R\u00fcckbank aus dem Caddy genommen. Entgegen anderslautenden Informationen [&hellip;]\" \/>\n<meta property=\"og:url\" content=\"http:\/\/motorradcamperreisen.de\/?page_id=95\" \/>\n<meta property=\"og:site_name\" content=\"motorradcamperreisen.de\" \/>\n<meta property=\"article:modified_time\" content=\"2023-05-14T15:10:54+00:00\" \/>\n<meta property=\"og:image\" content=\"http:\/\/motorradcamperreisen.de\/wp-content\/uploads\/2021\/02\/Schablonen-768x1024.jpg\" \/>\n<meta name=\"twitter:card\" content=\"summary_large_image\" \/>\n<meta name=\"twitter:label1\" content=\"Gesch\u00e4tzte Lesezeit\" \/>\n\t<meta name=\"twitter:data1\" content=\"3\u00a0Minuten\" \/>\n<script type=\"application\/ld+json\" class=\"yoast-schema-graph\">{\"@context\":\"https:\/\/schema.org\",\"@graph\":[{\"@type\":\"WebPage\",\"@id\":\"http:\/\/motorradcamperreisen.de\/?page_id=95\",\"url\":\"http:\/\/motorradcamperreisen.de\/?page_id=95\",\"name\":\"Ausbau: Bodenplatte - motorradcamperreisen.de\",\"isPartOf\":{\"@id\":\"http:\/\/motorradcamperreisen.de\/#website\"},\"primaryImageOfPage\":{\"@id\":\"http:\/\/motorradcamperreisen.de\/?page_id=95#primaryimage\"},\"image\":{\"@id\":\"http:\/\/motorradcamperreisen.de\/?page_id=95#primaryimage\"},\"thumbnailUrl\":\"http:\/\/motorradcamperreisen.de\/wp-content\/uploads\/2021\/02\/Schablonen-768x1024.jpg\",\"datePublished\":\"2021-02-08T13:10:23+00:00\",\"dateModified\":\"2023-05-14T15:10:54+00:00\",\"breadcrumb\":{\"@id\":\"http:\/\/motorradcamperreisen.de\/?page_id=95#breadcrumb\"},\"inLanguage\":\"de\",\"potentialAction\":[{\"@type\":\"ReadAction\",\"target\":[\"http:\/\/motorradcamperreisen.de\/?page_id=95\"]}]},{\"@type\":\"ImageObject\",\"inLanguage\":\"de\",\"@id\":\"http:\/\/motorradcamperreisen.de\/?page_id=95#primaryimage\",\"url\":\"http:\/\/motorradcamperreisen.de\/wp-content\/uploads\/2021\/02\/Schablonen-768x1024.jpg\",\"contentUrl\":\"http:\/\/motorradcamperreisen.de\/wp-content\/uploads\/2021\/02\/Schablonen-768x1024.jpg\"},{\"@type\":\"BreadcrumbList\",\"@id\":\"http:\/\/motorradcamperreisen.de\/?page_id=95#breadcrumb\",\"itemListElement\":[{\"@type\":\"ListItem\",\"position\":1,\"name\":\"Startseite\",\"item\":\"http:\/\/motorradcamperreisen.de\/\"},{\"@type\":\"ListItem\",\"position\":2,\"name\":\"Camper\",\"item\":\"http:\/\/motorradcamperreisen.de\/?page_id=22\"},{\"@type\":\"ListItem\",\"position\":3,\"name\":\"Schr\u00f6der &#8230;. ist Vergangenheit und hoffentlich in guten H\u00e4nden\",\"item\":\"http:\/\/motorradcamperreisen.de\/?page_id=80\"},{\"@type\":\"ListItem\",\"position\":4,\"name\":\"Ausbau: Bodenplatte\"}]},{\"@type\":\"WebSite\",\"@id\":\"http:\/\/motorradcamperreisen.de\/#website\",\"url\":\"http:\/\/motorradcamperreisen.de\/\",\"name\":\"motorradcamperreisen.de\",\"description\":\"Motorradtouren, Camperreisen, St\u00e4dtetrips und was mir sonst noch so einf\u00e4llt....\",\"publisher\":{\"@id\":\"http:\/\/motorradcamperreisen.de\/#\/schema\/person\/3b5f74e4181c032b66d5c7b9f7ec1790\"},\"potentialAction\":[{\"@type\":\"SearchAction\",\"target\":{\"@type\":\"EntryPoint\",\"urlTemplate\":\"http:\/\/motorradcamperreisen.de\/?s={search_term_string}\"},\"query-input\":{\"@type\":\"PropertyValueSpecification\",\"valueRequired\":true,\"valueName\":\"search_term_string\"}}],\"inLanguage\":\"de\"},{\"@type\":[\"Person\",\"Organization\"],\"@id\":\"http:\/\/motorradcamperreisen.de\/#\/schema\/person\/3b5f74e4181c032b66d5c7b9f7ec1790\",\"name\":\"Bile66\",\"image\":{\"@type\":\"ImageObject\",\"inLanguage\":\"de\",\"@id\":\"http:\/\/motorradcamperreisen.de\/#\/schema\/person\/image\/\",\"url\":\"http:\/\/motorradcamperreisen.de\/wp-content\/uploads\/2022\/07\/IMG_20191005_143007-scaled.jpg\",\"contentUrl\":\"http:\/\/motorradcamperreisen.de\/wp-content\/uploads\/2022\/07\/IMG_20191005_143007-scaled.jpg\",\"width\":1920,\"height\":2560,\"caption\":\"Bile66\"},\"logo\":{\"@id\":\"http:\/\/motorradcamperreisen.de\/#\/schema\/person\/image\/\"},\"sameAs\":[\"http:\/\/motorradcamperreisen.de\"]}]}<\/script>\n<!-- \/ Yoast SEO plugin. -->","yoast_head_json":{"title":"Ausbau: Bodenplatte - motorradcamperreisen.de","robots":{"index":"index","follow":"follow","max-snippet":"max-snippet:-1","max-image-preview":"max-image-preview:large","max-video-preview":"max-video-preview:-1"},"canonical":"http:\/\/motorradcamperreisen.de\/?page_id=95","og_locale":"de_DE","og_type":"article","og_title":"Ausbau: Bodenplatte - motorradcamperreisen.de","og_description":"Der Ausbau beginnt. Ich habe mir von Anbeginn vorgenommen ein paar Kleinigkeiten anders zu machen als andere Beschreibungen. Z. B. das Benennen von Ma\u00dfen beim Ausbau. Beim Vorsatz ist es geblieben, aber bei Interesse messe ich alles nach. Einfach anfragen. Im ersten Schritt habe ich die hintere R\u00fcckbank aus dem Caddy genommen. Entgegen anderslautenden Informationen [&hellip;]","og_url":"http:\/\/motorradcamperreisen.de\/?page_id=95","og_site_name":"motorradcamperreisen.de","article_modified_time":"2023-05-14T15:10:54+00:00","og_image":[{"url":"http:\/\/motorradcamperreisen.de\/wp-content\/uploads\/2021\/02\/Schablonen-768x1024.jpg","type":"","width":"","height":""}],"twitter_card":"summary_large_image","twitter_misc":{"Gesch\u00e4tzte Lesezeit":"3\u00a0Minuten"},"schema":{"@context":"https:\/\/schema.org","@graph":[{"@type":"WebPage","@id":"http:\/\/motorradcamperreisen.de\/?page_id=95","url":"http:\/\/motorradcamperreisen.de\/?page_id=95","name":"Ausbau: Bodenplatte - motorradcamperreisen.de","isPartOf":{"@id":"http:\/\/motorradcamperreisen.de\/#website"},"primaryImageOfPage":{"@id":"http:\/\/motorradcamperreisen.de\/?page_id=95#primaryimage"},"image":{"@id":"http:\/\/motorradcamperreisen.de\/?page_id=95#primaryimage"},"thumbnailUrl":"http:\/\/motorradcamperreisen.de\/wp-content\/uploads\/2021\/02\/Schablonen-768x1024.jpg","datePublished":"2021-02-08T13:10:23+00:00","dateModified":"2023-05-14T15:10:54+00:00","breadcrumb":{"@id":"http:\/\/motorradcamperreisen.de\/?page_id=95#breadcrumb"},"inLanguage":"de","potentialAction":[{"@type":"ReadAction","target":["http:\/\/motorradcamperreisen.de\/?page_id=95"]}]},{"@type":"ImageObject","inLanguage":"de","@id":"http:\/\/motorradcamperreisen.de\/?page_id=95#primaryimage","url":"http:\/\/motorradcamperreisen.de\/wp-content\/uploads\/2021\/02\/Schablonen-768x1024.jpg","contentUrl":"http:\/\/motorradcamperreisen.de\/wp-content\/uploads\/2021\/02\/Schablonen-768x1024.jpg"},{"@type":"BreadcrumbList","@id":"http:\/\/motorradcamperreisen.de\/?page_id=95#breadcrumb","itemListElement":[{"@type":"ListItem","position":1,"name":"Startseite","item":"http:\/\/motorradcamperreisen.de\/"},{"@type":"ListItem","position":2,"name":"Camper","item":"http:\/\/motorradcamperreisen.de\/?page_id=22"},{"@type":"ListItem","position":3,"name":"Schr\u00f6der &#8230;. ist Vergangenheit und hoffentlich in guten H\u00e4nden","item":"http:\/\/motorradcamperreisen.de\/?page_id=80"},{"@type":"ListItem","position":4,"name":"Ausbau: Bodenplatte"}]},{"@type":"WebSite","@id":"http:\/\/motorradcamperreisen.de\/#website","url":"http:\/\/motorradcamperreisen.de\/","name":"motorradcamperreisen.de","description":"Motorradtouren, Camperreisen, St\u00e4dtetrips und was mir sonst noch so einf\u00e4llt....","publisher":{"@id":"http:\/\/motorradcamperreisen.de\/#\/schema\/person\/3b5f74e4181c032b66d5c7b9f7ec1790"},"potentialAction":[{"@type":"SearchAction","target":{"@type":"EntryPoint","urlTemplate":"http:\/\/motorradcamperreisen.de\/?s={search_term_string}"},"query-input":{"@type":"PropertyValueSpecification","valueRequired":true,"valueName":"search_term_string"}}],"inLanguage":"de"},{"@type":["Person","Organization"],"@id":"http:\/\/motorradcamperreisen.de\/#\/schema\/person\/3b5f74e4181c032b66d5c7b9f7ec1790","name":"Bile66","image":{"@type":"ImageObject","inLanguage":"de","@id":"http:\/\/motorradcamperreisen.de\/#\/schema\/person\/image\/","url":"http:\/\/motorradcamperreisen.de\/wp-content\/uploads\/2022\/07\/IMG_20191005_143007-scaled.jpg","contentUrl":"http:\/\/motorradcamperreisen.de\/wp-content\/uploads\/2022\/07\/IMG_20191005_143007-scaled.jpg","width":1920,"height":2560,"caption":"Bile66"},"logo":{"@id":"http:\/\/motorradcamperreisen.de\/#\/schema\/person\/image\/"},"sameAs":["http:\/\/motorradcamperreisen.de"]}]}},"_links":{"self":[{"href":"http:\/\/motorradcamperreisen.de\/index.php?rest_route=\/wp\/v2\/pages\/95"}],"collection":[{"href":"http:\/\/motorradcamperreisen.de\/index.php?rest_route=\/wp\/v2\/pages"}],"about":[{"href":"http:\/\/motorradcamperreisen.de\/index.php?rest_route=\/wp\/v2\/types\/page"}],"author":[{"embeddable":true,"href":"http:\/\/motorradcamperreisen.de\/index.php?rest_route=\/wp\/v2\/users\/1"}],"replies":[{"embeddable":true,"href":"http:\/\/motorradcamperreisen.de\/index.php?rest_route=%2Fwp%2Fv2%2Fcomments&post=95"}],"version-history":[{"count":6,"href":"http:\/\/motorradcamperreisen.de\/index.php?rest_route=\/wp\/v2\/pages\/95\/revisions"}],"predecessor-version":[{"id":1558,"href":"http:\/\/motorradcamperreisen.de\/index.php?rest_route=\/wp\/v2\/pages\/95\/revisions\/1558"}],"up":[{"embeddable":true,"href":"http:\/\/motorradcamperreisen.de\/index.php?rest_route=\/wp\/v2\/pages\/80"}],"wp:attachment":[{"href":"http:\/\/motorradcamperreisen.de\/index.php?rest_route=%2Fwp%2Fv2%2Fmedia&parent=95"}],"curies":[{"name":"wp","href":"https:\/\/api.w.org\/{rel}","templated":true}]}}