{"id":5476,"date":"2026-01-04T17:38:50","date_gmt":"2026-01-04T16:38:50","guid":{"rendered":"http:\/\/motorradcamperreisen.de\/?page_id=5476"},"modified":"2026-01-04T17:51:14","modified_gmt":"2026-01-04T16:51:14","slug":"portugal-und-ein-bisschen-spanien-2026","status":"publish","type":"page","link":"http:\/\/motorradcamperreisen.de\/?page_id=5476","title":{"rendered":"Portugal und ein bisschen Spanien 2026"},"content":{"rendered":"\n<p>Es ist Ar***kalt &#8211; zum Schrauben am Schr\u00f6der 2.0 definitiv zu kalt. Also muss ich doch mal \u00fcberlegen, was ich sonst mit meiner Zeit so anfange :-). Und das m\u00f6glichst so, dass ich auch noch Spa\u00df habe.<\/p>\n\n\n\n<p>Was liegt also n\u00e4her, als sich um den Sommerurlaub zu k\u00fcmmern. Das Schr\u00f6der noch weit weg vom Zustand des entspannten Reisens in den S\u00fcden ist, verdr\u00e4nge ich doch erst mal.<\/p>\n\n\n\n<p>Wie immer auf meinen Reisen, wird auch diese ziemlich genau vorgeplant. Ich kann und will das auch nicht anders. Ich w\u00fcrde es sehr traurig finden, wenn ich nicht die sch\u00f6nsten &#8211; zumindest in meinen Augen &#8211; Sehensw\u00fcrdigkeiten gesehen h\u00e4tte. Wer wei\u00df ob und wann ich nochmals dahin komme.<\/p>\n\n\n\n<p>Mir stehen mindestens vier, eventuell auch f\u00fcnf Wochen zur Verf\u00fcgung. Arbeitsbedingt ab irgendwann Anfang Juni.<\/p>\n\n\n\n<p>Meine grobe Planung sieht so aus:<\/p>\n\n\n\n<figure class=\"wp-block-table\"><table><tbody><tr><td>WF &#8211; ca. Freiburg<\/td><\/tr><tr><td>Freiburg &#8211; Perigueux<\/td><\/tr><tr><td>Periguex &#8211; Salamanca<\/td><\/tr><tr><td>Salamanca<\/td><\/tr><tr><td>Salamanca &#8211; Caminito del Rey<\/td><\/tr><tr><td>Caminito del Rey &#8211; Sevilla<\/td><\/tr><tr><td>Sevilla<\/td><\/tr><tr><td>Sevilla &#8211; Faro<\/td><\/tr><tr><td>Faro &#8211; Portimao<\/td><\/tr><tr><td>Portimao<\/td><\/tr><tr><td>Portimao &#8211; Mertola<\/td><\/tr><tr><td>Mertola &#8211; Evora<\/td><\/tr><tr><td>Evora &#8211; Lissabon<\/td><\/tr><tr><td>Lissabon<\/td><\/tr><tr><td>Lissabon &#8211; Sintra<\/td><\/tr><tr><td>Sintra &#8211; Mafra &#8211; Peniche &#8211; Nazare<\/td><\/tr><tr><td>Nazare &#8211; Coimbra<\/td><\/tr><tr><td>Coimbra<\/td><\/tr><tr><td>coimbra &#8211; Aveiro &#8211; Porto<\/td><\/tr><tr><td>Porto<\/td><\/tr><tr><td>Porto &#8211; Vila Real &#8211; Guimares<\/td><\/tr><tr><td>Guimares &#8211; Braga<\/td><\/tr><\/tbody><\/table><\/figure>\n\n\n\n<p>Rund 22 Tage &#8211; so dass mir noch etwa 10 &#8211; 15 Tage zur Verf\u00fcgung stehen. Der ein oder andere Spot k\u00f6nnte sich verl\u00e4ngern, m\u00f6glicherweise aber auch ausfallen. Steht und f\u00e4llt unter anderem durchaus auch mit der Wetterlage. Insebsondere was die W\u00e4rme und eventuell damit verbundene Wanderungen und Besichtigungen angeht, kann sich die Planung auch mal schnell \u00e4ndern. Habe ich im megawarmen Schweden letztes Jahr \u00f6fters gehabt.<\/p>\n\n\n\n<p>Den R\u00fcckweg habe ich mir deshalb auch total offen gelassen. Vielleicht m\u00f6chte ich ja auch mal einen ganzen Strandtag einlegen (unwahrscheinlich, aber wer wei\u00df) oder die ein oder andere Stadt gef\u00e4llt mir so gut, dass ich l\u00e4nger bleibe. Nicht zu vergessen die M\u00f6glicheit, dass ich mal wieder technische Probleme am Auto habe &#8211; wie bisher auf jeder meiner Reisen&#8230;<\/p>\n\n\n\n<figure class=\"wp-block-image size-full\"><img loading=\"lazy\" decoding=\"async\" width=\"654\" height=\"725\" src=\"http:\/\/motorradcamperreisen.de\/wp-content\/uploads\/2026\/01\/grafik-1.png\" alt=\"\" class=\"wp-image-5471\" srcset=\"http:\/\/motorradcamperreisen.de\/wp-content\/uploads\/2026\/01\/grafik-1.png 654w, http:\/\/motorradcamperreisen.de\/wp-content\/uploads\/2026\/01\/grafik-1-271x300.png 271w\" sizes=\"(max-width: 654px) 100vw, 654px\" \/><\/figure>\n\n\n\n<p>Routenpunkte mit OptimoRoute erstellt<\/p>\n\n\n\n<p>Diese Reise wird &#8211; das ist jetzt schon absehbar &#8211; sehr sehr viele Kirchen beinhalten. Ich habe ja nicht nur willk\u00fcrlich die Orte geplant sondern nat\u00fcrlich auch die dort befindlichen Sehensw\u00fcrdigkeiten die mich interessieren. Und das sind zu einem sehr hohen Anteil Kirchen und auch ein paar Burgen. Kirchen finde ich einfach toll, wenngleich ich nicht gl\u00e4ubig bin. <\/p>\n\n\n\n<p>Ich sch\u00e4tze es werden insgesamt rund 8000 km werden. Wobei die direkte Anreise und Abreise die meisten Kilometer sind. Allein bis Salamca sind es ca. 2100 km, die ich ohne gro\u00dfartige Zwischenstops &#8211; au\u00dfer nat\u00fcrlich zum Schlafen &#8211; durchfahren werde. Den urspr\u00fcnglichen Gedanken auch noch die Pyren\u00e4en mitzunehmen, habe ich verworfen. Das muss ich bei einer anderen Tour machen. Spanien hat ja auch eine Menge an Potential f\u00fcr eine ausgiebige Reise. <\/p>\n","protected":false},"excerpt":{"rendered":"<p>Es ist Ar***kalt &#8211; zum Schrauben am Schr\u00f6der 2.0 definitiv zu kalt. Also muss ich doch mal \u00fcberlegen, was ich sonst mit meiner Zeit so anfange :-). Und das m\u00f6glichst so, dass ich auch noch Spa\u00df habe. Was liegt also n\u00e4her, als sich um den Sommerurlaub zu k\u00fcmmern. Das Schr\u00f6der noch weit weg vom Zustand [&hellip;]<\/p>\n","protected":false},"author":1,"featured_media":0,"parent":0,"menu_order":0,"comment_status":"open","ping_status":"closed","template":"","meta":{"site-sidebar-layout":"default","site-content-layout":"","ast-site-content-layout":"default","site-content-style":"default","site-sidebar-style":"default","ast-global-header-display":"","ast-banner-title-visibility":"","ast-main-header-display":"","ast-hfb-above-header-display":"","ast-hfb-below-header-display":"","ast-hfb-mobile-header-display":"","site-post-title":"","ast-breadcrumbs-content":"","ast-featured-img":"","footer-sml-layout":"","ast-disable-related-posts":"","theme-transparent-header-meta":"","adv-header-id-meta":"","stick-header-meta":"","header-above-stick-meta":"","header-main-stick-meta":"","header-below-stick-meta":"","astra-migrate-meta-layouts":"set","ast-page-background-enabled":"default","ast-page-background-meta":{"desktop":{"background-color":"","background-image":"","background-repeat":"repeat","background-position":"center center","background-size":"auto","background-attachment":"scroll","background-type":"","background-media":"","overlay-type":"","overlay-color":"","overlay-opacity":"","overlay-gradient":""},"tablet":{"background-color":"","background-image":"","background-repeat":"repeat","background-position":"center center","background-size":"auto","background-attachment":"scroll","background-type":"","background-media":"","overlay-type":"","overlay-color":"","overlay-opacity":"","overlay-gradient":""},"mobile":{"background-color":"","background-image":"","background-repeat":"repeat","background-position":"center center","background-size":"auto","background-attachment":"scroll","background-type":"","background-media":"","overlay-type":"","overlay-color":"","overlay-opacity":"","overlay-gradient":""}},"ast-content-background-meta":{"desktop":{"background-color":"var(--ast-global-color-5)","background-image":"","background-repeat":"repeat","background-position":"center center","background-size":"auto","background-attachment":"scroll","background-type":"","background-media":"","overlay-type":"","overlay-color":"","overlay-opacity":"","overlay-gradient":""},"tablet":{"background-color":"var(--ast-global-color-5)","background-image":"","background-repeat":"repeat","background-position":"center center","background-size":"auto","background-attachment":"scroll","background-type":"","background-media":"","overlay-type":"","overlay-color":"","overlay-opacity":"","overlay-gradient":""},"mobile":{"background-color":"var(--ast-global-color-5)","background-image":"","background-repeat":"repeat","background-position":"center center","background-size":"auto","background-attachment":"scroll","background-type":"","background-media":"","overlay-type":"","overlay-color":"","overlay-opacity":"","overlay-gradient":""}},"footnotes":""},"yoast_head":"<!-- This site is optimized with the Yoast SEO plugin v24.5 - https:\/\/yoast.com\/wordpress\/plugins\/seo\/ -->\n<title>Portugal und ein bisschen Spanien 2026 - motorradcamperreisen.de<\/title>\n<meta name=\"robots\" content=\"index, follow, max-snippet:-1, max-image-preview:large, max-video-preview:-1\" \/>\n<link rel=\"canonical\" href=\"http:\/\/motorradcamperreisen.de\/?page_id=5476\" \/>\n<meta property=\"og:locale\" content=\"de_DE\" \/>\n<meta property=\"og:type\" content=\"article\" \/>\n<meta property=\"og:title\" content=\"Portugal und ein bisschen Spanien 2026 - motorradcamperreisen.de\" \/>\n<meta property=\"og:description\" content=\"Es ist Ar***kalt &#8211; zum Schrauben am Schr\u00f6der 2.0 definitiv zu kalt. Also muss ich doch mal \u00fcberlegen, was ich sonst mit meiner Zeit so anfange :-). Und das m\u00f6glichst so, dass ich auch noch Spa\u00df habe. Was liegt also n\u00e4her, als sich um den Sommerurlaub zu k\u00fcmmern. Das Schr\u00f6der noch weit weg vom Zustand [&hellip;]\" \/>\n<meta property=\"og:url\" content=\"http:\/\/motorradcamperreisen.de\/?page_id=5476\" \/>\n<meta property=\"og:site_name\" content=\"motorradcamperreisen.de\" \/>\n<meta property=\"article:modified_time\" content=\"2026-01-04T16:51:14+00:00\" \/>\n<meta property=\"og:image\" content=\"http:\/\/motorradcamperreisen.de\/wp-content\/uploads\/2026\/01\/grafik-1.png\" \/>\n\t<meta property=\"og:image:width\" content=\"654\" \/>\n\t<meta property=\"og:image:height\" content=\"725\" \/>\n\t<meta property=\"og:image:type\" content=\"image\/png\" \/>\n<meta name=\"twitter:card\" content=\"summary_large_image\" \/>\n<meta name=\"twitter:label1\" content=\"Gesch\u00e4tzte Lesezeit\" \/>\n\t<meta name=\"twitter:data1\" content=\"3\u00a0Minuten\" \/>\n<script type=\"application\/ld+json\" class=\"yoast-schema-graph\">{\"@context\":\"https:\/\/schema.org\",\"@graph\":[{\"@type\":\"WebPage\",\"@id\":\"http:\/\/motorradcamperreisen.de\/?page_id=5476\",\"url\":\"http:\/\/motorradcamperreisen.de\/?page_id=5476\",\"name\":\"Portugal und ein bisschen Spanien 2026 - motorradcamperreisen.de\",\"isPartOf\":{\"@id\":\"http:\/\/motorradcamperreisen.de\/#website\"},\"primaryImageOfPage\":{\"@id\":\"http:\/\/motorradcamperreisen.de\/?page_id=5476#primaryimage\"},\"image\":{\"@id\":\"http:\/\/motorradcamperreisen.de\/?page_id=5476#primaryimage\"},\"thumbnailUrl\":\"http:\/\/motorradcamperreisen.de\/wp-content\/uploads\/2026\/01\/grafik-1.png\",\"datePublished\":\"2026-01-04T16:38:50+00:00\",\"dateModified\":\"2026-01-04T16:51:14+00:00\",\"breadcrumb\":{\"@id\":\"http:\/\/motorradcamperreisen.de\/?page_id=5476#breadcrumb\"},\"inLanguage\":\"de\",\"potentialAction\":[{\"@type\":\"ReadAction\",\"target\":[\"http:\/\/motorradcamperreisen.de\/?page_id=5476\"]}]},{\"@type\":\"ImageObject\",\"inLanguage\":\"de\",\"@id\":\"http:\/\/motorradcamperreisen.de\/?page_id=5476#primaryimage\",\"url\":\"http:\/\/motorradcamperreisen.de\/wp-content\/uploads\/2026\/01\/grafik-1.png\",\"contentUrl\":\"http:\/\/motorradcamperreisen.de\/wp-content\/uploads\/2026\/01\/grafik-1.png\",\"width\":654,\"height\":725},{\"@type\":\"BreadcrumbList\",\"@id\":\"http:\/\/motorradcamperreisen.de\/?page_id=5476#breadcrumb\",\"itemListElement\":[{\"@type\":\"ListItem\",\"position\":1,\"name\":\"Startseite\",\"item\":\"http:\/\/motorradcamperreisen.de\/\"},{\"@type\":\"ListItem\",\"position\":2,\"name\":\"Portugal und ein bisschen Spanien 2026\"}]},{\"@type\":\"WebSite\",\"@id\":\"http:\/\/motorradcamperreisen.de\/#website\",\"url\":\"http:\/\/motorradcamperreisen.de\/\",\"name\":\"motorradcamperreisen.de\",\"description\":\"Motorradtouren, Camperreisen, St\u00e4dtetrips und was mir sonst noch so einf\u00e4llt....\",\"publisher\":{\"@id\":\"http:\/\/motorradcamperreisen.de\/#\/schema\/person\/3b5f74e4181c032b66d5c7b9f7ec1790\"},\"potentialAction\":[{\"@type\":\"SearchAction\",\"target\":{\"@type\":\"EntryPoint\",\"urlTemplate\":\"http:\/\/motorradcamperreisen.de\/?s={search_term_string}\"},\"query-input\":{\"@type\":\"PropertyValueSpecification\",\"valueRequired\":true,\"valueName\":\"search_term_string\"}}],\"inLanguage\":\"de\"},{\"@type\":[\"Person\",\"Organization\"],\"@id\":\"http:\/\/motorradcamperreisen.de\/#\/schema\/person\/3b5f74e4181c032b66d5c7b9f7ec1790\",\"name\":\"Bile66\",\"image\":{\"@type\":\"ImageObject\",\"inLanguage\":\"de\",\"@id\":\"http:\/\/motorradcamperreisen.de\/#\/schema\/person\/image\/\",\"url\":\"http:\/\/motorradcamperreisen.de\/wp-content\/uploads\/2022\/07\/IMG_20191005_143007-scaled.jpg\",\"contentUrl\":\"http:\/\/motorradcamperreisen.de\/wp-content\/uploads\/2022\/07\/IMG_20191005_143007-scaled.jpg\",\"width\":1920,\"height\":2560,\"caption\":\"Bile66\"},\"logo\":{\"@id\":\"http:\/\/motorradcamperreisen.de\/#\/schema\/person\/image\/\"},\"sameAs\":[\"http:\/\/motorradcamperreisen.de\"]}]}<\/script>\n<!-- \/ Yoast SEO plugin. -->","yoast_head_json":{"title":"Portugal und ein bisschen Spanien 2026 - motorradcamperreisen.de","robots":{"index":"index","follow":"follow","max-snippet":"max-snippet:-1","max-image-preview":"max-image-preview:large","max-video-preview":"max-video-preview:-1"},"canonical":"http:\/\/motorradcamperreisen.de\/?page_id=5476","og_locale":"de_DE","og_type":"article","og_title":"Portugal und ein bisschen Spanien 2026 - motorradcamperreisen.de","og_description":"Es ist Ar***kalt &#8211; zum Schrauben am Schr\u00f6der 2.0 definitiv zu kalt. Also muss ich doch mal \u00fcberlegen, was ich sonst mit meiner Zeit so anfange :-). Und das m\u00f6glichst so, dass ich auch noch Spa\u00df habe. Was liegt also n\u00e4her, als sich um den Sommerurlaub zu k\u00fcmmern. Das Schr\u00f6der noch weit weg vom Zustand [&hellip;]","og_url":"http:\/\/motorradcamperreisen.de\/?page_id=5476","og_site_name":"motorradcamperreisen.de","article_modified_time":"2026-01-04T16:51:14+00:00","og_image":[{"width":654,"height":725,"url":"http:\/\/motorradcamperreisen.de\/wp-content\/uploads\/2026\/01\/grafik-1.png","type":"image\/png"}],"twitter_card":"summary_large_image","twitter_misc":{"Gesch\u00e4tzte Lesezeit":"3\u00a0Minuten"},"schema":{"@context":"https:\/\/schema.org","@graph":[{"@type":"WebPage","@id":"http:\/\/motorradcamperreisen.de\/?page_id=5476","url":"http:\/\/motorradcamperreisen.de\/?page_id=5476","name":"Portugal und ein bisschen Spanien 2026 - motorradcamperreisen.de","isPartOf":{"@id":"http:\/\/motorradcamperreisen.de\/#website"},"primaryImageOfPage":{"@id":"http:\/\/motorradcamperreisen.de\/?page_id=5476#primaryimage"},"image":{"@id":"http:\/\/motorradcamperreisen.de\/?page_id=5476#primaryimage"},"thumbnailUrl":"http:\/\/motorradcamperreisen.de\/wp-content\/uploads\/2026\/01\/grafik-1.png","datePublished":"2026-01-04T16:38:50+00:00","dateModified":"2026-01-04T16:51:14+00:00","breadcrumb":{"@id":"http:\/\/motorradcamperreisen.de\/?page_id=5476#breadcrumb"},"inLanguage":"de","potentialAction":[{"@type":"ReadAction","target":["http:\/\/motorradcamperreisen.de\/?page_id=5476"]}]},{"@type":"ImageObject","inLanguage":"de","@id":"http:\/\/motorradcamperreisen.de\/?page_id=5476#primaryimage","url":"http:\/\/motorradcamperreisen.de\/wp-content\/uploads\/2026\/01\/grafik-1.png","contentUrl":"http:\/\/motorradcamperreisen.de\/wp-content\/uploads\/2026\/01\/grafik-1.png","width":654,"height":725},{"@type":"BreadcrumbList","@id":"http:\/\/motorradcamperreisen.de\/?page_id=5476#breadcrumb","itemListElement":[{"@type":"ListItem","position":1,"name":"Startseite","item":"http:\/\/motorradcamperreisen.de\/"},{"@type":"ListItem","position":2,"name":"Portugal und ein bisschen Spanien 2026"}]},{"@type":"WebSite","@id":"http:\/\/motorradcamperreisen.de\/#website","url":"http:\/\/motorradcamperreisen.de\/","name":"motorradcamperreisen.de","description":"Motorradtouren, Camperreisen, St\u00e4dtetrips und was mir sonst noch so einf\u00e4llt....","publisher":{"@id":"http:\/\/motorradcamperreisen.de\/#\/schema\/person\/3b5f74e4181c032b66d5c7b9f7ec1790"},"potentialAction":[{"@type":"SearchAction","target":{"@type":"EntryPoint","urlTemplate":"http:\/\/motorradcamperreisen.de\/?s={search_term_string}"},"query-input":{"@type":"PropertyValueSpecification","valueRequired":true,"valueName":"search_term_string"}}],"inLanguage":"de"},{"@type":["Person","Organization"],"@id":"http:\/\/motorradcamperreisen.de\/#\/schema\/person\/3b5f74e4181c032b66d5c7b9f7ec1790","name":"Bile66","image":{"@type":"ImageObject","inLanguage":"de","@id":"http:\/\/motorradcamperreisen.de\/#\/schema\/person\/image\/","url":"http:\/\/motorradcamperreisen.de\/wp-content\/uploads\/2022\/07\/IMG_20191005_143007-scaled.jpg","contentUrl":"http:\/\/motorradcamperreisen.de\/wp-content\/uploads\/2022\/07\/IMG_20191005_143007-scaled.jpg","width":1920,"height":2560,"caption":"Bile66"},"logo":{"@id":"http:\/\/motorradcamperreisen.de\/#\/schema\/person\/image\/"},"sameAs":["http:\/\/motorradcamperreisen.de"]}]}},"_links":{"self":[{"href":"http:\/\/motorradcamperreisen.de\/index.php?rest_route=\/wp\/v2\/pages\/5476"}],"collection":[{"href":"http:\/\/motorradcamperreisen.de\/index.php?rest_route=\/wp\/v2\/pages"}],"about":[{"href":"http:\/\/motorradcamperreisen.de\/index.php?rest_route=\/wp\/v2\/types\/page"}],"author":[{"embeddable":true,"href":"http:\/\/motorradcamperreisen.de\/index.php?rest_route=\/wp\/v2\/users\/1"}],"replies":[{"embeddable":true,"href":"http:\/\/motorradcamperreisen.de\/index.php?rest_route=%2Fwp%2Fv2%2Fcomments&post=5476"}],"version-history":[{"count":2,"href":"http:\/\/motorradcamperreisen.de\/index.php?rest_route=\/wp\/v2\/pages\/5476\/revisions"}],"predecessor-version":[{"id":5483,"href":"http:\/\/motorradcamperreisen.de\/index.php?rest_route=\/wp\/v2\/pages\/5476\/revisions\/5483"}],"wp:attachment":[{"href":"http:\/\/motorradcamperreisen.de\/index.php?rest_route=%2Fwp%2Fv2%2Fmedia&parent=5476"}],"curies":[{"name":"wp","href":"https:\/\/api.w.org\/{rel}","templated":true}]}}