{"id":5390,"date":"2025-07-24T21:05:10","date_gmt":"2025-07-24T19:05:10","guid":{"rendered":"http:\/\/motorradcamperreisen.de\/?page_id=5390"},"modified":"2025-07-24T21:05:12","modified_gmt":"2025-07-24T19:05:12","slug":"leo-stein-in-ales-stenar","status":"publish","type":"page","link":"http:\/\/motorradcamperreisen.de\/?page_id=5390","title":{"rendered":"Leo Stein in Ales stenar"},"content":{"rendered":"\n<p>Wie die meisten wissen sollten, nehme ich in jedem Jahr, und gern auch auf Kurztrips, Leo mit. Wenn sie die Welt schon nicht mehr selbst sehen kann, dann soll sie wenigstens mit mir (und vielen anderen), Reisen d\u00fcrfen.<\/p>\n\n\n\n<p>W\u00e4hrend meiner mittlerweile fast 4500 km habe ich viele Orte gesehen, an denen ich den Stein h\u00e4tte ablegen k\u00f6nnen. Aber immer ist da der Gedanke, es kommt noch etwas sch\u00f6neres.<\/p>\n\n\n\n<p>Heute war dieser Tag, auch wenn es bedeutet hat, den \u201eBerg\u201c nach Ales stenar zwei Mal zu laufen.<\/p>\n\n\n\n<p>Ales stenar ist ein mystischer Ort. Wie eigentlich alle Orte die Steinkreise haben. Auch hier ist nicht sicher, wie es zu dieser Formation kam. Letztlich spielt es auch keine Rolle.<\/p>\n\n\n\n<p>Da dies nur f\u00fcr Leo ist, gibt es hier nur die Bilder, die ich auch f\u00fcr Leos Gedenken gemacht habe. Die anderen Bilder gibt\u2019s dann im n\u00e4chsten Beitrag.<\/p>\n\n\n\n<figure class=\"wp-block-gallery has-nested-images columns-default is-cropped wp-block-gallery-1 is-layout-flex wp-block-gallery-is-layout-flex\">\n<figure class=\"wp-block-image size-large\"><img loading=\"lazy\" decoding=\"async\" width=\"768\" height=\"1024\" data-id=\"5392\" src=\"http:\/\/motorradcamperreisen.de\/wp-content\/uploads\/2025\/07\/IMG_20250724_122551-768x1024.jpg\" alt=\"\" class=\"wp-image-5392\" srcset=\"http:\/\/motorradcamperreisen.de\/wp-content\/uploads\/2025\/07\/IMG_20250724_122551-768x1024.jpg 768w, http:\/\/motorradcamperreisen.de\/wp-content\/uploads\/2025\/07\/IMG_20250724_122551-225x300.jpg 225w, http:\/\/motorradcamperreisen.de\/wp-content\/uploads\/2025\/07\/IMG_20250724_122551-1152x1536.jpg 1152w, http:\/\/motorradcamperreisen.de\/wp-content\/uploads\/2025\/07\/IMG_20250724_122551-1536x2048.jpg 1536w, http:\/\/motorradcamperreisen.de\/wp-content\/uploads\/2025\/07\/IMG_20250724_122551-scaled.jpg 1920w\" sizes=\"(max-width: 768px) 100vw, 768px\" \/><\/figure>\n\n\n\n<figure class=\"wp-block-image size-large\"><img loading=\"lazy\" decoding=\"async\" width=\"768\" height=\"1024\" data-id=\"5393\" src=\"http:\/\/motorradcamperreisen.de\/wp-content\/uploads\/2025\/07\/IMG_20250724_121025-768x1024.jpg\" alt=\"\" class=\"wp-image-5393\" srcset=\"http:\/\/motorradcamperreisen.de\/wp-content\/uploads\/2025\/07\/IMG_20250724_121025-768x1024.jpg 768w, http:\/\/motorradcamperreisen.de\/wp-content\/uploads\/2025\/07\/IMG_20250724_121025-225x300.jpg 225w, http:\/\/motorradcamperreisen.de\/wp-content\/uploads\/2025\/07\/IMG_20250724_121025-1152x1536.jpg 1152w, http:\/\/motorradcamperreisen.de\/wp-content\/uploads\/2025\/07\/IMG_20250724_121025-1536x2048.jpg 1536w, http:\/\/motorradcamperreisen.de\/wp-content\/uploads\/2025\/07\/IMG_20250724_121025-scaled.jpg 1920w\" sizes=\"(max-width: 768px) 100vw, 768px\" \/><\/figure>\n\n\n\n<figure class=\"wp-block-image size-large\"><img loading=\"lazy\" decoding=\"async\" width=\"768\" height=\"1024\" data-id=\"5395\" src=\"http:\/\/motorradcamperreisen.de\/wp-content\/uploads\/2025\/07\/IMG_20250724_122602-768x1024.jpg\" alt=\"\" class=\"wp-image-5395\" srcset=\"http:\/\/motorradcamperreisen.de\/wp-content\/uploads\/2025\/07\/IMG_20250724_122602-768x1024.jpg 768w, http:\/\/motorradcamperreisen.de\/wp-content\/uploads\/2025\/07\/IMG_20250724_122602-225x300.jpg 225w, http:\/\/motorradcamperreisen.de\/wp-content\/uploads\/2025\/07\/IMG_20250724_122602-1152x1536.jpg 1152w, http:\/\/motorradcamperreisen.de\/wp-content\/uploads\/2025\/07\/IMG_20250724_122602-1536x2048.jpg 1536w, http:\/\/motorradcamperreisen.de\/wp-content\/uploads\/2025\/07\/IMG_20250724_122602-scaled.jpg 1920w\" sizes=\"(max-width: 768px) 100vw, 768px\" \/><\/figure>\n\n\n\n<figure class=\"wp-block-image size-large\"><img loading=\"lazy\" decoding=\"async\" width=\"768\" height=\"1024\" data-id=\"5391\" src=\"http:\/\/motorradcamperreisen.de\/wp-content\/uploads\/2025\/07\/IMG_20250724_122643-768x1024.jpg\" alt=\"\" class=\"wp-image-5391\" srcset=\"http:\/\/motorradcamperreisen.de\/wp-content\/uploads\/2025\/07\/IMG_20250724_122643-768x1024.jpg 768w, http:\/\/motorradcamperreisen.de\/wp-content\/uploads\/2025\/07\/IMG_20250724_122643-225x300.jpg 225w, http:\/\/motorradcamperreisen.de\/wp-content\/uploads\/2025\/07\/IMG_20250724_122643-1152x1536.jpg 1152w, http:\/\/motorradcamperreisen.de\/wp-content\/uploads\/2025\/07\/IMG_20250724_122643-1536x2048.jpg 1536w, http:\/\/motorradcamperreisen.de\/wp-content\/uploads\/2025\/07\/IMG_20250724_122643-scaled.jpg 1920w\" sizes=\"(max-width: 768px) 100vw, 768px\" \/><\/figure>\n\n\n\n<figure class=\"wp-block-image size-large\"><img loading=\"lazy\" decoding=\"async\" width=\"768\" height=\"1024\" data-id=\"5396\" src=\"http:\/\/motorradcamperreisen.de\/wp-content\/uploads\/2025\/07\/IMG_20250724_122648-768x1024.jpg\" alt=\"\" class=\"wp-image-5396\" srcset=\"http:\/\/motorradcamperreisen.de\/wp-content\/uploads\/2025\/07\/IMG_20250724_122648-768x1024.jpg 768w, http:\/\/motorradcamperreisen.de\/wp-content\/uploads\/2025\/07\/IMG_20250724_122648-225x300.jpg 225w, http:\/\/motorradcamperreisen.de\/wp-content\/uploads\/2025\/07\/IMG_20250724_122648-1152x1536.jpg 1152w, http:\/\/motorradcamperreisen.de\/wp-content\/uploads\/2025\/07\/IMG_20250724_122648-1536x2048.jpg 1536w, http:\/\/motorradcamperreisen.de\/wp-content\/uploads\/2025\/07\/IMG_20250724_122648-scaled.jpg 1920w\" sizes=\"(max-width: 768px) 100vw, 768px\" \/><\/figure>\n\n\n\n<figure class=\"wp-block-image size-large\"><img loading=\"lazy\" decoding=\"async\" width=\"768\" height=\"1024\" data-id=\"5394\" src=\"http:\/\/motorradcamperreisen.de\/wp-content\/uploads\/2025\/07\/IMG_20250724_123343-768x1024.jpg\" alt=\"\" class=\"wp-image-5394\" srcset=\"http:\/\/motorradcamperreisen.de\/wp-content\/uploads\/2025\/07\/IMG_20250724_123343-768x1024.jpg 768w, http:\/\/motorradcamperreisen.de\/wp-content\/uploads\/2025\/07\/IMG_20250724_123343-225x300.jpg 225w, http:\/\/motorradcamperreisen.de\/wp-content\/uploads\/2025\/07\/IMG_20250724_123343-1152x1536.jpg 1152w, http:\/\/motorradcamperreisen.de\/wp-content\/uploads\/2025\/07\/IMG_20250724_123343-1536x2048.jpg 1536w, http:\/\/motorradcamperreisen.de\/wp-content\/uploads\/2025\/07\/IMG_20250724_123343-scaled.jpg 1920w\" sizes=\"(max-width: 768px) 100vw, 768px\" \/><\/figure>\n<\/figure>\n","protected":false},"excerpt":{"rendered":"<p>Wie die meisten wissen sollten, nehme ich in jedem Jahr, und gern auch auf Kurztrips, Leo mit. Wenn sie die Welt schon nicht mehr selbst sehen kann, dann soll sie wenigstens mit mir (und vielen anderen), Reisen d\u00fcrfen. W\u00e4hrend meiner mittlerweile fast 4500 km habe ich viele Orte gesehen, an denen ich den Stein h\u00e4tte [&hellip;]<\/p>\n","protected":false},"author":1,"featured_media":0,"parent":0,"menu_order":0,"comment_status":"open","ping_status":"closed","template":"","meta":{"site-sidebar-layout":"default","site-content-layout":"","ast-site-content-layout":"default","site-content-style":"default","site-sidebar-style":"default","ast-global-header-display":"","ast-banner-title-visibility":"","ast-main-header-display":"","ast-hfb-above-header-display":"","ast-hfb-below-header-display":"","ast-hfb-mobile-header-display":"","site-post-title":"","ast-breadcrumbs-content":"","ast-featured-img":"","footer-sml-layout":"","ast-disable-related-posts":"","theme-transparent-header-meta":"","adv-header-id-meta":"","stick-header-meta":"","header-above-stick-meta":"","header-main-stick-meta":"","header-below-stick-meta":"","astra-migrate-meta-layouts":"set","ast-page-background-enabled":"default","ast-page-background-meta":{"desktop":{"background-color":"","background-image":"","background-repeat":"repeat","background-position":"center center","background-size":"auto","background-attachment":"scroll","background-type":"","background-media":"","overlay-type":"","overlay-color":"","overlay-opacity":"","overlay-gradient":""},"tablet":{"background-color":"","background-image":"","background-repeat":"repeat","background-position":"center center","background-size":"auto","background-attachment":"scroll","background-type":"","background-media":"","overlay-type":"","overlay-color":"","overlay-opacity":"","overlay-gradient":""},"mobile":{"background-color":"","background-image":"","background-repeat":"repeat","background-position":"center center","background-size":"auto","background-attachment":"scroll","background-type":"","background-media":"","overlay-type":"","overlay-color":"","overlay-opacity":"","overlay-gradient":""}},"ast-content-background-meta":{"desktop":{"background-color":"var(--ast-global-color-5)","background-image":"","background-repeat":"repeat","background-position":"center center","background-size":"auto","background-attachment":"scroll","background-type":"","background-media":"","overlay-type":"","overlay-color":"","overlay-opacity":"","overlay-gradient":""},"tablet":{"background-color":"var(--ast-global-color-5)","background-image":"","background-repeat":"repeat","background-position":"center center","background-size":"auto","background-attachment":"scroll","background-type":"","background-media":"","overlay-type":"","overlay-color":"","overlay-opacity":"","overlay-gradient":""},"mobile":{"background-color":"var(--ast-global-color-5)","background-image":"","background-repeat":"repeat","background-position":"center center","background-size":"auto","background-attachment":"scroll","background-type":"","background-media":"","overlay-type":"","overlay-color":"","overlay-opacity":"","overlay-gradient":""}},"footnotes":""},"yoast_head":"<!-- This site is optimized with the Yoast SEO plugin v24.5 - https:\/\/yoast.com\/wordpress\/plugins\/seo\/ -->\n<title>Leo Stein in Ales stenar - motorradcamperreisen.de<\/title>\n<meta name=\"robots\" content=\"index, follow, max-snippet:-1, max-image-preview:large, max-video-preview:-1\" \/>\n<link rel=\"canonical\" href=\"http:\/\/motorradcamperreisen.de\/?page_id=5390\" \/>\n<meta property=\"og:locale\" content=\"de_DE\" \/>\n<meta property=\"og:type\" content=\"article\" \/>\n<meta property=\"og:title\" content=\"Leo Stein in Ales stenar - motorradcamperreisen.de\" \/>\n<meta property=\"og:description\" content=\"Wie die meisten wissen sollten, nehme ich in jedem Jahr, und gern auch auf Kurztrips, Leo mit. Wenn sie die Welt schon nicht mehr selbst sehen kann, dann soll sie wenigstens mit mir (und vielen anderen), Reisen d\u00fcrfen. W\u00e4hrend meiner mittlerweile fast 4500 km habe ich viele Orte gesehen, an denen ich den Stein h\u00e4tte [&hellip;]\" \/>\n<meta property=\"og:url\" content=\"http:\/\/motorradcamperreisen.de\/?page_id=5390\" \/>\n<meta property=\"og:site_name\" content=\"motorradcamperreisen.de\" \/>\n<meta property=\"article:modified_time\" content=\"2025-07-24T19:05:12+00:00\" \/>\n<meta property=\"og:image\" content=\"http:\/\/motorradcamperreisen.de\/wp-content\/uploads\/2025\/07\/IMG_20250724_122551-scaled.jpg\" \/>\n\t<meta property=\"og:image:width\" content=\"1920\" \/>\n\t<meta property=\"og:image:height\" content=\"2560\" \/>\n\t<meta property=\"og:image:type\" content=\"image\/jpeg\" \/>\n<meta name=\"twitter:card\" content=\"summary_large_image\" \/>\n<meta name=\"twitter:label1\" content=\"Gesch\u00e4tzte Lesezeit\" \/>\n\t<meta name=\"twitter:data1\" content=\"3\u00a0Minuten\" \/>\n<script type=\"application\/ld+json\" class=\"yoast-schema-graph\">{\"@context\":\"https:\/\/schema.org\",\"@graph\":[{\"@type\":\"WebPage\",\"@id\":\"http:\/\/motorradcamperreisen.de\/?page_id=5390\",\"url\":\"http:\/\/motorradcamperreisen.de\/?page_id=5390\",\"name\":\"Leo Stein in Ales stenar - motorradcamperreisen.de\",\"isPartOf\":{\"@id\":\"http:\/\/motorradcamperreisen.de\/#website\"},\"primaryImageOfPage\":{\"@id\":\"http:\/\/motorradcamperreisen.de\/?page_id=5390#primaryimage\"},\"image\":{\"@id\":\"http:\/\/motorradcamperreisen.de\/?page_id=5390#primaryimage\"},\"thumbnailUrl\":\"http:\/\/motorradcamperreisen.de\/wp-content\/uploads\/2025\/07\/IMG_20250724_122551-768x1024.jpg\",\"datePublished\":\"2025-07-24T19:05:10+00:00\",\"dateModified\":\"2025-07-24T19:05:12+00:00\",\"breadcrumb\":{\"@id\":\"http:\/\/motorradcamperreisen.de\/?page_id=5390#breadcrumb\"},\"inLanguage\":\"de\",\"potentialAction\":[{\"@type\":\"ReadAction\",\"target\":[\"http:\/\/motorradcamperreisen.de\/?page_id=5390\"]}]},{\"@type\":\"ImageObject\",\"inLanguage\":\"de\",\"@id\":\"http:\/\/motorradcamperreisen.de\/?page_id=5390#primaryimage\",\"url\":\"http:\/\/motorradcamperreisen.de\/wp-content\/uploads\/2025\/07\/IMG_20250724_122551-scaled.jpg\",\"contentUrl\":\"http:\/\/motorradcamperreisen.de\/wp-content\/uploads\/2025\/07\/IMG_20250724_122551-scaled.jpg\",\"width\":1920,\"height\":2560},{\"@type\":\"BreadcrumbList\",\"@id\":\"http:\/\/motorradcamperreisen.de\/?page_id=5390#breadcrumb\",\"itemListElement\":[{\"@type\":\"ListItem\",\"position\":1,\"name\":\"Startseite\",\"item\":\"http:\/\/motorradcamperreisen.de\/\"},{\"@type\":\"ListItem\",\"position\":2,\"name\":\"Leo Stein in Ales stenar\"}]},{\"@type\":\"WebSite\",\"@id\":\"http:\/\/motorradcamperreisen.de\/#website\",\"url\":\"http:\/\/motorradcamperreisen.de\/\",\"name\":\"motorradcamperreisen.de\",\"description\":\"Motorradtouren, Camperreisen, St\u00e4dtetrips und was mir sonst noch so einf\u00e4llt....\",\"publisher\":{\"@id\":\"http:\/\/motorradcamperreisen.de\/#\/schema\/person\/3b5f74e4181c032b66d5c7b9f7ec1790\"},\"potentialAction\":[{\"@type\":\"SearchAction\",\"target\":{\"@type\":\"EntryPoint\",\"urlTemplate\":\"http:\/\/motorradcamperreisen.de\/?s={search_term_string}\"},\"query-input\":{\"@type\":\"PropertyValueSpecification\",\"valueRequired\":true,\"valueName\":\"search_term_string\"}}],\"inLanguage\":\"de\"},{\"@type\":[\"Person\",\"Organization\"],\"@id\":\"http:\/\/motorradcamperreisen.de\/#\/schema\/person\/3b5f74e4181c032b66d5c7b9f7ec1790\",\"name\":\"Bile66\",\"image\":{\"@type\":\"ImageObject\",\"inLanguage\":\"de\",\"@id\":\"http:\/\/motorradcamperreisen.de\/#\/schema\/person\/image\/\",\"url\":\"http:\/\/motorradcamperreisen.de\/wp-content\/uploads\/2022\/07\/IMG_20191005_143007-scaled.jpg\",\"contentUrl\":\"http:\/\/motorradcamperreisen.de\/wp-content\/uploads\/2022\/07\/IMG_20191005_143007-scaled.jpg\",\"width\":1920,\"height\":2560,\"caption\":\"Bile66\"},\"logo\":{\"@id\":\"http:\/\/motorradcamperreisen.de\/#\/schema\/person\/image\/\"},\"sameAs\":[\"http:\/\/motorradcamperreisen.de\"]}]}<\/script>\n<!-- \/ Yoast SEO plugin. -->","yoast_head_json":{"title":"Leo Stein in Ales stenar - motorradcamperreisen.de","robots":{"index":"index","follow":"follow","max-snippet":"max-snippet:-1","max-image-preview":"max-image-preview:large","max-video-preview":"max-video-preview:-1"},"canonical":"http:\/\/motorradcamperreisen.de\/?page_id=5390","og_locale":"de_DE","og_type":"article","og_title":"Leo Stein in Ales stenar - motorradcamperreisen.de","og_description":"Wie die meisten wissen sollten, nehme ich in jedem Jahr, und gern auch auf Kurztrips, Leo mit. Wenn sie die Welt schon nicht mehr selbst sehen kann, dann soll sie wenigstens mit mir (und vielen anderen), Reisen d\u00fcrfen. W\u00e4hrend meiner mittlerweile fast 4500 km habe ich viele Orte gesehen, an denen ich den Stein h\u00e4tte [&hellip;]","og_url":"http:\/\/motorradcamperreisen.de\/?page_id=5390","og_site_name":"motorradcamperreisen.de","article_modified_time":"2025-07-24T19:05:12+00:00","og_image":[{"width":1920,"height":2560,"url":"http:\/\/motorradcamperreisen.de\/wp-content\/uploads\/2025\/07\/IMG_20250724_122551-scaled.jpg","type":"image\/jpeg"}],"twitter_card":"summary_large_image","twitter_misc":{"Gesch\u00e4tzte Lesezeit":"3\u00a0Minuten"},"schema":{"@context":"https:\/\/schema.org","@graph":[{"@type":"WebPage","@id":"http:\/\/motorradcamperreisen.de\/?page_id=5390","url":"http:\/\/motorradcamperreisen.de\/?page_id=5390","name":"Leo Stein in Ales stenar - motorradcamperreisen.de","isPartOf":{"@id":"http:\/\/motorradcamperreisen.de\/#website"},"primaryImageOfPage":{"@id":"http:\/\/motorradcamperreisen.de\/?page_id=5390#primaryimage"},"image":{"@id":"http:\/\/motorradcamperreisen.de\/?page_id=5390#primaryimage"},"thumbnailUrl":"http:\/\/motorradcamperreisen.de\/wp-content\/uploads\/2025\/07\/IMG_20250724_122551-768x1024.jpg","datePublished":"2025-07-24T19:05:10+00:00","dateModified":"2025-07-24T19:05:12+00:00","breadcrumb":{"@id":"http:\/\/motorradcamperreisen.de\/?page_id=5390#breadcrumb"},"inLanguage":"de","potentialAction":[{"@type":"ReadAction","target":["http:\/\/motorradcamperreisen.de\/?page_id=5390"]}]},{"@type":"ImageObject","inLanguage":"de","@id":"http:\/\/motorradcamperreisen.de\/?page_id=5390#primaryimage","url":"http:\/\/motorradcamperreisen.de\/wp-content\/uploads\/2025\/07\/IMG_20250724_122551-scaled.jpg","contentUrl":"http:\/\/motorradcamperreisen.de\/wp-content\/uploads\/2025\/07\/IMG_20250724_122551-scaled.jpg","width":1920,"height":2560},{"@type":"BreadcrumbList","@id":"http:\/\/motorradcamperreisen.de\/?page_id=5390#breadcrumb","itemListElement":[{"@type":"ListItem","position":1,"name":"Startseite","item":"http:\/\/motorradcamperreisen.de\/"},{"@type":"ListItem","position":2,"name":"Leo Stein in Ales stenar"}]},{"@type":"WebSite","@id":"http:\/\/motorradcamperreisen.de\/#website","url":"http:\/\/motorradcamperreisen.de\/","name":"motorradcamperreisen.de","description":"Motorradtouren, Camperreisen, St\u00e4dtetrips und was mir sonst noch so einf\u00e4llt....","publisher":{"@id":"http:\/\/motorradcamperreisen.de\/#\/schema\/person\/3b5f74e4181c032b66d5c7b9f7ec1790"},"potentialAction":[{"@type":"SearchAction","target":{"@type":"EntryPoint","urlTemplate":"http:\/\/motorradcamperreisen.de\/?s={search_term_string}"},"query-input":{"@type":"PropertyValueSpecification","valueRequired":true,"valueName":"search_term_string"}}],"inLanguage":"de"},{"@type":["Person","Organization"],"@id":"http:\/\/motorradcamperreisen.de\/#\/schema\/person\/3b5f74e4181c032b66d5c7b9f7ec1790","name":"Bile66","image":{"@type":"ImageObject","inLanguage":"de","@id":"http:\/\/motorradcamperreisen.de\/#\/schema\/person\/image\/","url":"http:\/\/motorradcamperreisen.de\/wp-content\/uploads\/2022\/07\/IMG_20191005_143007-scaled.jpg","contentUrl":"http:\/\/motorradcamperreisen.de\/wp-content\/uploads\/2022\/07\/IMG_20191005_143007-scaled.jpg","width":1920,"height":2560,"caption":"Bile66"},"logo":{"@id":"http:\/\/motorradcamperreisen.de\/#\/schema\/person\/image\/"},"sameAs":["http:\/\/motorradcamperreisen.de"]}]}},"_links":{"self":[{"href":"http:\/\/motorradcamperreisen.de\/index.php?rest_route=\/wp\/v2\/pages\/5390"}],"collection":[{"href":"http:\/\/motorradcamperreisen.de\/index.php?rest_route=\/wp\/v2\/pages"}],"about":[{"href":"http:\/\/motorradcamperreisen.de\/index.php?rest_route=\/wp\/v2\/types\/page"}],"author":[{"embeddable":true,"href":"http:\/\/motorradcamperreisen.de\/index.php?rest_route=\/wp\/v2\/users\/1"}],"replies":[{"embeddable":true,"href":"http:\/\/motorradcamperreisen.de\/index.php?rest_route=%2Fwp%2Fv2%2Fcomments&post=5390"}],"version-history":[{"count":1,"href":"http:\/\/motorradcamperreisen.de\/index.php?rest_route=\/wp\/v2\/pages\/5390\/revisions"}],"predecessor-version":[{"id":5399,"href":"http:\/\/motorradcamperreisen.de\/index.php?rest_route=\/wp\/v2\/pages\/5390\/revisions\/5399"}],"wp:attachment":[{"href":"http:\/\/motorradcamperreisen.de\/index.php?rest_route=%2Fwp%2Fv2%2Fmedia&parent=5390"}],"curies":[{"name":"wp","href":"https:\/\/api.w.org\/{rel}","templated":true}]}}