{"id":4969,"date":"2025-07-12T20:33:24","date_gmt":"2025-07-12T18:33:24","guid":{"rendered":"http:\/\/motorradcamperreisen.de\/?page_id=4969"},"modified":"2025-07-12T20:33:25","modified_gmt":"2025-07-12T18:33:25","slug":"haverud-aequadukt","status":"publish","type":"page","link":"http:\/\/motorradcamperreisen.de\/?page_id=4969","title":{"rendered":"Haverud \u00c4quadukt"},"content":{"rendered":"\n<p>Der Weg f\u00fchrt weiter nach Norden. Ziel war zun\u00e4chst das Haverud Aquadukt. Eine 6fache Schleuse im Dalsland Kanal. Das war ziemlich spannend, zumal gerade einige Kanufahrer sowohl nach oben als auch nach unten wollten. Da habe ich mir echt mal Zeit gelassen und mir das vollst\u00e4ndig angesehen. Von daher gibt\u2019s auch viele Bilder davon \ud83d\ude0a<\/p>\n\n\n\n<figure class=\"wp-block-gallery has-nested-images columns-default is-cropped wp-block-gallery-1 is-layout-flex wp-block-gallery-is-layout-flex\">\n<figure class=\"wp-block-image size-large\"><img loading=\"lazy\" decoding=\"async\" width=\"768\" height=\"1024\" data-id=\"4986\" src=\"http:\/\/motorradcamperreisen.de\/wp-content\/uploads\/2025\/07\/IMG_20250712_111737-2-768x1024.jpg\" alt=\"\" class=\"wp-image-4986\" srcset=\"http:\/\/motorradcamperreisen.de\/wp-content\/uploads\/2025\/07\/IMG_20250712_111737-2-768x1024.jpg 768w, http:\/\/motorradcamperreisen.de\/wp-content\/uploads\/2025\/07\/IMG_20250712_111737-2-225x300.jpg 225w, http:\/\/motorradcamperreisen.de\/wp-content\/uploads\/2025\/07\/IMG_20250712_111737-2-1152x1536.jpg 1152w, http:\/\/motorradcamperreisen.de\/wp-content\/uploads\/2025\/07\/IMG_20250712_111737-2-1536x2048.jpg 1536w, http:\/\/motorradcamperreisen.de\/wp-content\/uploads\/2025\/07\/IMG_20250712_111737-2-scaled.jpg 1920w\" sizes=\"(max-width: 768px) 100vw, 768px\" \/><\/figure>\n\n\n\n<figure class=\"wp-block-image size-large\"><img loading=\"lazy\" decoding=\"async\" width=\"768\" height=\"1024\" data-id=\"4989\" src=\"http:\/\/motorradcamperreisen.de\/wp-content\/uploads\/2025\/07\/IMG_20250712_112324-2-768x1024.jpg\" alt=\"\" class=\"wp-image-4989\" srcset=\"http:\/\/motorradcamperreisen.de\/wp-content\/uploads\/2025\/07\/IMG_20250712_112324-2-768x1024.jpg 768w, http:\/\/motorradcamperreisen.de\/wp-content\/uploads\/2025\/07\/IMG_20250712_112324-2-225x300.jpg 225w, http:\/\/motorradcamperreisen.de\/wp-content\/uploads\/2025\/07\/IMG_20250712_112324-2-1152x1536.jpg 1152w, http:\/\/motorradcamperreisen.de\/wp-content\/uploads\/2025\/07\/IMG_20250712_112324-2-1536x2048.jpg 1536w, http:\/\/motorradcamperreisen.de\/wp-content\/uploads\/2025\/07\/IMG_20250712_112324-2-scaled.jpg 1920w\" sizes=\"(max-width: 768px) 100vw, 768px\" \/><\/figure>\n\n\n\n<figure class=\"wp-block-image size-large\"><img loading=\"lazy\" decoding=\"async\" width=\"768\" height=\"1024\" data-id=\"4987\" src=\"http:\/\/motorradcamperreisen.de\/wp-content\/uploads\/2025\/07\/IMG_20250712_113102-2-768x1024.jpg\" alt=\"\" class=\"wp-image-4987\" srcset=\"http:\/\/motorradcamperreisen.de\/wp-content\/uploads\/2025\/07\/IMG_20250712_113102-2-768x1024.jpg 768w, http:\/\/motorradcamperreisen.de\/wp-content\/uploads\/2025\/07\/IMG_20250712_113102-2-225x300.jpg 225w, http:\/\/motorradcamperreisen.de\/wp-content\/uploads\/2025\/07\/IMG_20250712_113102-2-1152x1536.jpg 1152w, http:\/\/motorradcamperreisen.de\/wp-content\/uploads\/2025\/07\/IMG_20250712_113102-2-1536x2048.jpg 1536w, http:\/\/motorradcamperreisen.de\/wp-content\/uploads\/2025\/07\/IMG_20250712_113102-2-scaled.jpg 1920w\" sizes=\"(max-width: 768px) 100vw, 768px\" \/><\/figure>\n<\/figure>\n\n\n\n<figure class=\"wp-block-gallery has-nested-images columns-default is-cropped wp-block-gallery-2 is-layout-flex wp-block-gallery-is-layout-flex\">\n<figure class=\"wp-block-image size-large\"><img loading=\"lazy\" decoding=\"async\" width=\"768\" height=\"1024\" data-id=\"4974\" src=\"http:\/\/motorradcamperreisen.de\/wp-content\/uploads\/2025\/07\/IMG_20250712_113832-768x1024.jpg\" alt=\"\" class=\"wp-image-4974\" srcset=\"http:\/\/motorradcamperreisen.de\/wp-content\/uploads\/2025\/07\/IMG_20250712_113832-768x1024.jpg 768w, http:\/\/motorradcamperreisen.de\/wp-content\/uploads\/2025\/07\/IMG_20250712_113832-225x300.jpg 225w, http:\/\/motorradcamperreisen.de\/wp-content\/uploads\/2025\/07\/IMG_20250712_113832-1152x1536.jpg 1152w, http:\/\/motorradcamperreisen.de\/wp-content\/uploads\/2025\/07\/IMG_20250712_113832-1536x2048.jpg 1536w, http:\/\/motorradcamperreisen.de\/wp-content\/uploads\/2025\/07\/IMG_20250712_113832-scaled.jpg 1920w\" sizes=\"(max-width: 768px) 100vw, 768px\" \/><\/figure>\n\n\n\n<figure class=\"wp-block-image size-large\"><img loading=\"lazy\" decoding=\"async\" width=\"768\" height=\"1024\" data-id=\"4976\" src=\"http:\/\/motorradcamperreisen.de\/wp-content\/uploads\/2025\/07\/IMG_20250712_115229-768x1024.jpg\" alt=\"\" class=\"wp-image-4976\" srcset=\"http:\/\/motorradcamperreisen.de\/wp-content\/uploads\/2025\/07\/IMG_20250712_115229-768x1024.jpg 768w, http:\/\/motorradcamperreisen.de\/wp-content\/uploads\/2025\/07\/IMG_20250712_115229-225x300.jpg 225w, http:\/\/motorradcamperreisen.de\/wp-content\/uploads\/2025\/07\/IMG_20250712_115229-1152x1536.jpg 1152w, http:\/\/motorradcamperreisen.de\/wp-content\/uploads\/2025\/07\/IMG_20250712_115229-1536x2048.jpg 1536w, http:\/\/motorradcamperreisen.de\/wp-content\/uploads\/2025\/07\/IMG_20250712_115229-scaled.jpg 1920w\" sizes=\"(max-width: 768px) 100vw, 768px\" \/><\/figure>\n\n\n\n<figure class=\"wp-block-image size-large\"><img loading=\"lazy\" decoding=\"async\" width=\"768\" height=\"1024\" data-id=\"4977\" src=\"http:\/\/motorradcamperreisen.de\/wp-content\/uploads\/2025\/07\/IMG_20250712_115319-768x1024.jpg\" alt=\"\" class=\"wp-image-4977\" srcset=\"http:\/\/motorradcamperreisen.de\/wp-content\/uploads\/2025\/07\/IMG_20250712_115319-768x1024.jpg 768w, http:\/\/motorradcamperreisen.de\/wp-content\/uploads\/2025\/07\/IMG_20250712_115319-225x300.jpg 225w, http:\/\/motorradcamperreisen.de\/wp-content\/uploads\/2025\/07\/IMG_20250712_115319-1152x1536.jpg 1152w, http:\/\/motorradcamperreisen.de\/wp-content\/uploads\/2025\/07\/IMG_20250712_115319-1536x2048.jpg 1536w, http:\/\/motorradcamperreisen.de\/wp-content\/uploads\/2025\/07\/IMG_20250712_115319-scaled.jpg 1920w\" sizes=\"(max-width: 768px) 100vw, 768px\" \/><\/figure>\n<\/figure>\n\n\n\n<figure class=\"wp-block-gallery has-nested-images columns-default is-cropped wp-block-gallery-3 is-layout-flex wp-block-gallery-is-layout-flex\">\n<figure class=\"wp-block-image size-large\"><img loading=\"lazy\" decoding=\"async\" width=\"768\" height=\"1024\" data-id=\"4978\" src=\"http:\/\/motorradcamperreisen.de\/wp-content\/uploads\/2025\/07\/IMG_20250712_120911-768x1024.jpg\" alt=\"\" class=\"wp-image-4978\" srcset=\"http:\/\/motorradcamperreisen.de\/wp-content\/uploads\/2025\/07\/IMG_20250712_120911-768x1024.jpg 768w, http:\/\/motorradcamperreisen.de\/wp-content\/uploads\/2025\/07\/IMG_20250712_120911-225x300.jpg 225w, http:\/\/motorradcamperreisen.de\/wp-content\/uploads\/2025\/07\/IMG_20250712_120911-1152x1536.jpg 1152w, http:\/\/motorradcamperreisen.de\/wp-content\/uploads\/2025\/07\/IMG_20250712_120911-1536x2048.jpg 1536w, http:\/\/motorradcamperreisen.de\/wp-content\/uploads\/2025\/07\/IMG_20250712_120911-scaled.jpg 1920w\" sizes=\"(max-width: 768px) 100vw, 768px\" \/><\/figure>\n\n\n\n<figure class=\"wp-block-image size-large\"><img loading=\"lazy\" decoding=\"async\" width=\"768\" height=\"1024\" data-id=\"4980\" src=\"http:\/\/motorradcamperreisen.de\/wp-content\/uploads\/2025\/07\/IMG_20250712_121722-768x1024.jpg\" alt=\"\" class=\"wp-image-4980\" srcset=\"http:\/\/motorradcamperreisen.de\/wp-content\/uploads\/2025\/07\/IMG_20250712_121722-768x1024.jpg 768w, http:\/\/motorradcamperreisen.de\/wp-content\/uploads\/2025\/07\/IMG_20250712_121722-225x300.jpg 225w, http:\/\/motorradcamperreisen.de\/wp-content\/uploads\/2025\/07\/IMG_20250712_121722-1152x1536.jpg 1152w, http:\/\/motorradcamperreisen.de\/wp-content\/uploads\/2025\/07\/IMG_20250712_121722-1536x2048.jpg 1536w, http:\/\/motorradcamperreisen.de\/wp-content\/uploads\/2025\/07\/IMG_20250712_121722-scaled.jpg 1920w\" sizes=\"(max-width: 768px) 100vw, 768px\" \/><\/figure>\n<\/figure>\n\n\n\n<figure class=\"wp-block-gallery has-nested-images columns-default is-cropped wp-block-gallery-4 is-layout-flex wp-block-gallery-is-layout-flex\">\n<figure class=\"wp-block-image size-large\"><img loading=\"lazy\" decoding=\"async\" width=\"768\" height=\"1024\" data-id=\"5000\" src=\"http:\/\/motorradcamperreisen.de\/wp-content\/uploads\/2025\/07\/IMG_20250712_115955-1-768x1024.jpg\" alt=\"\" class=\"wp-image-5000\" srcset=\"http:\/\/motorradcamperreisen.de\/wp-content\/uploads\/2025\/07\/IMG_20250712_115955-1-768x1024.jpg 768w, http:\/\/motorradcamperreisen.de\/wp-content\/uploads\/2025\/07\/IMG_20250712_115955-1-225x300.jpg 225w, http:\/\/motorradcamperreisen.de\/wp-content\/uploads\/2025\/07\/IMG_20250712_115955-1-1152x1536.jpg 1152w, http:\/\/motorradcamperreisen.de\/wp-content\/uploads\/2025\/07\/IMG_20250712_115955-1-1536x2048.jpg 1536w, http:\/\/motorradcamperreisen.de\/wp-content\/uploads\/2025\/07\/IMG_20250712_115955-1-scaled.jpg 1920w\" sizes=\"(max-width: 768px) 100vw, 768px\" \/><\/figure>\n\n\n\n<figure class=\"wp-block-image size-large\"><img loading=\"lazy\" decoding=\"async\" width=\"768\" height=\"1024\" data-id=\"5001\" src=\"http:\/\/motorradcamperreisen.de\/wp-content\/uploads\/2025\/07\/IMG_20250712_120443-1-768x1024.jpg\" alt=\"\" class=\"wp-image-5001\" srcset=\"http:\/\/motorradcamperreisen.de\/wp-content\/uploads\/2025\/07\/IMG_20250712_120443-1-768x1024.jpg 768w, http:\/\/motorradcamperreisen.de\/wp-content\/uploads\/2025\/07\/IMG_20250712_120443-1-225x300.jpg 225w, http:\/\/motorradcamperreisen.de\/wp-content\/uploads\/2025\/07\/IMG_20250712_120443-1-1152x1536.jpg 1152w, http:\/\/motorradcamperreisen.de\/wp-content\/uploads\/2025\/07\/IMG_20250712_120443-1-1536x2048.jpg 1536w, http:\/\/motorradcamperreisen.de\/wp-content\/uploads\/2025\/07\/IMG_20250712_120443-1-scaled.jpg 1920w\" sizes=\"(max-width: 768px) 100vw, 768px\" \/><\/figure>\n<\/figure>\n\n\n\n<p>Nachdem es doch mal weiter ging, habe ich mir meine n\u00e4chsten Ziele mal angesehen. Und da sprang es mir ins Auge. Lillehammer \u2013 das konnte ich ja bei der Norwegentour leider nicht mehr machen \u2013 liegt \u201eirgendwie\u201c auf der Strecke.<\/p>\n\n\n\n<p>Spontan wie ich bin Navi entsprechend programmiert und los ging es. Fehler 1: ich habe Autobahnen vermeiden eingestellt. Auf den Nebenstrecken ist aber teilweise nur 70 und in Ortschaften 40 m\u00f6glich. So bin ich also stundenlang durch \u2013 zugegebener Weise recht sch\u00f6ne Landschaften \u2013 gefahren. Rechts Wald, links Wald, dazwischen mal ein paar Seen und kleine D\u00f6rfer in denen ich nicht leben wollte, weil weitab von jeglicher Stadt.<\/p>\n\n\n\n<p>Irgendwann stand ich dann praktisch vor der norwegischen Grenze. Und da fiel es mir ein: Ich habe Wein und Radler im Auto \u2013 und zwar in den Mengen, die man so nicht nach Norwegen einf\u00fchren darf (Wein z. B. 1,5 Liter) ohne Zoll zu zahlen. Also ernsthaft, ich gucke im Urlaub nicht auf den Cent, aber da habe ich dann doch entschieden, dass das totaler Bl\u00f6dsinn ist. Ich will ohnehin noch mal nach S\u00fcdnorwegen \u2013 die Schanze wird dann schon noch dastehen.<\/p>\n\n\n\n<p>Da wir auch heute wieder 32 Grad hatten, hatte ich auch langsam keine Lust mehr zum Fahren (hatte ich eigentlich erw\u00e4hnt, dass meine Klimaanlage kaputt ist?). Kurzerhand also Google bem\u00fcht, noch eine halbe Stunde weiter gefahren und nun stehe ich auf einem Naturcampingplatz. Diesmal im Kiefernwald \u2013 der See ist aber auch fu\u00dfl\u00e4ufig zu erreichen. Das Publikum ist erkennbar alternativ, aber so ein paar wie ich springen hier auch rum. Auf jeden Fall ist es sehr sch\u00f6n hier und \u00fcber etwaige M\u00fcckenattacken kann ich dann (hoffentlich nicht) Morgen berichten.<\/p>\n\n\n\n<figure class=\"wp-block-gallery has-nested-images columns-default is-cropped wp-block-gallery-5 is-layout-flex wp-block-gallery-is-layout-flex\">\n<figure class=\"wp-block-image size-large\"><img loading=\"lazy\" decoding=\"async\" width=\"768\" height=\"1024\" data-id=\"5002\" src=\"http:\/\/motorradcamperreisen.de\/wp-content\/uploads\/2025\/07\/IMG_20250712_173554-768x1024.jpg\" alt=\"\" class=\"wp-image-5002\" srcset=\"http:\/\/motorradcamperreisen.de\/wp-content\/uploads\/2025\/07\/IMG_20250712_173554-768x1024.jpg 768w, http:\/\/motorradcamperreisen.de\/wp-content\/uploads\/2025\/07\/IMG_20250712_173554-225x300.jpg 225w, http:\/\/motorradcamperreisen.de\/wp-content\/uploads\/2025\/07\/IMG_20250712_173554-1152x1536.jpg 1152w, http:\/\/motorradcamperreisen.de\/wp-content\/uploads\/2025\/07\/IMG_20250712_173554-1536x2048.jpg 1536w, http:\/\/motorradcamperreisen.de\/wp-content\/uploads\/2025\/07\/IMG_20250712_173554-scaled.jpg 1920w\" sizes=\"(max-width: 768px) 100vw, 768px\" \/><\/figure>\n<\/figure>\n","protected":false},"excerpt":{"rendered":"<p>Der Weg f\u00fchrt weiter nach Norden. Ziel war zun\u00e4chst das Haverud Aquadukt. Eine 6fache Schleuse im Dalsland Kanal. Das war ziemlich spannend, zumal gerade einige Kanufahrer sowohl nach oben als auch nach unten wollten. Da habe ich mir echt mal Zeit gelassen und mir das vollst\u00e4ndig angesehen. Von daher gibt\u2019s auch viele Bilder davon \ud83d\ude0a [&hellip;]<\/p>\n","protected":false},"author":1,"featured_media":0,"parent":0,"menu_order":0,"comment_status":"open","ping_status":"closed","template":"","meta":{"site-sidebar-layout":"default","site-content-layout":"","ast-site-content-layout":"default","site-content-style":"default","site-sidebar-style":"default","ast-global-header-display":"","ast-banner-title-visibility":"","ast-main-header-display":"","ast-hfb-above-header-display":"","ast-hfb-below-header-display":"","ast-hfb-mobile-header-display":"","site-post-title":"","ast-breadcrumbs-content":"","ast-featured-img":"","footer-sml-layout":"","ast-disable-related-posts":"","theme-transparent-header-meta":"","adv-header-id-meta":"","stick-header-meta":"","header-above-stick-meta":"","header-main-stick-meta":"","header-below-stick-meta":"","astra-migrate-meta-layouts":"set","ast-page-background-enabled":"default","ast-page-background-meta":{"desktop":{"background-color":"","background-image":"","background-repeat":"repeat","background-position":"center center","background-size":"auto","background-attachment":"scroll","background-type":"","background-media":"","overlay-type":"","overlay-color":"","overlay-opacity":"","overlay-gradient":""},"tablet":{"background-color":"","background-image":"","background-repeat":"repeat","background-position":"center center","background-size":"auto","background-attachment":"scroll","background-type":"","background-media":"","overlay-type":"","overlay-color":"","overlay-opacity":"","overlay-gradient":""},"mobile":{"background-color":"","background-image":"","background-repeat":"repeat","background-position":"center center","background-size":"auto","background-attachment":"scroll","background-type":"","background-media":"","overlay-type":"","overlay-color":"","overlay-opacity":"","overlay-gradient":""}},"ast-content-background-meta":{"desktop":{"background-color":"var(--ast-global-color-5)","background-image":"","background-repeat":"repeat","background-position":"center center","background-size":"auto","background-attachment":"scroll","background-type":"","background-media":"","overlay-type":"","overlay-color":"","overlay-opacity":"","overlay-gradient":""},"tablet":{"background-color":"var(--ast-global-color-5)","background-image":"","background-repeat":"repeat","background-position":"center center","background-size":"auto","background-attachment":"scroll","background-type":"","background-media":"","overlay-type":"","overlay-color":"","overlay-opacity":"","overlay-gradient":""},"mobile":{"background-color":"var(--ast-global-color-5)","background-image":"","background-repeat":"repeat","background-position":"center center","background-size":"auto","background-attachment":"scroll","background-type":"","background-media":"","overlay-type":"","overlay-color":"","overlay-opacity":"","overlay-gradient":""}},"footnotes":""},"yoast_head":"<!-- This site is optimized with the Yoast SEO plugin v24.5 - https:\/\/yoast.com\/wordpress\/plugins\/seo\/ -->\n<title>Haverud \u00c4quadukt - motorradcamperreisen.de<\/title>\n<meta name=\"robots\" content=\"index, follow, max-snippet:-1, max-image-preview:large, max-video-preview:-1\" \/>\n<link rel=\"canonical\" href=\"http:\/\/motorradcamperreisen.de\/?page_id=4969\" \/>\n<meta property=\"og:locale\" content=\"de_DE\" \/>\n<meta property=\"og:type\" content=\"article\" \/>\n<meta property=\"og:title\" content=\"Haverud \u00c4quadukt - motorradcamperreisen.de\" \/>\n<meta property=\"og:description\" content=\"Der Weg f\u00fchrt weiter nach Norden. Ziel war zun\u00e4chst das Haverud Aquadukt. Eine 6fache Schleuse im Dalsland Kanal. Das war ziemlich spannend, zumal gerade einige Kanufahrer sowohl nach oben als auch nach unten wollten. Da habe ich mir echt mal Zeit gelassen und mir das vollst\u00e4ndig angesehen. Von daher gibt\u2019s auch viele Bilder davon \ud83d\ude0a [&hellip;]\" \/>\n<meta property=\"og:url\" content=\"http:\/\/motorradcamperreisen.de\/?page_id=4969\" \/>\n<meta property=\"og:site_name\" content=\"motorradcamperreisen.de\" \/>\n<meta property=\"article:modified_time\" content=\"2025-07-12T18:33:25+00:00\" \/>\n<meta property=\"og:image\" content=\"http:\/\/motorradcamperreisen.de\/wp-content\/uploads\/2025\/07\/IMG_20250712_111737-2-scaled.jpg\" \/>\n\t<meta property=\"og:image:width\" content=\"1920\" \/>\n\t<meta property=\"og:image:height\" content=\"2560\" \/>\n\t<meta property=\"og:image:type\" content=\"image\/jpeg\" \/>\n<meta name=\"twitter:card\" content=\"summary_large_image\" \/>\n<meta name=\"twitter:label1\" content=\"Gesch\u00e4tzte Lesezeit\" \/>\n\t<meta name=\"twitter:data1\" content=\"5\u00a0Minuten\" \/>\n<script type=\"application\/ld+json\" class=\"yoast-schema-graph\">{\"@context\":\"https:\/\/schema.org\",\"@graph\":[{\"@type\":\"WebPage\",\"@id\":\"http:\/\/motorradcamperreisen.de\/?page_id=4969\",\"url\":\"http:\/\/motorradcamperreisen.de\/?page_id=4969\",\"name\":\"Haverud \u00c4quadukt - motorradcamperreisen.de\",\"isPartOf\":{\"@id\":\"http:\/\/motorradcamperreisen.de\/#website\"},\"primaryImageOfPage\":{\"@id\":\"http:\/\/motorradcamperreisen.de\/?page_id=4969#primaryimage\"},\"image\":{\"@id\":\"http:\/\/motorradcamperreisen.de\/?page_id=4969#primaryimage\"},\"thumbnailUrl\":\"http:\/\/motorradcamperreisen.de\/wp-content\/uploads\/2025\/07\/IMG_20250712_111737-2-768x1024.jpg\",\"datePublished\":\"2025-07-12T18:33:24+00:00\",\"dateModified\":\"2025-07-12T18:33:25+00:00\",\"breadcrumb\":{\"@id\":\"http:\/\/motorradcamperreisen.de\/?page_id=4969#breadcrumb\"},\"inLanguage\":\"de\",\"potentialAction\":[{\"@type\":\"ReadAction\",\"target\":[\"http:\/\/motorradcamperreisen.de\/?page_id=4969\"]}]},{\"@type\":\"ImageObject\",\"inLanguage\":\"de\",\"@id\":\"http:\/\/motorradcamperreisen.de\/?page_id=4969#primaryimage\",\"url\":\"http:\/\/motorradcamperreisen.de\/wp-content\/uploads\/2025\/07\/IMG_20250712_111737-2-scaled.jpg\",\"contentUrl\":\"http:\/\/motorradcamperreisen.de\/wp-content\/uploads\/2025\/07\/IMG_20250712_111737-2-scaled.jpg\",\"width\":1920,\"height\":2560},{\"@type\":\"BreadcrumbList\",\"@id\":\"http:\/\/motorradcamperreisen.de\/?page_id=4969#breadcrumb\",\"itemListElement\":[{\"@type\":\"ListItem\",\"position\":1,\"name\":\"Startseite\",\"item\":\"http:\/\/motorradcamperreisen.de\/\"},{\"@type\":\"ListItem\",\"position\":2,\"name\":\"Haverud \u00c4quadukt\"}]},{\"@type\":\"WebSite\",\"@id\":\"http:\/\/motorradcamperreisen.de\/#website\",\"url\":\"http:\/\/motorradcamperreisen.de\/\",\"name\":\"motorradcamperreisen.de\",\"description\":\"Motorradtouren, Camperreisen, St\u00e4dtetrips und was mir sonst noch so einf\u00e4llt....\",\"publisher\":{\"@id\":\"http:\/\/motorradcamperreisen.de\/#\/schema\/person\/3b5f74e4181c032b66d5c7b9f7ec1790\"},\"potentialAction\":[{\"@type\":\"SearchAction\",\"target\":{\"@type\":\"EntryPoint\",\"urlTemplate\":\"http:\/\/motorradcamperreisen.de\/?s={search_term_string}\"},\"query-input\":{\"@type\":\"PropertyValueSpecification\",\"valueRequired\":true,\"valueName\":\"search_term_string\"}}],\"inLanguage\":\"de\"},{\"@type\":[\"Person\",\"Organization\"],\"@id\":\"http:\/\/motorradcamperreisen.de\/#\/schema\/person\/3b5f74e4181c032b66d5c7b9f7ec1790\",\"name\":\"Bile66\",\"image\":{\"@type\":\"ImageObject\",\"inLanguage\":\"de\",\"@id\":\"http:\/\/motorradcamperreisen.de\/#\/schema\/person\/image\/\",\"url\":\"http:\/\/motorradcamperreisen.de\/wp-content\/uploads\/2022\/07\/IMG_20191005_143007-scaled.jpg\",\"contentUrl\":\"http:\/\/motorradcamperreisen.de\/wp-content\/uploads\/2022\/07\/IMG_20191005_143007-scaled.jpg\",\"width\":1920,\"height\":2560,\"caption\":\"Bile66\"},\"logo\":{\"@id\":\"http:\/\/motorradcamperreisen.de\/#\/schema\/person\/image\/\"},\"sameAs\":[\"http:\/\/motorradcamperreisen.de\"]}]}<\/script>\n<!-- \/ Yoast SEO plugin. -->","yoast_head_json":{"title":"Haverud \u00c4quadukt - motorradcamperreisen.de","robots":{"index":"index","follow":"follow","max-snippet":"max-snippet:-1","max-image-preview":"max-image-preview:large","max-video-preview":"max-video-preview:-1"},"canonical":"http:\/\/motorradcamperreisen.de\/?page_id=4969","og_locale":"de_DE","og_type":"article","og_title":"Haverud \u00c4quadukt - motorradcamperreisen.de","og_description":"Der Weg f\u00fchrt weiter nach Norden. Ziel war zun\u00e4chst das Haverud Aquadukt. Eine 6fache Schleuse im Dalsland Kanal. Das war ziemlich spannend, zumal gerade einige Kanufahrer sowohl nach oben als auch nach unten wollten. Da habe ich mir echt mal Zeit gelassen und mir das vollst\u00e4ndig angesehen. Von daher gibt\u2019s auch viele Bilder davon \ud83d\ude0a [&hellip;]","og_url":"http:\/\/motorradcamperreisen.de\/?page_id=4969","og_site_name":"motorradcamperreisen.de","article_modified_time":"2025-07-12T18:33:25+00:00","og_image":[{"width":1920,"height":2560,"url":"http:\/\/motorradcamperreisen.de\/wp-content\/uploads\/2025\/07\/IMG_20250712_111737-2-scaled.jpg","type":"image\/jpeg"}],"twitter_card":"summary_large_image","twitter_misc":{"Gesch\u00e4tzte Lesezeit":"5\u00a0Minuten"},"schema":{"@context":"https:\/\/schema.org","@graph":[{"@type":"WebPage","@id":"http:\/\/motorradcamperreisen.de\/?page_id=4969","url":"http:\/\/motorradcamperreisen.de\/?page_id=4969","name":"Haverud \u00c4quadukt - motorradcamperreisen.de","isPartOf":{"@id":"http:\/\/motorradcamperreisen.de\/#website"},"primaryImageOfPage":{"@id":"http:\/\/motorradcamperreisen.de\/?page_id=4969#primaryimage"},"image":{"@id":"http:\/\/motorradcamperreisen.de\/?page_id=4969#primaryimage"},"thumbnailUrl":"http:\/\/motorradcamperreisen.de\/wp-content\/uploads\/2025\/07\/IMG_20250712_111737-2-768x1024.jpg","datePublished":"2025-07-12T18:33:24+00:00","dateModified":"2025-07-12T18:33:25+00:00","breadcrumb":{"@id":"http:\/\/motorradcamperreisen.de\/?page_id=4969#breadcrumb"},"inLanguage":"de","potentialAction":[{"@type":"ReadAction","target":["http:\/\/motorradcamperreisen.de\/?page_id=4969"]}]},{"@type":"ImageObject","inLanguage":"de","@id":"http:\/\/motorradcamperreisen.de\/?page_id=4969#primaryimage","url":"http:\/\/motorradcamperreisen.de\/wp-content\/uploads\/2025\/07\/IMG_20250712_111737-2-scaled.jpg","contentUrl":"http:\/\/motorradcamperreisen.de\/wp-content\/uploads\/2025\/07\/IMG_20250712_111737-2-scaled.jpg","width":1920,"height":2560},{"@type":"BreadcrumbList","@id":"http:\/\/motorradcamperreisen.de\/?page_id=4969#breadcrumb","itemListElement":[{"@type":"ListItem","position":1,"name":"Startseite","item":"http:\/\/motorradcamperreisen.de\/"},{"@type":"ListItem","position":2,"name":"Haverud \u00c4quadukt"}]},{"@type":"WebSite","@id":"http:\/\/motorradcamperreisen.de\/#website","url":"http:\/\/motorradcamperreisen.de\/","name":"motorradcamperreisen.de","description":"Motorradtouren, Camperreisen, St\u00e4dtetrips und was mir sonst noch so einf\u00e4llt....","publisher":{"@id":"http:\/\/motorradcamperreisen.de\/#\/schema\/person\/3b5f74e4181c032b66d5c7b9f7ec1790"},"potentialAction":[{"@type":"SearchAction","target":{"@type":"EntryPoint","urlTemplate":"http:\/\/motorradcamperreisen.de\/?s={search_term_string}"},"query-input":{"@type":"PropertyValueSpecification","valueRequired":true,"valueName":"search_term_string"}}],"inLanguage":"de"},{"@type":["Person","Organization"],"@id":"http:\/\/motorradcamperreisen.de\/#\/schema\/person\/3b5f74e4181c032b66d5c7b9f7ec1790","name":"Bile66","image":{"@type":"ImageObject","inLanguage":"de","@id":"http:\/\/motorradcamperreisen.de\/#\/schema\/person\/image\/","url":"http:\/\/motorradcamperreisen.de\/wp-content\/uploads\/2022\/07\/IMG_20191005_143007-scaled.jpg","contentUrl":"http:\/\/motorradcamperreisen.de\/wp-content\/uploads\/2022\/07\/IMG_20191005_143007-scaled.jpg","width":1920,"height":2560,"caption":"Bile66"},"logo":{"@id":"http:\/\/motorradcamperreisen.de\/#\/schema\/person\/image\/"},"sameAs":["http:\/\/motorradcamperreisen.de"]}]}},"_links":{"self":[{"href":"http:\/\/motorradcamperreisen.de\/index.php?rest_route=\/wp\/v2\/pages\/4969"}],"collection":[{"href":"http:\/\/motorradcamperreisen.de\/index.php?rest_route=\/wp\/v2\/pages"}],"about":[{"href":"http:\/\/motorradcamperreisen.de\/index.php?rest_route=\/wp\/v2\/types\/page"}],"author":[{"embeddable":true,"href":"http:\/\/motorradcamperreisen.de\/index.php?rest_route=\/wp\/v2\/users\/1"}],"replies":[{"embeddable":true,"href":"http:\/\/motorradcamperreisen.de\/index.php?rest_route=%2Fwp%2Fv2%2Fcomments&post=4969"}],"version-history":[{"count":1,"href":"http:\/\/motorradcamperreisen.de\/index.php?rest_route=\/wp\/v2\/pages\/4969\/revisions"}],"predecessor-version":[{"id":5005,"href":"http:\/\/motorradcamperreisen.de\/index.php?rest_route=\/wp\/v2\/pages\/4969\/revisions\/5005"}],"wp:attachment":[{"href":"http:\/\/motorradcamperreisen.de\/index.php?rest_route=%2Fwp%2Fv2%2Fmedia&parent=4969"}],"curies":[{"name":"wp","href":"https:\/\/api.w.org\/{rel}","templated":true}]}}