{"id":4924,"date":"2025-07-12T19:44:45","date_gmt":"2025-07-12T17:44:45","guid":{"rendered":"http:\/\/motorradcamperreisen.de\/?page_id=4924"},"modified":"2025-07-12T19:44:46","modified_gmt":"2025-07-12T17:44:46","slug":"irgendwas-ist-immer","status":"publish","type":"page","link":"http:\/\/motorradcamperreisen.de\/?page_id=4924","title":{"rendered":"Irgendwas ist immer&#8230;."},"content":{"rendered":"\n<p>Ich sag nur Reifen.<\/p>\n\n\n\n<p>Nachdem ich problemlos aus Malm\u00f6 abgereist bin wollte ich \u00fcber die Autobahn Richtung Norden. Die St\u00e4dte hatte ich von vorneherein nicht auf dem Plan, also m\u00f6glichst schnell ab nach Norden.<\/p>\n\n\n\n<p>Gegen halb zw\u00f6lf auf der Autobahn dachte ich so \u201ehm, ist doch gar nicht so windig, warum schlenkert das Auto so\u201c? Nun ja, hinten rechts hats den Reifen erwischt:<\/p>\n\n\n\n<figure class=\"wp-block-image size-large\"><img loading=\"lazy\" decoding=\"async\" width=\"768\" height=\"1024\" src=\"http:\/\/motorradcamperreisen.de\/wp-content\/uploads\/2025\/07\/IMG_20250710_120822-768x1024.jpg\" alt=\"\" class=\"wp-image-4925\" srcset=\"http:\/\/motorradcamperreisen.de\/wp-content\/uploads\/2025\/07\/IMG_20250710_120822-768x1024.jpg 768w, http:\/\/motorradcamperreisen.de\/wp-content\/uploads\/2025\/07\/IMG_20250710_120822-225x300.jpg 225w, http:\/\/motorradcamperreisen.de\/wp-content\/uploads\/2025\/07\/IMG_20250710_120822-1152x1536.jpg 1152w, http:\/\/motorradcamperreisen.de\/wp-content\/uploads\/2025\/07\/IMG_20250710_120822-1536x2048.jpg 1536w, http:\/\/motorradcamperreisen.de\/wp-content\/uploads\/2025\/07\/IMG_20250710_120822-scaled.jpg 1920w\" sizes=\"(max-width: 768px) 100vw, 768px\" \/><\/figure>\n\n\n\n<p>Warnblinker an und auf den sehr schmalen Standstreifen r\u00fcber. Diesmal war ich eigentlich schon tiefenentspannt \u2013 ich habe ja \u00dcbung. Also mal wieder AVD angerufen, die sich um alles gek\u00fcmmert haben. In der Wartezeit (immerhin fast vier Stunden, sowas dauert in Skandinavien irgendwie immer sehr lange), habe ich es mir bei&nbsp; Grad in der Sonne auf der Leitplanke, die ziemlich breit und wie eine kleine Bank war,&nbsp; bequem gemacht. Die Aussicht war auch ganz nett:<\/p>\n\n\n\n<figure class=\"wp-block-gallery has-nested-images columns-default is-cropped wp-block-gallery-1 is-layout-flex wp-block-gallery-is-layout-flex\">\n<figure class=\"wp-block-image size-large\"><img loading=\"lazy\" decoding=\"async\" width=\"768\" height=\"1024\" data-id=\"4927\" src=\"http:\/\/motorradcamperreisen.de\/wp-content\/uploads\/2025\/07\/IMG_20250710_120803-768x1024.jpg\" alt=\"\" class=\"wp-image-4927\" srcset=\"http:\/\/motorradcamperreisen.de\/wp-content\/uploads\/2025\/07\/IMG_20250710_120803-768x1024.jpg 768w, http:\/\/motorradcamperreisen.de\/wp-content\/uploads\/2025\/07\/IMG_20250710_120803-225x300.jpg 225w, http:\/\/motorradcamperreisen.de\/wp-content\/uploads\/2025\/07\/IMG_20250710_120803-1152x1536.jpg 1152w, http:\/\/motorradcamperreisen.de\/wp-content\/uploads\/2025\/07\/IMG_20250710_120803-1536x2048.jpg 1536w, http:\/\/motorradcamperreisen.de\/wp-content\/uploads\/2025\/07\/IMG_20250710_120803-scaled.jpg 1920w\" sizes=\"(max-width: 768px) 100vw, 768px\" \/><\/figure>\n\n\n\n<figure class=\"wp-block-image size-large\"><img loading=\"lazy\" decoding=\"async\" width=\"768\" height=\"1024\" data-id=\"4926\" src=\"http:\/\/motorradcamperreisen.de\/wp-content\/uploads\/2025\/07\/IMG_20250710_143810-768x1024.jpg\" alt=\"\" class=\"wp-image-4926\" srcset=\"http:\/\/motorradcamperreisen.de\/wp-content\/uploads\/2025\/07\/IMG_20250710_143810-768x1024.jpg 768w, http:\/\/motorradcamperreisen.de\/wp-content\/uploads\/2025\/07\/IMG_20250710_143810-225x300.jpg 225w, http:\/\/motorradcamperreisen.de\/wp-content\/uploads\/2025\/07\/IMG_20250710_143810-1152x1536.jpg 1152w, http:\/\/motorradcamperreisen.de\/wp-content\/uploads\/2025\/07\/IMG_20250710_143810-1536x2048.jpg 1536w, http:\/\/motorradcamperreisen.de\/wp-content\/uploads\/2025\/07\/IMG_20250710_143810-scaled.jpg 1920w\" sizes=\"(max-width: 768px) 100vw, 768px\" \/><\/figure>\n<\/figure>\n\n\n\n<p>&nbsp;Ich war \u00fcbrigens noch nie so dankbar wie in der Situation, dass ich ein Klo dabei habe. Um halb vier sa\u00df ich dann endlich im Abschlepper. Die Abschlepperin ist ein Wort wert: etwas \u00fcber 1,50m gro\u00df, zierlich und absolut f\u00e4hig.<\/p>\n\n\n\n<p>Ich wurde zu einer Reifenfirma gebracht und letztlich habe ich mich gleich f\u00fcr zwei neue Reifen entschieden. Achsungleich ist bl\u00f6d und ich bin am Anfang der Reise. \u00dcber Geld spricht man zwar nicht, aber ich fand 350 Euro f\u00fcr schwedische Verh\u00e4ltnisse noch ziemlich akzeptabel. Nun ja, sind aber Billigheimer \u2013 tun aber anstandslos ihren Dienst.<\/p>\n\n\n\n<p>Mit weit fahren war nat\u00fcrlich nicht mehr. Irgendwann fuhr vor mir ein anderes WoMo. Ich dachte, h\u00e4ng dich mal dran, der will sicher auch auf einen Stellplatz. Gesagt, getan. Es wurde dann schon etwas \u201emerkw\u00fcrdig\u201c als wir in ein Wohngebiet kamen. Noch merkw\u00fcrdiger, als er eine kleine asphaltierte Stra\u00dfe \u2013 jeder Gegenverkehr w\u00e4re ein Problem geworden \u2013 weiterfuhr. Auf eben dieser Stra\u00dfe waren haufenweise Jugendliche in gleicher Richtung unterwegs. Nun ja, wenden ging eh nicht, also weiter hinterher.<\/p>\n\n\n\n<p>Tats\u00e4chlich, am Ende der Stra\u00dfe so etwas wie ein Stellplatz. Bl\u00f6derweise war der aber voll. Ich bin dann um die n\u00e4chste Kurve gefahren und pl\u00f6tzlich war da ein Parkplatz. Hier parkten schon etliche WoMo. Hab mich dann einfach mal dazu gestellt und kam somit in den Genuss&nbsp; auf einen Platz mit Aussicht.<\/p>\n\n\n\n<figure class=\"wp-block-gallery has-nested-images columns-default is-cropped wp-block-gallery-2 is-layout-flex wp-block-gallery-is-layout-flex\">\n<figure class=\"wp-block-image\"><img decoding=\"async\" src=\"blob:http:\/\/motorradcamperreisen.de\/57ea572e-75fa-47ff-b63f-2e67ea1302ac\" alt=\"\"\/><\/figure>\n\n\n\n<figure class=\"wp-block-image\"><img decoding=\"async\" src=\"blob:http:\/\/motorradcamperreisen.de\/1168c433-764f-4d0f-ab8a-a06d9d83d1d8\" alt=\"\"\/><\/figure>\n\n\n\n<figure class=\"wp-block-image\"><img decoding=\"async\" src=\"blob:http:\/\/motorradcamperreisen.de\/656deb0c-4aee-442b-8382-c67a7c93ec6b\" alt=\"\"\/><\/figure>\n\n\n\n<figure class=\"wp-block-image\"><img decoding=\"async\" src=\"blob:http:\/\/motorradcamperreisen.de\/0c9b950e-9bd2-481b-a661-50f9cc28463f\" alt=\"\"\/><\/figure>\n<\/figure>\n\n\n\n<p>Sanit\u00e4r war nat\u00fcrlich nicht, aber irgendwie geht\u2019s ja immer. Die k\u00fchle Brise vom Meer war nat\u00fcrlich auch sehr hilfreich beim Schlafen, hatten wir doch zwischenzeitlich 27 Grad. Das neben mir eine deutsche Familie stand war auch recht nett, so gab es auch noch Unterhaltung. <\/p>\n","protected":false},"excerpt":{"rendered":"<p>Ich sag nur Reifen. Nachdem ich problemlos aus Malm\u00f6 abgereist bin wollte ich \u00fcber die Autobahn Richtung Norden. Die St\u00e4dte hatte ich von vorneherein nicht auf dem Plan, also m\u00f6glichst schnell ab nach Norden. Gegen halb zw\u00f6lf auf der Autobahn dachte ich so \u201ehm, ist doch gar nicht so windig, warum schlenkert das Auto so\u201c? [&hellip;]<\/p>\n","protected":false},"author":1,"featured_media":0,"parent":0,"menu_order":0,"comment_status":"open","ping_status":"closed","template":"","meta":{"site-sidebar-layout":"default","site-content-layout":"","ast-site-content-layout":"default","site-content-style":"default","site-sidebar-style":"default","ast-global-header-display":"","ast-banner-title-visibility":"","ast-main-header-display":"","ast-hfb-above-header-display":"","ast-hfb-below-header-display":"","ast-hfb-mobile-header-display":"","site-post-title":"","ast-breadcrumbs-content":"","ast-featured-img":"","footer-sml-layout":"","ast-disable-related-posts":"","theme-transparent-header-meta":"","adv-header-id-meta":"","stick-header-meta":"","header-above-stick-meta":"","header-main-stick-meta":"","header-below-stick-meta":"","astra-migrate-meta-layouts":"set","ast-page-background-enabled":"default","ast-page-background-meta":{"desktop":{"background-color":"","background-image":"","background-repeat":"repeat","background-position":"center center","background-size":"auto","background-attachment":"scroll","background-type":"","background-media":"","overlay-type":"","overlay-color":"","overlay-opacity":"","overlay-gradient":""},"tablet":{"background-color":"","background-image":"","background-repeat":"repeat","background-position":"center center","background-size":"auto","background-attachment":"scroll","background-type":"","background-media":"","overlay-type":"","overlay-color":"","overlay-opacity":"","overlay-gradient":""},"mobile":{"background-color":"","background-image":"","background-repeat":"repeat","background-position":"center center","background-size":"auto","background-attachment":"scroll","background-type":"","background-media":"","overlay-type":"","overlay-color":"","overlay-opacity":"","overlay-gradient":""}},"ast-content-background-meta":{"desktop":{"background-color":"var(--ast-global-color-5)","background-image":"","background-repeat":"repeat","background-position":"center center","background-size":"auto","background-attachment":"scroll","background-type":"","background-media":"","overlay-type":"","overlay-color":"","overlay-opacity":"","overlay-gradient":""},"tablet":{"background-color":"var(--ast-global-color-5)","background-image":"","background-repeat":"repeat","background-position":"center center","background-size":"auto","background-attachment":"scroll","background-type":"","background-media":"","overlay-type":"","overlay-color":"","overlay-opacity":"","overlay-gradient":""},"mobile":{"background-color":"var(--ast-global-color-5)","background-image":"","background-repeat":"repeat","background-position":"center center","background-size":"auto","background-attachment":"scroll","background-type":"","background-media":"","overlay-type":"","overlay-color":"","overlay-opacity":"","overlay-gradient":""}},"footnotes":""},"yoast_head":"<!-- This site is optimized with the Yoast SEO plugin v24.5 - https:\/\/yoast.com\/wordpress\/plugins\/seo\/ -->\n<title>Irgendwas ist immer.... - motorradcamperreisen.de<\/title>\n<meta name=\"robots\" content=\"index, follow, max-snippet:-1, max-image-preview:large, max-video-preview:-1\" \/>\n<link rel=\"canonical\" href=\"http:\/\/motorradcamperreisen.de\/?page_id=4924\" \/>\n<meta property=\"og:locale\" content=\"de_DE\" \/>\n<meta property=\"og:type\" content=\"article\" \/>\n<meta property=\"og:title\" content=\"Irgendwas ist immer.... - motorradcamperreisen.de\" \/>\n<meta property=\"og:description\" content=\"Ich sag nur Reifen. Nachdem ich problemlos aus Malm\u00f6 abgereist bin wollte ich \u00fcber die Autobahn Richtung Norden. Die St\u00e4dte hatte ich von vorneherein nicht auf dem Plan, also m\u00f6glichst schnell ab nach Norden. Gegen halb zw\u00f6lf auf der Autobahn dachte ich so \u201ehm, ist doch gar nicht so windig, warum schlenkert das Auto so\u201c? [&hellip;]\" \/>\n<meta property=\"og:url\" content=\"http:\/\/motorradcamperreisen.de\/?page_id=4924\" \/>\n<meta property=\"og:site_name\" content=\"motorradcamperreisen.de\" \/>\n<meta property=\"article:modified_time\" content=\"2025-07-12T17:44:46+00:00\" \/>\n<meta property=\"og:image\" content=\"http:\/\/motorradcamperreisen.de\/wp-content\/uploads\/2025\/07\/IMG_20250710_120822-scaled.jpg\" \/>\n\t<meta property=\"og:image:width\" content=\"1920\" \/>\n\t<meta property=\"og:image:height\" content=\"2560\" \/>\n\t<meta property=\"og:image:type\" content=\"image\/jpeg\" \/>\n<meta name=\"twitter:card\" content=\"summary_large_image\" \/>\n<meta name=\"twitter:label1\" content=\"Gesch\u00e4tzte Lesezeit\" \/>\n\t<meta name=\"twitter:data1\" content=\"4\u00a0Minuten\" \/>\n<script type=\"application\/ld+json\" class=\"yoast-schema-graph\">{\"@context\":\"https:\/\/schema.org\",\"@graph\":[{\"@type\":\"WebPage\",\"@id\":\"http:\/\/motorradcamperreisen.de\/?page_id=4924\",\"url\":\"http:\/\/motorradcamperreisen.de\/?page_id=4924\",\"name\":\"Irgendwas ist immer.... - motorradcamperreisen.de\",\"isPartOf\":{\"@id\":\"http:\/\/motorradcamperreisen.de\/#website\"},\"primaryImageOfPage\":{\"@id\":\"http:\/\/motorradcamperreisen.de\/?page_id=4924#primaryimage\"},\"image\":{\"@id\":\"http:\/\/motorradcamperreisen.de\/?page_id=4924#primaryimage\"},\"thumbnailUrl\":\"http:\/\/motorradcamperreisen.de\/wp-content\/uploads\/2025\/07\/IMG_20250710_120822-768x1024.jpg\",\"datePublished\":\"2025-07-12T17:44:45+00:00\",\"dateModified\":\"2025-07-12T17:44:46+00:00\",\"breadcrumb\":{\"@id\":\"http:\/\/motorradcamperreisen.de\/?page_id=4924#breadcrumb\"},\"inLanguage\":\"de\",\"potentialAction\":[{\"@type\":\"ReadAction\",\"target\":[\"http:\/\/motorradcamperreisen.de\/?page_id=4924\"]}]},{\"@type\":\"ImageObject\",\"inLanguage\":\"de\",\"@id\":\"http:\/\/motorradcamperreisen.de\/?page_id=4924#primaryimage\",\"url\":\"http:\/\/motorradcamperreisen.de\/wp-content\/uploads\/2025\/07\/IMG_20250710_120822-scaled.jpg\",\"contentUrl\":\"http:\/\/motorradcamperreisen.de\/wp-content\/uploads\/2025\/07\/IMG_20250710_120822-scaled.jpg\",\"width\":1920,\"height\":2560},{\"@type\":\"BreadcrumbList\",\"@id\":\"http:\/\/motorradcamperreisen.de\/?page_id=4924#breadcrumb\",\"itemListElement\":[{\"@type\":\"ListItem\",\"position\":1,\"name\":\"Startseite\",\"item\":\"http:\/\/motorradcamperreisen.de\/\"},{\"@type\":\"ListItem\",\"position\":2,\"name\":\"Irgendwas ist immer&#8230;.\"}]},{\"@type\":\"WebSite\",\"@id\":\"http:\/\/motorradcamperreisen.de\/#website\",\"url\":\"http:\/\/motorradcamperreisen.de\/\",\"name\":\"motorradcamperreisen.de\",\"description\":\"Motorradtouren, Camperreisen, St\u00e4dtetrips und was mir sonst noch so einf\u00e4llt....\",\"publisher\":{\"@id\":\"http:\/\/motorradcamperreisen.de\/#\/schema\/person\/3b5f74e4181c032b66d5c7b9f7ec1790\"},\"potentialAction\":[{\"@type\":\"SearchAction\",\"target\":{\"@type\":\"EntryPoint\",\"urlTemplate\":\"http:\/\/motorradcamperreisen.de\/?s={search_term_string}\"},\"query-input\":{\"@type\":\"PropertyValueSpecification\",\"valueRequired\":true,\"valueName\":\"search_term_string\"}}],\"inLanguage\":\"de\"},{\"@type\":[\"Person\",\"Organization\"],\"@id\":\"http:\/\/motorradcamperreisen.de\/#\/schema\/person\/3b5f74e4181c032b66d5c7b9f7ec1790\",\"name\":\"Bile66\",\"image\":{\"@type\":\"ImageObject\",\"inLanguage\":\"de\",\"@id\":\"http:\/\/motorradcamperreisen.de\/#\/schema\/person\/image\/\",\"url\":\"http:\/\/motorradcamperreisen.de\/wp-content\/uploads\/2022\/07\/IMG_20191005_143007-scaled.jpg\",\"contentUrl\":\"http:\/\/motorradcamperreisen.de\/wp-content\/uploads\/2022\/07\/IMG_20191005_143007-scaled.jpg\",\"width\":1920,\"height\":2560,\"caption\":\"Bile66\"},\"logo\":{\"@id\":\"http:\/\/motorradcamperreisen.de\/#\/schema\/person\/image\/\"},\"sameAs\":[\"http:\/\/motorradcamperreisen.de\"]}]}<\/script>\n<!-- \/ Yoast SEO plugin. -->","yoast_head_json":{"title":"Irgendwas ist immer.... - motorradcamperreisen.de","robots":{"index":"index","follow":"follow","max-snippet":"max-snippet:-1","max-image-preview":"max-image-preview:large","max-video-preview":"max-video-preview:-1"},"canonical":"http:\/\/motorradcamperreisen.de\/?page_id=4924","og_locale":"de_DE","og_type":"article","og_title":"Irgendwas ist immer.... - motorradcamperreisen.de","og_description":"Ich sag nur Reifen. Nachdem ich problemlos aus Malm\u00f6 abgereist bin wollte ich \u00fcber die Autobahn Richtung Norden. Die St\u00e4dte hatte ich von vorneherein nicht auf dem Plan, also m\u00f6glichst schnell ab nach Norden. Gegen halb zw\u00f6lf auf der Autobahn dachte ich so \u201ehm, ist doch gar nicht so windig, warum schlenkert das Auto so\u201c? [&hellip;]","og_url":"http:\/\/motorradcamperreisen.de\/?page_id=4924","og_site_name":"motorradcamperreisen.de","article_modified_time":"2025-07-12T17:44:46+00:00","og_image":[{"width":1920,"height":2560,"url":"http:\/\/motorradcamperreisen.de\/wp-content\/uploads\/2025\/07\/IMG_20250710_120822-scaled.jpg","type":"image\/jpeg"}],"twitter_card":"summary_large_image","twitter_misc":{"Gesch\u00e4tzte Lesezeit":"4\u00a0Minuten"},"schema":{"@context":"https:\/\/schema.org","@graph":[{"@type":"WebPage","@id":"http:\/\/motorradcamperreisen.de\/?page_id=4924","url":"http:\/\/motorradcamperreisen.de\/?page_id=4924","name":"Irgendwas ist immer.... - motorradcamperreisen.de","isPartOf":{"@id":"http:\/\/motorradcamperreisen.de\/#website"},"primaryImageOfPage":{"@id":"http:\/\/motorradcamperreisen.de\/?page_id=4924#primaryimage"},"image":{"@id":"http:\/\/motorradcamperreisen.de\/?page_id=4924#primaryimage"},"thumbnailUrl":"http:\/\/motorradcamperreisen.de\/wp-content\/uploads\/2025\/07\/IMG_20250710_120822-768x1024.jpg","datePublished":"2025-07-12T17:44:45+00:00","dateModified":"2025-07-12T17:44:46+00:00","breadcrumb":{"@id":"http:\/\/motorradcamperreisen.de\/?page_id=4924#breadcrumb"},"inLanguage":"de","potentialAction":[{"@type":"ReadAction","target":["http:\/\/motorradcamperreisen.de\/?page_id=4924"]}]},{"@type":"ImageObject","inLanguage":"de","@id":"http:\/\/motorradcamperreisen.de\/?page_id=4924#primaryimage","url":"http:\/\/motorradcamperreisen.de\/wp-content\/uploads\/2025\/07\/IMG_20250710_120822-scaled.jpg","contentUrl":"http:\/\/motorradcamperreisen.de\/wp-content\/uploads\/2025\/07\/IMG_20250710_120822-scaled.jpg","width":1920,"height":2560},{"@type":"BreadcrumbList","@id":"http:\/\/motorradcamperreisen.de\/?page_id=4924#breadcrumb","itemListElement":[{"@type":"ListItem","position":1,"name":"Startseite","item":"http:\/\/motorradcamperreisen.de\/"},{"@type":"ListItem","position":2,"name":"Irgendwas ist immer&#8230;."}]},{"@type":"WebSite","@id":"http:\/\/motorradcamperreisen.de\/#website","url":"http:\/\/motorradcamperreisen.de\/","name":"motorradcamperreisen.de","description":"Motorradtouren, Camperreisen, St\u00e4dtetrips und was mir sonst noch so einf\u00e4llt....","publisher":{"@id":"http:\/\/motorradcamperreisen.de\/#\/schema\/person\/3b5f74e4181c032b66d5c7b9f7ec1790"},"potentialAction":[{"@type":"SearchAction","target":{"@type":"EntryPoint","urlTemplate":"http:\/\/motorradcamperreisen.de\/?s={search_term_string}"},"query-input":{"@type":"PropertyValueSpecification","valueRequired":true,"valueName":"search_term_string"}}],"inLanguage":"de"},{"@type":["Person","Organization"],"@id":"http:\/\/motorradcamperreisen.de\/#\/schema\/person\/3b5f74e4181c032b66d5c7b9f7ec1790","name":"Bile66","image":{"@type":"ImageObject","inLanguage":"de","@id":"http:\/\/motorradcamperreisen.de\/#\/schema\/person\/image\/","url":"http:\/\/motorradcamperreisen.de\/wp-content\/uploads\/2022\/07\/IMG_20191005_143007-scaled.jpg","contentUrl":"http:\/\/motorradcamperreisen.de\/wp-content\/uploads\/2022\/07\/IMG_20191005_143007-scaled.jpg","width":1920,"height":2560,"caption":"Bile66"},"logo":{"@id":"http:\/\/motorradcamperreisen.de\/#\/schema\/person\/image\/"},"sameAs":["http:\/\/motorradcamperreisen.de"]}]}},"_links":{"self":[{"href":"http:\/\/motorradcamperreisen.de\/index.php?rest_route=\/wp\/v2\/pages\/4924"}],"collection":[{"href":"http:\/\/motorradcamperreisen.de\/index.php?rest_route=\/wp\/v2\/pages"}],"about":[{"href":"http:\/\/motorradcamperreisen.de\/index.php?rest_route=\/wp\/v2\/types\/page"}],"author":[{"embeddable":true,"href":"http:\/\/motorradcamperreisen.de\/index.php?rest_route=\/wp\/v2\/users\/1"}],"replies":[{"embeddable":true,"href":"http:\/\/motorradcamperreisen.de\/index.php?rest_route=%2Fwp%2Fv2%2Fcomments&post=4924"}],"version-history":[{"count":2,"href":"http:\/\/motorradcamperreisen.de\/index.php?rest_route=\/wp\/v2\/pages\/4924\/revisions"}],"predecessor-version":[{"id":4935,"href":"http:\/\/motorradcamperreisen.de\/index.php?rest_route=\/wp\/v2\/pages\/4924\/revisions\/4935"}],"wp:attachment":[{"href":"http:\/\/motorradcamperreisen.de\/index.php?rest_route=%2Fwp%2Fv2%2Fmedia&parent=4924"}],"curies":[{"name":"wp","href":"https:\/\/api.w.org\/{rel}","templated":true}]}}