{"id":4906,"date":"2025-07-09T21:38:23","date_gmt":"2025-07-09T19:38:23","guid":{"rendered":"http:\/\/motorradcamperreisen.de\/?page_id=4906"},"modified":"2025-07-09T21:46:42","modified_gmt":"2025-07-09T19:46:42","slug":"schweden-anreise","status":"publish","type":"page","link":"http:\/\/motorradcamperreisen.de\/?page_id=4906","title":{"rendered":"Schweden Anreise"},"content":{"rendered":"\n<p>Die Nacht habe ich sehr schlecht geschlafen. Dachte ich jedenfalls.<\/p>\n\n\n\n<p>Um sechs hatte ich mir den Wecker gestellt.<\/p>\n\n\n\n<p>Erst mal einen Kaffee kochen, Strom habe ich ja \u2013 dachte ich zumindest. Nachdem ich den Kaffee vorbereitet habe, wollte ich meinen Strom anmachen. Dummerweise passierte aber nichts. Sehr merkw\u00fcrdig. Ab an die Stromversorgung, ach ja, anmachen kann nicht schaden. Nur\u2026 da war Wasser auf der Anlage. Wo zum Teufel kommt das her? Mir die Matratze \u00fcber dem Stromkasten angesehen \u2013 Nass. Und zwar richtig Nass. Und nein, ich habe nicht ins Bett gemacht.<\/p>\n\n\n\n<p>Nachdem mir gestern Abend so warm war, habe ich das Seitenfenster ge\u00f6ffnet und auch offen gelassen. Scheinbar hat es \u00fcber Nacht derma\u00dfen heftig geregnet (soviel zum Thema, ich habe schlecht geschlafen), dass es sehr ordentlich rein geregnet hat. Da am Fu\u00dfende, habe ich davon nichts gemerkt.<\/p>\n\n\n\n<p>Also erst mal alles an Strom ausgemacht und mit dem Gaskocher Wasser gekocht. Ohne Kaffee l\u00e4uft da gar nichts bei mir.<\/p>\n\n\n\n<p>Kurz vor halb acht bin ich zur F\u00e4hre aufgebrochen:<\/p>\n\n\n\n<figure class=\"wp-block-gallery has-nested-images columns-default is-cropped wp-block-gallery-1 is-layout-flex wp-block-gallery-is-layout-flex\">\n<figure class=\"wp-block-image size-large\"><img loading=\"lazy\" decoding=\"async\" width=\"768\" height=\"1024\" data-id=\"4908\" src=\"http:\/\/motorradcamperreisen.de\/wp-content\/uploads\/2025\/07\/IMG_20250709_074703-768x1024.jpg\" alt=\"\" class=\"wp-image-4908\" srcset=\"http:\/\/motorradcamperreisen.de\/wp-content\/uploads\/2025\/07\/IMG_20250709_074703-768x1024.jpg 768w, http:\/\/motorradcamperreisen.de\/wp-content\/uploads\/2025\/07\/IMG_20250709_074703-225x300.jpg 225w, http:\/\/motorradcamperreisen.de\/wp-content\/uploads\/2025\/07\/IMG_20250709_074703-1152x1536.jpg 1152w, http:\/\/motorradcamperreisen.de\/wp-content\/uploads\/2025\/07\/IMG_20250709_074703-1536x2048.jpg 1536w, http:\/\/motorradcamperreisen.de\/wp-content\/uploads\/2025\/07\/IMG_20250709_074703-scaled.jpg 1920w\" sizes=\"(max-width: 768px) 100vw, 768px\" \/><\/figure>\n\n\n\n<figure class=\"wp-block-image size-large\"><img loading=\"lazy\" decoding=\"async\" width=\"768\" height=\"1024\" data-id=\"4907\" src=\"http:\/\/motorradcamperreisen.de\/wp-content\/uploads\/2025\/07\/IMG_20250709_075418-768x1024.jpg\" alt=\"\" class=\"wp-image-4907\" srcset=\"http:\/\/motorradcamperreisen.de\/wp-content\/uploads\/2025\/07\/IMG_20250709_075418-768x1024.jpg 768w, http:\/\/motorradcamperreisen.de\/wp-content\/uploads\/2025\/07\/IMG_20250709_075418-225x300.jpg 225w, http:\/\/motorradcamperreisen.de\/wp-content\/uploads\/2025\/07\/IMG_20250709_075418-1152x1536.jpg 1152w, http:\/\/motorradcamperreisen.de\/wp-content\/uploads\/2025\/07\/IMG_20250709_075418-1536x2048.jpg 1536w, http:\/\/motorradcamperreisen.de\/wp-content\/uploads\/2025\/07\/IMG_20250709_075418-scaled.jpg 1920w\" sizes=\"(max-width: 768px) 100vw, 768px\" \/><\/figure>\n<\/figure>\n\n\n\n<p>Kurz darauf war ich schon in der Wartespur und um kurz nach neun ging es auf die F\u00e4hre. Hier werde ich die n\u00e4chsten 7,5 Stunden verbringen.<\/p>\n\n\n\n<p>Noch ein paar Bilder von der Abfahrt aus Travem\u00fcnde:<\/p>\n\n\n\n<figure class=\"wp-block-gallery has-nested-images columns-default is-cropped wp-block-gallery-2 is-layout-flex wp-block-gallery-is-layout-flex\">\n<figure class=\"wp-block-image size-large\"><img loading=\"lazy\" decoding=\"async\" width=\"768\" height=\"1024\" data-id=\"4911\" src=\"http:\/\/motorradcamperreisen.de\/wp-content\/uploads\/2025\/07\/IMG_20250709_102448-768x1024.jpg\" alt=\"\" class=\"wp-image-4911\" srcset=\"http:\/\/motorradcamperreisen.de\/wp-content\/uploads\/2025\/07\/IMG_20250709_102448-768x1024.jpg 768w, http:\/\/motorradcamperreisen.de\/wp-content\/uploads\/2025\/07\/IMG_20250709_102448-225x300.jpg 225w, http:\/\/motorradcamperreisen.de\/wp-content\/uploads\/2025\/07\/IMG_20250709_102448-1152x1536.jpg 1152w, http:\/\/motorradcamperreisen.de\/wp-content\/uploads\/2025\/07\/IMG_20250709_102448-1536x2048.jpg 1536w, http:\/\/motorradcamperreisen.de\/wp-content\/uploads\/2025\/07\/IMG_20250709_102448-scaled.jpg 1920w\" sizes=\"(max-width: 768px) 100vw, 768px\" \/><\/figure>\n\n\n\n<figure class=\"wp-block-image size-large\"><img loading=\"lazy\" decoding=\"async\" width=\"768\" height=\"1024\" data-id=\"4910\" src=\"http:\/\/motorradcamperreisen.de\/wp-content\/uploads\/2025\/07\/IMG_20250709_102739-768x1024.jpg\" alt=\"\" class=\"wp-image-4910\" srcset=\"http:\/\/motorradcamperreisen.de\/wp-content\/uploads\/2025\/07\/IMG_20250709_102739-768x1024.jpg 768w, http:\/\/motorradcamperreisen.de\/wp-content\/uploads\/2025\/07\/IMG_20250709_102739-225x300.jpg 225w, http:\/\/motorradcamperreisen.de\/wp-content\/uploads\/2025\/07\/IMG_20250709_102739-1152x1536.jpg 1152w, http:\/\/motorradcamperreisen.de\/wp-content\/uploads\/2025\/07\/IMG_20250709_102739-1536x2048.jpg 1536w, http:\/\/motorradcamperreisen.de\/wp-content\/uploads\/2025\/07\/IMG_20250709_102739-scaled.jpg 1920w\" sizes=\"(max-width: 768px) 100vw, 768px\" \/><\/figure>\n<\/figure>\n\n\n\n<p>Die Passat- von nahem sieht die schon ziemlich runtergekommen aus:<\/p>\n\n\n\n<figure class=\"wp-block-image size-large\"><img loading=\"lazy\" decoding=\"async\" width=\"768\" height=\"1024\" src=\"http:\/\/motorradcamperreisen.de\/wp-content\/uploads\/2025\/07\/IMG_20250709_102619-768x1024.jpg\" alt=\"\" class=\"wp-image-4912\" srcset=\"http:\/\/motorradcamperreisen.de\/wp-content\/uploads\/2025\/07\/IMG_20250709_102619-768x1024.jpg 768w, http:\/\/motorradcamperreisen.de\/wp-content\/uploads\/2025\/07\/IMG_20250709_102619-225x300.jpg 225w, http:\/\/motorradcamperreisen.de\/wp-content\/uploads\/2025\/07\/IMG_20250709_102619-1152x1536.jpg 1152w, http:\/\/motorradcamperreisen.de\/wp-content\/uploads\/2025\/07\/IMG_20250709_102619-1536x2048.jpg 1536w, http:\/\/motorradcamperreisen.de\/wp-content\/uploads\/2025\/07\/IMG_20250709_102619-scaled.jpg 1920w\" sizes=\"(max-width: 768px) 100vw, 768px\" \/><\/figure>\n\n\n\n<p>Auf der F\u00e4hre habe ich dann nat\u00fcrlich auch Martina wieder getroffen und wir hatten eine nette Plauderzeit. Mal schauen, ob wir uns hier in Schweden nochmals \u00fcber die F\u00fc\u00dfe laufen.<\/p>\n\n\n\n<p>Ein paar Bilder von der \u00dcberfahrt:<\/p>\n\n\n\n<figure class=\"wp-block-gallery has-nested-images columns-default is-cropped wp-block-gallery-3 is-layout-flex wp-block-gallery-is-layout-flex\">\n<figure class=\"wp-block-image size-large\"><img loading=\"lazy\" decoding=\"async\" width=\"768\" height=\"1024\" data-id=\"4914\" src=\"http:\/\/motorradcamperreisen.de\/wp-content\/uploads\/2025\/07\/IMG_20250709_180607-768x1024.jpg\" alt=\"\" class=\"wp-image-4914\" srcset=\"http:\/\/motorradcamperreisen.de\/wp-content\/uploads\/2025\/07\/IMG_20250709_180607-768x1024.jpg 768w, http:\/\/motorradcamperreisen.de\/wp-content\/uploads\/2025\/07\/IMG_20250709_180607-225x300.jpg 225w, http:\/\/motorradcamperreisen.de\/wp-content\/uploads\/2025\/07\/IMG_20250709_180607-1152x1536.jpg 1152w, http:\/\/motorradcamperreisen.de\/wp-content\/uploads\/2025\/07\/IMG_20250709_180607-1536x2048.jpg 1536w, http:\/\/motorradcamperreisen.de\/wp-content\/uploads\/2025\/07\/IMG_20250709_180607-scaled.jpg 1920w\" sizes=\"(max-width: 768px) 100vw, 768px\" \/><figcaption class=\"wp-element-caption\"><strong>\u00d6resundbr\u00fccke<\/strong><\/figcaption><\/figure>\n\n\n\n<figure class=\"wp-block-image size-large\"><img loading=\"lazy\" decoding=\"async\" width=\"768\" height=\"1024\" data-id=\"4915\" src=\"http:\/\/motorradcamperreisen.de\/wp-content\/uploads\/2025\/07\/IMG_20250709_180904-768x1024.jpg\" alt=\"\" class=\"wp-image-4915\" srcset=\"http:\/\/motorradcamperreisen.de\/wp-content\/uploads\/2025\/07\/IMG_20250709_180904-768x1024.jpg 768w, http:\/\/motorradcamperreisen.de\/wp-content\/uploads\/2025\/07\/IMG_20250709_180904-225x300.jpg 225w, http:\/\/motorradcamperreisen.de\/wp-content\/uploads\/2025\/07\/IMG_20250709_180904-1152x1536.jpg 1152w, http:\/\/motorradcamperreisen.de\/wp-content\/uploads\/2025\/07\/IMG_20250709_180904-1536x2048.jpg 1536w, http:\/\/motorradcamperreisen.de\/wp-content\/uploads\/2025\/07\/IMG_20250709_180904-scaled.jpg 1920w\" sizes=\"(max-width: 768px) 100vw, 768px\" \/><\/figure>\n\n\n\n<figure class=\"wp-block-image size-large\"><img loading=\"lazy\" decoding=\"async\" width=\"768\" height=\"1024\" data-id=\"4913\" src=\"http:\/\/motorradcamperreisen.de\/wp-content\/uploads\/2025\/07\/IMG_20250709_184315-768x1024.jpg\" alt=\"\" class=\"wp-image-4913\" srcset=\"http:\/\/motorradcamperreisen.de\/wp-content\/uploads\/2025\/07\/IMG_20250709_184315-768x1024.jpg 768w, http:\/\/motorradcamperreisen.de\/wp-content\/uploads\/2025\/07\/IMG_20250709_184315-225x300.jpg 225w, http:\/\/motorradcamperreisen.de\/wp-content\/uploads\/2025\/07\/IMG_20250709_184315-1152x1536.jpg 1152w, http:\/\/motorradcamperreisen.de\/wp-content\/uploads\/2025\/07\/IMG_20250709_184315-1536x2048.jpg 1536w, http:\/\/motorradcamperreisen.de\/wp-content\/uploads\/2025\/07\/IMG_20250709_184315-scaled.jpg 1920w\" sizes=\"(max-width: 768px) 100vw, 768px\" \/><figcaption class=\"wp-element-caption\"><strong>Malm\u00f6<\/strong><\/figcaption><\/figure>\n<\/figure>\n\n\n\n<p>In Malm\u00f6 habe ich direkt noch kurzfristig eine Stellplatz gebucht. Kann man machen, muss man aber nicht. Trotzdem, lange fahren war heute keine Option mehr. <\/p>\n\n\n\n<figure class=\"wp-block-gallery has-nested-images columns-default is-cropped wp-block-gallery-4 is-layout-flex wp-block-gallery-is-layout-flex\">\n<figure class=\"wp-block-image size-large\"><img loading=\"lazy\" decoding=\"async\" width=\"768\" height=\"1024\" data-id=\"4918\" src=\"http:\/\/motorradcamperreisen.de\/wp-content\/uploads\/2025\/07\/IMG_20250709_194853-768x1024.jpg\" alt=\"\" class=\"wp-image-4918\" srcset=\"http:\/\/motorradcamperreisen.de\/wp-content\/uploads\/2025\/07\/IMG_20250709_194853-768x1024.jpg 768w, http:\/\/motorradcamperreisen.de\/wp-content\/uploads\/2025\/07\/IMG_20250709_194853-225x300.jpg 225w, http:\/\/motorradcamperreisen.de\/wp-content\/uploads\/2025\/07\/IMG_20250709_194853-1152x1536.jpg 1152w, http:\/\/motorradcamperreisen.de\/wp-content\/uploads\/2025\/07\/IMG_20250709_194853-1536x2048.jpg 1536w, http:\/\/motorradcamperreisen.de\/wp-content\/uploads\/2025\/07\/IMG_20250709_194853-scaled.jpg 1920w\" sizes=\"(max-width: 768px) 100vw, 768px\" \/><figcaption class=\"wp-element-caption\"><strong>Angekommen<\/strong><\/figcaption><\/figure>\n\n\n\n<figure class=\"wp-block-image size-large\"><img loading=\"lazy\" decoding=\"async\" width=\"768\" height=\"1024\" data-id=\"4917\" src=\"http:\/\/motorradcamperreisen.de\/wp-content\/uploads\/2025\/07\/IMG_20250709_195117-768x1024.jpg\" alt=\"\" class=\"wp-image-4917\" srcset=\"http:\/\/motorradcamperreisen.de\/wp-content\/uploads\/2025\/07\/IMG_20250709_195117-768x1024.jpg 768w, http:\/\/motorradcamperreisen.de\/wp-content\/uploads\/2025\/07\/IMG_20250709_195117-225x300.jpg 225w, http:\/\/motorradcamperreisen.de\/wp-content\/uploads\/2025\/07\/IMG_20250709_195117-1152x1536.jpg 1152w, http:\/\/motorradcamperreisen.de\/wp-content\/uploads\/2025\/07\/IMG_20250709_195117-1536x2048.jpg 1536w, http:\/\/motorradcamperreisen.de\/wp-content\/uploads\/2025\/07\/IMG_20250709_195117-scaled.jpg 1920w\" sizes=\"(max-width: 768px) 100vw, 768px\" \/><figcaption class=\"wp-element-caption\"><strong>Yachthafen direkt am Stellplatz<\/strong><\/figcaption><\/figure>\n\n\n\n<figure class=\"wp-block-image size-large\"><img loading=\"lazy\" decoding=\"async\" width=\"768\" height=\"1024\" data-id=\"4916\" src=\"http:\/\/motorradcamperreisen.de\/wp-content\/uploads\/2025\/07\/IMG_20250709_200258-768x1024.jpg\" alt=\"\" class=\"wp-image-4916\" srcset=\"http:\/\/motorradcamperreisen.de\/wp-content\/uploads\/2025\/07\/IMG_20250709_200258-768x1024.jpg 768w, http:\/\/motorradcamperreisen.de\/wp-content\/uploads\/2025\/07\/IMG_20250709_200258-225x300.jpg 225w, http:\/\/motorradcamperreisen.de\/wp-content\/uploads\/2025\/07\/IMG_20250709_200258-1152x1536.jpg 1152w, http:\/\/motorradcamperreisen.de\/wp-content\/uploads\/2025\/07\/IMG_20250709_200258-1536x2048.jpg 1536w, http:\/\/motorradcamperreisen.de\/wp-content\/uploads\/2025\/07\/IMG_20250709_200258-scaled.jpg 1920w\" sizes=\"(max-width: 768px) 100vw, 768px\" \/><figcaption class=\"wp-element-caption\"><strong>Sonnenuntergang<\/strong><\/figcaption><\/figure>\n<\/figure>\n\n\n\n<p>Dann mal schauen, was der morgige Tag so bringen wird. <\/p>\n","protected":false},"excerpt":{"rendered":"<p>Die Nacht habe ich sehr schlecht geschlafen. Dachte ich jedenfalls. Um sechs hatte ich mir den Wecker gestellt. Erst mal einen Kaffee kochen, Strom habe ich ja \u2013 dachte ich zumindest. Nachdem ich den Kaffee vorbereitet habe, wollte ich meinen Strom anmachen. Dummerweise passierte aber nichts. Sehr merkw\u00fcrdig. Ab an die Stromversorgung, ach ja, anmachen [&hellip;]<\/p>\n","protected":false},"author":1,"featured_media":0,"parent":0,"menu_order":0,"comment_status":"open","ping_status":"closed","template":"","meta":{"site-sidebar-layout":"default","site-content-layout":"","ast-site-content-layout":"default","site-content-style":"default","site-sidebar-style":"default","ast-global-header-display":"","ast-banner-title-visibility":"","ast-main-header-display":"","ast-hfb-above-header-display":"","ast-hfb-below-header-display":"","ast-hfb-mobile-header-display":"","site-post-title":"","ast-breadcrumbs-content":"","ast-featured-img":"","footer-sml-layout":"","ast-disable-related-posts":"","theme-transparent-header-meta":"","adv-header-id-meta":"","stick-header-meta":"","header-above-stick-meta":"","header-main-stick-meta":"","header-below-stick-meta":"","astra-migrate-meta-layouts":"set","ast-page-background-enabled":"default","ast-page-background-meta":{"desktop":{"background-color":"","background-image":"","background-repeat":"repeat","background-position":"center center","background-size":"auto","background-attachment":"scroll","background-type":"","background-media":"","overlay-type":"","overlay-color":"","overlay-opacity":"","overlay-gradient":""},"tablet":{"background-color":"","background-image":"","background-repeat":"repeat","background-position":"center center","background-size":"auto","background-attachment":"scroll","background-type":"","background-media":"","overlay-type":"","overlay-color":"","overlay-opacity":"","overlay-gradient":""},"mobile":{"background-color":"","background-image":"","background-repeat":"repeat","background-position":"center center","background-size":"auto","background-attachment":"scroll","background-type":"","background-media":"","overlay-type":"","overlay-color":"","overlay-opacity":"","overlay-gradient":""}},"ast-content-background-meta":{"desktop":{"background-color":"var(--ast-global-color-5)","background-image":"","background-repeat":"repeat","background-position":"center center","background-size":"auto","background-attachment":"scroll","background-type":"","background-media":"","overlay-type":"","overlay-color":"","overlay-opacity":"","overlay-gradient":""},"tablet":{"background-color":"var(--ast-global-color-5)","background-image":"","background-repeat":"repeat","background-position":"center center","background-size":"auto","background-attachment":"scroll","background-type":"","background-media":"","overlay-type":"","overlay-color":"","overlay-opacity":"","overlay-gradient":""},"mobile":{"background-color":"var(--ast-global-color-5)","background-image":"","background-repeat":"repeat","background-position":"center center","background-size":"auto","background-attachment":"scroll","background-type":"","background-media":"","overlay-type":"","overlay-color":"","overlay-opacity":"","overlay-gradient":""}},"footnotes":""},"yoast_head":"<!-- This site is optimized with the Yoast SEO plugin v24.5 - https:\/\/yoast.com\/wordpress\/plugins\/seo\/ -->\n<title>Schweden Anreise - motorradcamperreisen.de<\/title>\n<meta name=\"robots\" content=\"index, follow, max-snippet:-1, max-image-preview:large, max-video-preview:-1\" \/>\n<link rel=\"canonical\" href=\"http:\/\/motorradcamperreisen.de\/?page_id=4906\" \/>\n<meta property=\"og:locale\" content=\"de_DE\" \/>\n<meta property=\"og:type\" content=\"article\" \/>\n<meta property=\"og:title\" content=\"Schweden Anreise - motorradcamperreisen.de\" \/>\n<meta property=\"og:description\" content=\"Die Nacht habe ich sehr schlecht geschlafen. Dachte ich jedenfalls. Um sechs hatte ich mir den Wecker gestellt. Erst mal einen Kaffee kochen, Strom habe ich ja \u2013 dachte ich zumindest. Nachdem ich den Kaffee vorbereitet habe, wollte ich meinen Strom anmachen. Dummerweise passierte aber nichts. Sehr merkw\u00fcrdig. Ab an die Stromversorgung, ach ja, anmachen [&hellip;]\" \/>\n<meta property=\"og:url\" content=\"http:\/\/motorradcamperreisen.de\/?page_id=4906\" \/>\n<meta property=\"og:site_name\" content=\"motorradcamperreisen.de\" \/>\n<meta property=\"article:modified_time\" content=\"2025-07-09T19:46:42+00:00\" \/>\n<meta property=\"og:image\" content=\"http:\/\/motorradcamperreisen.de\/wp-content\/uploads\/2025\/07\/IMG_20250709_074703-scaled.jpg\" \/>\n\t<meta property=\"og:image:width\" content=\"1920\" \/>\n\t<meta property=\"og:image:height\" content=\"2560\" \/>\n\t<meta property=\"og:image:type\" content=\"image\/jpeg\" \/>\n<meta name=\"twitter:card\" content=\"summary_large_image\" \/>\n<meta name=\"twitter:label1\" content=\"Gesch\u00e4tzte Lesezeit\" \/>\n\t<meta name=\"twitter:data1\" content=\"4\u00a0Minuten\" \/>\n<script type=\"application\/ld+json\" class=\"yoast-schema-graph\">{\"@context\":\"https:\/\/schema.org\",\"@graph\":[{\"@type\":\"WebPage\",\"@id\":\"http:\/\/motorradcamperreisen.de\/?page_id=4906\",\"url\":\"http:\/\/motorradcamperreisen.de\/?page_id=4906\",\"name\":\"Schweden Anreise - motorradcamperreisen.de\",\"isPartOf\":{\"@id\":\"http:\/\/motorradcamperreisen.de\/#website\"},\"primaryImageOfPage\":{\"@id\":\"http:\/\/motorradcamperreisen.de\/?page_id=4906#primaryimage\"},\"image\":{\"@id\":\"http:\/\/motorradcamperreisen.de\/?page_id=4906#primaryimage\"},\"thumbnailUrl\":\"http:\/\/motorradcamperreisen.de\/wp-content\/uploads\/2025\/07\/IMG_20250709_074703-768x1024.jpg\",\"datePublished\":\"2025-07-09T19:38:23+00:00\",\"dateModified\":\"2025-07-09T19:46:42+00:00\",\"breadcrumb\":{\"@id\":\"http:\/\/motorradcamperreisen.de\/?page_id=4906#breadcrumb\"},\"inLanguage\":\"de\",\"potentialAction\":[{\"@type\":\"ReadAction\",\"target\":[\"http:\/\/motorradcamperreisen.de\/?page_id=4906\"]}]},{\"@type\":\"ImageObject\",\"inLanguage\":\"de\",\"@id\":\"http:\/\/motorradcamperreisen.de\/?page_id=4906#primaryimage\",\"url\":\"http:\/\/motorradcamperreisen.de\/wp-content\/uploads\/2025\/07\/IMG_20250709_074703-scaled.jpg\",\"contentUrl\":\"http:\/\/motorradcamperreisen.de\/wp-content\/uploads\/2025\/07\/IMG_20250709_074703-scaled.jpg\",\"width\":1920,\"height\":2560},{\"@type\":\"BreadcrumbList\",\"@id\":\"http:\/\/motorradcamperreisen.de\/?page_id=4906#breadcrumb\",\"itemListElement\":[{\"@type\":\"ListItem\",\"position\":1,\"name\":\"Startseite\",\"item\":\"http:\/\/motorradcamperreisen.de\/\"},{\"@type\":\"ListItem\",\"position\":2,\"name\":\"Schweden Anreise\"}]},{\"@type\":\"WebSite\",\"@id\":\"http:\/\/motorradcamperreisen.de\/#website\",\"url\":\"http:\/\/motorradcamperreisen.de\/\",\"name\":\"motorradcamperreisen.de\",\"description\":\"Motorradtouren, Camperreisen, St\u00e4dtetrips und was mir sonst noch so einf\u00e4llt....\",\"publisher\":{\"@id\":\"http:\/\/motorradcamperreisen.de\/#\/schema\/person\/3b5f74e4181c032b66d5c7b9f7ec1790\"},\"potentialAction\":[{\"@type\":\"SearchAction\",\"target\":{\"@type\":\"EntryPoint\",\"urlTemplate\":\"http:\/\/motorradcamperreisen.de\/?s={search_term_string}\"},\"query-input\":{\"@type\":\"PropertyValueSpecification\",\"valueRequired\":true,\"valueName\":\"search_term_string\"}}],\"inLanguage\":\"de\"},{\"@type\":[\"Person\",\"Organization\"],\"@id\":\"http:\/\/motorradcamperreisen.de\/#\/schema\/person\/3b5f74e4181c032b66d5c7b9f7ec1790\",\"name\":\"Bile66\",\"image\":{\"@type\":\"ImageObject\",\"inLanguage\":\"de\",\"@id\":\"http:\/\/motorradcamperreisen.de\/#\/schema\/person\/image\/\",\"url\":\"http:\/\/motorradcamperreisen.de\/wp-content\/uploads\/2022\/07\/IMG_20191005_143007-scaled.jpg\",\"contentUrl\":\"http:\/\/motorradcamperreisen.de\/wp-content\/uploads\/2022\/07\/IMG_20191005_143007-scaled.jpg\",\"width\":1920,\"height\":2560,\"caption\":\"Bile66\"},\"logo\":{\"@id\":\"http:\/\/motorradcamperreisen.de\/#\/schema\/person\/image\/\"},\"sameAs\":[\"http:\/\/motorradcamperreisen.de\"]}]}<\/script>\n<!-- \/ Yoast SEO plugin. -->","yoast_head_json":{"title":"Schweden Anreise - motorradcamperreisen.de","robots":{"index":"index","follow":"follow","max-snippet":"max-snippet:-1","max-image-preview":"max-image-preview:large","max-video-preview":"max-video-preview:-1"},"canonical":"http:\/\/motorradcamperreisen.de\/?page_id=4906","og_locale":"de_DE","og_type":"article","og_title":"Schweden Anreise - motorradcamperreisen.de","og_description":"Die Nacht habe ich sehr schlecht geschlafen. Dachte ich jedenfalls. Um sechs hatte ich mir den Wecker gestellt. Erst mal einen Kaffee kochen, Strom habe ich ja \u2013 dachte ich zumindest. Nachdem ich den Kaffee vorbereitet habe, wollte ich meinen Strom anmachen. Dummerweise passierte aber nichts. Sehr merkw\u00fcrdig. Ab an die Stromversorgung, ach ja, anmachen [&hellip;]","og_url":"http:\/\/motorradcamperreisen.de\/?page_id=4906","og_site_name":"motorradcamperreisen.de","article_modified_time":"2025-07-09T19:46:42+00:00","og_image":[{"width":1920,"height":2560,"url":"http:\/\/motorradcamperreisen.de\/wp-content\/uploads\/2025\/07\/IMG_20250709_074703-scaled.jpg","type":"image\/jpeg"}],"twitter_card":"summary_large_image","twitter_misc":{"Gesch\u00e4tzte Lesezeit":"4\u00a0Minuten"},"schema":{"@context":"https:\/\/schema.org","@graph":[{"@type":"WebPage","@id":"http:\/\/motorradcamperreisen.de\/?page_id=4906","url":"http:\/\/motorradcamperreisen.de\/?page_id=4906","name":"Schweden Anreise - motorradcamperreisen.de","isPartOf":{"@id":"http:\/\/motorradcamperreisen.de\/#website"},"primaryImageOfPage":{"@id":"http:\/\/motorradcamperreisen.de\/?page_id=4906#primaryimage"},"image":{"@id":"http:\/\/motorradcamperreisen.de\/?page_id=4906#primaryimage"},"thumbnailUrl":"http:\/\/motorradcamperreisen.de\/wp-content\/uploads\/2025\/07\/IMG_20250709_074703-768x1024.jpg","datePublished":"2025-07-09T19:38:23+00:00","dateModified":"2025-07-09T19:46:42+00:00","breadcrumb":{"@id":"http:\/\/motorradcamperreisen.de\/?page_id=4906#breadcrumb"},"inLanguage":"de","potentialAction":[{"@type":"ReadAction","target":["http:\/\/motorradcamperreisen.de\/?page_id=4906"]}]},{"@type":"ImageObject","inLanguage":"de","@id":"http:\/\/motorradcamperreisen.de\/?page_id=4906#primaryimage","url":"http:\/\/motorradcamperreisen.de\/wp-content\/uploads\/2025\/07\/IMG_20250709_074703-scaled.jpg","contentUrl":"http:\/\/motorradcamperreisen.de\/wp-content\/uploads\/2025\/07\/IMG_20250709_074703-scaled.jpg","width":1920,"height":2560},{"@type":"BreadcrumbList","@id":"http:\/\/motorradcamperreisen.de\/?page_id=4906#breadcrumb","itemListElement":[{"@type":"ListItem","position":1,"name":"Startseite","item":"http:\/\/motorradcamperreisen.de\/"},{"@type":"ListItem","position":2,"name":"Schweden Anreise"}]},{"@type":"WebSite","@id":"http:\/\/motorradcamperreisen.de\/#website","url":"http:\/\/motorradcamperreisen.de\/","name":"motorradcamperreisen.de","description":"Motorradtouren, Camperreisen, St\u00e4dtetrips und was mir sonst noch so einf\u00e4llt....","publisher":{"@id":"http:\/\/motorradcamperreisen.de\/#\/schema\/person\/3b5f74e4181c032b66d5c7b9f7ec1790"},"potentialAction":[{"@type":"SearchAction","target":{"@type":"EntryPoint","urlTemplate":"http:\/\/motorradcamperreisen.de\/?s={search_term_string}"},"query-input":{"@type":"PropertyValueSpecification","valueRequired":true,"valueName":"search_term_string"}}],"inLanguage":"de"},{"@type":["Person","Organization"],"@id":"http:\/\/motorradcamperreisen.de\/#\/schema\/person\/3b5f74e4181c032b66d5c7b9f7ec1790","name":"Bile66","image":{"@type":"ImageObject","inLanguage":"de","@id":"http:\/\/motorradcamperreisen.de\/#\/schema\/person\/image\/","url":"http:\/\/motorradcamperreisen.de\/wp-content\/uploads\/2022\/07\/IMG_20191005_143007-scaled.jpg","contentUrl":"http:\/\/motorradcamperreisen.de\/wp-content\/uploads\/2022\/07\/IMG_20191005_143007-scaled.jpg","width":1920,"height":2560,"caption":"Bile66"},"logo":{"@id":"http:\/\/motorradcamperreisen.de\/#\/schema\/person\/image\/"},"sameAs":["http:\/\/motorradcamperreisen.de"]}]}},"_links":{"self":[{"href":"http:\/\/motorradcamperreisen.de\/index.php?rest_route=\/wp\/v2\/pages\/4906"}],"collection":[{"href":"http:\/\/motorradcamperreisen.de\/index.php?rest_route=\/wp\/v2\/pages"}],"about":[{"href":"http:\/\/motorradcamperreisen.de\/index.php?rest_route=\/wp\/v2\/types\/page"}],"author":[{"embeddable":true,"href":"http:\/\/motorradcamperreisen.de\/index.php?rest_route=\/wp\/v2\/users\/1"}],"replies":[{"embeddable":true,"href":"http:\/\/motorradcamperreisen.de\/index.php?rest_route=%2Fwp%2Fv2%2Fcomments&post=4906"}],"version-history":[{"count":1,"href":"http:\/\/motorradcamperreisen.de\/index.php?rest_route=\/wp\/v2\/pages\/4906\/revisions"}],"predecessor-version":[{"id":4921,"href":"http:\/\/motorradcamperreisen.de\/index.php?rest_route=\/wp\/v2\/pages\/4906\/revisions\/4921"}],"wp:attachment":[{"href":"http:\/\/motorradcamperreisen.de\/index.php?rest_route=%2Fwp%2Fv2%2Fmedia&parent=4906"}],"curies":[{"name":"wp","href":"https:\/\/api.w.org\/{rel}","templated":true}]}}