{"id":4892,"date":"2025-07-09T20:26:33","date_gmt":"2025-07-09T18:26:33","guid":{"rendered":"http:\/\/motorradcamperreisen.de\/?page_id=4892"},"modified":"2025-07-09T20:26:34","modified_gmt":"2025-07-09T18:26:34","slug":"schweden-2025","status":"publish","type":"page","link":"http:\/\/motorradcamperreisen.de\/?page_id=4892","title":{"rendered":"Schweden 2025"},"content":{"rendered":"\n<p>Die Tage vor Schweden und die Anreise:<\/p>\n\n\n\n<p>Donnerstag war mein letzter Arbeitstag und am Freitag wollte ich zu einer Motorradtour ins Sauerland aufbrechen. Tja, wollte\u2026.<\/p>\n\n\n\n<p>Dienstag hatten mich sp\u00e4t abends \u2013 nachdem ein Betrunkener in das Auto meiner Nachbarin gefahren war und die Polizeiaktion bis Mitternacht dauerte \u2013 ein paar Viecher gestochen. Mittwoch war soweit noch alles ok, aber Donnerstag gings dann los. Mein Fu\u00df ist angeschwollen, mir war schwindelig und ich hatte tats\u00e4chlich Fieber. Das kenne ich gar nicht von mir.<\/p>\n\n\n\n<p>Donnerstagabend war mir fast schon klar, dass ich das mit dem Motorradfahren wohl vergessen kann. So kam es dann auch. Freitagmorgen war mir immer noch schwindelig, Temperatur bei 38 Grad \u2013 keine Option mich in dem Zustand aufs Motorrad zu setzen. Schweren Herzens musste ich die Tour also absagen.<\/p>\n\n\n\n<p>Ab Samstagmittag ging es mir dann endlich besser. Ich habe also vorsichtig angefangen, mich auf Schweden vorzubereiten. Das Schr\u00f6der 2.0 noch nicht fertig ist, muss ich wohl nicht betonen (das Ausbautagebuch arbeite ich auch demn\u00e4chst mal nach). Immerhin habe ich aber ein Bett, Tisch, Sitzgelegenheit und einen K\u00fchlschrank. Damit muss es halt gehen. Nachdem ich dann die Warnungen zum Thema M\u00fccken gelesen habe, musste also auch noch irgendwie der M\u00fcckenschutz implementiert werden. Die Betonung liegt hier auf \u201eirgendwie\u201c. Einen Sch\u00f6nheitspreis werde ich damit sicher nicht gewinnen\u2026..<\/p>\n\n\n\n<p>Bis Montagabend habe ich also ordentlich rumgewuselt. Ich war schwer genervt, weil mal wieder nichts so klappen wollte, wie ich das wollte. Dienstag also um sechs aufstehen, irgendwann musste ich ja auch mal Klamotten und Campingzubeh\u00f6r packen. Passend dazu kam noch die Aufforderung zu Zeugenaussage, ich musste noch mal zum Arzt ein Rezept abholen, kurz mal was im Zweitjob erledigen \u2013 ich war maximal auf 150.<\/p>\n\n\n\n<p>Aber wie hei\u00dft es so sch\u00f6n bei mir: unter Druck bin ich am besten.<\/p>\n\n\n\n<p>Endlich, um 15:30 Uhr bin ich dann Richtung Travem\u00fcnde aufgebrochen. Unterwegs h\u00e4tte ich schon anhalten und schlafen k\u00f6nnen \u2013 ich war wohl sehr \u00fcberm\u00fcdet und so langsam lie\u00df das Stressgef\u00fchl auch mal nach.<\/p>\n\n\n\n<p>Von ein paar Idioten, die sich irgendwie \u00fcberall und immer tummeln, abgesehen, war es eine ruhige Fahrt:<\/p>\n\n\n\n<figure class=\"wp-block-gallery has-nested-images columns-default is-cropped wp-block-gallery-1 is-layout-flex wp-block-gallery-is-layout-flex\">\n<figure class=\"wp-block-image size-large\"><img loading=\"lazy\" decoding=\"async\" width=\"1024\" height=\"792\" data-id=\"4893\" src=\"http:\/\/motorradcamperreisen.de\/wp-content\/uploads\/2025\/07\/IMG_20250708_183221-1024x792.jpg\" alt=\"\" class=\"wp-image-4893\" srcset=\"http:\/\/motorradcamperreisen.de\/wp-content\/uploads\/2025\/07\/IMG_20250708_183221-1024x792.jpg 1024w, http:\/\/motorradcamperreisen.de\/wp-content\/uploads\/2025\/07\/IMG_20250708_183221-300x232.jpg 300w, http:\/\/motorradcamperreisen.de\/wp-content\/uploads\/2025\/07\/IMG_20250708_183221-768x594.jpg 768w, http:\/\/motorradcamperreisen.de\/wp-content\/uploads\/2025\/07\/IMG_20250708_183221.jpg 1311w\" sizes=\"(max-width: 1024px) 100vw, 1024px\" \/><\/figure>\n<\/figure>\n\n\n\n<p>Aber Nass wurde es. Zeitweise hatte ich nur noch sehr geringe Sicht:<\/p>\n\n\n\n<p><\/p>\n\n\n\n<figure class=\"wp-block-image size-large is-resized\"><img loading=\"lazy\" decoding=\"async\" width=\"1024\" height=\"761\" src=\"http:\/\/motorradcamperreisen.de\/wp-content\/uploads\/2025\/07\/IMG_20250708_181209_1_edit_6742751517672142-1-1024x761.jpg\" alt=\"\" class=\"wp-image-4895\" style=\"width:581px;height:auto\" srcset=\"http:\/\/motorradcamperreisen.de\/wp-content\/uploads\/2025\/07\/IMG_20250708_181209_1_edit_6742751517672142-1-1024x761.jpg 1024w, http:\/\/motorradcamperreisen.de\/wp-content\/uploads\/2025\/07\/IMG_20250708_181209_1_edit_6742751517672142-1-300x223.jpg 300w, http:\/\/motorradcamperreisen.de\/wp-content\/uploads\/2025\/07\/IMG_20250708_181209_1_edit_6742751517672142-1-768x570.jpg 768w, http:\/\/motorradcamperreisen.de\/wp-content\/uploads\/2025\/07\/IMG_20250708_181209_1_edit_6742751517672142-1-1536x1141.jpg 1536w, http:\/\/motorradcamperreisen.de\/wp-content\/uploads\/2025\/07\/IMG_20250708_181209_1_edit_6742751517672142-1-2048x1521.jpg 2048w\" sizes=\"(max-width: 1024px) 100vw, 1024px\" \/><\/figure>\n\n\n\n<p>Letztlich bin ich dann um kurz nach 19 Uhr angekommen. Also erst mal einen Stellplatz suchen. Der erste Platz den ich anfahren wollte war voll. Ich habe dann auf einem nahegelegenen Parkplatz erst mal die n\u00e4chste M\u00f6glichkeit zur \u00dcbernachtung gesucht.<\/p>\n\n\n\n<p>Ein \u00e4lteres P\u00e4rchen \u2013 auch mit Selbstausgebautem Wohnmobil \u2013 gab mir dann den entscheidenden Tipp: Stellplatz Kowitzberg. Leider ohne Sanit\u00e4r, aber viele verf\u00fcgbare Stellpl\u00e4tze. Preis bei 18 Euro, was ich f\u00fcr fehlende Infrastruktur schon teuer finde. Aber gut, ist eben so.<\/p>\n\n\n\n<p>Auto abgestellt, bezahlt und erst mal zum Wasser laufen. Mir kam ein paar entgegen und irgendwie dachte ich, die Frau kenne ich doch. Auf gleicher H\u00f6he blieben wir beide stehen, schauten uns an und es kam von ihr ein \u201eBirgit ?\u201c. Ich brauchte eine Sekunde, bis ich Martine, eine Arbeitskollegin von mir auch erkannt habe. Die Welt ist klein \u2013 und noch kleiner, weil sie ebenfalls mit dem Camper auf dem Weg nach Schweden ist.<\/p>\n\n\n\n<p>Das Wetter war zwischenzeitlich auch wieder freundlich, so dass ich mir dachte, geh am Wasser ein Bier trinken. Da gab es dann auch gleich noch Fischbr\u00f6tchen \u2013 das war also gut geregelt:<\/p>\n\n\n\n<figure class=\"wp-block-image size-large is-resized\"><img loading=\"lazy\" decoding=\"async\" width=\"768\" height=\"1024\" src=\"http:\/\/motorradcamperreisen.de\/wp-content\/uploads\/2025\/07\/IMG_20250708_203237-768x1024.jpg\" alt=\"\" class=\"wp-image-4896\" style=\"width:544px;height:auto\" srcset=\"http:\/\/motorradcamperreisen.de\/wp-content\/uploads\/2025\/07\/IMG_20250708_203237-768x1024.jpg 768w, http:\/\/motorradcamperreisen.de\/wp-content\/uploads\/2025\/07\/IMG_20250708_203237-225x300.jpg 225w, http:\/\/motorradcamperreisen.de\/wp-content\/uploads\/2025\/07\/IMG_20250708_203237-1152x1536.jpg 1152w, http:\/\/motorradcamperreisen.de\/wp-content\/uploads\/2025\/07\/IMG_20250708_203237-1536x2048.jpg 1536w, http:\/\/motorradcamperreisen.de\/wp-content\/uploads\/2025\/07\/IMG_20250708_203237-scaled.jpg 1920w\" sizes=\"(max-width: 768px) 100vw, 768px\" \/><\/figure>\n\n\n\n<p>Mit einem sonnigen Ausblick und einem Regenbogen wurde ich auch noch belohnt:<\/p>\n\n\n\n<figure class=\"wp-block-gallery has-nested-images columns-default is-cropped wp-block-gallery-2 is-layout-flex wp-block-gallery-is-layout-flex\">\n<figure class=\"wp-block-image size-large\"><img loading=\"lazy\" decoding=\"async\" width=\"768\" height=\"1024\" data-id=\"4897\" src=\"http:\/\/motorradcamperreisen.de\/wp-content\/uploads\/2025\/07\/IMG_20250708_202658-768x1024.jpg\" alt=\"\" class=\"wp-image-4897\" srcset=\"http:\/\/motorradcamperreisen.de\/wp-content\/uploads\/2025\/07\/IMG_20250708_202658-768x1024.jpg 768w, http:\/\/motorradcamperreisen.de\/wp-content\/uploads\/2025\/07\/IMG_20250708_202658-225x300.jpg 225w, http:\/\/motorradcamperreisen.de\/wp-content\/uploads\/2025\/07\/IMG_20250708_202658-1152x1536.jpg 1152w, http:\/\/motorradcamperreisen.de\/wp-content\/uploads\/2025\/07\/IMG_20250708_202658-1536x2048.jpg 1536w, http:\/\/motorradcamperreisen.de\/wp-content\/uploads\/2025\/07\/IMG_20250708_202658-scaled.jpg 1920w\" sizes=\"(max-width: 768px) 100vw, 768px\" \/><\/figure>\n\n\n\n<figure class=\"wp-block-image size-large\"><img loading=\"lazy\" decoding=\"async\" width=\"768\" height=\"1024\" data-id=\"4898\" src=\"http:\/\/motorradcamperreisen.de\/wp-content\/uploads\/2025\/07\/IMG_20250708_202716-768x1024.jpg\" alt=\"\" class=\"wp-image-4898\" srcset=\"http:\/\/motorradcamperreisen.de\/wp-content\/uploads\/2025\/07\/IMG_20250708_202716-768x1024.jpg 768w, http:\/\/motorradcamperreisen.de\/wp-content\/uploads\/2025\/07\/IMG_20250708_202716-225x300.jpg 225w, http:\/\/motorradcamperreisen.de\/wp-content\/uploads\/2025\/07\/IMG_20250708_202716-1152x1536.jpg 1152w, http:\/\/motorradcamperreisen.de\/wp-content\/uploads\/2025\/07\/IMG_20250708_202716-1536x2048.jpg 1536w, http:\/\/motorradcamperreisen.de\/wp-content\/uploads\/2025\/07\/IMG_20250708_202716-scaled.jpg 1920w\" sizes=\"(max-width: 768px) 100vw, 768px\" \/><\/figure>\n<\/figure>\n\n\n\n<p>Und die darf nat\u00fcrlich auch nicht fehlen:<\/p>\n\n\n\n<figure class=\"wp-block-image size-large\"><img loading=\"lazy\" decoding=\"async\" width=\"768\" height=\"1024\" src=\"http:\/\/motorradcamperreisen.de\/wp-content\/uploads\/2025\/07\/IMG_20250708_205924-768x1024.jpg\" alt=\"\" class=\"wp-image-4900\" srcset=\"http:\/\/motorradcamperreisen.de\/wp-content\/uploads\/2025\/07\/IMG_20250708_205924-768x1024.jpg 768w, http:\/\/motorradcamperreisen.de\/wp-content\/uploads\/2025\/07\/IMG_20250708_205924-225x300.jpg 225w, http:\/\/motorradcamperreisen.de\/wp-content\/uploads\/2025\/07\/IMG_20250708_205924-1152x1536.jpg 1152w, http:\/\/motorradcamperreisen.de\/wp-content\/uploads\/2025\/07\/IMG_20250708_205924-1536x2048.jpg 1536w, http:\/\/motorradcamperreisen.de\/wp-content\/uploads\/2025\/07\/IMG_20250708_205924-scaled.jpg 1920w\" sizes=\"(max-width: 768px) 100vw, 768px\" \/><\/figure>\n","protected":false},"excerpt":{"rendered":"<p>Die Tage vor Schweden und die Anreise: Donnerstag war mein letzter Arbeitstag und am Freitag wollte ich zu einer Motorradtour ins Sauerland aufbrechen. Tja, wollte\u2026. Dienstag hatten mich sp\u00e4t abends \u2013 nachdem ein Betrunkener in das Auto meiner Nachbarin gefahren war und die Polizeiaktion bis Mitternacht dauerte \u2013 ein paar Viecher gestochen. Mittwoch war soweit [&hellip;]<\/p>\n","protected":false},"author":1,"featured_media":0,"parent":0,"menu_order":0,"comment_status":"open","ping_status":"closed","template":"","meta":{"site-sidebar-layout":"default","site-content-layout":"","ast-site-content-layout":"default","site-content-style":"default","site-sidebar-style":"default","ast-global-header-display":"","ast-banner-title-visibility":"","ast-main-header-display":"","ast-hfb-above-header-display":"","ast-hfb-below-header-display":"","ast-hfb-mobile-header-display":"","site-post-title":"","ast-breadcrumbs-content":"","ast-featured-img":"","footer-sml-layout":"","ast-disable-related-posts":"","theme-transparent-header-meta":"","adv-header-id-meta":"","stick-header-meta":"","header-above-stick-meta":"","header-main-stick-meta":"","header-below-stick-meta":"","astra-migrate-meta-layouts":"set","ast-page-background-enabled":"default","ast-page-background-meta":{"desktop":{"background-color":"","background-image":"","background-repeat":"repeat","background-position":"center center","background-size":"auto","background-attachment":"scroll","background-type":"","background-media":"","overlay-type":"","overlay-color":"","overlay-opacity":"","overlay-gradient":""},"tablet":{"background-color":"","background-image":"","background-repeat":"repeat","background-position":"center center","background-size":"auto","background-attachment":"scroll","background-type":"","background-media":"","overlay-type":"","overlay-color":"","overlay-opacity":"","overlay-gradient":""},"mobile":{"background-color":"","background-image":"","background-repeat":"repeat","background-position":"center center","background-size":"auto","background-attachment":"scroll","background-type":"","background-media":"","overlay-type":"","overlay-color":"","overlay-opacity":"","overlay-gradient":""}},"ast-content-background-meta":{"desktop":{"background-color":"var(--ast-global-color-5)","background-image":"","background-repeat":"repeat","background-position":"center center","background-size":"auto","background-attachment":"scroll","background-type":"","background-media":"","overlay-type":"","overlay-color":"","overlay-opacity":"","overlay-gradient":""},"tablet":{"background-color":"var(--ast-global-color-5)","background-image":"","background-repeat":"repeat","background-position":"center center","background-size":"auto","background-attachment":"scroll","background-type":"","background-media":"","overlay-type":"","overlay-color":"","overlay-opacity":"","overlay-gradient":""},"mobile":{"background-color":"var(--ast-global-color-5)","background-image":"","background-repeat":"repeat","background-position":"center center","background-size":"auto","background-attachment":"scroll","background-type":"","background-media":"","overlay-type":"","overlay-color":"","overlay-opacity":"","overlay-gradient":""}},"footnotes":""},"yoast_head":"<!-- This site is optimized with the Yoast SEO plugin v24.5 - https:\/\/yoast.com\/wordpress\/plugins\/seo\/ -->\n<title>Schweden 2025 - motorradcamperreisen.de<\/title>\n<meta name=\"robots\" content=\"index, follow, max-snippet:-1, max-image-preview:large, max-video-preview:-1\" \/>\n<link rel=\"canonical\" href=\"http:\/\/motorradcamperreisen.de\/?page_id=4892\" \/>\n<meta property=\"og:locale\" content=\"de_DE\" \/>\n<meta property=\"og:type\" content=\"article\" \/>\n<meta property=\"og:title\" content=\"Schweden 2025 - motorradcamperreisen.de\" \/>\n<meta property=\"og:description\" content=\"Die Tage vor Schweden und die Anreise: Donnerstag war mein letzter Arbeitstag und am Freitag wollte ich zu einer Motorradtour ins Sauerland aufbrechen. Tja, wollte\u2026. Dienstag hatten mich sp\u00e4t abends \u2013 nachdem ein Betrunkener in das Auto meiner Nachbarin gefahren war und die Polizeiaktion bis Mitternacht dauerte \u2013 ein paar Viecher gestochen. Mittwoch war soweit [&hellip;]\" \/>\n<meta property=\"og:url\" content=\"http:\/\/motorradcamperreisen.de\/?page_id=4892\" \/>\n<meta property=\"og:site_name\" content=\"motorradcamperreisen.de\" \/>\n<meta property=\"article:modified_time\" content=\"2025-07-09T18:26:34+00:00\" \/>\n<meta property=\"og:image\" content=\"http:\/\/motorradcamperreisen.de\/wp-content\/uploads\/2025\/07\/IMG_20250708_183221.jpg\" \/>\n\t<meta property=\"og:image:width\" content=\"1311\" \/>\n\t<meta property=\"og:image:height\" content=\"1014\" \/>\n\t<meta property=\"og:image:type\" content=\"image\/jpeg\" \/>\n<meta name=\"twitter:card\" content=\"summary_large_image\" \/>\n<meta name=\"twitter:label1\" content=\"Gesch\u00e4tzte Lesezeit\" \/>\n\t<meta name=\"twitter:data1\" content=\"5\u00a0Minuten\" \/>\n<script type=\"application\/ld+json\" class=\"yoast-schema-graph\">{\"@context\":\"https:\/\/schema.org\",\"@graph\":[{\"@type\":\"WebPage\",\"@id\":\"http:\/\/motorradcamperreisen.de\/?page_id=4892\",\"url\":\"http:\/\/motorradcamperreisen.de\/?page_id=4892\",\"name\":\"Schweden 2025 - motorradcamperreisen.de\",\"isPartOf\":{\"@id\":\"http:\/\/motorradcamperreisen.de\/#website\"},\"primaryImageOfPage\":{\"@id\":\"http:\/\/motorradcamperreisen.de\/?page_id=4892#primaryimage\"},\"image\":{\"@id\":\"http:\/\/motorradcamperreisen.de\/?page_id=4892#primaryimage\"},\"thumbnailUrl\":\"http:\/\/motorradcamperreisen.de\/wp-content\/uploads\/2025\/07\/IMG_20250708_183221-1024x792.jpg\",\"datePublished\":\"2025-07-09T18:26:33+00:00\",\"dateModified\":\"2025-07-09T18:26:34+00:00\",\"breadcrumb\":{\"@id\":\"http:\/\/motorradcamperreisen.de\/?page_id=4892#breadcrumb\"},\"inLanguage\":\"de\",\"potentialAction\":[{\"@type\":\"ReadAction\",\"target\":[\"http:\/\/motorradcamperreisen.de\/?page_id=4892\"]}]},{\"@type\":\"ImageObject\",\"inLanguage\":\"de\",\"@id\":\"http:\/\/motorradcamperreisen.de\/?page_id=4892#primaryimage\",\"url\":\"http:\/\/motorradcamperreisen.de\/wp-content\/uploads\/2025\/07\/IMG_20250708_183221.jpg\",\"contentUrl\":\"http:\/\/motorradcamperreisen.de\/wp-content\/uploads\/2025\/07\/IMG_20250708_183221.jpg\",\"width\":1311,\"height\":1014,\"caption\":\"qrf\"},{\"@type\":\"BreadcrumbList\",\"@id\":\"http:\/\/motorradcamperreisen.de\/?page_id=4892#breadcrumb\",\"itemListElement\":[{\"@type\":\"ListItem\",\"position\":1,\"name\":\"Startseite\",\"item\":\"http:\/\/motorradcamperreisen.de\/\"},{\"@type\":\"ListItem\",\"position\":2,\"name\":\"Schweden 2025\"}]},{\"@type\":\"WebSite\",\"@id\":\"http:\/\/motorradcamperreisen.de\/#website\",\"url\":\"http:\/\/motorradcamperreisen.de\/\",\"name\":\"motorradcamperreisen.de\",\"description\":\"Motorradtouren, Camperreisen, St\u00e4dtetrips und was mir sonst noch so einf\u00e4llt....\",\"publisher\":{\"@id\":\"http:\/\/motorradcamperreisen.de\/#\/schema\/person\/3b5f74e4181c032b66d5c7b9f7ec1790\"},\"potentialAction\":[{\"@type\":\"SearchAction\",\"target\":{\"@type\":\"EntryPoint\",\"urlTemplate\":\"http:\/\/motorradcamperreisen.de\/?s={search_term_string}\"},\"query-input\":{\"@type\":\"PropertyValueSpecification\",\"valueRequired\":true,\"valueName\":\"search_term_string\"}}],\"inLanguage\":\"de\"},{\"@type\":[\"Person\",\"Organization\"],\"@id\":\"http:\/\/motorradcamperreisen.de\/#\/schema\/person\/3b5f74e4181c032b66d5c7b9f7ec1790\",\"name\":\"Bile66\",\"image\":{\"@type\":\"ImageObject\",\"inLanguage\":\"de\",\"@id\":\"http:\/\/motorradcamperreisen.de\/#\/schema\/person\/image\/\",\"url\":\"http:\/\/motorradcamperreisen.de\/wp-content\/uploads\/2022\/07\/IMG_20191005_143007-scaled.jpg\",\"contentUrl\":\"http:\/\/motorradcamperreisen.de\/wp-content\/uploads\/2022\/07\/IMG_20191005_143007-scaled.jpg\",\"width\":1920,\"height\":2560,\"caption\":\"Bile66\"},\"logo\":{\"@id\":\"http:\/\/motorradcamperreisen.de\/#\/schema\/person\/image\/\"},\"sameAs\":[\"http:\/\/motorradcamperreisen.de\"]}]}<\/script>\n<!-- \/ Yoast SEO plugin. -->","yoast_head_json":{"title":"Schweden 2025 - motorradcamperreisen.de","robots":{"index":"index","follow":"follow","max-snippet":"max-snippet:-1","max-image-preview":"max-image-preview:large","max-video-preview":"max-video-preview:-1"},"canonical":"http:\/\/motorradcamperreisen.de\/?page_id=4892","og_locale":"de_DE","og_type":"article","og_title":"Schweden 2025 - motorradcamperreisen.de","og_description":"Die Tage vor Schweden und die Anreise: Donnerstag war mein letzter Arbeitstag und am Freitag wollte ich zu einer Motorradtour ins Sauerland aufbrechen. Tja, wollte\u2026. Dienstag hatten mich sp\u00e4t abends \u2013 nachdem ein Betrunkener in das Auto meiner Nachbarin gefahren war und die Polizeiaktion bis Mitternacht dauerte \u2013 ein paar Viecher gestochen. Mittwoch war soweit [&hellip;]","og_url":"http:\/\/motorradcamperreisen.de\/?page_id=4892","og_site_name":"motorradcamperreisen.de","article_modified_time":"2025-07-09T18:26:34+00:00","og_image":[{"width":1311,"height":1014,"url":"http:\/\/motorradcamperreisen.de\/wp-content\/uploads\/2025\/07\/IMG_20250708_183221.jpg","type":"image\/jpeg"}],"twitter_card":"summary_large_image","twitter_misc":{"Gesch\u00e4tzte Lesezeit":"5\u00a0Minuten"},"schema":{"@context":"https:\/\/schema.org","@graph":[{"@type":"WebPage","@id":"http:\/\/motorradcamperreisen.de\/?page_id=4892","url":"http:\/\/motorradcamperreisen.de\/?page_id=4892","name":"Schweden 2025 - motorradcamperreisen.de","isPartOf":{"@id":"http:\/\/motorradcamperreisen.de\/#website"},"primaryImageOfPage":{"@id":"http:\/\/motorradcamperreisen.de\/?page_id=4892#primaryimage"},"image":{"@id":"http:\/\/motorradcamperreisen.de\/?page_id=4892#primaryimage"},"thumbnailUrl":"http:\/\/motorradcamperreisen.de\/wp-content\/uploads\/2025\/07\/IMG_20250708_183221-1024x792.jpg","datePublished":"2025-07-09T18:26:33+00:00","dateModified":"2025-07-09T18:26:34+00:00","breadcrumb":{"@id":"http:\/\/motorradcamperreisen.de\/?page_id=4892#breadcrumb"},"inLanguage":"de","potentialAction":[{"@type":"ReadAction","target":["http:\/\/motorradcamperreisen.de\/?page_id=4892"]}]},{"@type":"ImageObject","inLanguage":"de","@id":"http:\/\/motorradcamperreisen.de\/?page_id=4892#primaryimage","url":"http:\/\/motorradcamperreisen.de\/wp-content\/uploads\/2025\/07\/IMG_20250708_183221.jpg","contentUrl":"http:\/\/motorradcamperreisen.de\/wp-content\/uploads\/2025\/07\/IMG_20250708_183221.jpg","width":1311,"height":1014,"caption":"qrf"},{"@type":"BreadcrumbList","@id":"http:\/\/motorradcamperreisen.de\/?page_id=4892#breadcrumb","itemListElement":[{"@type":"ListItem","position":1,"name":"Startseite","item":"http:\/\/motorradcamperreisen.de\/"},{"@type":"ListItem","position":2,"name":"Schweden 2025"}]},{"@type":"WebSite","@id":"http:\/\/motorradcamperreisen.de\/#website","url":"http:\/\/motorradcamperreisen.de\/","name":"motorradcamperreisen.de","description":"Motorradtouren, Camperreisen, St\u00e4dtetrips und was mir sonst noch so einf\u00e4llt....","publisher":{"@id":"http:\/\/motorradcamperreisen.de\/#\/schema\/person\/3b5f74e4181c032b66d5c7b9f7ec1790"},"potentialAction":[{"@type":"SearchAction","target":{"@type":"EntryPoint","urlTemplate":"http:\/\/motorradcamperreisen.de\/?s={search_term_string}"},"query-input":{"@type":"PropertyValueSpecification","valueRequired":true,"valueName":"search_term_string"}}],"inLanguage":"de"},{"@type":["Person","Organization"],"@id":"http:\/\/motorradcamperreisen.de\/#\/schema\/person\/3b5f74e4181c032b66d5c7b9f7ec1790","name":"Bile66","image":{"@type":"ImageObject","inLanguage":"de","@id":"http:\/\/motorradcamperreisen.de\/#\/schema\/person\/image\/","url":"http:\/\/motorradcamperreisen.de\/wp-content\/uploads\/2022\/07\/IMG_20191005_143007-scaled.jpg","contentUrl":"http:\/\/motorradcamperreisen.de\/wp-content\/uploads\/2022\/07\/IMG_20191005_143007-scaled.jpg","width":1920,"height":2560,"caption":"Bile66"},"logo":{"@id":"http:\/\/motorradcamperreisen.de\/#\/schema\/person\/image\/"},"sameAs":["http:\/\/motorradcamperreisen.de"]}]}},"_links":{"self":[{"href":"http:\/\/motorradcamperreisen.de\/index.php?rest_route=\/wp\/v2\/pages\/4892"}],"collection":[{"href":"http:\/\/motorradcamperreisen.de\/index.php?rest_route=\/wp\/v2\/pages"}],"about":[{"href":"http:\/\/motorradcamperreisen.de\/index.php?rest_route=\/wp\/v2\/types\/page"}],"author":[{"embeddable":true,"href":"http:\/\/motorradcamperreisen.de\/index.php?rest_route=\/wp\/v2\/users\/1"}],"replies":[{"embeddable":true,"href":"http:\/\/motorradcamperreisen.de\/index.php?rest_route=%2Fwp%2Fv2%2Fcomments&post=4892"}],"version-history":[{"count":2,"href":"http:\/\/motorradcamperreisen.de\/index.php?rest_route=\/wp\/v2\/pages\/4892\/revisions"}],"predecessor-version":[{"id":4903,"href":"http:\/\/motorradcamperreisen.de\/index.php?rest_route=\/wp\/v2\/pages\/4892\/revisions\/4903"}],"wp:attachment":[{"href":"http:\/\/motorradcamperreisen.de\/index.php?rest_route=%2Fwp%2Fv2%2Fmedia&parent=4892"}],"curies":[{"name":"wp","href":"https:\/\/api.w.org\/{rel}","templated":true}]}}