{"id":4832,"date":"2025-03-30T10:51:13","date_gmt":"2025-03-30T08:51:13","guid":{"rendered":"http:\/\/motorradcamperreisen.de\/?page_id=4832"},"modified":"2025-03-30T10:51:14","modified_gmt":"2025-03-30T08:51:14","slug":"bettplanung","status":"publish","type":"page","link":"http:\/\/motorradcamperreisen.de\/?page_id=4832","title":{"rendered":"Bettplanung"},"content":{"rendered":"\n<p>Schlafen muss ich ja auch irgendwo, also habe ich zun\u00e4chst die Planung gemacht:<\/p>\n\n\n\n<p>Von Ikea habe ich mir 4 Skorva Balken und 2 Lattenroste geholt. Der Plan war ja, die Lattenroste so anzubauen, dass ich ein Rock\u00b4n Roll Bett bauen kann. Nun, mein Raum\/Ma\u00dfgef\u00fchl l\u00e4sst sehr zu w\u00fcnschen \u00fcbrig\u2026 das ist bei meinem 5,41 nicht umsetzbar ohne zuviel Platz zu verlieren. Also musste ein neuer Plan her.<\/p>\n\n\n\n<p>Aus meinem Fundus hatte ich noch sehr leichte Metallleisten (keine Ahnung was das f\u00fcrn Zeug ist) die urspr\u00fcnglich mal an einem Gartenpavillion f\u00fcr die Aufnahme der Seitenteile gedient haben. Das Zeug ist super stabil und hatte f\u00fcr die Skorva Balken auch noch die richtigen Ma\u00dfe. Sieht man auf dem Bild nur schlecht:<\/p>\n\n\n\n<p>Die Mettallleiste habe ich zusammen mit der d\u00fcnnen Siebdruckplatte mit M6er Schrauben in Nietmuttern befestigt.<\/p>\n\n\n\n<figure class=\"wp-block-image size-large is-resized\"><img loading=\"lazy\" decoding=\"async\" width=\"768\" height=\"1024\" src=\"http:\/\/motorradcamperreisen.de\/wp-content\/uploads\/2025\/03\/IMG_20250309_170308-1-768x1024.jpg\" alt=\"\" class=\"wp-image-4838\" style=\"width:495px;height:auto\" srcset=\"http:\/\/motorradcamperreisen.de\/wp-content\/uploads\/2025\/03\/IMG_20250309_170308-1-768x1024.jpg 768w, http:\/\/motorradcamperreisen.de\/wp-content\/uploads\/2025\/03\/IMG_20250309_170308-1-225x300.jpg 225w, http:\/\/motorradcamperreisen.de\/wp-content\/uploads\/2025\/03\/IMG_20250309_170308-1-1152x1536.jpg 1152w, http:\/\/motorradcamperreisen.de\/wp-content\/uploads\/2025\/03\/IMG_20250309_170308-1-1536x2048.jpg 1536w, http:\/\/motorradcamperreisen.de\/wp-content\/uploads\/2025\/03\/IMG_20250309_170308-1-scaled.jpg 1920w\" sizes=\"(max-width: 768px) 100vw, 768px\" \/><\/figure>\n\n\n\n<p>So habe ich dann zumindest mal das Gef\u00fchl bekommen, wie es ist, ein Bett eingebaut zu haben:<\/p>\n\n\n\n<figure class=\"wp-block-image size-large is-resized\"><img loading=\"lazy\" decoding=\"async\" width=\"1024\" height=\"768\" src=\"http:\/\/motorradcamperreisen.de\/wp-content\/uploads\/2025\/03\/IMG_20250309_165958-1024x768.jpg\" alt=\"\" class=\"wp-image-4834\" style=\"width:496px;height:auto\" srcset=\"http:\/\/motorradcamperreisen.de\/wp-content\/uploads\/2025\/03\/IMG_20250309_165958-1024x768.jpg 1024w, http:\/\/motorradcamperreisen.de\/wp-content\/uploads\/2025\/03\/IMG_20250309_165958-300x225.jpg 300w, http:\/\/motorradcamperreisen.de\/wp-content\/uploads\/2025\/03\/IMG_20250309_165958-768x576.jpg 768w, http:\/\/motorradcamperreisen.de\/wp-content\/uploads\/2025\/03\/IMG_20250309_165958-1536x1152.jpg 1536w, http:\/\/motorradcamperreisen.de\/wp-content\/uploads\/2025\/03\/IMG_20250309_165958-2048x1536.jpg 2048w\" sizes=\"(max-width: 1024px) 100vw, 1024px\" \/><\/figure>\n\n\n\n<p>Sie linke Seite soll hochklappbar sein &#8211; \u00e4hnlich wie man es auch in normalen Betten hat &#8211; damit ich einen bequemen Platz zum Lesen oder auch nur aus dem Fenster sehen habe. Urspr\u00fcnglich sollte das ganze noch ausziehbar sein. Das habe ich mir dann doch anders \u00fcberlegt, ich m\u00fcsste beim weiteren Bau der M\u00f6bel zu viele Kompromisse schlie\u00dfen. <\/p>\n\n\n\n<p>Kleiner Zeitsprung zwischen Planung und fast Fertigstellung&#8230;..<\/p>\n\n\n\n<figure class=\"wp-block-gallery has-nested-images columns-default is-cropped wp-block-gallery-1 is-layout-flex wp-block-gallery-is-layout-flex\">\n<figure class=\"wp-block-image size-large\"><img loading=\"lazy\" decoding=\"async\" width=\"768\" height=\"1024\" data-id=\"4835\" src=\"http:\/\/motorradcamperreisen.de\/wp-content\/uploads\/2025\/03\/IMG_20250329_174112-768x1024.jpg\" alt=\"\" class=\"wp-image-4835\" srcset=\"http:\/\/motorradcamperreisen.de\/wp-content\/uploads\/2025\/03\/IMG_20250329_174112-768x1024.jpg 768w, http:\/\/motorradcamperreisen.de\/wp-content\/uploads\/2025\/03\/IMG_20250329_174112-225x300.jpg 225w, http:\/\/motorradcamperreisen.de\/wp-content\/uploads\/2025\/03\/IMG_20250329_174112-1152x1536.jpg 1152w, http:\/\/motorradcamperreisen.de\/wp-content\/uploads\/2025\/03\/IMG_20250329_174112-1536x2048.jpg 1536w, http:\/\/motorradcamperreisen.de\/wp-content\/uploads\/2025\/03\/IMG_20250329_174112-scaled.jpg 1920w\" sizes=\"(max-width: 768px) 100vw, 768px\" \/><figcaption class=\"wp-element-caption\">Das ist nat\u00fcrlich eine Uraltmatraze die den Weg in die Deponie noch nicht geschafft hat \ud83d\ude42<\/figcaption><\/figure>\n\n\n\n<figure class=\"wp-block-image size-large\"><img loading=\"lazy\" decoding=\"async\" width=\"768\" height=\"1024\" data-id=\"4836\" src=\"http:\/\/motorradcamperreisen.de\/wp-content\/uploads\/2025\/03\/IMG_20250329_175634-768x1024.jpg\" alt=\"\" class=\"wp-image-4836\" srcset=\"http:\/\/motorradcamperreisen.de\/wp-content\/uploads\/2025\/03\/IMG_20250329_175634-768x1024.jpg 768w, http:\/\/motorradcamperreisen.de\/wp-content\/uploads\/2025\/03\/IMG_20250329_175634-225x300.jpg 225w, http:\/\/motorradcamperreisen.de\/wp-content\/uploads\/2025\/03\/IMG_20250329_175634-1152x1536.jpg 1152w, http:\/\/motorradcamperreisen.de\/wp-content\/uploads\/2025\/03\/IMG_20250329_175634-1536x2048.jpg 1536w, http:\/\/motorradcamperreisen.de\/wp-content\/uploads\/2025\/03\/IMG_20250329_175634-scaled.jpg 1920w\" sizes=\"(max-width: 768px) 100vw, 768px\" \/><\/figure>\n<\/figure>\n\n\n\n<p>Das Bett wird sp\u00e4ter eine Liegefl\u00e4che von ca. 1,80 x 1,10 haben. <\/p>\n","protected":false},"excerpt":{"rendered":"<p>Schlafen muss ich ja auch irgendwo, also habe ich zun\u00e4chst die Planung gemacht: Von Ikea habe ich mir 4 Skorva Balken und 2 Lattenroste geholt. Der Plan war ja, die Lattenroste so anzubauen, dass ich ein Rock\u00b4n Roll Bett bauen kann. Nun, mein Raum\/Ma\u00dfgef\u00fchl l\u00e4sst sehr zu w\u00fcnschen \u00fcbrig\u2026 das ist bei meinem 5,41 nicht [&hellip;]<\/p>\n","protected":false},"author":1,"featured_media":0,"parent":22,"menu_order":0,"comment_status":"open","ping_status":"closed","template":"","meta":{"site-sidebar-layout":"default","site-content-layout":"","ast-site-content-layout":"default","site-content-style":"default","site-sidebar-style":"default","ast-global-header-display":"","ast-banner-title-visibility":"","ast-main-header-display":"","ast-hfb-above-header-display":"","ast-hfb-below-header-display":"","ast-hfb-mobile-header-display":"","site-post-title":"","ast-breadcrumbs-content":"","ast-featured-img":"","footer-sml-layout":"","ast-disable-related-posts":"","theme-transparent-header-meta":"","adv-header-id-meta":"","stick-header-meta":"","header-above-stick-meta":"","header-main-stick-meta":"","header-below-stick-meta":"","astra-migrate-meta-layouts":"set","ast-page-background-enabled":"default","ast-page-background-meta":{"desktop":{"background-color":"","background-image":"","background-repeat":"repeat","background-position":"center center","background-size":"auto","background-attachment":"scroll","background-type":"","background-media":"","overlay-type":"","overlay-color":"","overlay-opacity":"","overlay-gradient":""},"tablet":{"background-color":"","background-image":"","background-repeat":"repeat","background-position":"center center","background-size":"auto","background-attachment":"scroll","background-type":"","background-media":"","overlay-type":"","overlay-color":"","overlay-opacity":"","overlay-gradient":""},"mobile":{"background-color":"","background-image":"","background-repeat":"repeat","background-position":"center center","background-size":"auto","background-attachment":"scroll","background-type":"","background-media":"","overlay-type":"","overlay-color":"","overlay-opacity":"","overlay-gradient":""}},"ast-content-background-meta":{"desktop":{"background-color":"var(--ast-global-color-5)","background-image":"","background-repeat":"repeat","background-position":"center center","background-size":"auto","background-attachment":"scroll","background-type":"","background-media":"","overlay-type":"","overlay-color":"","overlay-opacity":"","overlay-gradient":""},"tablet":{"background-color":"var(--ast-global-color-5)","background-image":"","background-repeat":"repeat","background-position":"center center","background-size":"auto","background-attachment":"scroll","background-type":"","background-media":"","overlay-type":"","overlay-color":"","overlay-opacity":"","overlay-gradient":""},"mobile":{"background-color":"var(--ast-global-color-5)","background-image":"","background-repeat":"repeat","background-position":"center center","background-size":"auto","background-attachment":"scroll","background-type":"","background-media":"","overlay-type":"","overlay-color":"","overlay-opacity":"","overlay-gradient":""}},"footnotes":""},"yoast_head":"<!-- This site is optimized with the Yoast SEO plugin v24.5 - https:\/\/yoast.com\/wordpress\/plugins\/seo\/ -->\n<title>Bettplanung - motorradcamperreisen.de<\/title>\n<meta name=\"robots\" content=\"index, follow, max-snippet:-1, max-image-preview:large, max-video-preview:-1\" \/>\n<link rel=\"canonical\" href=\"http:\/\/motorradcamperreisen.de\/?page_id=4832\" \/>\n<meta property=\"og:locale\" content=\"de_DE\" \/>\n<meta property=\"og:type\" content=\"article\" \/>\n<meta property=\"og:title\" content=\"Bettplanung - motorradcamperreisen.de\" \/>\n<meta property=\"og:description\" content=\"Schlafen muss ich ja auch irgendwo, also habe ich zun\u00e4chst die Planung gemacht: Von Ikea habe ich mir 4 Skorva Balken und 2 Lattenroste geholt. Der Plan war ja, die Lattenroste so anzubauen, dass ich ein Rock\u00b4n Roll Bett bauen kann. Nun, mein Raum\/Ma\u00dfgef\u00fchl l\u00e4sst sehr zu w\u00fcnschen \u00fcbrig\u2026 das ist bei meinem 5,41 nicht [&hellip;]\" \/>\n<meta property=\"og:url\" content=\"http:\/\/motorradcamperreisen.de\/?page_id=4832\" \/>\n<meta property=\"og:site_name\" content=\"motorradcamperreisen.de\" \/>\n<meta property=\"article:modified_time\" content=\"2025-03-30T08:51:14+00:00\" \/>\n<meta property=\"og:image\" content=\"http:\/\/motorradcamperreisen.de\/wp-content\/uploads\/2025\/03\/IMG_20250309_170308-1-scaled.jpg\" \/>\n\t<meta property=\"og:image:width\" content=\"1920\" \/>\n\t<meta property=\"og:image:height\" content=\"2560\" \/>\n\t<meta property=\"og:image:type\" content=\"image\/jpeg\" \/>\n<meta name=\"twitter:card\" content=\"summary_large_image\" \/>\n<meta name=\"twitter:label1\" content=\"Gesch\u00e4tzte Lesezeit\" \/>\n\t<meta name=\"twitter:data1\" content=\"3\u00a0Minuten\" \/>\n<script type=\"application\/ld+json\" class=\"yoast-schema-graph\">{\"@context\":\"https:\/\/schema.org\",\"@graph\":[{\"@type\":\"WebPage\",\"@id\":\"http:\/\/motorradcamperreisen.de\/?page_id=4832\",\"url\":\"http:\/\/motorradcamperreisen.de\/?page_id=4832\",\"name\":\"Bettplanung - motorradcamperreisen.de\",\"isPartOf\":{\"@id\":\"http:\/\/motorradcamperreisen.de\/#website\"},\"primaryImageOfPage\":{\"@id\":\"http:\/\/motorradcamperreisen.de\/?page_id=4832#primaryimage\"},\"image\":{\"@id\":\"http:\/\/motorradcamperreisen.de\/?page_id=4832#primaryimage\"},\"thumbnailUrl\":\"http:\/\/motorradcamperreisen.de\/wp-content\/uploads\/2025\/03\/IMG_20250309_170308-1-768x1024.jpg\",\"datePublished\":\"2025-03-30T08:51:13+00:00\",\"dateModified\":\"2025-03-30T08:51:14+00:00\",\"breadcrumb\":{\"@id\":\"http:\/\/motorradcamperreisen.de\/?page_id=4832#breadcrumb\"},\"inLanguage\":\"de\",\"potentialAction\":[{\"@type\":\"ReadAction\",\"target\":[\"http:\/\/motorradcamperreisen.de\/?page_id=4832\"]}]},{\"@type\":\"ImageObject\",\"inLanguage\":\"de\",\"@id\":\"http:\/\/motorradcamperreisen.de\/?page_id=4832#primaryimage\",\"url\":\"http:\/\/motorradcamperreisen.de\/wp-content\/uploads\/2025\/03\/IMG_20250309_170308-1-scaled.jpg\",\"contentUrl\":\"http:\/\/motorradcamperreisen.de\/wp-content\/uploads\/2025\/03\/IMG_20250309_170308-1-scaled.jpg\",\"width\":1920,\"height\":2560},{\"@type\":\"BreadcrumbList\",\"@id\":\"http:\/\/motorradcamperreisen.de\/?page_id=4832#breadcrumb\",\"itemListElement\":[{\"@type\":\"ListItem\",\"position\":1,\"name\":\"Startseite\",\"item\":\"http:\/\/motorradcamperreisen.de\/\"},{\"@type\":\"ListItem\",\"position\":2,\"name\":\"Camper\",\"item\":\"http:\/\/motorradcamperreisen.de\/?page_id=22\"},{\"@type\":\"ListItem\",\"position\":3,\"name\":\"Bettplanung\"}]},{\"@type\":\"WebSite\",\"@id\":\"http:\/\/motorradcamperreisen.de\/#website\",\"url\":\"http:\/\/motorradcamperreisen.de\/\",\"name\":\"motorradcamperreisen.de\",\"description\":\"Motorradtouren, Camperreisen, St\u00e4dtetrips und was mir sonst noch so einf\u00e4llt....\",\"publisher\":{\"@id\":\"http:\/\/motorradcamperreisen.de\/#\/schema\/person\/3b5f74e4181c032b66d5c7b9f7ec1790\"},\"potentialAction\":[{\"@type\":\"SearchAction\",\"target\":{\"@type\":\"EntryPoint\",\"urlTemplate\":\"http:\/\/motorradcamperreisen.de\/?s={search_term_string}\"},\"query-input\":{\"@type\":\"PropertyValueSpecification\",\"valueRequired\":true,\"valueName\":\"search_term_string\"}}],\"inLanguage\":\"de\"},{\"@type\":[\"Person\",\"Organization\"],\"@id\":\"http:\/\/motorradcamperreisen.de\/#\/schema\/person\/3b5f74e4181c032b66d5c7b9f7ec1790\",\"name\":\"Bile66\",\"image\":{\"@type\":\"ImageObject\",\"inLanguage\":\"de\",\"@id\":\"http:\/\/motorradcamperreisen.de\/#\/schema\/person\/image\/\",\"url\":\"http:\/\/motorradcamperreisen.de\/wp-content\/uploads\/2022\/07\/IMG_20191005_143007-scaled.jpg\",\"contentUrl\":\"http:\/\/motorradcamperreisen.de\/wp-content\/uploads\/2022\/07\/IMG_20191005_143007-scaled.jpg\",\"width\":1920,\"height\":2560,\"caption\":\"Bile66\"},\"logo\":{\"@id\":\"http:\/\/motorradcamperreisen.de\/#\/schema\/person\/image\/\"},\"sameAs\":[\"http:\/\/motorradcamperreisen.de\"]}]}<\/script>\n<!-- \/ Yoast SEO plugin. -->","yoast_head_json":{"title":"Bettplanung - motorradcamperreisen.de","robots":{"index":"index","follow":"follow","max-snippet":"max-snippet:-1","max-image-preview":"max-image-preview:large","max-video-preview":"max-video-preview:-1"},"canonical":"http:\/\/motorradcamperreisen.de\/?page_id=4832","og_locale":"de_DE","og_type":"article","og_title":"Bettplanung - motorradcamperreisen.de","og_description":"Schlafen muss ich ja auch irgendwo, also habe ich zun\u00e4chst die Planung gemacht: Von Ikea habe ich mir 4 Skorva Balken und 2 Lattenroste geholt. Der Plan war ja, die Lattenroste so anzubauen, dass ich ein Rock\u00b4n Roll Bett bauen kann. Nun, mein Raum\/Ma\u00dfgef\u00fchl l\u00e4sst sehr zu w\u00fcnschen \u00fcbrig\u2026 das ist bei meinem 5,41 nicht [&hellip;]","og_url":"http:\/\/motorradcamperreisen.de\/?page_id=4832","og_site_name":"motorradcamperreisen.de","article_modified_time":"2025-03-30T08:51:14+00:00","og_image":[{"width":1920,"height":2560,"url":"http:\/\/motorradcamperreisen.de\/wp-content\/uploads\/2025\/03\/IMG_20250309_170308-1-scaled.jpg","type":"image\/jpeg"}],"twitter_card":"summary_large_image","twitter_misc":{"Gesch\u00e4tzte Lesezeit":"3\u00a0Minuten"},"schema":{"@context":"https:\/\/schema.org","@graph":[{"@type":"WebPage","@id":"http:\/\/motorradcamperreisen.de\/?page_id=4832","url":"http:\/\/motorradcamperreisen.de\/?page_id=4832","name":"Bettplanung - motorradcamperreisen.de","isPartOf":{"@id":"http:\/\/motorradcamperreisen.de\/#website"},"primaryImageOfPage":{"@id":"http:\/\/motorradcamperreisen.de\/?page_id=4832#primaryimage"},"image":{"@id":"http:\/\/motorradcamperreisen.de\/?page_id=4832#primaryimage"},"thumbnailUrl":"http:\/\/motorradcamperreisen.de\/wp-content\/uploads\/2025\/03\/IMG_20250309_170308-1-768x1024.jpg","datePublished":"2025-03-30T08:51:13+00:00","dateModified":"2025-03-30T08:51:14+00:00","breadcrumb":{"@id":"http:\/\/motorradcamperreisen.de\/?page_id=4832#breadcrumb"},"inLanguage":"de","potentialAction":[{"@type":"ReadAction","target":["http:\/\/motorradcamperreisen.de\/?page_id=4832"]}]},{"@type":"ImageObject","inLanguage":"de","@id":"http:\/\/motorradcamperreisen.de\/?page_id=4832#primaryimage","url":"http:\/\/motorradcamperreisen.de\/wp-content\/uploads\/2025\/03\/IMG_20250309_170308-1-scaled.jpg","contentUrl":"http:\/\/motorradcamperreisen.de\/wp-content\/uploads\/2025\/03\/IMG_20250309_170308-1-scaled.jpg","width":1920,"height":2560},{"@type":"BreadcrumbList","@id":"http:\/\/motorradcamperreisen.de\/?page_id=4832#breadcrumb","itemListElement":[{"@type":"ListItem","position":1,"name":"Startseite","item":"http:\/\/motorradcamperreisen.de\/"},{"@type":"ListItem","position":2,"name":"Camper","item":"http:\/\/motorradcamperreisen.de\/?page_id=22"},{"@type":"ListItem","position":3,"name":"Bettplanung"}]},{"@type":"WebSite","@id":"http:\/\/motorradcamperreisen.de\/#website","url":"http:\/\/motorradcamperreisen.de\/","name":"motorradcamperreisen.de","description":"Motorradtouren, Camperreisen, St\u00e4dtetrips und was mir sonst noch so einf\u00e4llt....","publisher":{"@id":"http:\/\/motorradcamperreisen.de\/#\/schema\/person\/3b5f74e4181c032b66d5c7b9f7ec1790"},"potentialAction":[{"@type":"SearchAction","target":{"@type":"EntryPoint","urlTemplate":"http:\/\/motorradcamperreisen.de\/?s={search_term_string}"},"query-input":{"@type":"PropertyValueSpecification","valueRequired":true,"valueName":"search_term_string"}}],"inLanguage":"de"},{"@type":["Person","Organization"],"@id":"http:\/\/motorradcamperreisen.de\/#\/schema\/person\/3b5f74e4181c032b66d5c7b9f7ec1790","name":"Bile66","image":{"@type":"ImageObject","inLanguage":"de","@id":"http:\/\/motorradcamperreisen.de\/#\/schema\/person\/image\/","url":"http:\/\/motorradcamperreisen.de\/wp-content\/uploads\/2022\/07\/IMG_20191005_143007-scaled.jpg","contentUrl":"http:\/\/motorradcamperreisen.de\/wp-content\/uploads\/2022\/07\/IMG_20191005_143007-scaled.jpg","width":1920,"height":2560,"caption":"Bile66"},"logo":{"@id":"http:\/\/motorradcamperreisen.de\/#\/schema\/person\/image\/"},"sameAs":["http:\/\/motorradcamperreisen.de"]}]}},"_links":{"self":[{"href":"http:\/\/motorradcamperreisen.de\/index.php?rest_route=\/wp\/v2\/pages\/4832"}],"collection":[{"href":"http:\/\/motorradcamperreisen.de\/index.php?rest_route=\/wp\/v2\/pages"}],"about":[{"href":"http:\/\/motorradcamperreisen.de\/index.php?rest_route=\/wp\/v2\/types\/page"}],"author":[{"embeddable":true,"href":"http:\/\/motorradcamperreisen.de\/index.php?rest_route=\/wp\/v2\/users\/1"}],"replies":[{"embeddable":true,"href":"http:\/\/motorradcamperreisen.de\/index.php?rest_route=%2Fwp%2Fv2%2Fcomments&post=4832"}],"version-history":[{"count":2,"href":"http:\/\/motorradcamperreisen.de\/index.php?rest_route=\/wp\/v2\/pages\/4832\/revisions"}],"predecessor-version":[{"id":4839,"href":"http:\/\/motorradcamperreisen.de\/index.php?rest_route=\/wp\/v2\/pages\/4832\/revisions\/4839"}],"up":[{"embeddable":true,"href":"http:\/\/motorradcamperreisen.de\/index.php?rest_route=\/wp\/v2\/pages\/22"}],"wp:attachment":[{"href":"http:\/\/motorradcamperreisen.de\/index.php?rest_route=%2Fwp%2Fv2%2Fmedia&parent=4832"}],"curies":[{"name":"wp","href":"https:\/\/api.w.org\/{rel}","templated":true}]}}