{"id":4805,"date":"2025-01-01T15:08:25","date_gmt":"2025-01-01T14:08:25","guid":{"rendered":"http:\/\/motorradcamperreisen.de\/?page_id=4805"},"modified":"2025-01-01T16:26:45","modified_gmt":"2025-01-01T15:26:45","slug":"elektrik-mein-horrorthema","status":"publish","type":"page","link":"http:\/\/motorradcamperreisen.de\/?page_id=4805","title":{"rendered":"Elektrik &#8211; mein Horrorthema"},"content":{"rendered":"\n<p>Elektrik ist ein Thema, dass sehr viele Selbstausbauer vor Herausforderungen stellt. Strom ist gef\u00e4hlich, auch wenn es sich zum Gro\u00dfteil &#8222;nur&#8220; um 12 V handelt. Dennoch, ein Kabelbrand wegen zu kleiner Querschnitte, vergessene Sicherungen und &#8211; so wie ich null Ahnung von der Materie &#8211; ist und bleibt eine Gefahrenquelle. <\/p>\n\n\n\n<p>Ich habe also zun\u00e4chst mal damit angefangen, mir Gedanken um die Planung zu machen. Hierzu habe ich mich wiederum des Internets bedient. Hier habe ich ein tolles Forum gefunden, welches einem mit Tipps und Hilfe zur Seite steht. Bauen muss ich aber dennoch allein&#8230;<\/p>\n\n\n\n<p>Mein Stromsetup sieht vor, dass ich relativ autark sein m\u00f6chte. Ich werde sicher \u00f6fter auch CP anfahren, aber ich m\u00f6chte die M\u00f6glichkeit haben, auch einfach irgendwo in der Wildnis zu stehen. Das ist \u00fcbrigens in Deutschland und vielen anderen L\u00e4ndern nicht erlaubt. Selbst auf Rastpl\u00e4tzen ist das durchaus ein Problem, aber die Fahrt\u00fcchtigkeit wiederherzustellen, darf niemandem verwehrt werden. <\/p>\n\n\n\n<p>Meine Komponenten: Easysolar  mit einem Wechselrichter mit 1300 Watt, bereits fest installierte 230 V Komponenten mit FI Schalter, einen Solarregeler und das ganze fix und fertig verkabelt. Genaugenommen muss ich den nur noch an die Batterie anklemmen. Allerdings muss diese ja auch geladen werden, also muss eine Verbindung zur Starterbatterie des Autos erfolgen. Damit ist es dann aber noch lange nicht getan&#8230; Hinzu kommen noch Sicherungshalter f\u00fcr h\u00f6he Str\u00f6me, Sammelschiene Plus (Minus brauche ich hier nicht), Stromverteiler und eine Messshunt. Langfristig dann auch noch ein Solarpanel aufs Dach.<\/p>\n\n\n\n<p>Einen Landstromanschluss wird es nat\u00fcrlich auch geben. Dank des Easysolar aber sehr einfach zu regeln.<\/p>\n\n\n\n<figure class=\"wp-block-gallery has-nested-images columns-default is-cropped wp-block-gallery-1 is-layout-flex wp-block-gallery-is-layout-flex\">\n<figure class=\"wp-block-image size-large\"><img loading=\"lazy\" decoding=\"async\" width=\"768\" height=\"1024\" data-id=\"4807\" src=\"http:\/\/motorradcamperreisen.de\/wp-content\/uploads\/2025\/01\/IMG_20250101_133001-768x1024.jpg\" alt=\"\" class=\"wp-image-4807\" srcset=\"http:\/\/motorradcamperreisen.de\/wp-content\/uploads\/2025\/01\/IMG_20250101_133001-768x1024.jpg 768w, http:\/\/motorradcamperreisen.de\/wp-content\/uploads\/2025\/01\/IMG_20250101_133001-225x300.jpg 225w, http:\/\/motorradcamperreisen.de\/wp-content\/uploads\/2025\/01\/IMG_20250101_133001-1152x1536.jpg 1152w, http:\/\/motorradcamperreisen.de\/wp-content\/uploads\/2025\/01\/IMG_20250101_133001-1536x2048.jpg 1536w, http:\/\/motorradcamperreisen.de\/wp-content\/uploads\/2025\/01\/IMG_20250101_133001-scaled.jpg 1920w\" sizes=\"(max-width: 768px) 100vw, 768px\" \/><figcaption class=\"wp-element-caption\">Das Herzst\u00fcck meiner Stromversorgung<\/figcaption><\/figure>\n\n\n\n<figure class=\"wp-block-image size-large\"><img loading=\"lazy\" decoding=\"async\" width=\"768\" height=\"1024\" data-id=\"4806\" src=\"http:\/\/motorradcamperreisen.de\/wp-content\/uploads\/2025\/01\/IMG_20250101_133015-768x1024.jpg\" alt=\"\" class=\"wp-image-4806\" srcset=\"http:\/\/motorradcamperreisen.de\/wp-content\/uploads\/2025\/01\/IMG_20250101_133015-768x1024.jpg 768w, http:\/\/motorradcamperreisen.de\/wp-content\/uploads\/2025\/01\/IMG_20250101_133015-225x300.jpg 225w, http:\/\/motorradcamperreisen.de\/wp-content\/uploads\/2025\/01\/IMG_20250101_133015-1152x1536.jpg 1152w, http:\/\/motorradcamperreisen.de\/wp-content\/uploads\/2025\/01\/IMG_20250101_133015-1536x2048.jpg 1536w, http:\/\/motorradcamperreisen.de\/wp-content\/uploads\/2025\/01\/IMG_20250101_133015-scaled.jpg 1920w\" sizes=\"(max-width: 768px) 100vw, 768px\" \/><figcaption class=\"wp-element-caption\">Meine Batterie, die alles mit Strom versorgen wird<\/figcaption><\/figure>\n<\/figure>\n\n\n\n<p>\u00a0Die beiden obigen Teile werden miteinander verbunden. Hier sieht man auch gut, dass es bereits Sicherungen und einen FI-Schalter gibt. <\/p>\n\n\n\n<figure class=\"wp-block-gallery has-nested-images columns-default is-cropped wp-block-gallery-2 is-layout-flex wp-block-gallery-is-layout-flex\">\n<figure class=\"wp-block-image size-large\"><img loading=\"lazy\" decoding=\"async\" width=\"768\" height=\"1024\" data-id=\"4811\" src=\"http:\/\/motorradcamperreisen.de\/wp-content\/uploads\/2025\/01\/IMG_20250101_132809-2-768x1024.jpg\" alt=\"\" class=\"wp-image-4811\" srcset=\"http:\/\/motorradcamperreisen.de\/wp-content\/uploads\/2025\/01\/IMG_20250101_132809-2-768x1024.jpg 768w, http:\/\/motorradcamperreisen.de\/wp-content\/uploads\/2025\/01\/IMG_20250101_132809-2-225x300.jpg 225w, http:\/\/motorradcamperreisen.de\/wp-content\/uploads\/2025\/01\/IMG_20250101_132809-2-1152x1536.jpg 1152w, http:\/\/motorradcamperreisen.de\/wp-content\/uploads\/2025\/01\/IMG_20250101_132809-2-1536x2048.jpg 1536w, http:\/\/motorradcamperreisen.de\/wp-content\/uploads\/2025\/01\/IMG_20250101_132809-2-scaled.jpg 1920w\" sizes=\"(max-width: 768px) 100vw, 768px\" \/><\/figure>\n\n\n\n<figure class=\"wp-block-image size-large\"><img loading=\"lazy\" decoding=\"async\" width=\"768\" height=\"1024\" data-id=\"4813\" src=\"http:\/\/motorradcamperreisen.de\/wp-content\/uploads\/2025\/01\/IMG_20250101_132921_1-768x1024.jpg\" alt=\"\" class=\"wp-image-4813\" srcset=\"http:\/\/motorradcamperreisen.de\/wp-content\/uploads\/2025\/01\/IMG_20250101_132921_1-768x1024.jpg 768w, http:\/\/motorradcamperreisen.de\/wp-content\/uploads\/2025\/01\/IMG_20250101_132921_1-225x300.jpg 225w, http:\/\/motorradcamperreisen.de\/wp-content\/uploads\/2025\/01\/IMG_20250101_132921_1-1152x1536.jpg 1152w, http:\/\/motorradcamperreisen.de\/wp-content\/uploads\/2025\/01\/IMG_20250101_132921_1-1536x2048.jpg 1536w, http:\/\/motorradcamperreisen.de\/wp-content\/uploads\/2025\/01\/IMG_20250101_132921_1-scaled.jpg 1920w\" sizes=\"(max-width: 768px) 100vw, 768px\" \/><\/figure>\n\n\n\n<figure class=\"wp-block-image size-large\"><img loading=\"lazy\" decoding=\"async\" width=\"768\" height=\"1024\" data-id=\"4812\" src=\"http:\/\/motorradcamperreisen.de\/wp-content\/uploads\/2025\/01\/IMG_20250101_132936-768x1024.jpg\" alt=\"\" class=\"wp-image-4812\" srcset=\"http:\/\/motorradcamperreisen.de\/wp-content\/uploads\/2025\/01\/IMG_20250101_132936-768x1024.jpg 768w, http:\/\/motorradcamperreisen.de\/wp-content\/uploads\/2025\/01\/IMG_20250101_132936-225x300.jpg 225w, http:\/\/motorradcamperreisen.de\/wp-content\/uploads\/2025\/01\/IMG_20250101_132936-1152x1536.jpg 1152w, http:\/\/motorradcamperreisen.de\/wp-content\/uploads\/2025\/01\/IMG_20250101_132936-1536x2048.jpg 1536w, http:\/\/motorradcamperreisen.de\/wp-content\/uploads\/2025\/01\/IMG_20250101_132936-scaled.jpg 1920w\" sizes=\"(max-width: 768px) 100vw, 768px\" \/><\/figure>\n<\/figure>\n\n\n\n<p>Diese Ger\u00e4t wird zwischen die Starter (=Autobatterie) und dem Sicherungshalter und der Sammelschiene verbaut. <\/p>\n\n\n\n<figure class=\"wp-block-gallery has-nested-images columns-default is-cropped wp-block-gallery-3 is-layout-flex wp-block-gallery-is-layout-flex\">\n<figure class=\"wp-block-image size-large\"><img loading=\"lazy\" decoding=\"async\" width=\"768\" height=\"1024\" data-id=\"4814\" src=\"http:\/\/motorradcamperreisen.de\/wp-content\/uploads\/2025\/01\/IMG_20250101_132947-768x1024.jpg\" alt=\"\" class=\"wp-image-4814\" srcset=\"http:\/\/motorradcamperreisen.de\/wp-content\/uploads\/2025\/01\/IMG_20250101_132947-768x1024.jpg 768w, http:\/\/motorradcamperreisen.de\/wp-content\/uploads\/2025\/01\/IMG_20250101_132947-225x300.jpg 225w, http:\/\/motorradcamperreisen.de\/wp-content\/uploads\/2025\/01\/IMG_20250101_132947-1152x1536.jpg 1152w, http:\/\/motorradcamperreisen.de\/wp-content\/uploads\/2025\/01\/IMG_20250101_132947-1536x2048.jpg 1536w, http:\/\/motorradcamperreisen.de\/wp-content\/uploads\/2025\/01\/IMG_20250101_132947-scaled.jpg 1920w\" sizes=\"(max-width: 768px) 100vw, 768px\" \/><\/figure>\n\n\n\n<figure class=\"wp-block-image size-large\"><img loading=\"lazy\" decoding=\"async\" width=\"768\" height=\"1024\" data-id=\"4815\" src=\"http:\/\/motorradcamperreisen.de\/wp-content\/uploads\/2025\/01\/IMG_20250101_132952-1-768x1024.jpg\" alt=\"\" class=\"wp-image-4815\" srcset=\"http:\/\/motorradcamperreisen.de\/wp-content\/uploads\/2025\/01\/IMG_20250101_132952-1-768x1024.jpg 768w, http:\/\/motorradcamperreisen.de\/wp-content\/uploads\/2025\/01\/IMG_20250101_132952-1-225x300.jpg 225w, http:\/\/motorradcamperreisen.de\/wp-content\/uploads\/2025\/01\/IMG_20250101_132952-1-1152x1536.jpg 1152w, http:\/\/motorradcamperreisen.de\/wp-content\/uploads\/2025\/01\/IMG_20250101_132952-1-1536x2048.jpg 1536w, http:\/\/motorradcamperreisen.de\/wp-content\/uploads\/2025\/01\/IMG_20250101_132952-1-scaled.jpg 1920w\" sizes=\"(max-width: 768px) 100vw, 768px\" \/><\/figure>\n<\/figure>\n\n\n\n<p>Alles blanke Theorie und ich werde einen Teufel tun, hier irgendwas detailliertes von mir zu geben. Wenn die ganzen Verbindungen sp\u00e4ter fertig &#8211; und vor allem, von jemanden der Ahnung davon hat abgenommen wurde, dann gibts eventuell ein Update. Aber auf keinen Fall will ich irgendjemandem mit meinem seidenen Halbwissen hier eine Anleitung geben. <\/p>\n\n\n\n<p>Aber gut, dass ich das hier mal zusammengefasst habe, dabei ist mir n\u00e4mlich gerade aufgefallen, dass mir ein Teil noch fehlt. Ein sogenannter BatteryProtect, den ich jetzt mal schnell bestelle \ud83d\ude42<\/p>\n\n\n\n<p>Alles was Kabel und Sicherungen angeht, wird eventuell sp\u00e4ter mal per Bild nachgereicht. Das habe ich alles noch nicht &#8211; aber heute bin ich mal wieder in Kauflaune.<\/p>\n","protected":false},"excerpt":{"rendered":"<p>Elektrik ist ein Thema, dass sehr viele Selbstausbauer vor Herausforderungen stellt. Strom ist gef\u00e4hlich, auch wenn es sich zum Gro\u00dfteil &#8222;nur&#8220; um 12 V handelt. Dennoch, ein Kabelbrand wegen zu kleiner Querschnitte, vergessene Sicherungen und &#8211; so wie ich null Ahnung von der Materie &#8211; ist und bleibt eine Gefahrenquelle. Ich habe also zun\u00e4chst mal [&hellip;]<\/p>\n","protected":false},"author":1,"featured_media":0,"parent":0,"menu_order":0,"comment_status":"open","ping_status":"closed","template":"","meta":{"site-sidebar-layout":"default","site-content-layout":"","ast-site-content-layout":"default","site-content-style":"default","site-sidebar-style":"default","ast-global-header-display":"","ast-banner-title-visibility":"","ast-main-header-display":"","ast-hfb-above-header-display":"","ast-hfb-below-header-display":"","ast-hfb-mobile-header-display":"","site-post-title":"","ast-breadcrumbs-content":"","ast-featured-img":"","footer-sml-layout":"","ast-disable-related-posts":"","theme-transparent-header-meta":"","adv-header-id-meta":"","stick-header-meta":"","header-above-stick-meta":"","header-main-stick-meta":"","header-below-stick-meta":"","astra-migrate-meta-layouts":"set","ast-page-background-enabled":"default","ast-page-background-meta":{"desktop":{"background-color":"","background-image":"","background-repeat":"repeat","background-position":"center center","background-size":"auto","background-attachment":"scroll","background-type":"","background-media":"","overlay-type":"","overlay-color":"","overlay-opacity":"","overlay-gradient":""},"tablet":{"background-color":"","background-image":"","background-repeat":"repeat","background-position":"center center","background-size":"auto","background-attachment":"scroll","background-type":"","background-media":"","overlay-type":"","overlay-color":"","overlay-opacity":"","overlay-gradient":""},"mobile":{"background-color":"","background-image":"","background-repeat":"repeat","background-position":"center center","background-size":"auto","background-attachment":"scroll","background-type":"","background-media":"","overlay-type":"","overlay-color":"","overlay-opacity":"","overlay-gradient":""}},"ast-content-background-meta":{"desktop":{"background-color":"var(--ast-global-color-5)","background-image":"","background-repeat":"repeat","background-position":"center center","background-size":"auto","background-attachment":"scroll","background-type":"","background-media":"","overlay-type":"","overlay-color":"","overlay-opacity":"","overlay-gradient":""},"tablet":{"background-color":"var(--ast-global-color-5)","background-image":"","background-repeat":"repeat","background-position":"center center","background-size":"auto","background-attachment":"scroll","background-type":"","background-media":"","overlay-type":"","overlay-color":"","overlay-opacity":"","overlay-gradient":""},"mobile":{"background-color":"var(--ast-global-color-5)","background-image":"","background-repeat":"repeat","background-position":"center center","background-size":"auto","background-attachment":"scroll","background-type":"","background-media":"","overlay-type":"","overlay-color":"","overlay-opacity":"","overlay-gradient":""}},"footnotes":""},"yoast_head":"<!-- This site is optimized with the Yoast SEO plugin v24.5 - https:\/\/yoast.com\/wordpress\/plugins\/seo\/ -->\n<title>Elektrik - mein Horrorthema - motorradcamperreisen.de<\/title>\n<meta name=\"robots\" content=\"index, follow, max-snippet:-1, max-image-preview:large, max-video-preview:-1\" \/>\n<link rel=\"canonical\" href=\"http:\/\/motorradcamperreisen.de\/?page_id=4805\" \/>\n<meta property=\"og:locale\" content=\"de_DE\" \/>\n<meta property=\"og:type\" content=\"article\" \/>\n<meta property=\"og:title\" content=\"Elektrik - mein Horrorthema - motorradcamperreisen.de\" \/>\n<meta property=\"og:description\" content=\"Elektrik ist ein Thema, dass sehr viele Selbstausbauer vor Herausforderungen stellt. Strom ist gef\u00e4hlich, auch wenn es sich zum Gro\u00dfteil &#8222;nur&#8220; um 12 V handelt. Dennoch, ein Kabelbrand wegen zu kleiner Querschnitte, vergessene Sicherungen und &#8211; so wie ich null Ahnung von der Materie &#8211; ist und bleibt eine Gefahrenquelle. Ich habe also zun\u00e4chst mal [&hellip;]\" \/>\n<meta property=\"og:url\" content=\"http:\/\/motorradcamperreisen.de\/?page_id=4805\" \/>\n<meta property=\"og:site_name\" content=\"motorradcamperreisen.de\" \/>\n<meta property=\"article:modified_time\" content=\"2025-01-01T15:26:45+00:00\" \/>\n<meta property=\"og:image\" content=\"http:\/\/motorradcamperreisen.de\/wp-content\/uploads\/2025\/01\/IMG_20250101_133001-scaled.jpg\" \/>\n\t<meta property=\"og:image:width\" content=\"1920\" \/>\n\t<meta property=\"og:image:height\" content=\"2560\" \/>\n\t<meta property=\"og:image:type\" content=\"image\/jpeg\" \/>\n<meta name=\"twitter:card\" content=\"summary_large_image\" \/>\n<meta name=\"twitter:label1\" content=\"Gesch\u00e4tzte Lesezeit\" \/>\n\t<meta name=\"twitter:data1\" content=\"4\u00a0Minuten\" \/>\n<script type=\"application\/ld+json\" class=\"yoast-schema-graph\">{\"@context\":\"https:\/\/schema.org\",\"@graph\":[{\"@type\":\"WebPage\",\"@id\":\"http:\/\/motorradcamperreisen.de\/?page_id=4805\",\"url\":\"http:\/\/motorradcamperreisen.de\/?page_id=4805\",\"name\":\"Elektrik - mein Horrorthema - motorradcamperreisen.de\",\"isPartOf\":{\"@id\":\"http:\/\/motorradcamperreisen.de\/#website\"},\"primaryImageOfPage\":{\"@id\":\"http:\/\/motorradcamperreisen.de\/?page_id=4805#primaryimage\"},\"image\":{\"@id\":\"http:\/\/motorradcamperreisen.de\/?page_id=4805#primaryimage\"},\"thumbnailUrl\":\"http:\/\/motorradcamperreisen.de\/wp-content\/uploads\/2025\/01\/IMG_20250101_133001-768x1024.jpg\",\"datePublished\":\"2025-01-01T14:08:25+00:00\",\"dateModified\":\"2025-01-01T15:26:45+00:00\",\"breadcrumb\":{\"@id\":\"http:\/\/motorradcamperreisen.de\/?page_id=4805#breadcrumb\"},\"inLanguage\":\"de\",\"potentialAction\":[{\"@type\":\"ReadAction\",\"target\":[\"http:\/\/motorradcamperreisen.de\/?page_id=4805\"]}]},{\"@type\":\"ImageObject\",\"inLanguage\":\"de\",\"@id\":\"http:\/\/motorradcamperreisen.de\/?page_id=4805#primaryimage\",\"url\":\"http:\/\/motorradcamperreisen.de\/wp-content\/uploads\/2025\/01\/IMG_20250101_133001-scaled.jpg\",\"contentUrl\":\"http:\/\/motorradcamperreisen.de\/wp-content\/uploads\/2025\/01\/IMG_20250101_133001-scaled.jpg\",\"width\":1920,\"height\":2560},{\"@type\":\"BreadcrumbList\",\"@id\":\"http:\/\/motorradcamperreisen.de\/?page_id=4805#breadcrumb\",\"itemListElement\":[{\"@type\":\"ListItem\",\"position\":1,\"name\":\"Startseite\",\"item\":\"http:\/\/motorradcamperreisen.de\/\"},{\"@type\":\"ListItem\",\"position\":2,\"name\":\"Elektrik &#8211; mein Horrorthema\"}]},{\"@type\":\"WebSite\",\"@id\":\"http:\/\/motorradcamperreisen.de\/#website\",\"url\":\"http:\/\/motorradcamperreisen.de\/\",\"name\":\"motorradcamperreisen.de\",\"description\":\"Motorradtouren, Camperreisen, St\u00e4dtetrips und was mir sonst noch so einf\u00e4llt....\",\"publisher\":{\"@id\":\"http:\/\/motorradcamperreisen.de\/#\/schema\/person\/3b5f74e4181c032b66d5c7b9f7ec1790\"},\"potentialAction\":[{\"@type\":\"SearchAction\",\"target\":{\"@type\":\"EntryPoint\",\"urlTemplate\":\"http:\/\/motorradcamperreisen.de\/?s={search_term_string}\"},\"query-input\":{\"@type\":\"PropertyValueSpecification\",\"valueRequired\":true,\"valueName\":\"search_term_string\"}}],\"inLanguage\":\"de\"},{\"@type\":[\"Person\",\"Organization\"],\"@id\":\"http:\/\/motorradcamperreisen.de\/#\/schema\/person\/3b5f74e4181c032b66d5c7b9f7ec1790\",\"name\":\"Bile66\",\"image\":{\"@type\":\"ImageObject\",\"inLanguage\":\"de\",\"@id\":\"http:\/\/motorradcamperreisen.de\/#\/schema\/person\/image\/\",\"url\":\"http:\/\/motorradcamperreisen.de\/wp-content\/uploads\/2022\/07\/IMG_20191005_143007-scaled.jpg\",\"contentUrl\":\"http:\/\/motorradcamperreisen.de\/wp-content\/uploads\/2022\/07\/IMG_20191005_143007-scaled.jpg\",\"width\":1920,\"height\":2560,\"caption\":\"Bile66\"},\"logo\":{\"@id\":\"http:\/\/motorradcamperreisen.de\/#\/schema\/person\/image\/\"},\"sameAs\":[\"http:\/\/motorradcamperreisen.de\"]}]}<\/script>\n<!-- \/ Yoast SEO plugin. -->","yoast_head_json":{"title":"Elektrik - mein Horrorthema - motorradcamperreisen.de","robots":{"index":"index","follow":"follow","max-snippet":"max-snippet:-1","max-image-preview":"max-image-preview:large","max-video-preview":"max-video-preview:-1"},"canonical":"http:\/\/motorradcamperreisen.de\/?page_id=4805","og_locale":"de_DE","og_type":"article","og_title":"Elektrik - mein Horrorthema - motorradcamperreisen.de","og_description":"Elektrik ist ein Thema, dass sehr viele Selbstausbauer vor Herausforderungen stellt. Strom ist gef\u00e4hlich, auch wenn es sich zum Gro\u00dfteil &#8222;nur&#8220; um 12 V handelt. Dennoch, ein Kabelbrand wegen zu kleiner Querschnitte, vergessene Sicherungen und &#8211; so wie ich null Ahnung von der Materie &#8211; ist und bleibt eine Gefahrenquelle. Ich habe also zun\u00e4chst mal [&hellip;]","og_url":"http:\/\/motorradcamperreisen.de\/?page_id=4805","og_site_name":"motorradcamperreisen.de","article_modified_time":"2025-01-01T15:26:45+00:00","og_image":[{"width":1920,"height":2560,"url":"http:\/\/motorradcamperreisen.de\/wp-content\/uploads\/2025\/01\/IMG_20250101_133001-scaled.jpg","type":"image\/jpeg"}],"twitter_card":"summary_large_image","twitter_misc":{"Gesch\u00e4tzte Lesezeit":"4\u00a0Minuten"},"schema":{"@context":"https:\/\/schema.org","@graph":[{"@type":"WebPage","@id":"http:\/\/motorradcamperreisen.de\/?page_id=4805","url":"http:\/\/motorradcamperreisen.de\/?page_id=4805","name":"Elektrik - mein Horrorthema - motorradcamperreisen.de","isPartOf":{"@id":"http:\/\/motorradcamperreisen.de\/#website"},"primaryImageOfPage":{"@id":"http:\/\/motorradcamperreisen.de\/?page_id=4805#primaryimage"},"image":{"@id":"http:\/\/motorradcamperreisen.de\/?page_id=4805#primaryimage"},"thumbnailUrl":"http:\/\/motorradcamperreisen.de\/wp-content\/uploads\/2025\/01\/IMG_20250101_133001-768x1024.jpg","datePublished":"2025-01-01T14:08:25+00:00","dateModified":"2025-01-01T15:26:45+00:00","breadcrumb":{"@id":"http:\/\/motorradcamperreisen.de\/?page_id=4805#breadcrumb"},"inLanguage":"de","potentialAction":[{"@type":"ReadAction","target":["http:\/\/motorradcamperreisen.de\/?page_id=4805"]}]},{"@type":"ImageObject","inLanguage":"de","@id":"http:\/\/motorradcamperreisen.de\/?page_id=4805#primaryimage","url":"http:\/\/motorradcamperreisen.de\/wp-content\/uploads\/2025\/01\/IMG_20250101_133001-scaled.jpg","contentUrl":"http:\/\/motorradcamperreisen.de\/wp-content\/uploads\/2025\/01\/IMG_20250101_133001-scaled.jpg","width":1920,"height":2560},{"@type":"BreadcrumbList","@id":"http:\/\/motorradcamperreisen.de\/?page_id=4805#breadcrumb","itemListElement":[{"@type":"ListItem","position":1,"name":"Startseite","item":"http:\/\/motorradcamperreisen.de\/"},{"@type":"ListItem","position":2,"name":"Elektrik &#8211; mein Horrorthema"}]},{"@type":"WebSite","@id":"http:\/\/motorradcamperreisen.de\/#website","url":"http:\/\/motorradcamperreisen.de\/","name":"motorradcamperreisen.de","description":"Motorradtouren, Camperreisen, St\u00e4dtetrips und was mir sonst noch so einf\u00e4llt....","publisher":{"@id":"http:\/\/motorradcamperreisen.de\/#\/schema\/person\/3b5f74e4181c032b66d5c7b9f7ec1790"},"potentialAction":[{"@type":"SearchAction","target":{"@type":"EntryPoint","urlTemplate":"http:\/\/motorradcamperreisen.de\/?s={search_term_string}"},"query-input":{"@type":"PropertyValueSpecification","valueRequired":true,"valueName":"search_term_string"}}],"inLanguage":"de"},{"@type":["Person","Organization"],"@id":"http:\/\/motorradcamperreisen.de\/#\/schema\/person\/3b5f74e4181c032b66d5c7b9f7ec1790","name":"Bile66","image":{"@type":"ImageObject","inLanguage":"de","@id":"http:\/\/motorradcamperreisen.de\/#\/schema\/person\/image\/","url":"http:\/\/motorradcamperreisen.de\/wp-content\/uploads\/2022\/07\/IMG_20191005_143007-scaled.jpg","contentUrl":"http:\/\/motorradcamperreisen.de\/wp-content\/uploads\/2022\/07\/IMG_20191005_143007-scaled.jpg","width":1920,"height":2560,"caption":"Bile66"},"logo":{"@id":"http:\/\/motorradcamperreisen.de\/#\/schema\/person\/image\/"},"sameAs":["http:\/\/motorradcamperreisen.de"]}]}},"_links":{"self":[{"href":"http:\/\/motorradcamperreisen.de\/index.php?rest_route=\/wp\/v2\/pages\/4805"}],"collection":[{"href":"http:\/\/motorradcamperreisen.de\/index.php?rest_route=\/wp\/v2\/pages"}],"about":[{"href":"http:\/\/motorradcamperreisen.de\/index.php?rest_route=\/wp\/v2\/types\/page"}],"author":[{"embeddable":true,"href":"http:\/\/motorradcamperreisen.de\/index.php?rest_route=\/wp\/v2\/users\/1"}],"replies":[{"embeddable":true,"href":"http:\/\/motorradcamperreisen.de\/index.php?rest_route=%2Fwp%2Fv2%2Fcomments&post=4805"}],"version-history":[{"count":2,"href":"http:\/\/motorradcamperreisen.de\/index.php?rest_route=\/wp\/v2\/pages\/4805\/revisions"}],"predecessor-version":[{"id":4819,"href":"http:\/\/motorradcamperreisen.de\/index.php?rest_route=\/wp\/v2\/pages\/4805\/revisions\/4819"}],"wp:attachment":[{"href":"http:\/\/motorradcamperreisen.de\/index.php?rest_route=%2Fwp%2Fv2%2Fmedia&parent=4805"}],"curies":[{"name":"wp","href":"https:\/\/api.w.org\/{rel}","templated":true}]}}