{"id":4788,"date":"2025-01-01T13:07:50","date_gmt":"2025-01-01T12:07:50","guid":{"rendered":"http:\/\/motorradcamperreisen.de\/?page_id=4788"},"modified":"2025-01-01T16:25:54","modified_gmt":"2025-01-01T15:25:54","slug":"bodenaufbau","status":"publish","type":"page","link":"http:\/\/motorradcamperreisen.de\/?page_id=4788","title":{"rendered":"Bodenaufbau"},"content":{"rendered":"\n<p>Ihr ahnt es schon, ich habe ein Zeitproblem um mich meinem Umbau zu widmen. Bl\u00f6derweise muss ich auch mal arbeiten, hatte zwischenzeitlich einige sch\u00f6ne Kurztripps\/Urlaube und mir die Weihnachtszeit zum weiteren Ausbau vorgenommen. Gut, bei Minusgraden, Regen und feuchter Luft ist da auch nur sehr bedingt etwas m\u00f6glich.<\/p>\n\n\n\n<p>Trotzdem habe ich es geschafft, die Bodend\u00e4mmung fertig zu bekommen. Nat\u00fcrlich nicht, ohne mir selbst ein paar Hindernisse einzubauen.<\/p>\n\n\n\n<p>Der Bodenaufbau ist wie folgt: Dachlatten, Brantho-Korrux, Styrodur 30 mm, Laminatunterlage, Bodenplatte &#8211; der Rest ist noch unklar:<\/p>\n\n\n\n<figure class=\"wp-block-gallery has-nested-images columns-default is-cropped wp-block-gallery-1 is-layout-flex wp-block-gallery-is-layout-flex\">\n<figure class=\"wp-block-image size-large\"><img loading=\"lazy\" decoding=\"async\" width=\"768\" height=\"1024\" data-id=\"4789\" src=\"http:\/\/motorradcamperreisen.de\/wp-content\/uploads\/2025\/01\/IMG_20241227_135116-768x1024.jpg\" alt=\"\" class=\"wp-image-4789\" srcset=\"http:\/\/motorradcamperreisen.de\/wp-content\/uploads\/2025\/01\/IMG_20241227_135116-768x1024.jpg 768w, http:\/\/motorradcamperreisen.de\/wp-content\/uploads\/2025\/01\/IMG_20241227_135116-225x300.jpg 225w, http:\/\/motorradcamperreisen.de\/wp-content\/uploads\/2025\/01\/IMG_20241227_135116-1152x1536.jpg 1152w, http:\/\/motorradcamperreisen.de\/wp-content\/uploads\/2025\/01\/IMG_20241227_135116-1536x2048.jpg 1536w, http:\/\/motorradcamperreisen.de\/wp-content\/uploads\/2025\/01\/IMG_20241227_135116-scaled.jpg 1920w\" sizes=\"(max-width: 768px) 100vw, 768px\" \/><figcaption class=\"wp-element-caption\">Holzlatten verklebt mit Sikaflex 252<\/figcaption><\/figure>\n\n\n\n<figure class=\"wp-block-image size-large\"><img loading=\"lazy\" decoding=\"async\" width=\"768\" height=\"1024\" data-id=\"4790\" src=\"http:\/\/motorradcamperreisen.de\/wp-content\/uploads\/2025\/01\/IMG_20241227_150102-768x1024.jpg\" alt=\"\" class=\"wp-image-4790\" srcset=\"http:\/\/motorradcamperreisen.de\/wp-content\/uploads\/2025\/01\/IMG_20241227_150102-768x1024.jpg 768w, http:\/\/motorradcamperreisen.de\/wp-content\/uploads\/2025\/01\/IMG_20241227_150102-225x300.jpg 225w, http:\/\/motorradcamperreisen.de\/wp-content\/uploads\/2025\/01\/IMG_20241227_150102-1152x1536.jpg 1152w, http:\/\/motorradcamperreisen.de\/wp-content\/uploads\/2025\/01\/IMG_20241227_150102-1536x2048.jpg 1536w, http:\/\/motorradcamperreisen.de\/wp-content\/uploads\/2025\/01\/IMG_20241227_150102-scaled.jpg 1920w\" sizes=\"(max-width: 768px) 100vw, 768px\" \/><figcaption class=\"wp-element-caption\">Beschwert mit Pflastersteinen<\/figcaption><\/figure>\n\n\n\n<figure class=\"wp-block-image size-large\"><img loading=\"lazy\" decoding=\"async\" width=\"768\" height=\"1024\" data-id=\"4791\" src=\"http:\/\/motorradcamperreisen.de\/wp-content\/uploads\/2025\/01\/IMG_20241227_153829-768x1024.jpg\" alt=\"\" class=\"wp-image-4791\" srcset=\"http:\/\/motorradcamperreisen.de\/wp-content\/uploads\/2025\/01\/IMG_20241227_153829-768x1024.jpg 768w, http:\/\/motorradcamperreisen.de\/wp-content\/uploads\/2025\/01\/IMG_20241227_153829-225x300.jpg 225w, http:\/\/motorradcamperreisen.de\/wp-content\/uploads\/2025\/01\/IMG_20241227_153829-1152x1536.jpg 1152w, http:\/\/motorradcamperreisen.de\/wp-content\/uploads\/2025\/01\/IMG_20241227_153829-1536x2048.jpg 1536w, http:\/\/motorradcamperreisen.de\/wp-content\/uploads\/2025\/01\/IMG_20241227_153829-scaled.jpg 1920w\" sizes=\"(max-width: 768px) 100vw, 768px\" \/><\/figure>\n<\/figure>\n\n\n\n<p>In meiner Phantasie ist ja immer alles ganz easy. Und da ich st\u00e4ndig lese und auch ziemlich viele YT Videos schaue, wusste ich nat\u00fcrlich genau was ich tue&#8230;.<\/p>\n\n\n\n<p>Die Leisten habe ich schon vor Wochen gekauft und im Carport gelagert. Es w\u00e4re aber auch schlau gewesen, die Leisten wenigstens so zu lagern, dass sie sich nicht verdrehen k\u00f6nnen. Nun ja. Ich hatte mich dazu entschieden, die Leisten auf den Sicken (das sind die Erh\u00f6hungen im Boden) zu verkleben. Hintergrund war, dass ich die T\u00e4ler (also die tieferen Stellen) nicht vollfl\u00e4chig verschlie\u00dfen will, damit Kondenwasser oder auch Wasser nach einer eventuellen undichten Leitung, ablaufen bzw. abl\u00fcften kann. Die erste habe ich also vollfl\u00e4chig mit Sikaflex  252 verklebt. Ich habe als Abstandshalter zwischen Sicke und Leiste Zahnstocher gelegt, damit der Kleber nicht links und rechts rausgedr\u00fcckt wird, sondern das tut was er soll &#8211; die Leisten mit dem Blech verkleben. Nachdem ich mich nach der ersten Leiste &#8222;erstaunt&#8220; gewundert habe, wie viel Material da drauf geht, habe ich die n\u00e4chsten nur noch punktuell geklebt. H\u00e4lt \u00fcbringens auch hervorragend. Ich hatte aufgrund der Temperaturen da etwas bedenken, aber im Zweifelsfall h\u00e4tte ich eben noch mal anfangen m\u00fcssen. War aber nicht n\u00f6tig, das reist so schnell keiner mehr ab.<\/p>\n\n\n\n<p>Ich neige ja zum \u00dcbertreiben &#8211; also habe ich den Boden mit Brantho-Korrux eingepinselt. Der dient zum einen zum Schutz des Bodens und als Rostschutz. Eigentlich wollte ich Rollen &#8211; bl\u00f6derweise hatte ich keinen Farbrollerb\u00fcgel (das Wort kenne ich auch erst seit heute) im Haus f\u00fcr die kleinen Rollen. Hab wohl letztens bisschen zu viel aufger\u00e4umt, also musste ein Pinsel her. <\/p>\n\n\n\n<p>Erste Feststellung: das Zeug ist wie Honig, sieht aus wie fl\u00fcssige Lakritze &#8211; l\u00e4sst sich also nur schwer verstreichen. Zweite Feststellung: Die Sicken auf dem Boden sind ganz sch\u00f6n hart an den Knien, wenn man keine Knieschoner hat. Dritte Feststellung: Das Zeug scheint seine Vertr\u00e4glichkeit lt. Beschreibung tats\u00e4chlich einzuhalten (Geruch usw.). Vierte Erkenntnis: kipp das Zeug besser nicht um. Tja die vierte Erkenntnis hat dann daf\u00fcr gesorgt, dass ich tagelang versucht habe, das Zeug von den H\u00e4nden und vor allem Fingern\u00e4geln weg zu bekommen. So wie ich das sehe, wird es wohl auch noch ein paar Tage dauern, bis endlich alles weg ist.<\/p>\n\n\n\n<p>Der weitaus angenehmere Teil war das verlegen des Styrodur. Warum Styrodur und nicht Styropor? Recht einfach: Styropor nimmt Wasser auf und Styrodur eben nicht. Sehr wichtig an dieser Stelle, denn alle Materialien die Wasser ziehen sind im Camper Tabu. Das gilt \u00fcbrigens auch ganz besonders beim D\u00e4mmen. Mineralwolle, Steinwolle usw. ist auf keine Fall zu verwenden. <\/p>\n\n\n\n<figure class=\"wp-block-gallery has-nested-images columns-default is-cropped wp-block-gallery-2 is-layout-flex wp-block-gallery-is-layout-flex\">\n<figure class=\"wp-block-image size-large\"><img loading=\"lazy\" decoding=\"async\" width=\"768\" height=\"1024\" data-id=\"4796\" src=\"http:\/\/motorradcamperreisen.de\/wp-content\/uploads\/2025\/01\/IMG_20241231_125013-1-768x1024.jpg\" alt=\"\" class=\"wp-image-4796\" srcset=\"http:\/\/motorradcamperreisen.de\/wp-content\/uploads\/2025\/01\/IMG_20241231_125013-1-768x1024.jpg 768w, http:\/\/motorradcamperreisen.de\/wp-content\/uploads\/2025\/01\/IMG_20241231_125013-1-225x300.jpg 225w, http:\/\/motorradcamperreisen.de\/wp-content\/uploads\/2025\/01\/IMG_20241231_125013-1-1152x1536.jpg 1152w, http:\/\/motorradcamperreisen.de\/wp-content\/uploads\/2025\/01\/IMG_20241231_125013-1-1536x2048.jpg 1536w, http:\/\/motorradcamperreisen.de\/wp-content\/uploads\/2025\/01\/IMG_20241231_125013-1-scaled.jpg 1920w\" sizes=\"(max-width: 768px) 100vw, 768px\" \/><\/figure>\n\n\n\n<figure class=\"wp-block-image size-large\"><img loading=\"lazy\" decoding=\"async\" width=\"768\" height=\"1024\" data-id=\"4797\" src=\"http:\/\/motorradcamperreisen.de\/wp-content\/uploads\/2025\/01\/IMG_20241231_125026-1-768x1024.jpg\" alt=\"\" class=\"wp-image-4797\" srcset=\"http:\/\/motorradcamperreisen.de\/wp-content\/uploads\/2025\/01\/IMG_20241231_125026-1-768x1024.jpg 768w, http:\/\/motorradcamperreisen.de\/wp-content\/uploads\/2025\/01\/IMG_20241231_125026-1-225x300.jpg 225w, http:\/\/motorradcamperreisen.de\/wp-content\/uploads\/2025\/01\/IMG_20241231_125026-1-1152x1536.jpg 1152w, http:\/\/motorradcamperreisen.de\/wp-content\/uploads\/2025\/01\/IMG_20241231_125026-1-1536x2048.jpg 1536w, http:\/\/motorradcamperreisen.de\/wp-content\/uploads\/2025\/01\/IMG_20241231_125026-1-scaled.jpg 1920w\" sizes=\"(max-width: 768px) 100vw, 768px\" \/><\/figure>\n<\/figure>\n\n\n\n<p>Styropur l\u00e4sst sich einfach mit einem Cuttermesser schneiden und ist trittfest. Beim verlegen liegt es ja zum Teil auf den Sicken auf, ist also kein geschlossen trittsicherer Boden. Das sollte auch nicht so sein, denn die alte Bodenplatte wird hierauf verlegt. Zun\u00e4chst noch Trittschalld\u00e4mmung und dann mit der Hilfe von Kalle und Gabi die Bodenplatte wieder ins Auto verfrachtet:<\/p>\n\n\n\n<figure class=\"wp-block-gallery has-nested-images columns-default is-cropped wp-block-gallery-3 is-layout-flex wp-block-gallery-is-layout-flex\">\n<figure class=\"wp-block-image size-large\"><img loading=\"lazy\" decoding=\"async\" width=\"768\" height=\"1024\" data-id=\"4799\" src=\"http:\/\/motorradcamperreisen.de\/wp-content\/uploads\/2025\/01\/IMG_20241231_134808-1-768x1024.jpg\" alt=\"\" class=\"wp-image-4799\" srcset=\"http:\/\/motorradcamperreisen.de\/wp-content\/uploads\/2025\/01\/IMG_20241231_134808-1-768x1024.jpg 768w, http:\/\/motorradcamperreisen.de\/wp-content\/uploads\/2025\/01\/IMG_20241231_134808-1-225x300.jpg 225w, http:\/\/motorradcamperreisen.de\/wp-content\/uploads\/2025\/01\/IMG_20241231_134808-1-1152x1536.jpg 1152w, http:\/\/motorradcamperreisen.de\/wp-content\/uploads\/2025\/01\/IMG_20241231_134808-1-1536x2048.jpg 1536w, http:\/\/motorradcamperreisen.de\/wp-content\/uploads\/2025\/01\/IMG_20241231_134808-1-scaled.jpg 1920w\" sizes=\"(max-width: 768px) 100vw, 768px\" \/><\/figure>\n\n\n\n<figure class=\"wp-block-image size-large\"><img loading=\"lazy\" decoding=\"async\" width=\"768\" height=\"1024\" data-id=\"4798\" src=\"http:\/\/motorradcamperreisen.de\/wp-content\/uploads\/2025\/01\/IMG_20241231_143335-1-768x1024.jpg\" alt=\"\" class=\"wp-image-4798\" srcset=\"http:\/\/motorradcamperreisen.de\/wp-content\/uploads\/2025\/01\/IMG_20241231_143335-1-768x1024.jpg 768w, http:\/\/motorradcamperreisen.de\/wp-content\/uploads\/2025\/01\/IMG_20241231_143335-1-225x300.jpg 225w, http:\/\/motorradcamperreisen.de\/wp-content\/uploads\/2025\/01\/IMG_20241231_143335-1-1152x1536.jpg 1152w, http:\/\/motorradcamperreisen.de\/wp-content\/uploads\/2025\/01\/IMG_20241231_143335-1-1536x2048.jpg 1536w, http:\/\/motorradcamperreisen.de\/wp-content\/uploads\/2025\/01\/IMG_20241231_143335-1-scaled.jpg 1920w\" sizes=\"(max-width: 768px) 100vw, 768px\" \/><\/figure>\n<\/figure>\n\n\n\n<p>Sch\u00f6nes Gef\u00fchl, wenn wieder etwas sichtbar ist. Insbesondere, da ich die letzten Tage st\u00e4ndig gedanklich mit der weiteren Planung besch\u00e4ftigt war und ich mir das eben theoretisch nur schwer vorstellen kann. Welchen Bodenbelag ich letzlich nehme, habe ich noch nicht entschieden. Ich schwanke zwischen (hochwertigem) PVC oder Klickvinyl. Letzlich auch eine Gewichtsfrage. <\/p>\n","protected":false},"excerpt":{"rendered":"<p>Ihr ahnt es schon, ich habe ein Zeitproblem um mich meinem Umbau zu widmen. Bl\u00f6derweise muss ich auch mal arbeiten, hatte zwischenzeitlich einige sch\u00f6ne Kurztripps\/Urlaube und mir die Weihnachtszeit zum weiteren Ausbau vorgenommen. Gut, bei Minusgraden, Regen und feuchter Luft ist da auch nur sehr bedingt etwas m\u00f6glich. Trotzdem habe ich es geschafft, die Bodend\u00e4mmung [&hellip;]<\/p>\n","protected":false},"author":1,"featured_media":0,"parent":0,"menu_order":0,"comment_status":"open","ping_status":"closed","template":"","meta":{"site-sidebar-layout":"default","site-content-layout":"","ast-site-content-layout":"default","site-content-style":"default","site-sidebar-style":"default","ast-global-header-display":"","ast-banner-title-visibility":"","ast-main-header-display":"","ast-hfb-above-header-display":"","ast-hfb-below-header-display":"","ast-hfb-mobile-header-display":"","site-post-title":"","ast-breadcrumbs-content":"","ast-featured-img":"","footer-sml-layout":"","ast-disable-related-posts":"","theme-transparent-header-meta":"","adv-header-id-meta":"","stick-header-meta":"","header-above-stick-meta":"","header-main-stick-meta":"","header-below-stick-meta":"","astra-migrate-meta-layouts":"set","ast-page-background-enabled":"default","ast-page-background-meta":{"desktop":{"background-color":"","background-image":"","background-repeat":"repeat","background-position":"center center","background-size":"auto","background-attachment":"scroll","background-type":"","background-media":"","overlay-type":"","overlay-color":"","overlay-opacity":"","overlay-gradient":""},"tablet":{"background-color":"","background-image":"","background-repeat":"repeat","background-position":"center center","background-size":"auto","background-attachment":"scroll","background-type":"","background-media":"","overlay-type":"","overlay-color":"","overlay-opacity":"","overlay-gradient":""},"mobile":{"background-color":"","background-image":"","background-repeat":"repeat","background-position":"center center","background-size":"auto","background-attachment":"scroll","background-type":"","background-media":"","overlay-type":"","overlay-color":"","overlay-opacity":"","overlay-gradient":""}},"ast-content-background-meta":{"desktop":{"background-color":"var(--ast-global-color-5)","background-image":"","background-repeat":"repeat","background-position":"center center","background-size":"auto","background-attachment":"scroll","background-type":"","background-media":"","overlay-type":"","overlay-color":"","overlay-opacity":"","overlay-gradient":""},"tablet":{"background-color":"var(--ast-global-color-5)","background-image":"","background-repeat":"repeat","background-position":"center center","background-size":"auto","background-attachment":"scroll","background-type":"","background-media":"","overlay-type":"","overlay-color":"","overlay-opacity":"","overlay-gradient":""},"mobile":{"background-color":"var(--ast-global-color-5)","background-image":"","background-repeat":"repeat","background-position":"center center","background-size":"auto","background-attachment":"scroll","background-type":"","background-media":"","overlay-type":"","overlay-color":"","overlay-opacity":"","overlay-gradient":""}},"footnotes":""},"yoast_head":"<!-- This site is optimized with the Yoast SEO plugin v24.5 - https:\/\/yoast.com\/wordpress\/plugins\/seo\/ -->\n<title>Bodenaufbau - motorradcamperreisen.de<\/title>\n<meta name=\"robots\" content=\"index, follow, max-snippet:-1, max-image-preview:large, max-video-preview:-1\" \/>\n<link rel=\"canonical\" href=\"http:\/\/motorradcamperreisen.de\/?page_id=4788\" \/>\n<meta property=\"og:locale\" content=\"de_DE\" \/>\n<meta property=\"og:type\" content=\"article\" \/>\n<meta property=\"og:title\" content=\"Bodenaufbau - motorradcamperreisen.de\" \/>\n<meta property=\"og:description\" content=\"Ihr ahnt es schon, ich habe ein Zeitproblem um mich meinem Umbau zu widmen. Bl\u00f6derweise muss ich auch mal arbeiten, hatte zwischenzeitlich einige sch\u00f6ne Kurztripps\/Urlaube und mir die Weihnachtszeit zum weiteren Ausbau vorgenommen. Gut, bei Minusgraden, Regen und feuchter Luft ist da auch nur sehr bedingt etwas m\u00f6glich. Trotzdem habe ich es geschafft, die Bodend\u00e4mmung [&hellip;]\" \/>\n<meta property=\"og:url\" content=\"http:\/\/motorradcamperreisen.de\/?page_id=4788\" \/>\n<meta property=\"og:site_name\" content=\"motorradcamperreisen.de\" \/>\n<meta property=\"article:modified_time\" content=\"2025-01-01T15:25:54+00:00\" \/>\n<meta property=\"og:image\" content=\"http:\/\/motorradcamperreisen.de\/wp-content\/uploads\/2025\/01\/IMG_20241227_135116-scaled.jpg\" \/>\n\t<meta property=\"og:image:width\" content=\"1920\" \/>\n\t<meta property=\"og:image:height\" content=\"2560\" \/>\n\t<meta property=\"og:image:type\" content=\"image\/jpeg\" \/>\n<meta name=\"twitter:card\" content=\"summary_large_image\" \/>\n<meta name=\"twitter:label1\" content=\"Gesch\u00e4tzte Lesezeit\" \/>\n\t<meta name=\"twitter:data1\" content=\"5\u00a0Minuten\" \/>\n<script type=\"application\/ld+json\" class=\"yoast-schema-graph\">{\"@context\":\"https:\/\/schema.org\",\"@graph\":[{\"@type\":\"WebPage\",\"@id\":\"http:\/\/motorradcamperreisen.de\/?page_id=4788\",\"url\":\"http:\/\/motorradcamperreisen.de\/?page_id=4788\",\"name\":\"Bodenaufbau - motorradcamperreisen.de\",\"isPartOf\":{\"@id\":\"http:\/\/motorradcamperreisen.de\/#website\"},\"primaryImageOfPage\":{\"@id\":\"http:\/\/motorradcamperreisen.de\/?page_id=4788#primaryimage\"},\"image\":{\"@id\":\"http:\/\/motorradcamperreisen.de\/?page_id=4788#primaryimage\"},\"thumbnailUrl\":\"http:\/\/motorradcamperreisen.de\/wp-content\/uploads\/2025\/01\/IMG_20241227_135116-768x1024.jpg\",\"datePublished\":\"2025-01-01T12:07:50+00:00\",\"dateModified\":\"2025-01-01T15:25:54+00:00\",\"breadcrumb\":{\"@id\":\"http:\/\/motorradcamperreisen.de\/?page_id=4788#breadcrumb\"},\"inLanguage\":\"de\",\"potentialAction\":[{\"@type\":\"ReadAction\",\"target\":[\"http:\/\/motorradcamperreisen.de\/?page_id=4788\"]}]},{\"@type\":\"ImageObject\",\"inLanguage\":\"de\",\"@id\":\"http:\/\/motorradcamperreisen.de\/?page_id=4788#primaryimage\",\"url\":\"http:\/\/motorradcamperreisen.de\/wp-content\/uploads\/2025\/01\/IMG_20241227_135116-scaled.jpg\",\"contentUrl\":\"http:\/\/motorradcamperreisen.de\/wp-content\/uploads\/2025\/01\/IMG_20241227_135116-scaled.jpg\",\"width\":1920,\"height\":2560},{\"@type\":\"BreadcrumbList\",\"@id\":\"http:\/\/motorradcamperreisen.de\/?page_id=4788#breadcrumb\",\"itemListElement\":[{\"@type\":\"ListItem\",\"position\":1,\"name\":\"Startseite\",\"item\":\"http:\/\/motorradcamperreisen.de\/\"},{\"@type\":\"ListItem\",\"position\":2,\"name\":\"Bodenaufbau\"}]},{\"@type\":\"WebSite\",\"@id\":\"http:\/\/motorradcamperreisen.de\/#website\",\"url\":\"http:\/\/motorradcamperreisen.de\/\",\"name\":\"motorradcamperreisen.de\",\"description\":\"Motorradtouren, Camperreisen, St\u00e4dtetrips und was mir sonst noch so einf\u00e4llt....\",\"publisher\":{\"@id\":\"http:\/\/motorradcamperreisen.de\/#\/schema\/person\/3b5f74e4181c032b66d5c7b9f7ec1790\"},\"potentialAction\":[{\"@type\":\"SearchAction\",\"target\":{\"@type\":\"EntryPoint\",\"urlTemplate\":\"http:\/\/motorradcamperreisen.de\/?s={search_term_string}\"},\"query-input\":{\"@type\":\"PropertyValueSpecification\",\"valueRequired\":true,\"valueName\":\"search_term_string\"}}],\"inLanguage\":\"de\"},{\"@type\":[\"Person\",\"Organization\"],\"@id\":\"http:\/\/motorradcamperreisen.de\/#\/schema\/person\/3b5f74e4181c032b66d5c7b9f7ec1790\",\"name\":\"Bile66\",\"image\":{\"@type\":\"ImageObject\",\"inLanguage\":\"de\",\"@id\":\"http:\/\/motorradcamperreisen.de\/#\/schema\/person\/image\/\",\"url\":\"http:\/\/motorradcamperreisen.de\/wp-content\/uploads\/2022\/07\/IMG_20191005_143007-scaled.jpg\",\"contentUrl\":\"http:\/\/motorradcamperreisen.de\/wp-content\/uploads\/2022\/07\/IMG_20191005_143007-scaled.jpg\",\"width\":1920,\"height\":2560,\"caption\":\"Bile66\"},\"logo\":{\"@id\":\"http:\/\/motorradcamperreisen.de\/#\/schema\/person\/image\/\"},\"sameAs\":[\"http:\/\/motorradcamperreisen.de\"]}]}<\/script>\n<!-- \/ Yoast SEO plugin. -->","yoast_head_json":{"title":"Bodenaufbau - motorradcamperreisen.de","robots":{"index":"index","follow":"follow","max-snippet":"max-snippet:-1","max-image-preview":"max-image-preview:large","max-video-preview":"max-video-preview:-1"},"canonical":"http:\/\/motorradcamperreisen.de\/?page_id=4788","og_locale":"de_DE","og_type":"article","og_title":"Bodenaufbau - motorradcamperreisen.de","og_description":"Ihr ahnt es schon, ich habe ein Zeitproblem um mich meinem Umbau zu widmen. Bl\u00f6derweise muss ich auch mal arbeiten, hatte zwischenzeitlich einige sch\u00f6ne Kurztripps\/Urlaube und mir die Weihnachtszeit zum weiteren Ausbau vorgenommen. Gut, bei Minusgraden, Regen und feuchter Luft ist da auch nur sehr bedingt etwas m\u00f6glich. Trotzdem habe ich es geschafft, die Bodend\u00e4mmung [&hellip;]","og_url":"http:\/\/motorradcamperreisen.de\/?page_id=4788","og_site_name":"motorradcamperreisen.de","article_modified_time":"2025-01-01T15:25:54+00:00","og_image":[{"width":1920,"height":2560,"url":"http:\/\/motorradcamperreisen.de\/wp-content\/uploads\/2025\/01\/IMG_20241227_135116-scaled.jpg","type":"image\/jpeg"}],"twitter_card":"summary_large_image","twitter_misc":{"Gesch\u00e4tzte Lesezeit":"5\u00a0Minuten"},"schema":{"@context":"https:\/\/schema.org","@graph":[{"@type":"WebPage","@id":"http:\/\/motorradcamperreisen.de\/?page_id=4788","url":"http:\/\/motorradcamperreisen.de\/?page_id=4788","name":"Bodenaufbau - motorradcamperreisen.de","isPartOf":{"@id":"http:\/\/motorradcamperreisen.de\/#website"},"primaryImageOfPage":{"@id":"http:\/\/motorradcamperreisen.de\/?page_id=4788#primaryimage"},"image":{"@id":"http:\/\/motorradcamperreisen.de\/?page_id=4788#primaryimage"},"thumbnailUrl":"http:\/\/motorradcamperreisen.de\/wp-content\/uploads\/2025\/01\/IMG_20241227_135116-768x1024.jpg","datePublished":"2025-01-01T12:07:50+00:00","dateModified":"2025-01-01T15:25:54+00:00","breadcrumb":{"@id":"http:\/\/motorradcamperreisen.de\/?page_id=4788#breadcrumb"},"inLanguage":"de","potentialAction":[{"@type":"ReadAction","target":["http:\/\/motorradcamperreisen.de\/?page_id=4788"]}]},{"@type":"ImageObject","inLanguage":"de","@id":"http:\/\/motorradcamperreisen.de\/?page_id=4788#primaryimage","url":"http:\/\/motorradcamperreisen.de\/wp-content\/uploads\/2025\/01\/IMG_20241227_135116-scaled.jpg","contentUrl":"http:\/\/motorradcamperreisen.de\/wp-content\/uploads\/2025\/01\/IMG_20241227_135116-scaled.jpg","width":1920,"height":2560},{"@type":"BreadcrumbList","@id":"http:\/\/motorradcamperreisen.de\/?page_id=4788#breadcrumb","itemListElement":[{"@type":"ListItem","position":1,"name":"Startseite","item":"http:\/\/motorradcamperreisen.de\/"},{"@type":"ListItem","position":2,"name":"Bodenaufbau"}]},{"@type":"WebSite","@id":"http:\/\/motorradcamperreisen.de\/#website","url":"http:\/\/motorradcamperreisen.de\/","name":"motorradcamperreisen.de","description":"Motorradtouren, Camperreisen, St\u00e4dtetrips und was mir sonst noch so einf\u00e4llt....","publisher":{"@id":"http:\/\/motorradcamperreisen.de\/#\/schema\/person\/3b5f74e4181c032b66d5c7b9f7ec1790"},"potentialAction":[{"@type":"SearchAction","target":{"@type":"EntryPoint","urlTemplate":"http:\/\/motorradcamperreisen.de\/?s={search_term_string}"},"query-input":{"@type":"PropertyValueSpecification","valueRequired":true,"valueName":"search_term_string"}}],"inLanguage":"de"},{"@type":["Person","Organization"],"@id":"http:\/\/motorradcamperreisen.de\/#\/schema\/person\/3b5f74e4181c032b66d5c7b9f7ec1790","name":"Bile66","image":{"@type":"ImageObject","inLanguage":"de","@id":"http:\/\/motorradcamperreisen.de\/#\/schema\/person\/image\/","url":"http:\/\/motorradcamperreisen.de\/wp-content\/uploads\/2022\/07\/IMG_20191005_143007-scaled.jpg","contentUrl":"http:\/\/motorradcamperreisen.de\/wp-content\/uploads\/2022\/07\/IMG_20191005_143007-scaled.jpg","width":1920,"height":2560,"caption":"Bile66"},"logo":{"@id":"http:\/\/motorradcamperreisen.de\/#\/schema\/person\/image\/"},"sameAs":["http:\/\/motorradcamperreisen.de"]}]}},"_links":{"self":[{"href":"http:\/\/motorradcamperreisen.de\/index.php?rest_route=\/wp\/v2\/pages\/4788"}],"collection":[{"href":"http:\/\/motorradcamperreisen.de\/index.php?rest_route=\/wp\/v2\/pages"}],"about":[{"href":"http:\/\/motorradcamperreisen.de\/index.php?rest_route=\/wp\/v2\/types\/page"}],"author":[{"embeddable":true,"href":"http:\/\/motorradcamperreisen.de\/index.php?rest_route=\/wp\/v2\/users\/1"}],"replies":[{"embeddable":true,"href":"http:\/\/motorradcamperreisen.de\/index.php?rest_route=%2Fwp%2Fv2%2Fcomments&post=4788"}],"version-history":[{"count":3,"href":"http:\/\/motorradcamperreisen.de\/index.php?rest_route=\/wp\/v2\/pages\/4788\/revisions"}],"predecessor-version":[{"id":4821,"href":"http:\/\/motorradcamperreisen.de\/index.php?rest_route=\/wp\/v2\/pages\/4788\/revisions\/4821"}],"wp:attachment":[{"href":"http:\/\/motorradcamperreisen.de\/index.php?rest_route=%2Fwp%2Fv2%2Fmedia&parent=4788"}],"curies":[{"name":"wp","href":"https:\/\/api.w.org\/{rel}","templated":true}]}}