{"id":3218,"date":"2024-06-23T16:53:36","date_gmt":"2024-06-23T14:53:36","guid":{"rendered":"http:\/\/motorradcamperreisen.de\/?page_id=3218"},"modified":"2024-06-25T14:15:17","modified_gmt":"2024-06-25T12:15:17","slug":"die-planung-steht","status":"publish","type":"page","link":"http:\/\/motorradcamperreisen.de\/?page_id=3218","title":{"rendered":"Die Planung steht&#8230;.."},"content":{"rendered":"\n<p class=\"has-black-color has-text-color has-link-color wp-elements-b5b00fe3f868f1cf77ad4eb0a308fa1b\">Vom ersten Gedanken bis zur Durchf\u00fchrung der Reise sind wohl insgesamt sechs Jahre vergangen. Jahre, in denen wir das Geld f\u00fcr diese Reise angespart haben.<\/p>\n\n\n\n<p class=\"has-black-color has-text-color has-link-color wp-elements-f2bf8794a50cc40c91477f22f198c6f6\">Bei den Fl\u00fcgen haben wir es relativ einfach gehabt &#8211; und diese sind auch schon seit Monaten gebucht: F\u00fcr uns kam im Grunde nur Singapur Airlines in Frage. Ausschlaggebend war der Overstop nach gut der H\u00e4lfte der Anreisezeit und die doch ziemlich unschlagbaren Preise bei der SIA. Wir haben Premium Economy gebucht, da Thomas doch etwas gr\u00f6\u00dfer (l\u00e4nger \ud83d\ude09 ) ist. Die Fl\u00fcge kosten rund 4300 Euro (f\u00fcr beide) &#8211; allerdings f\u00fcr Hin- und R\u00fcckflug (FRA-SIN-MEL u. zur\u00fcck).<\/p>\n\n\n\n<p class=\"has-black-color has-text-color has-link-color wp-elements-cd9300b32cd3e1b3ce75e9dc1a6e9358\">Wir werden w\u00e4hrend unseres Aufenthaltes noch drei Inlandsfl\u00fcge machen. Zum einen von Melbourne zum Uluru (Ayers Rock), vom Uluru nach Sydney und am Ende der Reise von Cairns nach Melbourne. Diese Fl\u00fcge kosten rund 900 Euro, aber an manchen Stellen ist es nicht anders m\u00f6glich als zu Fliegen. Gern w\u00e4re ich ab Cairns nach Hause gepflogen, aber da gab es einfach keine vern\u00fcnftigen Fl\u00fcge ohne stundenlang in Singapur im Transit zu bleiben.<\/p>\n\n\n\n<p class=\"has-black-color has-text-color has-link-color wp-elements-6ffdb4e4946d76283846d636045a2a73\">Die Anmietung des Campers hat uns auch einiges an Zeit gekostet. Ich habe zun\u00e4chst selbst auf den Camperseiten Australiens gesucht. Letztendlich hatte ich aber immer wieder auch das Problem der Sprachbarriere, so dass ich irgendwann in D nach Vermittlungsfirmen geschaut habe. Diese Entscheidung war auch richtig gut, denn so bin ich schlussendlich bei der <a href=\"https:\/\/www.camperoase.de\/\">Camperoase<\/a> gelandet. Beratung, Service, Kontakt &#8211; einfach gro\u00dfartig. Unser &#8222;Betreuer&#8220; Tim hat sich sehr viel M\u00fche gegeben und mir immer wieder Ideen unterbreitet und Tipps gegeben. Das Gesamtpaket war einfach Perfekt! Zu jeder Zeit und immer wieder w\u00fcrde ich bei der Camperoase buchen. \u00dcbrigens habe ich einen Teil meiner Tourenplanung ebenfalls von deren Tourenvorschl\u00e4gen auf der Web-Site \u00fcbernommen. Wenn ihr also einen verl\u00e4sslichen Partner f\u00fcr Camperbuchungen sucht, schaut da mal rein. Und um es abzurunden: ich bekomme f\u00fcr diese Werbung KEINE Provision, Beiteiligung, Verg\u00fcnstigen usw. Die gibts hier kostenlos, weil mich Abwicklung und Service vollst\u00e4ndig \u00fcberzeugt haben.<\/p>\n\n\n\n<p class=\"has-black-color has-text-color has-link-color wp-elements-220855b168fff729a194fb81862f5a98\">In den letzten Wochen habe ich intensiv geplant und dabei ist jetzt der nachfolgende Plan herausgekommen:<\/p>\n\n\n\n<p class=\"has-black-color has-text-color has-link-color wp-elements-2dac08ec8da87af68b1e328885e9b1f0\">Abflug ab Frankfurt nach Singapur<\/p>\n\n\n\n<p class=\"has-black-color has-text-color has-link-color wp-elements-fed9d83599aa0f175251db6d68a5ad1b\">4 Tage Singapur<\/p>\n\n\n\n<p class=\"has-black-color has-text-color has-link-color wp-elements-4078970f82c9b442be0b6d50b00f662f\">3 Tage Melbourne<\/p>\n\n\n\n<p class=\"has-black-color has-text-color has-link-color wp-elements-02ed13d5186cd44299aa5308561c4ce9\">3 Tage Great Ocean Road <\/p>\n\n\n\n<p class=\"has-black-color has-text-color has-link-color wp-elements-2380a909cf8c13309b8d23064fe19267\">3 Tage Uluru (Ayers Rock)<\/p>\n\n\n\n<p class=\"has-black-color has-text-color has-link-color wp-elements-bf3b19fd5e29a4cbb88a7dd69e553599\">3 Tage Sydney<\/p>\n\n\n\n<p class=\"has-black-color has-text-color has-link-color wp-elements-438e55e84353a008a919268d95f8be72\">6 Tage zwischen Sydney und Brisbane<\/p>\n\n\n\n<p class=\"has-black-color has-text-color has-link-color wp-elements-350f9032e1cbad631ab37366b5655829\">1 Tag Frazer Island<\/p>\n\n\n\n<p class=\"has-black-color has-text-color has-link-color wp-elements-66eafb0f0f5428587df6ce58a925f583\">10 Tage bis nach Cape Tribulation<\/p>\n\n\n\n<p class=\"has-black-color has-text-color has-link-color wp-elements-ec7f5ec35da1878beb784fbb2ba919c2\">3 Tage Umgebung von Cairns<\/p>\n\n\n\n<p class=\"has-black-color has-text-color has-link-color wp-elements-979c84468c073b1bd808e0a37dcba9a2\">F\u00fcr An- und Abreise ben\u00f6tigen wir insgesamt 4 Tage. Der Hinweg wird noch recht easy: Frankfurt &#8211; Singapur und erst ein paar Tage sp\u00e4ter nach Melbourne. Den Overstop haben wir an dieser Stelle bewusst geplant, da wir hoffen, dass wir den Jetlag da einigerma\u00dfen gut verarbeiten k\u00f6nnen. Der R\u00fcckweg wird wesentlich anstrengender: Cairns &#8211; Melbourne (\u00dcbernachtung) und dann Melbourne-Singapur-Frankfurt am St\u00fcck (rund 24 Stunden Flugzeit). Abschlie\u00dfend mit der Bahn nach Hause. Aber selbstgew\u00e4hltes Schicksal \ud83d\ude42<\/p>\n\n\n\n<p class=\"has-black-color has-text-color has-link-color wp-elements-29e2326b4268a00f7a8f354769734243\">Bis wir den Camper \u00fcbernehmen habe ich s\u00e4mtliche B&amp;B, Hotels, Fahrzeuge, Ausfl\u00fcge, Inlandsfl\u00fcge gebucht. Ab Sydney sind die Ausfl\u00fcge ebenfalls gebucht, allerdings fast alle mit der Option, kurzfristig zu stornieren. Ich hoffe aber inst\u00e4ndig, dass das nicht n\u00f6tig sein wird. Ich bin was Planen vom Urlaub angeht ziemlich gut, aber dieser Trip hat selbst mich machmal zum Wahnsinn getrieben. Ich plane wirklich gern im Voraus. Einfach drauflos und mal schauen was ich so finde, ist einfach nicht meins. Und hier schon gar nicht, denn dazu ist die Reise einfach zu lange &#8211; und ehrlich gesagt auch zu teuer &#8211; als dass ich das dem Zufall \u00fcberlassen werde. <\/p>\n\n\n\n<p class=\"has-black-color has-text-color has-link-color wp-elements-d5e722a4443802b206b11e81d9e943b5\">F\u00fcr die Planungen an sich habe ich auf unz\u00e4hligen Seiten gelesen. Teils in Englisch (das \u00fcbt auf jeden Fall), teils auch in anderen Sprachen. Das war auf jeden Fall sehr zeitintensiv. <\/p>\n\n\n\n<p class=\"has-black-color has-text-color has-link-color wp-elements-d2db02a9228becf0bf201948ab0b1abe\">Was auf jeden Fall einigerma\u00dfen weit im Voraus gemacht werden muss: Reisepass beantragen (bzw. pr\u00fcfen wie lange der noch g\u00fcltig ist), Internationalen F\u00fchrerschein beantragen (bei den teilweise langen Wartezeiten in den F\u00fchrerscheinstellen, wirklich fr\u00fchzeitig erledigen), Einreisevisum f\u00fcr Australien. Das gibt es allerdings direkt Online und wurde sofort ausgestellt. F\u00fcr Singapur gibt es keine Einreiseformalit\u00e4ten (Stand 2024). Ein gr\u00f6\u00dferes Problem ist die WLAN Verf\u00fcgbarkeit (so man sie m\u00f6chte). Bei der Telekom ist mir das aktuell doch etwas zu teuer, also werde ich ohne Mobile Daten unterwegs sein, bis ich mir in Singapur oder Melbourne eine Prepaid-Datenvolumen Karte gekauft habe. Ich gehe davon aus, dass wir doch relativ h\u00e4ufig auch kostenloses WLAN unterwegs haben werden, so dass es durchaus Bilder gibt. Wann die erste Story dann kommt, werden wir sehen. <\/p>\n\n\n\n<p><\/p>\n","protected":false},"excerpt":{"rendered":"<p>Vom ersten Gedanken bis zur Durchf\u00fchrung der Reise sind wohl insgesamt sechs Jahre vergangen. Jahre, in denen wir das Geld f\u00fcr diese Reise angespart haben. Bei den Fl\u00fcgen haben wir es relativ einfach gehabt &#8211; und diese sind auch schon seit Monaten gebucht: F\u00fcr uns kam im Grunde nur Singapur Airlines in Frage. Ausschlaggebend war [&hellip;]<\/p>\n","protected":false},"author":1,"featured_media":0,"parent":3207,"menu_order":-1,"comment_status":"open","ping_status":"closed","template":"","meta":{"site-sidebar-layout":"default","site-content-layout":"","ast-site-content-layout":"default","site-content-style":"default","site-sidebar-style":"default","ast-global-header-display":"","ast-banner-title-visibility":"","ast-main-header-display":"","ast-hfb-above-header-display":"","ast-hfb-below-header-display":"","ast-hfb-mobile-header-display":"","site-post-title":"","ast-breadcrumbs-content":"","ast-featured-img":"","footer-sml-layout":"","ast-disable-related-posts":"","theme-transparent-header-meta":"","adv-header-id-meta":"","stick-header-meta":"","header-above-stick-meta":"","header-main-stick-meta":"","header-below-stick-meta":"","astra-migrate-meta-layouts":"set","ast-page-background-enabled":"default","ast-page-background-meta":{"desktop":{"background-color":"","background-image":"","background-repeat":"repeat","background-position":"center center","background-size":"auto","background-attachment":"scroll","background-type":"","background-media":"","overlay-type":"","overlay-color":"","overlay-opacity":"","overlay-gradient":""},"tablet":{"background-color":"","background-image":"","background-repeat":"repeat","background-position":"center center","background-size":"auto","background-attachment":"scroll","background-type":"","background-media":"","overlay-type":"","overlay-color":"","overlay-opacity":"","overlay-gradient":""},"mobile":{"background-color":"","background-image":"","background-repeat":"repeat","background-position":"center center","background-size":"auto","background-attachment":"scroll","background-type":"","background-media":"","overlay-type":"","overlay-color":"","overlay-opacity":"","overlay-gradient":""}},"ast-content-background-meta":{"desktop":{"background-color":"var(--ast-global-color-5)","background-image":"","background-repeat":"repeat","background-position":"center center","background-size":"auto","background-attachment":"scroll","background-type":"","background-media":"","overlay-type":"","overlay-color":"","overlay-opacity":"","overlay-gradient":""},"tablet":{"background-color":"var(--ast-global-color-5)","background-image":"","background-repeat":"repeat","background-position":"center center","background-size":"auto","background-attachment":"scroll","background-type":"","background-media":"","overlay-type":"","overlay-color":"","overlay-opacity":"","overlay-gradient":""},"mobile":{"background-color":"var(--ast-global-color-5)","background-image":"","background-repeat":"repeat","background-position":"center center","background-size":"auto","background-attachment":"scroll","background-type":"","background-media":"","overlay-type":"","overlay-color":"","overlay-opacity":"","overlay-gradient":""}},"footnotes":""},"yoast_head":"<!-- This site is optimized with the Yoast SEO plugin v24.5 - https:\/\/yoast.com\/wordpress\/plugins\/seo\/ -->\n<title>Die Planung steht..... - motorradcamperreisen.de<\/title>\n<meta name=\"description\" content=\"Australien, Camper, Singapur, Melboure, Sidney\" \/>\n<meta name=\"robots\" content=\"index, follow, max-snippet:-1, max-image-preview:large, max-video-preview:-1\" \/>\n<link rel=\"canonical\" href=\"http:\/\/motorradcamperreisen.de\/?page_id=3218\" \/>\n<meta property=\"og:locale\" content=\"de_DE\" \/>\n<meta property=\"og:type\" content=\"article\" \/>\n<meta property=\"og:title\" content=\"Die Planung steht..... - motorradcamperreisen.de\" \/>\n<meta property=\"og:description\" content=\"Australien, Camper, Singapur, Melboure, Sidney\" \/>\n<meta property=\"og:url\" content=\"http:\/\/motorradcamperreisen.de\/?page_id=3218\" \/>\n<meta property=\"og:site_name\" content=\"motorradcamperreisen.de\" \/>\n<meta property=\"article:modified_time\" content=\"2024-06-25T12:15:17+00:00\" \/>\n<meta name=\"twitter:card\" content=\"summary_large_image\" \/>\n<meta name=\"twitter:label1\" content=\"Gesch\u00e4tzte Lesezeit\" \/>\n\t<meta name=\"twitter:data1\" content=\"5\u00a0Minuten\" \/>\n<script type=\"application\/ld+json\" class=\"yoast-schema-graph\">{\"@context\":\"https:\/\/schema.org\",\"@graph\":[{\"@type\":\"WebPage\",\"@id\":\"http:\/\/motorradcamperreisen.de\/?page_id=3218\",\"url\":\"http:\/\/motorradcamperreisen.de\/?page_id=3218\",\"name\":\"Die Planung steht..... - motorradcamperreisen.de\",\"isPartOf\":{\"@id\":\"http:\/\/motorradcamperreisen.de\/#website\"},\"datePublished\":\"2024-06-23T14:53:36+00:00\",\"dateModified\":\"2024-06-25T12:15:17+00:00\",\"description\":\"Australien, Camper, Singapur, Melboure, Sidney\",\"breadcrumb\":{\"@id\":\"http:\/\/motorradcamperreisen.de\/?page_id=3218#breadcrumb\"},\"inLanguage\":\"de\",\"potentialAction\":[{\"@type\":\"ReadAction\",\"target\":[\"http:\/\/motorradcamperreisen.de\/?page_id=3218\"]}]},{\"@type\":\"BreadcrumbList\",\"@id\":\"http:\/\/motorradcamperreisen.de\/?page_id=3218#breadcrumb\",\"itemListElement\":[{\"@type\":\"ListItem\",\"position\":1,\"name\":\"Startseite\",\"item\":\"http:\/\/motorradcamperreisen.de\/\"},{\"@type\":\"ListItem\",\"position\":2,\"name\":\"Australien 2024\",\"item\":\"http:\/\/motorradcamperreisen.de\/?page_id=3207\"},{\"@type\":\"ListItem\",\"position\":3,\"name\":\"Die Planung steht&#8230;..\"}]},{\"@type\":\"WebSite\",\"@id\":\"http:\/\/motorradcamperreisen.de\/#website\",\"url\":\"http:\/\/motorradcamperreisen.de\/\",\"name\":\"motorradcamperreisen.de\",\"description\":\"Motorradtouren, Camperreisen, St\u00e4dtetrips und was mir sonst noch so einf\u00e4llt....\",\"publisher\":{\"@id\":\"http:\/\/motorradcamperreisen.de\/#\/schema\/person\/3b5f74e4181c032b66d5c7b9f7ec1790\"},\"potentialAction\":[{\"@type\":\"SearchAction\",\"target\":{\"@type\":\"EntryPoint\",\"urlTemplate\":\"http:\/\/motorradcamperreisen.de\/?s={search_term_string}\"},\"query-input\":{\"@type\":\"PropertyValueSpecification\",\"valueRequired\":true,\"valueName\":\"search_term_string\"}}],\"inLanguage\":\"de\"},{\"@type\":[\"Person\",\"Organization\"],\"@id\":\"http:\/\/motorradcamperreisen.de\/#\/schema\/person\/3b5f74e4181c032b66d5c7b9f7ec1790\",\"name\":\"Bile66\",\"image\":{\"@type\":\"ImageObject\",\"inLanguage\":\"de\",\"@id\":\"http:\/\/motorradcamperreisen.de\/#\/schema\/person\/image\/\",\"url\":\"http:\/\/motorradcamperreisen.de\/wp-content\/uploads\/2022\/07\/IMG_20191005_143007-scaled.jpg\",\"contentUrl\":\"http:\/\/motorradcamperreisen.de\/wp-content\/uploads\/2022\/07\/IMG_20191005_143007-scaled.jpg\",\"width\":1920,\"height\":2560,\"caption\":\"Bile66\"},\"logo\":{\"@id\":\"http:\/\/motorradcamperreisen.de\/#\/schema\/person\/image\/\"},\"sameAs\":[\"http:\/\/motorradcamperreisen.de\"]}]}<\/script>\n<!-- \/ Yoast SEO plugin. -->","yoast_head_json":{"title":"Die Planung steht..... - motorradcamperreisen.de","description":"Australien, Camper, Singapur, Melboure, Sidney","robots":{"index":"index","follow":"follow","max-snippet":"max-snippet:-1","max-image-preview":"max-image-preview:large","max-video-preview":"max-video-preview:-1"},"canonical":"http:\/\/motorradcamperreisen.de\/?page_id=3218","og_locale":"de_DE","og_type":"article","og_title":"Die Planung steht..... - motorradcamperreisen.de","og_description":"Australien, Camper, Singapur, Melboure, Sidney","og_url":"http:\/\/motorradcamperreisen.de\/?page_id=3218","og_site_name":"motorradcamperreisen.de","article_modified_time":"2024-06-25T12:15:17+00:00","twitter_card":"summary_large_image","twitter_misc":{"Gesch\u00e4tzte Lesezeit":"5\u00a0Minuten"},"schema":{"@context":"https:\/\/schema.org","@graph":[{"@type":"WebPage","@id":"http:\/\/motorradcamperreisen.de\/?page_id=3218","url":"http:\/\/motorradcamperreisen.de\/?page_id=3218","name":"Die Planung steht..... - motorradcamperreisen.de","isPartOf":{"@id":"http:\/\/motorradcamperreisen.de\/#website"},"datePublished":"2024-06-23T14:53:36+00:00","dateModified":"2024-06-25T12:15:17+00:00","description":"Australien, Camper, Singapur, Melboure, Sidney","breadcrumb":{"@id":"http:\/\/motorradcamperreisen.de\/?page_id=3218#breadcrumb"},"inLanguage":"de","potentialAction":[{"@type":"ReadAction","target":["http:\/\/motorradcamperreisen.de\/?page_id=3218"]}]},{"@type":"BreadcrumbList","@id":"http:\/\/motorradcamperreisen.de\/?page_id=3218#breadcrumb","itemListElement":[{"@type":"ListItem","position":1,"name":"Startseite","item":"http:\/\/motorradcamperreisen.de\/"},{"@type":"ListItem","position":2,"name":"Australien 2024","item":"http:\/\/motorradcamperreisen.de\/?page_id=3207"},{"@type":"ListItem","position":3,"name":"Die Planung steht&#8230;.."}]},{"@type":"WebSite","@id":"http:\/\/motorradcamperreisen.de\/#website","url":"http:\/\/motorradcamperreisen.de\/","name":"motorradcamperreisen.de","description":"Motorradtouren, Camperreisen, St\u00e4dtetrips und was mir sonst noch so einf\u00e4llt....","publisher":{"@id":"http:\/\/motorradcamperreisen.de\/#\/schema\/person\/3b5f74e4181c032b66d5c7b9f7ec1790"},"potentialAction":[{"@type":"SearchAction","target":{"@type":"EntryPoint","urlTemplate":"http:\/\/motorradcamperreisen.de\/?s={search_term_string}"},"query-input":{"@type":"PropertyValueSpecification","valueRequired":true,"valueName":"search_term_string"}}],"inLanguage":"de"},{"@type":["Person","Organization"],"@id":"http:\/\/motorradcamperreisen.de\/#\/schema\/person\/3b5f74e4181c032b66d5c7b9f7ec1790","name":"Bile66","image":{"@type":"ImageObject","inLanguage":"de","@id":"http:\/\/motorradcamperreisen.de\/#\/schema\/person\/image\/","url":"http:\/\/motorradcamperreisen.de\/wp-content\/uploads\/2022\/07\/IMG_20191005_143007-scaled.jpg","contentUrl":"http:\/\/motorradcamperreisen.de\/wp-content\/uploads\/2022\/07\/IMG_20191005_143007-scaled.jpg","width":1920,"height":2560,"caption":"Bile66"},"logo":{"@id":"http:\/\/motorradcamperreisen.de\/#\/schema\/person\/image\/"},"sameAs":["http:\/\/motorradcamperreisen.de"]}]}},"_links":{"self":[{"href":"http:\/\/motorradcamperreisen.de\/index.php?rest_route=\/wp\/v2\/pages\/3218"}],"collection":[{"href":"http:\/\/motorradcamperreisen.de\/index.php?rest_route=\/wp\/v2\/pages"}],"about":[{"href":"http:\/\/motorradcamperreisen.de\/index.php?rest_route=\/wp\/v2\/types\/page"}],"author":[{"embeddable":true,"href":"http:\/\/motorradcamperreisen.de\/index.php?rest_route=\/wp\/v2\/users\/1"}],"replies":[{"embeddable":true,"href":"http:\/\/motorradcamperreisen.de\/index.php?rest_route=%2Fwp%2Fv2%2Fcomments&post=3218"}],"version-history":[{"count":3,"href":"http:\/\/motorradcamperreisen.de\/index.php?rest_route=\/wp\/v2\/pages\/3218\/revisions"}],"predecessor-version":[{"id":3221,"href":"http:\/\/motorradcamperreisen.de\/index.php?rest_route=\/wp\/v2\/pages\/3218\/revisions\/3221"}],"up":[{"embeddable":true,"href":"http:\/\/motorradcamperreisen.de\/index.php?rest_route=\/wp\/v2\/pages\/3207"}],"wp:attachment":[{"href":"http:\/\/motorradcamperreisen.de\/index.php?rest_route=%2Fwp%2Fv2%2Fmedia&parent=3218"}],"curies":[{"name":"wp","href":"https:\/\/api.w.org\/{rel}","templated":true}]}}