{"id":3207,"date":"2023-10-31T13:22:39","date_gmt":"2023-10-31T12:22:39","guid":{"rendered":"http:\/\/motorradcamperreisen.de\/?page_id=3207"},"modified":"2023-12-26T15:13:41","modified_gmt":"2023-12-26T14:13:41","slug":"australien-2024","status":"publish","type":"page","link":"http:\/\/motorradcamperreisen.de\/?page_id=3207","title":{"rendered":"Australien 2024"},"content":{"rendered":"\n<p>So langsam geht es los&#8230; Diese Reise muss besonders geplant werden, denn nochmal werde ich dort wohl nicht hinkommen.<\/p>\n\n\n\n<p>Ein grober Plan steht schon:<\/p>\n\n\n\n<p>Anreise ab Frankfurt nach Singapur, dort 3 N\u00e4chte Aufenthalt, bis es nach Melbourne weiter geht. In Melbourne ist bereits unser erstes B&amp;B gebucht, obwohl ansonsten noch nicht wirklich viel fest steht. <\/p>\n\n\n\n<p>Nach Melbourne werden wir nat\u00fcrlich den Ayers Rock, besser gesagt den Uluru besuchen &#8211; das wird mit Abstand der teuerste Ausflug auf dieser Reise. Aber nicht dorthin zu &#8222;fahren&#8220;, steht nicht zur Debatte.<\/p>\n\n\n\n<p>Melbourne ohne die Great Ocean Road w\u00e4re aber auch ein Verlust, also auch diesen Teil schon mal einplanen. <\/p>\n\n\n\n<p>Irgendwann und irgendwie wird es uns dann nach Sydney verschlagen, wo wir vermutlicherweise auf Wohnmobil bzw. Campervan umsteigen werden. Es soll dann die K\u00fcste hoch bis nach Cainrs geehen und von dort aus mit Flieger retoure nach Melbourne und nach Hause. <\/p>\n\n\n\n<p>Es liegt also einiges vor uns&#8230;&#8230;<\/p>\n\n\n\n<p>Aber wer ist \u00fcberhaupt uns?<\/p>\n\n\n\n<p>Kurzer Exkurs in mein jugendliches Leben&#8230;. Ja, ich war schon mal verheiratet. W\u00e4hrend der damaligen Zeit habe ich bei einer Firma gearbeitet, die eine Niederlassung in Brisbane aufbauen wollte. Mir hat man seinerzeit angeboten, nach Brisbane zu gehen und nat\u00fcrlich meinem damaligen Mann ebenfalls eine Stelle angeboten. Nun, was soll ich sagen? Ich war eindeutig zu jung f\u00fcr Brisbane und somit habe ich abgelehnt. Nat\u00fcrlich fragt man sich dann irgendwann, was hat man wohl verpasst. Da Thomas und ich das aber nie erfahren werden, haben wir (na gut, es war eher seine Idee) \u00fcberlegt, das m\u00fcssten wir uns doch mal ansehen. <\/p>\n\n\n\n<p>Da wir ansonsten auch Motorradtouren \u00fcber einige Wochen unternehmen, war die Entscheidung, sechs Wochen Australien, nicht so schwer zu treffen. <\/p>\n\n\n\n<p><\/p>\n\n\n\n<p><\/p>\n","protected":false},"excerpt":{"rendered":"<p>So langsam geht es los&#8230; Diese Reise muss besonders geplant werden, denn nochmal werde ich dort wohl nicht hinkommen. Ein grober Plan steht schon: Anreise ab Frankfurt nach Singapur, dort 3 N\u00e4chte Aufenthalt, bis es nach Melbourne weiter geht. In Melbourne ist bereits unser erstes B&amp;B gebucht, obwohl ansonsten noch nicht wirklich viel fest steht. [&hellip;]<\/p>\n","protected":false},"author":1,"featured_media":0,"parent":0,"menu_order":0,"comment_status":"open","ping_status":"closed","template":"","meta":{"site-sidebar-layout":"default","site-content-layout":"","ast-site-content-layout":"default","site-content-style":"default","site-sidebar-style":"default","ast-global-header-display":"","ast-banner-title-visibility":"","ast-main-header-display":"","ast-hfb-above-header-display":"","ast-hfb-below-header-display":"","ast-hfb-mobile-header-display":"","site-post-title":"","ast-breadcrumbs-content":"","ast-featured-img":"","footer-sml-layout":"","ast-disable-related-posts":"","theme-transparent-header-meta":"","adv-header-id-meta":"","stick-header-meta":"","header-above-stick-meta":"","header-main-stick-meta":"","header-below-stick-meta":"","astra-migrate-meta-layouts":"set","ast-page-background-enabled":"default","ast-page-background-meta":{"desktop":{"background-color":"","background-image":"","background-repeat":"repeat","background-position":"center center","background-size":"auto","background-attachment":"scroll","background-type":"","background-media":"","overlay-type":"","overlay-color":"","overlay-opacity":"","overlay-gradient":""},"tablet":{"background-color":"","background-image":"","background-repeat":"repeat","background-position":"center center","background-size":"auto","background-attachment":"scroll","background-type":"","background-media":"","overlay-type":"","overlay-color":"","overlay-opacity":"","overlay-gradient":""},"mobile":{"background-color":"","background-image":"","background-repeat":"repeat","background-position":"center center","background-size":"auto","background-attachment":"scroll","background-type":"","background-media":"","overlay-type":"","overlay-color":"","overlay-opacity":"","overlay-gradient":""}},"ast-content-background-meta":{"desktop":{"background-color":"var(--ast-global-color-5)","background-image":"","background-repeat":"repeat","background-position":"center center","background-size":"auto","background-attachment":"scroll","background-type":"","background-media":"","overlay-type":"","overlay-color":"","overlay-opacity":"","overlay-gradient":""},"tablet":{"background-color":"var(--ast-global-color-5)","background-image":"","background-repeat":"repeat","background-position":"center center","background-size":"auto","background-attachment":"scroll","background-type":"","background-media":"","overlay-type":"","overlay-color":"","overlay-opacity":"","overlay-gradient":""},"mobile":{"background-color":"var(--ast-global-color-5)","background-image":"","background-repeat":"repeat","background-position":"center center","background-size":"auto","background-attachment":"scroll","background-type":"","background-media":"","overlay-type":"","overlay-color":"","overlay-opacity":"","overlay-gradient":""}},"footnotes":""},"yoast_head":"<!-- This site is optimized with the Yoast SEO plugin v24.5 - https:\/\/yoast.com\/wordpress\/plugins\/seo\/ -->\n<title>Australien 2024 - motorradcamperreisen.de<\/title>\n<meta name=\"robots\" content=\"index, follow, max-snippet:-1, max-image-preview:large, max-video-preview:-1\" \/>\n<link rel=\"canonical\" href=\"http:\/\/motorradcamperreisen.de\/?page_id=3207\" \/>\n<meta property=\"og:locale\" content=\"de_DE\" \/>\n<meta property=\"og:type\" content=\"article\" \/>\n<meta property=\"og:title\" content=\"Australien 2024 - motorradcamperreisen.de\" \/>\n<meta property=\"og:description\" content=\"So langsam geht es los&#8230; Diese Reise muss besonders geplant werden, denn nochmal werde ich dort wohl nicht hinkommen. Ein grober Plan steht schon: Anreise ab Frankfurt nach Singapur, dort 3 N\u00e4chte Aufenthalt, bis es nach Melbourne weiter geht. In Melbourne ist bereits unser erstes B&amp;B gebucht, obwohl ansonsten noch nicht wirklich viel fest steht. [&hellip;]\" \/>\n<meta property=\"og:url\" content=\"http:\/\/motorradcamperreisen.de\/?page_id=3207\" \/>\n<meta property=\"og:site_name\" content=\"motorradcamperreisen.de\" \/>\n<meta property=\"article:modified_time\" content=\"2023-12-26T14:13:41+00:00\" \/>\n<meta name=\"twitter:card\" content=\"summary_large_image\" \/>\n<meta name=\"twitter:label1\" content=\"Gesch\u00e4tzte Lesezeit\" \/>\n\t<meta name=\"twitter:data1\" content=\"2\u00a0Minuten\" \/>\n<script type=\"application\/ld+json\" class=\"yoast-schema-graph\">{\"@context\":\"https:\/\/schema.org\",\"@graph\":[{\"@type\":\"WebPage\",\"@id\":\"http:\/\/motorradcamperreisen.de\/?page_id=3207\",\"url\":\"http:\/\/motorradcamperreisen.de\/?page_id=3207\",\"name\":\"Australien 2024 - motorradcamperreisen.de\",\"isPartOf\":{\"@id\":\"http:\/\/motorradcamperreisen.de\/#website\"},\"datePublished\":\"2023-10-31T12:22:39+00:00\",\"dateModified\":\"2023-12-26T14:13:41+00:00\",\"breadcrumb\":{\"@id\":\"http:\/\/motorradcamperreisen.de\/?page_id=3207#breadcrumb\"},\"inLanguage\":\"de\",\"potentialAction\":[{\"@type\":\"ReadAction\",\"target\":[\"http:\/\/motorradcamperreisen.de\/?page_id=3207\"]}]},{\"@type\":\"BreadcrumbList\",\"@id\":\"http:\/\/motorradcamperreisen.de\/?page_id=3207#breadcrumb\",\"itemListElement\":[{\"@type\":\"ListItem\",\"position\":1,\"name\":\"Startseite\",\"item\":\"http:\/\/motorradcamperreisen.de\/\"},{\"@type\":\"ListItem\",\"position\":2,\"name\":\"Australien 2024\"}]},{\"@type\":\"WebSite\",\"@id\":\"http:\/\/motorradcamperreisen.de\/#website\",\"url\":\"http:\/\/motorradcamperreisen.de\/\",\"name\":\"motorradcamperreisen.de\",\"description\":\"Motorradtouren, Camperreisen, St\u00e4dtetrips und was mir sonst noch so einf\u00e4llt....\",\"publisher\":{\"@id\":\"http:\/\/motorradcamperreisen.de\/#\/schema\/person\/3b5f74e4181c032b66d5c7b9f7ec1790\"},\"potentialAction\":[{\"@type\":\"SearchAction\",\"target\":{\"@type\":\"EntryPoint\",\"urlTemplate\":\"http:\/\/motorradcamperreisen.de\/?s={search_term_string}\"},\"query-input\":{\"@type\":\"PropertyValueSpecification\",\"valueRequired\":true,\"valueName\":\"search_term_string\"}}],\"inLanguage\":\"de\"},{\"@type\":[\"Person\",\"Organization\"],\"@id\":\"http:\/\/motorradcamperreisen.de\/#\/schema\/person\/3b5f74e4181c032b66d5c7b9f7ec1790\",\"name\":\"Bile66\",\"image\":{\"@type\":\"ImageObject\",\"inLanguage\":\"de\",\"@id\":\"http:\/\/motorradcamperreisen.de\/#\/schema\/person\/image\/\",\"url\":\"http:\/\/motorradcamperreisen.de\/wp-content\/uploads\/2022\/07\/IMG_20191005_143007-scaled.jpg\",\"contentUrl\":\"http:\/\/motorradcamperreisen.de\/wp-content\/uploads\/2022\/07\/IMG_20191005_143007-scaled.jpg\",\"width\":1920,\"height\":2560,\"caption\":\"Bile66\"},\"logo\":{\"@id\":\"http:\/\/motorradcamperreisen.de\/#\/schema\/person\/image\/\"},\"sameAs\":[\"http:\/\/motorradcamperreisen.de\"]}]}<\/script>\n<!-- \/ Yoast SEO plugin. -->","yoast_head_json":{"title":"Australien 2024 - motorradcamperreisen.de","robots":{"index":"index","follow":"follow","max-snippet":"max-snippet:-1","max-image-preview":"max-image-preview:large","max-video-preview":"max-video-preview:-1"},"canonical":"http:\/\/motorradcamperreisen.de\/?page_id=3207","og_locale":"de_DE","og_type":"article","og_title":"Australien 2024 - motorradcamperreisen.de","og_description":"So langsam geht es los&#8230; Diese Reise muss besonders geplant werden, denn nochmal werde ich dort wohl nicht hinkommen. Ein grober Plan steht schon: Anreise ab Frankfurt nach Singapur, dort 3 N\u00e4chte Aufenthalt, bis es nach Melbourne weiter geht. In Melbourne ist bereits unser erstes B&amp;B gebucht, obwohl ansonsten noch nicht wirklich viel fest steht. [&hellip;]","og_url":"http:\/\/motorradcamperreisen.de\/?page_id=3207","og_site_name":"motorradcamperreisen.de","article_modified_time":"2023-12-26T14:13:41+00:00","twitter_card":"summary_large_image","twitter_misc":{"Gesch\u00e4tzte Lesezeit":"2\u00a0Minuten"},"schema":{"@context":"https:\/\/schema.org","@graph":[{"@type":"WebPage","@id":"http:\/\/motorradcamperreisen.de\/?page_id=3207","url":"http:\/\/motorradcamperreisen.de\/?page_id=3207","name":"Australien 2024 - motorradcamperreisen.de","isPartOf":{"@id":"http:\/\/motorradcamperreisen.de\/#website"},"datePublished":"2023-10-31T12:22:39+00:00","dateModified":"2023-12-26T14:13:41+00:00","breadcrumb":{"@id":"http:\/\/motorradcamperreisen.de\/?page_id=3207#breadcrumb"},"inLanguage":"de","potentialAction":[{"@type":"ReadAction","target":["http:\/\/motorradcamperreisen.de\/?page_id=3207"]}]},{"@type":"BreadcrumbList","@id":"http:\/\/motorradcamperreisen.de\/?page_id=3207#breadcrumb","itemListElement":[{"@type":"ListItem","position":1,"name":"Startseite","item":"http:\/\/motorradcamperreisen.de\/"},{"@type":"ListItem","position":2,"name":"Australien 2024"}]},{"@type":"WebSite","@id":"http:\/\/motorradcamperreisen.de\/#website","url":"http:\/\/motorradcamperreisen.de\/","name":"motorradcamperreisen.de","description":"Motorradtouren, Camperreisen, St\u00e4dtetrips und was mir sonst noch so einf\u00e4llt....","publisher":{"@id":"http:\/\/motorradcamperreisen.de\/#\/schema\/person\/3b5f74e4181c032b66d5c7b9f7ec1790"},"potentialAction":[{"@type":"SearchAction","target":{"@type":"EntryPoint","urlTemplate":"http:\/\/motorradcamperreisen.de\/?s={search_term_string}"},"query-input":{"@type":"PropertyValueSpecification","valueRequired":true,"valueName":"search_term_string"}}],"inLanguage":"de"},{"@type":["Person","Organization"],"@id":"http:\/\/motorradcamperreisen.de\/#\/schema\/person\/3b5f74e4181c032b66d5c7b9f7ec1790","name":"Bile66","image":{"@type":"ImageObject","inLanguage":"de","@id":"http:\/\/motorradcamperreisen.de\/#\/schema\/person\/image\/","url":"http:\/\/motorradcamperreisen.de\/wp-content\/uploads\/2022\/07\/IMG_20191005_143007-scaled.jpg","contentUrl":"http:\/\/motorradcamperreisen.de\/wp-content\/uploads\/2022\/07\/IMG_20191005_143007-scaled.jpg","width":1920,"height":2560,"caption":"Bile66"},"logo":{"@id":"http:\/\/motorradcamperreisen.de\/#\/schema\/person\/image\/"},"sameAs":["http:\/\/motorradcamperreisen.de"]}]}},"_links":{"self":[{"href":"http:\/\/motorradcamperreisen.de\/index.php?rest_route=\/wp\/v2\/pages\/3207"}],"collection":[{"href":"http:\/\/motorradcamperreisen.de\/index.php?rest_route=\/wp\/v2\/pages"}],"about":[{"href":"http:\/\/motorradcamperreisen.de\/index.php?rest_route=\/wp\/v2\/types\/page"}],"author":[{"embeddable":true,"href":"http:\/\/motorradcamperreisen.de\/index.php?rest_route=\/wp\/v2\/users\/1"}],"replies":[{"embeddable":true,"href":"http:\/\/motorradcamperreisen.de\/index.php?rest_route=%2Fwp%2Fv2%2Fcomments&post=3207"}],"version-history":[{"count":3,"href":"http:\/\/motorradcamperreisen.de\/index.php?rest_route=\/wp\/v2\/pages\/3207\/revisions"}],"predecessor-version":[{"id":3215,"href":"http:\/\/motorradcamperreisen.de\/index.php?rest_route=\/wp\/v2\/pages\/3207\/revisions\/3215"}],"wp:attachment":[{"href":"http:\/\/motorradcamperreisen.de\/index.php?rest_route=%2Fwp%2Fv2%2Fmedia&parent=3207"}],"curies":[{"name":"wp","href":"https:\/\/api.w.org\/{rel}","templated":true}]}}