{"id":279,"date":"2021-06-21T11:46:51","date_gmt":"2021-06-21T09:46:51","guid":{"rendered":"http:\/\/motorradcamperreisen.de\/?page_id=279"},"modified":"2022-05-29T17:29:44","modified_gmt":"2022-05-29T15:29:44","slug":"essen-ostende","status":"publish","type":"page","link":"http:\/\/motorradcamperreisen.de\/?page_id=279","title":{"rendered":"01 Essen &#8211; Ostende"},"content":{"rendered":"\n<p>F\u00fcr den Einstieg in die Tour gibts eine schnelle Variante bis nach Ostende. Ich verbringe das Wochenende zuvor bei meinen Freunden in Essen und starte entspannt auf die ca. 18 Tage-Tour. Ich bin noch nicht festgelegt, habe mir am Ende des Urlaubs noch sicherheitshalber einen (eventuell sogar zwei) Tage eingeplant. Das entscheide ich spontan unterwegs.<\/p>\n\n\n\n<p>Kurzupdate: Die Internetverbindungen und mein Tablet sind \u00e4tzend. Allen denen  ich hier einen laufenden Reisebericht versprochen habe,muss ich       entt\u00e4uschen. Das ist mir \u00fcber Handy zu anstrengend. Sorry.<\/p>\n\n\n\n<p>Nun, ein Jahr sp\u00e4ter will ich doch zumindest mal Bilder einstellen<\/p>\n\n\n\n<figure class=\"wp-block-gallery has-nested-images columns-default is-cropped wp-block-gallery-1 is-layout-flex wp-block-gallery-is-layout-flex\">\n<figure class=\"wp-block-image size-large\"><img loading=\"lazy\" decoding=\"async\" width=\"768\" height=\"1024\" data-id=\"490\" src=\"http:\/\/motorradcamperreisen.de\/wp-content\/uploads\/2022\/05\/IMG_20210628_154350-1-768x1024.jpg\" alt=\"\" class=\"wp-image-490\" srcset=\"http:\/\/motorradcamperreisen.de\/wp-content\/uploads\/2022\/05\/IMG_20210628_154350-1-768x1024.jpg 768w, http:\/\/motorradcamperreisen.de\/wp-content\/uploads\/2022\/05\/IMG_20210628_154350-1-225x300.jpg 225w, http:\/\/motorradcamperreisen.de\/wp-content\/uploads\/2022\/05\/IMG_20210628_154350-1-1152x1536.jpg 1152w, http:\/\/motorradcamperreisen.de\/wp-content\/uploads\/2022\/05\/IMG_20210628_154350-1-1536x2048.jpg 1536w, http:\/\/motorradcamperreisen.de\/wp-content\/uploads\/2022\/05\/IMG_20210628_154350-1-scaled.jpg 1920w\" sizes=\"(max-width: 768px) 100vw, 768px\" \/><\/figure>\n\n\n\n<figure class=\"wp-block-image size-large\"><img loading=\"lazy\" decoding=\"async\" width=\"768\" height=\"1024\" data-id=\"491\" src=\"http:\/\/motorradcamperreisen.de\/wp-content\/uploads\/2022\/05\/IMG_20210628_155513-2-768x1024.jpg\" alt=\"\" class=\"wp-image-491\" srcset=\"http:\/\/motorradcamperreisen.de\/wp-content\/uploads\/2022\/05\/IMG_20210628_155513-2-768x1024.jpg 768w, http:\/\/motorradcamperreisen.de\/wp-content\/uploads\/2022\/05\/IMG_20210628_155513-2-225x300.jpg 225w, http:\/\/motorradcamperreisen.de\/wp-content\/uploads\/2022\/05\/IMG_20210628_155513-2-1152x1536.jpg 1152w, http:\/\/motorradcamperreisen.de\/wp-content\/uploads\/2022\/05\/IMG_20210628_155513-2-1536x2048.jpg 1536w, http:\/\/motorradcamperreisen.de\/wp-content\/uploads\/2022\/05\/IMG_20210628_155513-2-scaled.jpg 1920w\" sizes=\"(max-width: 768px) 100vw, 768px\" \/><\/figure>\n\n\n\n<figure class=\"wp-block-image size-large\"><img loading=\"lazy\" decoding=\"async\" width=\"768\" height=\"1024\" data-id=\"487\" src=\"http:\/\/motorradcamperreisen.de\/wp-content\/uploads\/2022\/05\/IMG_20210628_160705-2-768x1024.jpg\" alt=\"\" class=\"wp-image-487\" srcset=\"http:\/\/motorradcamperreisen.de\/wp-content\/uploads\/2022\/05\/IMG_20210628_160705-2-768x1024.jpg 768w, http:\/\/motorradcamperreisen.de\/wp-content\/uploads\/2022\/05\/IMG_20210628_160705-2-225x300.jpg 225w, http:\/\/motorradcamperreisen.de\/wp-content\/uploads\/2022\/05\/IMG_20210628_160705-2-1152x1536.jpg 1152w, http:\/\/motorradcamperreisen.de\/wp-content\/uploads\/2022\/05\/IMG_20210628_160705-2-1536x2048.jpg 1536w, http:\/\/motorradcamperreisen.de\/wp-content\/uploads\/2022\/05\/IMG_20210628_160705-2-scaled.jpg 1920w\" sizes=\"(max-width: 768px) 100vw, 768px\" \/><\/figure>\n\n\n\n<figure class=\"wp-block-image size-large\"><img loading=\"lazy\" decoding=\"async\" width=\"768\" height=\"1024\" data-id=\"488\" src=\"http:\/\/motorradcamperreisen.de\/wp-content\/uploads\/2022\/05\/IMG_20210628_161100-2-768x1024.jpg\" alt=\"\" class=\"wp-image-488\" srcset=\"http:\/\/motorradcamperreisen.de\/wp-content\/uploads\/2022\/05\/IMG_20210628_161100-2-768x1024.jpg 768w, http:\/\/motorradcamperreisen.de\/wp-content\/uploads\/2022\/05\/IMG_20210628_161100-2-225x300.jpg 225w, http:\/\/motorradcamperreisen.de\/wp-content\/uploads\/2022\/05\/IMG_20210628_161100-2-1152x1536.jpg 1152w, http:\/\/motorradcamperreisen.de\/wp-content\/uploads\/2022\/05\/IMG_20210628_161100-2-1536x2048.jpg 1536w, http:\/\/motorradcamperreisen.de\/wp-content\/uploads\/2022\/05\/IMG_20210628_161100-2-scaled.jpg 1920w\" sizes=\"(max-width: 768px) 100vw, 768px\" \/><\/figure>\n\n\n\n<figure class=\"wp-block-image size-large\"><img loading=\"lazy\" decoding=\"async\" width=\"768\" height=\"1024\" data-id=\"492\" src=\"http:\/\/motorradcamperreisen.de\/wp-content\/uploads\/2022\/05\/IMG_20210628_161422-2-768x1024.jpg\" alt=\"\" class=\"wp-image-492\" srcset=\"http:\/\/motorradcamperreisen.de\/wp-content\/uploads\/2022\/05\/IMG_20210628_161422-2-768x1024.jpg 768w, http:\/\/motorradcamperreisen.de\/wp-content\/uploads\/2022\/05\/IMG_20210628_161422-2-225x300.jpg 225w, http:\/\/motorradcamperreisen.de\/wp-content\/uploads\/2022\/05\/IMG_20210628_161422-2-1152x1536.jpg 1152w, http:\/\/motorradcamperreisen.de\/wp-content\/uploads\/2022\/05\/IMG_20210628_161422-2-1536x2048.jpg 1536w, http:\/\/motorradcamperreisen.de\/wp-content\/uploads\/2022\/05\/IMG_20210628_161422-2-scaled.jpg 1920w\" sizes=\"(max-width: 768px) 100vw, 768px\" \/><\/figure>\n\n\n\n<figure class=\"wp-block-image size-large\"><img loading=\"lazy\" decoding=\"async\" width=\"768\" height=\"1024\" data-id=\"489\" src=\"http:\/\/motorradcamperreisen.de\/wp-content\/uploads\/2022\/05\/IMG_20210628_161711-2-768x1024.jpg\" alt=\"\" class=\"wp-image-489\" srcset=\"http:\/\/motorradcamperreisen.de\/wp-content\/uploads\/2022\/05\/IMG_20210628_161711-2-768x1024.jpg 768w, http:\/\/motorradcamperreisen.de\/wp-content\/uploads\/2022\/05\/IMG_20210628_161711-2-225x300.jpg 225w, http:\/\/motorradcamperreisen.de\/wp-content\/uploads\/2022\/05\/IMG_20210628_161711-2-1152x1536.jpg 1152w, http:\/\/motorradcamperreisen.de\/wp-content\/uploads\/2022\/05\/IMG_20210628_161711-2-1536x2048.jpg 1536w, http:\/\/motorradcamperreisen.de\/wp-content\/uploads\/2022\/05\/IMG_20210628_161711-2-scaled.jpg 1920w\" sizes=\"(max-width: 768px) 100vw, 768px\" \/><\/figure>\n<\/figure>\n\n\n\n<p>Ich hatte mich \u00fcbrigens sehr auf eine echte belgische Waffel gefreut &#8211; und was war? Eine vorwitzige M\u00f6we hat mir diese direkt aus der Hand geklaut&#8230;.<\/p>\n\n\n\n<p><\/p>\n\n\n\n<p>Weiter gehts <a href=\"http:\/\/motorradcamperreisen.de\/?page_id=285\"><strong><mark style=\"background-color:rgba(0, 0, 0, 0)\" class=\"has-inline-color has-vivid-red-color\">nach<\/mark><\/strong><\/a><\/p>\n","protected":false},"excerpt":{"rendered":"<p>F\u00fcr den Einstieg in die Tour gibts eine schnelle Variante bis nach Ostende. Ich verbringe das Wochenende zuvor bei meinen Freunden in Essen und starte entspannt auf die ca. 18 Tage-Tour. Ich bin noch nicht festgelegt, habe mir am Ende des Urlaubs noch sicherheitshalber einen (eventuell sogar zwei) Tage eingeplant. Das entscheide ich spontan unterwegs. [&hellip;]<\/p>\n","protected":false},"author":1,"featured_media":267,"parent":240,"menu_order":1,"comment_status":"open","ping_status":"closed","template":"","meta":{"site-sidebar-layout":"default","site-content-layout":"default","ast-site-content-layout":"default","site-content-style":"default","site-sidebar-style":"default","ast-global-header-display":"","ast-banner-title-visibility":"","ast-main-header-display":"","ast-hfb-above-header-display":"","ast-hfb-below-header-display":"","ast-hfb-mobile-header-display":"","site-post-title":"","ast-breadcrumbs-content":"","ast-featured-img":"","footer-sml-layout":"","ast-disable-related-posts":"","theme-transparent-header-meta":"default","adv-header-id-meta":"","stick-header-meta":"","header-above-stick-meta":"","header-main-stick-meta":"","header-below-stick-meta":"","astra-migrate-meta-layouts":"default","ast-page-background-enabled":"default","ast-page-background-meta":{"desktop":{"background-color":"","background-image":"","background-repeat":"repeat","background-position":"center center","background-size":"auto","background-attachment":"scroll","background-type":"","background-media":"","overlay-type":"","overlay-color":"","overlay-opacity":"","overlay-gradient":""},"tablet":{"background-color":"","background-image":"","background-repeat":"repeat","background-position":"center center","background-size":"auto","background-attachment":"scroll","background-type":"","background-media":"","overlay-type":"","overlay-color":"","overlay-opacity":"","overlay-gradient":""},"mobile":{"background-color":"","background-image":"","background-repeat":"repeat","background-position":"center center","background-size":"auto","background-attachment":"scroll","background-type":"","background-media":"","overlay-type":"","overlay-color":"","overlay-opacity":"","overlay-gradient":""}},"ast-content-background-meta":{"desktop":{"background-color":"var(--ast-global-color-5)","background-image":"","background-repeat":"repeat","background-position":"center center","background-size":"auto","background-attachment":"scroll","background-type":"","background-media":"","overlay-type":"","overlay-color":"","overlay-opacity":"","overlay-gradient":""},"tablet":{"background-color":"var(--ast-global-color-5)","background-image":"","background-repeat":"repeat","background-position":"center center","background-size":"auto","background-attachment":"scroll","background-type":"","background-media":"","overlay-type":"","overlay-color":"","overlay-opacity":"","overlay-gradient":""},"mobile":{"background-color":"var(--ast-global-color-5)","background-image":"","background-repeat":"repeat","background-position":"center center","background-size":"auto","background-attachment":"scroll","background-type":"","background-media":"","overlay-type":"","overlay-color":"","overlay-opacity":"","overlay-gradient":""}},"footnotes":""},"yoast_head":"<!-- This site is optimized with the Yoast SEO plugin v24.5 - https:\/\/yoast.com\/wordpress\/plugins\/seo\/ -->\n<title>01 Essen - Ostende - motorradcamperreisen.de<\/title>\n<meta name=\"robots\" content=\"index, follow, max-snippet:-1, max-image-preview:large, max-video-preview:-1\" \/>\n<link rel=\"canonical\" href=\"http:\/\/motorradcamperreisen.de\/?page_id=279\" \/>\n<meta property=\"og:locale\" content=\"de_DE\" \/>\n<meta property=\"og:type\" content=\"article\" \/>\n<meta property=\"og:title\" content=\"01 Essen - Ostende - motorradcamperreisen.de\" \/>\n<meta property=\"og:description\" content=\"F\u00fcr den Einstieg in die Tour gibts eine schnelle Variante bis nach Ostende. Ich verbringe das Wochenende zuvor bei meinen Freunden in Essen und starte entspannt auf die ca. 18 Tage-Tour. Ich bin noch nicht festgelegt, habe mir am Ende des Urlaubs noch sicherheitshalber einen (eventuell sogar zwei) Tage eingeplant. Das entscheide ich spontan unterwegs. [&hellip;]\" \/>\n<meta property=\"og:url\" content=\"http:\/\/motorradcamperreisen.de\/?page_id=279\" \/>\n<meta property=\"og:site_name\" content=\"motorradcamperreisen.de\" \/>\n<meta property=\"article:modified_time\" content=\"2022-05-29T15:29:44+00:00\" \/>\n<meta property=\"og:image\" content=\"http:\/\/motorradcamperreisen.de\/wp-content\/uploads\/2021\/06\/grafik.png\" \/>\n\t<meta property=\"og:image:width\" content=\"1082\" \/>\n\t<meta property=\"og:image:height\" content=\"260\" \/>\n\t<meta property=\"og:image:type\" content=\"image\/png\" \/>\n<meta name=\"twitter:card\" content=\"summary_large_image\" \/>\n<meta name=\"twitter:label1\" content=\"Gesch\u00e4tzte Lesezeit\" \/>\n\t<meta name=\"twitter:data1\" content=\"1\u00a0Minute\" \/>\n<script type=\"application\/ld+json\" class=\"yoast-schema-graph\">{\"@context\":\"https:\/\/schema.org\",\"@graph\":[{\"@type\":\"WebPage\",\"@id\":\"http:\/\/motorradcamperreisen.de\/?page_id=279\",\"url\":\"http:\/\/motorradcamperreisen.de\/?page_id=279\",\"name\":\"01 Essen - Ostende - motorradcamperreisen.de\",\"isPartOf\":{\"@id\":\"http:\/\/motorradcamperreisen.de\/#website\"},\"primaryImageOfPage\":{\"@id\":\"http:\/\/motorradcamperreisen.de\/?page_id=279#primaryimage\"},\"image\":{\"@id\":\"http:\/\/motorradcamperreisen.de\/?page_id=279#primaryimage\"},\"thumbnailUrl\":\"http:\/\/motorradcamperreisen.de\/wp-content\/uploads\/2021\/06\/grafik.png\",\"datePublished\":\"2021-06-21T09:46:51+00:00\",\"dateModified\":\"2022-05-29T15:29:44+00:00\",\"breadcrumb\":{\"@id\":\"http:\/\/motorradcamperreisen.de\/?page_id=279#breadcrumb\"},\"inLanguage\":\"de\",\"potentialAction\":[{\"@type\":\"ReadAction\",\"target\":[\"http:\/\/motorradcamperreisen.de\/?page_id=279\"]}]},{\"@type\":\"ImageObject\",\"inLanguage\":\"de\",\"@id\":\"http:\/\/motorradcamperreisen.de\/?page_id=279#primaryimage\",\"url\":\"http:\/\/motorradcamperreisen.de\/wp-content\/uploads\/2021\/06\/grafik.png\",\"contentUrl\":\"http:\/\/motorradcamperreisen.de\/wp-content\/uploads\/2021\/06\/grafik.png\",\"width\":1082,\"height\":260},{\"@type\":\"BreadcrumbList\",\"@id\":\"http:\/\/motorradcamperreisen.de\/?page_id=279#breadcrumb\",\"itemListElement\":[{\"@type\":\"ListItem\",\"position\":1,\"name\":\"Startseite\",\"item\":\"http:\/\/motorradcamperreisen.de\/\"},{\"@type\":\"ListItem\",\"position\":2,\"name\":\"Frankreich 2021\",\"item\":\"http:\/\/motorradcamperreisen.de\/?page_id=240\"},{\"@type\":\"ListItem\",\"position\":3,\"name\":\"01 Essen &#8211; Ostende\"}]},{\"@type\":\"WebSite\",\"@id\":\"http:\/\/motorradcamperreisen.de\/#website\",\"url\":\"http:\/\/motorradcamperreisen.de\/\",\"name\":\"motorradcamperreisen.de\",\"description\":\"Motorradtouren, Camperreisen, St\u00e4dtetrips und was mir sonst noch so einf\u00e4llt....\",\"publisher\":{\"@id\":\"http:\/\/motorradcamperreisen.de\/#\/schema\/person\/3b5f74e4181c032b66d5c7b9f7ec1790\"},\"potentialAction\":[{\"@type\":\"SearchAction\",\"target\":{\"@type\":\"EntryPoint\",\"urlTemplate\":\"http:\/\/motorradcamperreisen.de\/?s={search_term_string}\"},\"query-input\":{\"@type\":\"PropertyValueSpecification\",\"valueRequired\":true,\"valueName\":\"search_term_string\"}}],\"inLanguage\":\"de\"},{\"@type\":[\"Person\",\"Organization\"],\"@id\":\"http:\/\/motorradcamperreisen.de\/#\/schema\/person\/3b5f74e4181c032b66d5c7b9f7ec1790\",\"name\":\"Bile66\",\"image\":{\"@type\":\"ImageObject\",\"inLanguage\":\"de\",\"@id\":\"http:\/\/motorradcamperreisen.de\/#\/schema\/person\/image\/\",\"url\":\"http:\/\/motorradcamperreisen.de\/wp-content\/uploads\/2022\/07\/IMG_20191005_143007-scaled.jpg\",\"contentUrl\":\"http:\/\/motorradcamperreisen.de\/wp-content\/uploads\/2022\/07\/IMG_20191005_143007-scaled.jpg\",\"width\":1920,\"height\":2560,\"caption\":\"Bile66\"},\"logo\":{\"@id\":\"http:\/\/motorradcamperreisen.de\/#\/schema\/person\/image\/\"},\"sameAs\":[\"http:\/\/motorradcamperreisen.de\"]}]}<\/script>\n<!-- \/ Yoast SEO plugin. -->","yoast_head_json":{"title":"01 Essen - Ostende - motorradcamperreisen.de","robots":{"index":"index","follow":"follow","max-snippet":"max-snippet:-1","max-image-preview":"max-image-preview:large","max-video-preview":"max-video-preview:-1"},"canonical":"http:\/\/motorradcamperreisen.de\/?page_id=279","og_locale":"de_DE","og_type":"article","og_title":"01 Essen - Ostende - motorradcamperreisen.de","og_description":"F\u00fcr den Einstieg in die Tour gibts eine schnelle Variante bis nach Ostende. Ich verbringe das Wochenende zuvor bei meinen Freunden in Essen und starte entspannt auf die ca. 18 Tage-Tour. Ich bin noch nicht festgelegt, habe mir am Ende des Urlaubs noch sicherheitshalber einen (eventuell sogar zwei) Tage eingeplant. Das entscheide ich spontan unterwegs. [&hellip;]","og_url":"http:\/\/motorradcamperreisen.de\/?page_id=279","og_site_name":"motorradcamperreisen.de","article_modified_time":"2022-05-29T15:29:44+00:00","og_image":[{"width":1082,"height":260,"url":"http:\/\/motorradcamperreisen.de\/wp-content\/uploads\/2021\/06\/grafik.png","type":"image\/png"}],"twitter_card":"summary_large_image","twitter_misc":{"Gesch\u00e4tzte Lesezeit":"1\u00a0Minute"},"schema":{"@context":"https:\/\/schema.org","@graph":[{"@type":"WebPage","@id":"http:\/\/motorradcamperreisen.de\/?page_id=279","url":"http:\/\/motorradcamperreisen.de\/?page_id=279","name":"01 Essen - Ostende - motorradcamperreisen.de","isPartOf":{"@id":"http:\/\/motorradcamperreisen.de\/#website"},"primaryImageOfPage":{"@id":"http:\/\/motorradcamperreisen.de\/?page_id=279#primaryimage"},"image":{"@id":"http:\/\/motorradcamperreisen.de\/?page_id=279#primaryimage"},"thumbnailUrl":"http:\/\/motorradcamperreisen.de\/wp-content\/uploads\/2021\/06\/grafik.png","datePublished":"2021-06-21T09:46:51+00:00","dateModified":"2022-05-29T15:29:44+00:00","breadcrumb":{"@id":"http:\/\/motorradcamperreisen.de\/?page_id=279#breadcrumb"},"inLanguage":"de","potentialAction":[{"@type":"ReadAction","target":["http:\/\/motorradcamperreisen.de\/?page_id=279"]}]},{"@type":"ImageObject","inLanguage":"de","@id":"http:\/\/motorradcamperreisen.de\/?page_id=279#primaryimage","url":"http:\/\/motorradcamperreisen.de\/wp-content\/uploads\/2021\/06\/grafik.png","contentUrl":"http:\/\/motorradcamperreisen.de\/wp-content\/uploads\/2021\/06\/grafik.png","width":1082,"height":260},{"@type":"BreadcrumbList","@id":"http:\/\/motorradcamperreisen.de\/?page_id=279#breadcrumb","itemListElement":[{"@type":"ListItem","position":1,"name":"Startseite","item":"http:\/\/motorradcamperreisen.de\/"},{"@type":"ListItem","position":2,"name":"Frankreich 2021","item":"http:\/\/motorradcamperreisen.de\/?page_id=240"},{"@type":"ListItem","position":3,"name":"01 Essen &#8211; Ostende"}]},{"@type":"WebSite","@id":"http:\/\/motorradcamperreisen.de\/#website","url":"http:\/\/motorradcamperreisen.de\/","name":"motorradcamperreisen.de","description":"Motorradtouren, Camperreisen, St\u00e4dtetrips und was mir sonst noch so einf\u00e4llt....","publisher":{"@id":"http:\/\/motorradcamperreisen.de\/#\/schema\/person\/3b5f74e4181c032b66d5c7b9f7ec1790"},"potentialAction":[{"@type":"SearchAction","target":{"@type":"EntryPoint","urlTemplate":"http:\/\/motorradcamperreisen.de\/?s={search_term_string}"},"query-input":{"@type":"PropertyValueSpecification","valueRequired":true,"valueName":"search_term_string"}}],"inLanguage":"de"},{"@type":["Person","Organization"],"@id":"http:\/\/motorradcamperreisen.de\/#\/schema\/person\/3b5f74e4181c032b66d5c7b9f7ec1790","name":"Bile66","image":{"@type":"ImageObject","inLanguage":"de","@id":"http:\/\/motorradcamperreisen.de\/#\/schema\/person\/image\/","url":"http:\/\/motorradcamperreisen.de\/wp-content\/uploads\/2022\/07\/IMG_20191005_143007-scaled.jpg","contentUrl":"http:\/\/motorradcamperreisen.de\/wp-content\/uploads\/2022\/07\/IMG_20191005_143007-scaled.jpg","width":1920,"height":2560,"caption":"Bile66"},"logo":{"@id":"http:\/\/motorradcamperreisen.de\/#\/schema\/person\/image\/"},"sameAs":["http:\/\/motorradcamperreisen.de"]}]}},"_links":{"self":[{"href":"http:\/\/motorradcamperreisen.de\/index.php?rest_route=\/wp\/v2\/pages\/279"}],"collection":[{"href":"http:\/\/motorradcamperreisen.de\/index.php?rest_route=\/wp\/v2\/pages"}],"about":[{"href":"http:\/\/motorradcamperreisen.de\/index.php?rest_route=\/wp\/v2\/types\/page"}],"author":[{"embeddable":true,"href":"http:\/\/motorradcamperreisen.de\/index.php?rest_route=\/wp\/v2\/users\/1"}],"replies":[{"embeddable":true,"href":"http:\/\/motorradcamperreisen.de\/index.php?rest_route=%2Fwp%2Fv2%2Fcomments&post=279"}],"version-history":[{"count":7,"href":"http:\/\/motorradcamperreisen.de\/index.php?rest_route=\/wp\/v2\/pages\/279\/revisions"}],"predecessor-version":[{"id":635,"href":"http:\/\/motorradcamperreisen.de\/index.php?rest_route=\/wp\/v2\/pages\/279\/revisions\/635"}],"up":[{"embeddable":true,"href":"http:\/\/motorradcamperreisen.de\/index.php?rest_route=\/wp\/v2\/pages\/240"}],"wp:featuredmedia":[{"embeddable":true,"href":"http:\/\/motorradcamperreisen.de\/index.php?rest_route=\/wp\/v2\/media\/267"}],"wp:attachment":[{"href":"http:\/\/motorradcamperreisen.de\/index.php?rest_route=%2Fwp%2Fv2%2Fmedia&parent=279"}],"curies":[{"name":"wp","href":"https:\/\/api.w.org\/{rel}","templated":true}]}}