{"id":240,"date":"2021-06-21T11:34:07","date_gmt":"2021-06-21T09:34:07","guid":{"rendered":"http:\/\/motorradcamperreisen.de\/?page_id=240"},"modified":"2022-05-29T18:12:58","modified_gmt":"2022-05-29T16:12:58","slug":"frankreich-2021","status":"publish","type":"page","link":"http:\/\/motorradcamperreisen.de\/?page_id=240","title":{"rendered":"Frankreich 2021"},"content":{"rendered":"\n<h2 class=\"wp-block-heading\">Meine Reise nach Frankreich mit Schr\u00f6der<\/h2>\n\n\n\n<p>Die letzten Monate waren doch etwas turbulent. Und so ergibt es sich jetzt, dass ich erst mal eine Reise mit Schr\u00f6der unternehme und erst sp\u00e4ter den Umbau beschreibe und schildere. Beim Umbau gibts erst mal nur ein paar <a href=\"http:\/\/motorradcamperreisen.de\/?page_id=247\"><strong><span class=\"has-inline-color has-vivid-red-color\">Bildeindr\u00fccke<\/span><\/strong><\/a>.<\/p>\n\n\n\n<p>Die Planung sieht zun\u00e4chst mal wie folgt aus:<\/p>\n\n\n\n<p><strong><span class=\"has-inline-color has-luminous-vivid-orange-color\">F1 Essen \u2013 Ostende 314 km<\/span><\/strong><\/p>\n\n\n\n<p>Fort Napoleon, St. Peter und Paul Kirche, Mercator, Lange Nelle, Monument of Leopold II, Streetart<\/p>\n\n\n\n<p><strong><span class=\"has-inline-color has-luminous-vivid-orange-color\">F2 Ostende \u2013 Le Treport 233 km<\/span><\/strong><\/p>\n\n\n\n<p>Mit der Funiculaire auf den Felsen:&nbsp;<\/p>\n\n\n\n<p><a href=\"https:\/\/www.tripadvisor.de\/Attraction_Review-g1024176-d11727039-Reviews-Vue_panoramique-Le_Treport_Seine_MaLe Tritime_Haute_Normandie_Normandy.html\">Panoramablick<\/a><\/p>\n\n\n\n<p><a href=\"https:\/\/www.tripadvisor.de\/Attraction_Review-g15667020-d16882802-Reviews-Eglise_Saint_Martin-Mers_les_Bains_Abbeville_Somme_Hauts_de_France.html#REVIEWS\">Eglise Saint-Martin<\/a><\/p>\n\n\n\n<p><strong><span class=\"has-inline-color has-luminous-vivid-orange-color\">F3 Le-Tr\u00e9port \u2013 Dieppe \u2013 Rouen 100 km<\/span><\/strong><\/p>\n\n\n\n<p>Dieppe: <a href=\"https:\/\/www.france-voyage.com\/frankreich-stadte\/dieppe-30209\/schloss-dieppe-13132.htm\">Burganlage<\/a><\/p>\n\n\n\n<p>Anschrift: Boulevard de la Mer, Dieppe<\/p>\n\n\n\n<p><a href=\"https:\/\/www.outdooractive.com\/de\/route\/stadtrundgang\/stadtrundgang-historisches-rouen-und-die-promenade-der-seine\/124135074\/\">Stadtbesichtigung Rouen<\/a>&nbsp; <\/p>\n\n\n\n<p><strong><span class=\"has-inline-color has-luminous-vivid-orange-color\">F4 Rouen \u2013 F\u00e9camp \u2013 Etretat \u2013 Honfleur \u2013 152 km<\/span><\/strong><\/p>\n\n\n\n<p>Fecamp: <a href=\"https:\/\/www.tripadvisor.de\/Attraction_Review-g580151-d3227602-Reviews-Chapel_Notre_Dame_du_Salut-Fecamp_Seine_Maritime_Haute_Normandie_Normandy.html\">Chapel Notre-Dame-du-Salut<\/a><\/p>\n\n\n\n<p><a href=\"https:\/\/www.tripadvisor.de\/Attraction_Review-g580151-d523991-Reviews-Trinity_Abbey_Abbey_de_la_Trinite-Fecamp_Seine_Maritime_Haute_Normandie_Normandy.html\">Trinity Abbey<\/a>: Anschrift: Rue Leroux<\/p>\n\n\n\n<p>&nbsp;<a href=\"http:\/\/de.normandie-tourisme.fr\/pcu\/der-palais-benedictine\/fecamp\/fiche-PCUNORM00FS0008D-3.html\">Palais Benedictine<\/a>: Anschrift: 110 rue Alexandre Le Grand, 76400 FECAMP&nbsp;<\/p>\n\n\n\n<p>Etretat: <strong>Falaise d\u2019Amont<\/strong>, gleich neben einer kleinen Kapelle und dem Monument \u201cl\u2019Oiseau Blanc\u201d (Steilk\u00fcste)<\/p>\n\n\n\n<p>Honfleur: Pont de Normandie (Br\u00fccke nach Le Havre)<\/p>\n\n\n\n<p><strong><span class=\"has-inline-color has-luminous-vivid-orange-color\">F5 Honfleur &#8211; Deauville \u2013 Port-en-Bessin-Huppain \u2013 Omaha \u2013&nbsp; Barfleur 190 km<\/span><\/strong><\/p>\n\n\n\n<p>Omaha Beach &#8211; Barfleur Hafen Spaziergang&nbsp;<\/p>\n\n\n\n<p><strong><span class=\"has-inline-color has-luminous-vivid-orange-color\">F6 Barfleur&nbsp; &#8211; Cap de la Hague &nbsp; \u2013&nbsp; Mont Saint Michel&nbsp; 224 km<\/span><\/strong><\/p>\n\n\n\n<p>Cap de La Hague: Widerstandsnest<\/p>\n\n\n\n<p><a href=\"https:\/\/www.tripadvisor.de\/AttractionProductReview-g196646-d12152815-Skip_the_Line_Normandy_Mont_Saint_Michel_Abbey_Ticket-Mont_Saint_Michel_Manche_Bas.html\">Moint Saint Michel<\/a><\/p>\n\n\n\n<p><strong><span class=\"has-inline-color has-luminous-vivid-orange-color\">F7 St. Malo<\/span><\/strong><\/p>\n\n\n\n<p><a href=\"https:\/\/www.bretagne-reisen.de\/reiseziele\/die-10-reiseziele\/cap-frehel-saint-malo-bucht-des-mont-saint-michel\/saint-malo\/\">Saint Malo<\/a><\/p>\n\n\n\n<p><strong><span class=\"has-inline-color has-luminous-vivid-orange-color\">F8 Saint Malo &#8211; Semaphore de Ploumanach &#8211; Pointe de Pontusval 260 km<\/span><\/strong><\/p>\n\n\n\n<p>Gem\u00fctliches K\u00fcstenfahren ohne besondere Ziele. Anhalten wo es sch\u00f6n ist.&nbsp;<\/p>\n\n\n\n<p><strong><span class=\"has-inline-color has-luminous-vivid-orange-color\">F9&nbsp;Pointe de Pontusval &#8211; Concerneau &#8211; Carnac &#8211; Rue de Port Kerne&nbsp;<\/span><\/strong><\/p>\n\n\n\n<p><strong><span class=\"has-inline-color has-luminous-vivid-orange-color\">F9a Pointe de Pontusval &#8211; Angers<\/span><\/strong><\/p>\n\n\n\n<p><a href=\"https:\/\/www.loiretal-atlantik.com\/stadte-und-urbaner-tourismus\/24-stunden-in-angers\">Stadtrundgang Angers<\/a><\/p>\n\n\n\n<p><strong><span class=\"has-inline-color has-luminous-vivid-orange-color\">F10 Angers &#8211; Passage du Goi &#8211; \u00dcbernachtung auf der Insel Ile noirmoutier<\/span><\/strong><\/p>\n\n\n\n<p><strong><span class=\"has-inline-color has-luminous-vivid-orange-color\">F11 Ile Noirmoutier -Royan &#8211; Basilika &#8211; Dune du Pilat 174 km<\/span><\/strong><\/p>\n","protected":false},"excerpt":{"rendered":"<p>Meine Reise nach Frankreich mit Schr\u00f6der Die letzten Monate waren doch etwas turbulent. Und so ergibt es sich jetzt, dass ich erst mal eine Reise mit Schr\u00f6der unternehme und erst sp\u00e4ter den Umbau beschreibe und schildere. Beim Umbau gibts erst mal nur ein paar Bildeindr\u00fccke. Die Planung sieht zun\u00e4chst mal wie folgt aus: F1 Essen [&hellip;]<\/p>\n","protected":false},"author":1,"featured_media":0,"parent":0,"menu_order":0,"comment_status":"closed","ping_status":"closed","template":"","meta":{"site-sidebar-layout":"default","site-content-layout":"default","ast-site-content-layout":"default","site-content-style":"default","site-sidebar-style":"default","ast-global-header-display":"","ast-banner-title-visibility":"","ast-main-header-display":"","ast-hfb-above-header-display":"","ast-hfb-below-header-display":"","ast-hfb-mobile-header-display":"","site-post-title":"","ast-breadcrumbs-content":"","ast-featured-img":"","footer-sml-layout":"","ast-disable-related-posts":"","theme-transparent-header-meta":"default","adv-header-id-meta":"","stick-header-meta":"","header-above-stick-meta":"","header-main-stick-meta":"","header-below-stick-meta":"","astra-migrate-meta-layouts":"default","ast-page-background-enabled":"default","ast-page-background-meta":{"desktop":{"background-color":"","background-image":"","background-repeat":"repeat","background-position":"center center","background-size":"auto","background-attachment":"scroll","background-type":"","background-media":"","overlay-type":"","overlay-color":"","overlay-opacity":"","overlay-gradient":""},"tablet":{"background-color":"","background-image":"","background-repeat":"repeat","background-position":"center center","background-size":"auto","background-attachment":"scroll","background-type":"","background-media":"","overlay-type":"","overlay-color":"","overlay-opacity":"","overlay-gradient":""},"mobile":{"background-color":"","background-image":"","background-repeat":"repeat","background-position":"center center","background-size":"auto","background-attachment":"scroll","background-type":"","background-media":"","overlay-type":"","overlay-color":"","overlay-opacity":"","overlay-gradient":""}},"ast-content-background-meta":{"desktop":{"background-color":"var(--ast-global-color-5)","background-image":"","background-repeat":"repeat","background-position":"center center","background-size":"auto","background-attachment":"scroll","background-type":"","background-media":"","overlay-type":"","overlay-color":"","overlay-opacity":"","overlay-gradient":""},"tablet":{"background-color":"var(--ast-global-color-5)","background-image":"","background-repeat":"repeat","background-position":"center center","background-size":"auto","background-attachment":"scroll","background-type":"","background-media":"","overlay-type":"","overlay-color":"","overlay-opacity":"","overlay-gradient":""},"mobile":{"background-color":"var(--ast-global-color-5)","background-image":"","background-repeat":"repeat","background-position":"center center","background-size":"auto","background-attachment":"scroll","background-type":"","background-media":"","overlay-type":"","overlay-color":"","overlay-opacity":"","overlay-gradient":""}},"footnotes":""},"yoast_head":"<!-- This site is optimized with the Yoast SEO plugin v24.5 - https:\/\/yoast.com\/wordpress\/plugins\/seo\/ -->\n<title>Frankreich 2021 - motorradcamperreisen.de<\/title>\n<meta name=\"robots\" content=\"index, follow, max-snippet:-1, max-image-preview:large, max-video-preview:-1\" \/>\n<link rel=\"canonical\" href=\"http:\/\/motorradcamperreisen.de\/?page_id=240\" \/>\n<meta property=\"og:locale\" content=\"de_DE\" \/>\n<meta property=\"og:type\" content=\"article\" \/>\n<meta property=\"og:title\" content=\"Frankreich 2021 - motorradcamperreisen.de\" \/>\n<meta property=\"og:description\" content=\"Meine Reise nach Frankreich mit Schr\u00f6der Die letzten Monate waren doch etwas turbulent. Und so ergibt es sich jetzt, dass ich erst mal eine Reise mit Schr\u00f6der unternehme und erst sp\u00e4ter den Umbau beschreibe und schildere. Beim Umbau gibts erst mal nur ein paar Bildeindr\u00fccke. Die Planung sieht zun\u00e4chst mal wie folgt aus: F1 Essen [&hellip;]\" \/>\n<meta property=\"og:url\" content=\"http:\/\/motorradcamperreisen.de\/?page_id=240\" \/>\n<meta property=\"og:site_name\" content=\"motorradcamperreisen.de\" \/>\n<meta property=\"article:modified_time\" content=\"2022-05-29T16:12:58+00:00\" \/>\n<meta name=\"twitter:card\" content=\"summary_large_image\" \/>\n<meta name=\"twitter:label1\" content=\"Gesch\u00e4tzte Lesezeit\" \/>\n\t<meta name=\"twitter:data1\" content=\"1\u00a0Minute\" \/>\n<script type=\"application\/ld+json\" class=\"yoast-schema-graph\">{\"@context\":\"https:\/\/schema.org\",\"@graph\":[{\"@type\":\"WebPage\",\"@id\":\"http:\/\/motorradcamperreisen.de\/?page_id=240\",\"url\":\"http:\/\/motorradcamperreisen.de\/?page_id=240\",\"name\":\"Frankreich 2021 - motorradcamperreisen.de\",\"isPartOf\":{\"@id\":\"http:\/\/motorradcamperreisen.de\/#website\"},\"datePublished\":\"2021-06-21T09:34:07+00:00\",\"dateModified\":\"2022-05-29T16:12:58+00:00\",\"breadcrumb\":{\"@id\":\"http:\/\/motorradcamperreisen.de\/?page_id=240#breadcrumb\"},\"inLanguage\":\"de\",\"potentialAction\":[{\"@type\":\"ReadAction\",\"target\":[\"http:\/\/motorradcamperreisen.de\/?page_id=240\"]}]},{\"@type\":\"BreadcrumbList\",\"@id\":\"http:\/\/motorradcamperreisen.de\/?page_id=240#breadcrumb\",\"itemListElement\":[{\"@type\":\"ListItem\",\"position\":1,\"name\":\"Startseite\",\"item\":\"http:\/\/motorradcamperreisen.de\/\"},{\"@type\":\"ListItem\",\"position\":2,\"name\":\"Frankreich 2021\"}]},{\"@type\":\"WebSite\",\"@id\":\"http:\/\/motorradcamperreisen.de\/#website\",\"url\":\"http:\/\/motorradcamperreisen.de\/\",\"name\":\"motorradcamperreisen.de\",\"description\":\"Motorradtouren, Camperreisen, St\u00e4dtetrips und was mir sonst noch so einf\u00e4llt....\",\"publisher\":{\"@id\":\"http:\/\/motorradcamperreisen.de\/#\/schema\/person\/3b5f74e4181c032b66d5c7b9f7ec1790\"},\"potentialAction\":[{\"@type\":\"SearchAction\",\"target\":{\"@type\":\"EntryPoint\",\"urlTemplate\":\"http:\/\/motorradcamperreisen.de\/?s={search_term_string}\"},\"query-input\":{\"@type\":\"PropertyValueSpecification\",\"valueRequired\":true,\"valueName\":\"search_term_string\"}}],\"inLanguage\":\"de\"},{\"@type\":[\"Person\",\"Organization\"],\"@id\":\"http:\/\/motorradcamperreisen.de\/#\/schema\/person\/3b5f74e4181c032b66d5c7b9f7ec1790\",\"name\":\"Bile66\",\"image\":{\"@type\":\"ImageObject\",\"inLanguage\":\"de\",\"@id\":\"http:\/\/motorradcamperreisen.de\/#\/schema\/person\/image\/\",\"url\":\"http:\/\/motorradcamperreisen.de\/wp-content\/uploads\/2022\/07\/IMG_20191005_143007-scaled.jpg\",\"contentUrl\":\"http:\/\/motorradcamperreisen.de\/wp-content\/uploads\/2022\/07\/IMG_20191005_143007-scaled.jpg\",\"width\":1920,\"height\":2560,\"caption\":\"Bile66\"},\"logo\":{\"@id\":\"http:\/\/motorradcamperreisen.de\/#\/schema\/person\/image\/\"},\"sameAs\":[\"http:\/\/motorradcamperreisen.de\"]}]}<\/script>\n<!-- \/ Yoast SEO plugin. -->","yoast_head_json":{"title":"Frankreich 2021 - motorradcamperreisen.de","robots":{"index":"index","follow":"follow","max-snippet":"max-snippet:-1","max-image-preview":"max-image-preview:large","max-video-preview":"max-video-preview:-1"},"canonical":"http:\/\/motorradcamperreisen.de\/?page_id=240","og_locale":"de_DE","og_type":"article","og_title":"Frankreich 2021 - motorradcamperreisen.de","og_description":"Meine Reise nach Frankreich mit Schr\u00f6der Die letzten Monate waren doch etwas turbulent. Und so ergibt es sich jetzt, dass ich erst mal eine Reise mit Schr\u00f6der unternehme und erst sp\u00e4ter den Umbau beschreibe und schildere. Beim Umbau gibts erst mal nur ein paar Bildeindr\u00fccke. Die Planung sieht zun\u00e4chst mal wie folgt aus: F1 Essen [&hellip;]","og_url":"http:\/\/motorradcamperreisen.de\/?page_id=240","og_site_name":"motorradcamperreisen.de","article_modified_time":"2022-05-29T16:12:58+00:00","twitter_card":"summary_large_image","twitter_misc":{"Gesch\u00e4tzte Lesezeit":"1\u00a0Minute"},"schema":{"@context":"https:\/\/schema.org","@graph":[{"@type":"WebPage","@id":"http:\/\/motorradcamperreisen.de\/?page_id=240","url":"http:\/\/motorradcamperreisen.de\/?page_id=240","name":"Frankreich 2021 - motorradcamperreisen.de","isPartOf":{"@id":"http:\/\/motorradcamperreisen.de\/#website"},"datePublished":"2021-06-21T09:34:07+00:00","dateModified":"2022-05-29T16:12:58+00:00","breadcrumb":{"@id":"http:\/\/motorradcamperreisen.de\/?page_id=240#breadcrumb"},"inLanguage":"de","potentialAction":[{"@type":"ReadAction","target":["http:\/\/motorradcamperreisen.de\/?page_id=240"]}]},{"@type":"BreadcrumbList","@id":"http:\/\/motorradcamperreisen.de\/?page_id=240#breadcrumb","itemListElement":[{"@type":"ListItem","position":1,"name":"Startseite","item":"http:\/\/motorradcamperreisen.de\/"},{"@type":"ListItem","position":2,"name":"Frankreich 2021"}]},{"@type":"WebSite","@id":"http:\/\/motorradcamperreisen.de\/#website","url":"http:\/\/motorradcamperreisen.de\/","name":"motorradcamperreisen.de","description":"Motorradtouren, Camperreisen, St\u00e4dtetrips und was mir sonst noch so einf\u00e4llt....","publisher":{"@id":"http:\/\/motorradcamperreisen.de\/#\/schema\/person\/3b5f74e4181c032b66d5c7b9f7ec1790"},"potentialAction":[{"@type":"SearchAction","target":{"@type":"EntryPoint","urlTemplate":"http:\/\/motorradcamperreisen.de\/?s={search_term_string}"},"query-input":{"@type":"PropertyValueSpecification","valueRequired":true,"valueName":"search_term_string"}}],"inLanguage":"de"},{"@type":["Person","Organization"],"@id":"http:\/\/motorradcamperreisen.de\/#\/schema\/person\/3b5f74e4181c032b66d5c7b9f7ec1790","name":"Bile66","image":{"@type":"ImageObject","inLanguage":"de","@id":"http:\/\/motorradcamperreisen.de\/#\/schema\/person\/image\/","url":"http:\/\/motorradcamperreisen.de\/wp-content\/uploads\/2022\/07\/IMG_20191005_143007-scaled.jpg","contentUrl":"http:\/\/motorradcamperreisen.de\/wp-content\/uploads\/2022\/07\/IMG_20191005_143007-scaled.jpg","width":1920,"height":2560,"caption":"Bile66"},"logo":{"@id":"http:\/\/motorradcamperreisen.de\/#\/schema\/person\/image\/"},"sameAs":["http:\/\/motorradcamperreisen.de"]}]}},"_links":{"self":[{"href":"http:\/\/motorradcamperreisen.de\/index.php?rest_route=\/wp\/v2\/pages\/240"}],"collection":[{"href":"http:\/\/motorradcamperreisen.de\/index.php?rest_route=\/wp\/v2\/pages"}],"about":[{"href":"http:\/\/motorradcamperreisen.de\/index.php?rest_route=\/wp\/v2\/types\/page"}],"author":[{"embeddable":true,"href":"http:\/\/motorradcamperreisen.de\/index.php?rest_route=\/wp\/v2\/users\/1"}],"replies":[{"embeddable":true,"href":"http:\/\/motorradcamperreisen.de\/index.php?rest_route=%2Fwp%2Fv2%2Fcomments&post=240"}],"version-history":[{"count":5,"href":"http:\/\/motorradcamperreisen.de\/index.php?rest_route=\/wp\/v2\/pages\/240\/revisions"}],"predecessor-version":[{"id":414,"href":"http:\/\/motorradcamperreisen.de\/index.php?rest_route=\/wp\/v2\/pages\/240\/revisions\/414"}],"wp:attachment":[{"href":"http:\/\/motorradcamperreisen.de\/index.php?rest_route=%2Fwp%2Fv2%2Fmedia&parent=240"}],"curies":[{"name":"wp","href":"https:\/\/api.w.org\/{rel}","templated":true}]}}