{"id":22,"date":"2021-02-06T21:00:00","date_gmt":"2021-02-06T20:00:00","guid":{"rendered":"http:\/\/motorradcamperreisen.de\/?page_id=22"},"modified":"2022-07-08T15:14:24","modified_gmt":"2022-07-08T13:14:24","slug":"camper","status":"publish","type":"page","link":"http:\/\/motorradcamperreisen.de\/?page_id=22","title":{"rendered":"Camper"},"content":{"rendered":"\n<p>Wie alles begann&#8230;&#8230;<\/p>\n\n\n\n<p>Im Laufe des Jahres 2020 wurde relativ schnell klar, dass normale Urlaube erst mal nicht mehr gehen werden. Ich fahre schon ganz gerne mal in die Sonne \u2013 ans Meer &#8211; , mache aber ansonsten auch Motorradreisen. Meist im Jahreswechsel. Der Plan f\u00fcr 2021 stand bereits &#8211; es w\u00e4re mal wieder ein Flugurlaub geworden &#8211; aber es war absehbar, dass das nichts werden wird. Im September haben wir uns also von diesem Gedanken verabschiedet.<\/p>\n\n\n\n<p>Motorradurlaub ist genauso wenig drin. Konnten wir im Sommer 2020 wenigstens noch eine Alternativ-Rundreise D-\u00d6sterreich (geplant war Franz\u00f6sische Atlantikk\u00fcste) machen, so war mir aber klar, dass ich in 2021 nicht schon wieder mit dem Motorrad loswollte.<\/p>\n\n\n\n<p>Das ganze Jahr nur zu Hause bleiben war f\u00fcr mich nun auch keine Option. Da ich auch immer eine unb\u00e4ndige Sehnsucht nach Meer habe, \u00fcberlege ich schon l\u00e4nger, wie ich diese Sehnsucht mit meinem Geldbeutel in Einklang bringen kann. Und da kam mir die Idee \u2013 Back to the roots: Im jugendlichen Alter waren Zelturlaube durchaus \u00fcblich, sp\u00e4ter wurde es dann ein Wohnwagen. F\u00fcrs Zelten bin ich definitiv zu alt (ne, da habe ich keine Lust mehr drauf) und einen Wohnwagen ziehen, rangieren usw. mag ich allein auch nicht. Also was w\u00e4re naheliegender als ein Wohnmobil.<\/p>\n\n\n\n<p>Ich habe mich schon immer f\u00fcr Wohnmobile interessiert. Allerdings bewegen die sich in Preiskategorien, die ich mir nicht mal eben leisten kann. Abgesehen davon brauche ich auch noch ein Alltagsauto. Ich wohne zwar nicht in einer Gro\u00dfstadt, bin aber h\u00e4ufiger in ebendiesen. Somit ist ein normaler Camper f\u00fcr mich keine Option gewesen.<\/p>\n\n\n\n<p>Irgendwann habe ich mich hingesetzt und doch mal nach Campern gesucht\u2026. Und da habe ich sie gefunden: die Microcamper oder Minicamper.<\/p>\n\n\n\n<p>Zu dieser Zeit habe ich noch einen Renault Clio Grandtour gefahren. Ich habe mir also kurzerhand \u00fcberlegt, den als Microcamper umzubauen. Grundvoraussetzung war: keine Besch\u00e4digungen am Auto, Ausbau nur mit Materialien die ich auch noch zu Hause habe. Ich wollte erst mal sehen, ob mir Camping \u00fcberhaupt noch Spa\u00df macht. Ein bisschen Zubeh\u00f6r habe ich mir dann doch geg\u00f6nnt: Gaskocher, Campingstuhl, Abwaschsch\u00fcssel<\/p>\n\n\n\n<p>Nachfolgend mal die Bilder davon: <\/p>\n\n\n\n<figure class=\"wp-block-gallery has-nested-images columns-default is-cropped wp-block-gallery-1 is-layout-flex wp-block-gallery-is-layout-flex\">\n<figure class=\"wp-block-image size-large\"><img loading=\"lazy\" decoding=\"async\" width=\"768\" height=\"1024\" data-id=\"76\" src=\"http:\/\/motorradcamperreisen.de\/wp-content\/uploads\/2021\/02\/IMG_20200913_1353291-1-768x1024.jpg\" alt=\"\" class=\"wp-image-76\" srcset=\"http:\/\/motorradcamperreisen.de\/wp-content\/uploads\/2021\/02\/IMG_20200913_1353291-1-768x1024.jpg 768w, http:\/\/motorradcamperreisen.de\/wp-content\/uploads\/2021\/02\/IMG_20200913_1353291-1-225x300.jpg 225w, http:\/\/motorradcamperreisen.de\/wp-content\/uploads\/2021\/02\/IMG_20200913_1353291-1-1152x1536.jpg 1152w, http:\/\/motorradcamperreisen.de\/wp-content\/uploads\/2021\/02\/IMG_20200913_1353291-1-1536x2048.jpg 1536w, http:\/\/motorradcamperreisen.de\/wp-content\/uploads\/2021\/02\/IMG_20200913_1353291-1-scaled.jpg 1920w\" sizes=\"(max-width: 768px) 100vw, 768px\" \/><figcaption>Mit ausziehbarem Tisch<\/figcaption><\/figure>\n\n\n\n<figure class=\"wp-block-image size-large\"><img loading=\"lazy\" decoding=\"async\" width=\"768\" height=\"1024\" data-id=\"75\" src=\"http:\/\/motorradcamperreisen.de\/wp-content\/uploads\/2021\/02\/IMG_20200912_1232581-1-768x1024.jpg\" alt=\"\" class=\"wp-image-75\" srcset=\"http:\/\/motorradcamperreisen.de\/wp-content\/uploads\/2021\/02\/IMG_20200912_1232581-1-768x1024.jpg 768w, http:\/\/motorradcamperreisen.de\/wp-content\/uploads\/2021\/02\/IMG_20200912_1232581-1-225x300.jpg 225w, http:\/\/motorradcamperreisen.de\/wp-content\/uploads\/2021\/02\/IMG_20200912_1232581-1-1152x1536.jpg 1152w, http:\/\/motorradcamperreisen.de\/wp-content\/uploads\/2021\/02\/IMG_20200912_1232581-1-1536x2048.jpg 1536w, http:\/\/motorradcamperreisen.de\/wp-content\/uploads\/2021\/02\/IMG_20200912_1232581-1-scaled.jpg 1920w\" sizes=\"(max-width: 768px) 100vw, 768px\" \/><figcaption>F\u00fcr das &#8222;Ged\u00f6ns&#8220;<\/figcaption><\/figure>\n\n\n\n<figure class=\"wp-block-image size-large\"><img loading=\"lazy\" decoding=\"async\" width=\"768\" height=\"1024\" data-id=\"77\" src=\"http:\/\/motorradcamperreisen.de\/wp-content\/uploads\/2021\/02\/IMG_20200913_1401121-768x1024.jpg\" alt=\"\" class=\"wp-image-77\" srcset=\"http:\/\/motorradcamperreisen.de\/wp-content\/uploads\/2021\/02\/IMG_20200913_1401121-768x1024.jpg 768w, http:\/\/motorradcamperreisen.de\/wp-content\/uploads\/2021\/02\/IMG_20200913_1401121-225x300.jpg 225w, http:\/\/motorradcamperreisen.de\/wp-content\/uploads\/2021\/02\/IMG_20200913_1401121-1152x1536.jpg 1152w, http:\/\/motorradcamperreisen.de\/wp-content\/uploads\/2021\/02\/IMG_20200913_1401121-1536x2048.jpg 1536w, http:\/\/motorradcamperreisen.de\/wp-content\/uploads\/2021\/02\/IMG_20200913_1401121-scaled.jpg 1920w\" sizes=\"(max-width: 768px) 100vw, 768px\" \/><figcaption>Links Ablage, rechts schlafen<\/figcaption><\/figure>\n<figcaption class=\"blocks-gallery-caption\">Erster Versuch Clio Grantour<\/figcaption><\/figure>\n\n\n\n<p>Ich habe mich ein Wochenende in den Harz begeben. Freitag direkt nach der Arbeit los, Sonntag nach dem Fr\u00fchst\u00fcck zur\u00fcck. Die Hinfahrt war schon ziemlich Klasse, denn das Gef\u00fchl von Freiheit\/Ungebundenheit war sofort da.<\/p>\n\n\n\n<p>Die Euphorie lie\u00df allerdings am Freitagabend schon ein kleines bisschen nach. Es regnete und der Weg zur Toilette war schon ein ganzes St\u00fcck entfernt. Geschlafen habe ich allerdings phantastisch. Am Sonntag kam dann aber das Aus f\u00fcr meinen Microcamper. Es st\u00fcrmte und es waren knapp 6 Grad Au\u00dfentemperatur. Keine Chance einen Kaffee zu kochen, sich vern\u00fcnftig anzuziehen usw. Das bremste meine neue \u201eLebenslust\u201c doch gewaltig.<\/p>\n\n\n\n<p>Aufgeben steht allerdings nicht zur Debatte. Ich habe mir Gedanken gemacht und gegen Ende Oktober entschieden mein Auto zu verkaufen und mir ein gr\u00f6\u00dferes Fahrzeug anzuschaffen. Zun\u00e4chst musste ich erst einmal eine grobe Wahl treffen. Der erste von mir Probegefahrene Wagen war ein Fiat Doblo \u2013 Himmel was f\u00fcr ein Monsterauto\u2026. Ich h\u00e4tte ihn ja genommen, aber der H\u00e4ndler war wenig verhandlungsbereit.<\/p>\n\n\n\n<p>Schnell musste ich allerdings auch feststellen, dass gro\u00dfe Autos aktuell eine Rarit\u00e4t auf dem Markt waren. Zumindest bei den Anspr\u00fcchen die ich hatte.<\/p>\n\n\n\n<p>Letztlich habe ich dann aber dennoch einen gefunden: <\/p>\n\n\n\n<p><a href=\"http:\/\/motorradcamperreisen.de\/?page_id=80\">Schr\u00f6der<\/a><\/p>\n","protected":false},"excerpt":{"rendered":"<p>Wie alles begann&#8230;&#8230; Im Laufe des Jahres 2020 wurde relativ schnell klar, dass normale Urlaube erst mal nicht mehr gehen werden. Ich fahre schon ganz gerne mal in die Sonne \u2013 ans Meer &#8211; , mache aber ansonsten auch Motorradreisen. Meist im Jahreswechsel. Der Plan f\u00fcr 2021 stand bereits &#8211; es w\u00e4re mal wieder ein [&hellip;]<\/p>\n","protected":false},"author":1,"featured_media":0,"parent":0,"menu_order":0,"comment_status":"open","ping_status":"closed","template":"","meta":{"site-sidebar-layout":"default","site-content-layout":"default","ast-site-content-layout":"default","site-content-style":"default","site-sidebar-style":"default","ast-global-header-display":"","ast-banner-title-visibility":"","ast-main-header-display":"","ast-hfb-above-header-display":"","ast-hfb-below-header-display":"","ast-hfb-mobile-header-display":"","site-post-title":"","ast-breadcrumbs-content":"","ast-featured-img":"","footer-sml-layout":"","ast-disable-related-posts":"","theme-transparent-header-meta":"default","adv-header-id-meta":"","stick-header-meta":"","header-above-stick-meta":"","header-main-stick-meta":"","header-below-stick-meta":"","astra-migrate-meta-layouts":"default","ast-page-background-enabled":"default","ast-page-background-meta":{"desktop":{"background-color":"","background-image":"","background-repeat":"repeat","background-position":"center center","background-size":"auto","background-attachment":"scroll","background-type":"","background-media":"","overlay-type":"","overlay-color":"","overlay-opacity":"","overlay-gradient":""},"tablet":{"background-color":"","background-image":"","background-repeat":"repeat","background-position":"center center","background-size":"auto","background-attachment":"scroll","background-type":"","background-media":"","overlay-type":"","overlay-color":"","overlay-opacity":"","overlay-gradient":""},"mobile":{"background-color":"","background-image":"","background-repeat":"repeat","background-position":"center center","background-size":"auto","background-attachment":"scroll","background-type":"","background-media":"","overlay-type":"","overlay-color":"","overlay-opacity":"","overlay-gradient":""}},"ast-content-background-meta":{"desktop":{"background-color":"var(--ast-global-color-5)","background-image":"","background-repeat":"repeat","background-position":"center center","background-size":"auto","background-attachment":"scroll","background-type":"","background-media":"","overlay-type":"","overlay-color":"","overlay-opacity":"","overlay-gradient":""},"tablet":{"background-color":"var(--ast-global-color-5)","background-image":"","background-repeat":"repeat","background-position":"center center","background-size":"auto","background-attachment":"scroll","background-type":"","background-media":"","overlay-type":"","overlay-color":"","overlay-opacity":"","overlay-gradient":""},"mobile":{"background-color":"var(--ast-global-color-5)","background-image":"","background-repeat":"repeat","background-position":"center center","background-size":"auto","background-attachment":"scroll","background-type":"","background-media":"","overlay-type":"","overlay-color":"","overlay-opacity":"","overlay-gradient":""}},"footnotes":""},"yoast_head":"<!-- This site is optimized with the Yoast SEO plugin v24.5 - https:\/\/yoast.com\/wordpress\/plugins\/seo\/ -->\n<title>Camper - motorradcamperreisen.de<\/title>\n<meta name=\"description\" content=\"Wie ich einen Caddy zum Minicamper umbau...\" \/>\n<meta name=\"robots\" content=\"index, follow, max-snippet:-1, max-image-preview:large, max-video-preview:-1\" \/>\n<link rel=\"canonical\" href=\"http:\/\/motorradcamperreisen.de\/?page_id=22\" \/>\n<meta property=\"og:locale\" content=\"de_DE\" \/>\n<meta property=\"og:type\" content=\"article\" \/>\n<meta property=\"og:title\" content=\"Camper - motorradcamperreisen.de\" \/>\n<meta property=\"og:description\" content=\"Wie ich einen Caddy zum Minicamper umbau...\" \/>\n<meta property=\"og:url\" content=\"http:\/\/motorradcamperreisen.de\/?page_id=22\" \/>\n<meta property=\"og:site_name\" content=\"motorradcamperreisen.de\" \/>\n<meta property=\"article:modified_time\" content=\"2022-07-08T13:14:24+00:00\" \/>\n<meta property=\"og:image\" content=\"http:\/\/motorradcamperreisen.de\/wp-content\/uploads\/2021\/02\/IMG_20200913_1353291-1-768x1024.jpg\" \/>\n<meta name=\"twitter:card\" content=\"summary_large_image\" \/>\n<meta name=\"twitter:label1\" content=\"Gesch\u00e4tzte Lesezeit\" \/>\n\t<meta name=\"twitter:data1\" content=\"4\u00a0Minuten\" \/>\n<script type=\"application\/ld+json\" class=\"yoast-schema-graph\">{\"@context\":\"https:\/\/schema.org\",\"@graph\":[{\"@type\":\"WebPage\",\"@id\":\"http:\/\/motorradcamperreisen.de\/?page_id=22\",\"url\":\"http:\/\/motorradcamperreisen.de\/?page_id=22\",\"name\":\"Camper - motorradcamperreisen.de\",\"isPartOf\":{\"@id\":\"http:\/\/motorradcamperreisen.de\/#website\"},\"primaryImageOfPage\":{\"@id\":\"http:\/\/motorradcamperreisen.de\/?page_id=22#primaryimage\"},\"image\":{\"@id\":\"http:\/\/motorradcamperreisen.de\/?page_id=22#primaryimage\"},\"thumbnailUrl\":\"http:\/\/motorradcamperreisen.de\/wp-content\/uploads\/2021\/02\/IMG_20200913_1353291-1-768x1024.jpg\",\"datePublished\":\"2021-02-06T20:00:00+00:00\",\"dateModified\":\"2022-07-08T13:14:24+00:00\",\"description\":\"Wie ich einen Caddy zum Minicamper umbau...\",\"breadcrumb\":{\"@id\":\"http:\/\/motorradcamperreisen.de\/?page_id=22#breadcrumb\"},\"inLanguage\":\"de\",\"potentialAction\":[{\"@type\":\"ReadAction\",\"target\":[\"http:\/\/motorradcamperreisen.de\/?page_id=22\"]}]},{\"@type\":\"ImageObject\",\"inLanguage\":\"de\",\"@id\":\"http:\/\/motorradcamperreisen.de\/?page_id=22#primaryimage\",\"url\":\"http:\/\/motorradcamperreisen.de\/wp-content\/uploads\/2021\/02\/IMG_20200913_1353291-1-768x1024.jpg\",\"contentUrl\":\"http:\/\/motorradcamperreisen.de\/wp-content\/uploads\/2021\/02\/IMG_20200913_1353291-1-768x1024.jpg\"},{\"@type\":\"BreadcrumbList\",\"@id\":\"http:\/\/motorradcamperreisen.de\/?page_id=22#breadcrumb\",\"itemListElement\":[{\"@type\":\"ListItem\",\"position\":1,\"name\":\"Startseite\",\"item\":\"http:\/\/motorradcamperreisen.de\/\"},{\"@type\":\"ListItem\",\"position\":2,\"name\":\"Camper\"}]},{\"@type\":\"WebSite\",\"@id\":\"http:\/\/motorradcamperreisen.de\/#website\",\"url\":\"http:\/\/motorradcamperreisen.de\/\",\"name\":\"motorradcamperreisen.de\",\"description\":\"Motorradtouren, Camperreisen, St\u00e4dtetrips und was mir sonst noch so einf\u00e4llt....\",\"publisher\":{\"@id\":\"http:\/\/motorradcamperreisen.de\/#\/schema\/person\/3b5f74e4181c032b66d5c7b9f7ec1790\"},\"potentialAction\":[{\"@type\":\"SearchAction\",\"target\":{\"@type\":\"EntryPoint\",\"urlTemplate\":\"http:\/\/motorradcamperreisen.de\/?s={search_term_string}\"},\"query-input\":{\"@type\":\"PropertyValueSpecification\",\"valueRequired\":true,\"valueName\":\"search_term_string\"}}],\"inLanguage\":\"de\"},{\"@type\":[\"Person\",\"Organization\"],\"@id\":\"http:\/\/motorradcamperreisen.de\/#\/schema\/person\/3b5f74e4181c032b66d5c7b9f7ec1790\",\"name\":\"Bile66\",\"image\":{\"@type\":\"ImageObject\",\"inLanguage\":\"de\",\"@id\":\"http:\/\/motorradcamperreisen.de\/#\/schema\/person\/image\/\",\"url\":\"http:\/\/motorradcamperreisen.de\/wp-content\/uploads\/2022\/07\/IMG_20191005_143007-scaled.jpg\",\"contentUrl\":\"http:\/\/motorradcamperreisen.de\/wp-content\/uploads\/2022\/07\/IMG_20191005_143007-scaled.jpg\",\"width\":1920,\"height\":2560,\"caption\":\"Bile66\"},\"logo\":{\"@id\":\"http:\/\/motorradcamperreisen.de\/#\/schema\/person\/image\/\"},\"sameAs\":[\"http:\/\/motorradcamperreisen.de\"]}]}<\/script>\n<!-- \/ Yoast SEO plugin. -->","yoast_head_json":{"title":"Camper - motorradcamperreisen.de","description":"Wie ich einen Caddy zum Minicamper umbau...","robots":{"index":"index","follow":"follow","max-snippet":"max-snippet:-1","max-image-preview":"max-image-preview:large","max-video-preview":"max-video-preview:-1"},"canonical":"http:\/\/motorradcamperreisen.de\/?page_id=22","og_locale":"de_DE","og_type":"article","og_title":"Camper - motorradcamperreisen.de","og_description":"Wie ich einen Caddy zum Minicamper umbau...","og_url":"http:\/\/motorradcamperreisen.de\/?page_id=22","og_site_name":"motorradcamperreisen.de","article_modified_time":"2022-07-08T13:14:24+00:00","og_image":[{"url":"http:\/\/motorradcamperreisen.de\/wp-content\/uploads\/2021\/02\/IMG_20200913_1353291-1-768x1024.jpg","type":"","width":"","height":""}],"twitter_card":"summary_large_image","twitter_misc":{"Gesch\u00e4tzte Lesezeit":"4\u00a0Minuten"},"schema":{"@context":"https:\/\/schema.org","@graph":[{"@type":"WebPage","@id":"http:\/\/motorradcamperreisen.de\/?page_id=22","url":"http:\/\/motorradcamperreisen.de\/?page_id=22","name":"Camper - motorradcamperreisen.de","isPartOf":{"@id":"http:\/\/motorradcamperreisen.de\/#website"},"primaryImageOfPage":{"@id":"http:\/\/motorradcamperreisen.de\/?page_id=22#primaryimage"},"image":{"@id":"http:\/\/motorradcamperreisen.de\/?page_id=22#primaryimage"},"thumbnailUrl":"http:\/\/motorradcamperreisen.de\/wp-content\/uploads\/2021\/02\/IMG_20200913_1353291-1-768x1024.jpg","datePublished":"2021-02-06T20:00:00+00:00","dateModified":"2022-07-08T13:14:24+00:00","description":"Wie ich einen Caddy zum Minicamper umbau...","breadcrumb":{"@id":"http:\/\/motorradcamperreisen.de\/?page_id=22#breadcrumb"},"inLanguage":"de","potentialAction":[{"@type":"ReadAction","target":["http:\/\/motorradcamperreisen.de\/?page_id=22"]}]},{"@type":"ImageObject","inLanguage":"de","@id":"http:\/\/motorradcamperreisen.de\/?page_id=22#primaryimage","url":"http:\/\/motorradcamperreisen.de\/wp-content\/uploads\/2021\/02\/IMG_20200913_1353291-1-768x1024.jpg","contentUrl":"http:\/\/motorradcamperreisen.de\/wp-content\/uploads\/2021\/02\/IMG_20200913_1353291-1-768x1024.jpg"},{"@type":"BreadcrumbList","@id":"http:\/\/motorradcamperreisen.de\/?page_id=22#breadcrumb","itemListElement":[{"@type":"ListItem","position":1,"name":"Startseite","item":"http:\/\/motorradcamperreisen.de\/"},{"@type":"ListItem","position":2,"name":"Camper"}]},{"@type":"WebSite","@id":"http:\/\/motorradcamperreisen.de\/#website","url":"http:\/\/motorradcamperreisen.de\/","name":"motorradcamperreisen.de","description":"Motorradtouren, Camperreisen, St\u00e4dtetrips und was mir sonst noch so einf\u00e4llt....","publisher":{"@id":"http:\/\/motorradcamperreisen.de\/#\/schema\/person\/3b5f74e4181c032b66d5c7b9f7ec1790"},"potentialAction":[{"@type":"SearchAction","target":{"@type":"EntryPoint","urlTemplate":"http:\/\/motorradcamperreisen.de\/?s={search_term_string}"},"query-input":{"@type":"PropertyValueSpecification","valueRequired":true,"valueName":"search_term_string"}}],"inLanguage":"de"},{"@type":["Person","Organization"],"@id":"http:\/\/motorradcamperreisen.de\/#\/schema\/person\/3b5f74e4181c032b66d5c7b9f7ec1790","name":"Bile66","image":{"@type":"ImageObject","inLanguage":"de","@id":"http:\/\/motorradcamperreisen.de\/#\/schema\/person\/image\/","url":"http:\/\/motorradcamperreisen.de\/wp-content\/uploads\/2022\/07\/IMG_20191005_143007-scaled.jpg","contentUrl":"http:\/\/motorradcamperreisen.de\/wp-content\/uploads\/2022\/07\/IMG_20191005_143007-scaled.jpg","width":1920,"height":2560,"caption":"Bile66"},"logo":{"@id":"http:\/\/motorradcamperreisen.de\/#\/schema\/person\/image\/"},"sameAs":["http:\/\/motorradcamperreisen.de"]}]}},"_links":{"self":[{"href":"http:\/\/motorradcamperreisen.de\/index.php?rest_route=\/wp\/v2\/pages\/22"}],"collection":[{"href":"http:\/\/motorradcamperreisen.de\/index.php?rest_route=\/wp\/v2\/pages"}],"about":[{"href":"http:\/\/motorradcamperreisen.de\/index.php?rest_route=\/wp\/v2\/types\/page"}],"author":[{"embeddable":true,"href":"http:\/\/motorradcamperreisen.de\/index.php?rest_route=\/wp\/v2\/users\/1"}],"replies":[{"embeddable":true,"href":"http:\/\/motorradcamperreisen.de\/index.php?rest_route=%2Fwp%2Fv2%2Fcomments&post=22"}],"version-history":[{"count":8,"href":"http:\/\/motorradcamperreisen.de\/index.php?rest_route=\/wp\/v2\/pages\/22\/revisions"}],"predecessor-version":[{"id":4610,"href":"http:\/\/motorradcamperreisen.de\/index.php?rest_route=\/wp\/v2\/pages\/22\/revisions\/4610"}],"wp:attachment":[{"href":"http:\/\/motorradcamperreisen.de\/index.php?rest_route=%2Fwp%2Fv2%2Fmedia&parent=22"}],"curies":[{"name":"wp","href":"https:\/\/api.w.org\/{rel}","templated":true}]}}