{"id":1925,"date":"2023-06-07T17:51:15","date_gmt":"2023-06-07T15:51:15","guid":{"rendered":"http:\/\/motorradcamperreisen.de\/?page_id=1925"},"modified":"2023-06-07T18:02:30","modified_gmt":"2023-06-07T16:02:30","slug":"halber-weg-inari-zur-grense-jakobselv","status":"publish","type":"page","link":"http:\/\/motorradcamperreisen.de\/?page_id=1925","title":{"rendered":"Halber Weg Inari zur Grense Jakoblev"},"content":{"rendered":"\n<h2 class=\"wp-block-heading\"><\/h2>\n\n\n\n<p>Das war nun mein letzter Tag in Finnland. H\u00e4tte ich mich vorher genug mit Finnland besch\u00e4ftigt, w\u00e4re ich vielleicht etwas l\u00e4nger geblieben. So sind einige Dinge, die vermutlich sehr sehenswert gewesen w\u00e4ren, an mir vorbeigelaufen.Mir ist schon klar \u2013 im Grunde habe ich \u201ealle Zeit\u201c der Welt (na gut, ich vermute, ich muss tats\u00e4chlich irgendwann mal wieder arbeiten, was \u201ealle Zeit\u201c doch einschr\u00e4nkt, aber mein Hauptmerk auf dieser Reise war nun einmal Norwegen. Finnland diente mir nur als entspannte Anreisem\u00f6glichkeit nach Norwegen.<\/p>\n\n\n\n<p>Ich habe es jedenfalls keinesfalls bereut, diesen Weg genommen zu haben. Heute ging es fast nur durch Waldgebiete. Ich muss leider sagen, dass die Bewegung auf meinen zwei F\u00fc\u00dfen sehr sehr gering war. Aber manchmal ist es so. Abgesehen davon hat es immer wieder geregnet. Ein paar Bilder habe ich nat\u00fcrlich trotzdem:<\/p>\n\n\n\n<figure class=\"wp-block-gallery has-nested-images columns-default is-cropped wp-block-gallery-1 is-layout-flex wp-block-gallery-is-layout-flex\">\n<figure class=\"wp-block-image size-large\"><img loading=\"lazy\" decoding=\"async\" width=\"1024\" height=\"682\" data-id=\"1916\" src=\"http:\/\/motorradcamperreisen.de\/wp-content\/uploads\/2023\/06\/DSC0813-1024x682.jpg\" alt=\"\" class=\"wp-image-1916\" srcset=\"http:\/\/motorradcamperreisen.de\/wp-content\/uploads\/2023\/06\/DSC0813-1024x682.jpg 1024w, http:\/\/motorradcamperreisen.de\/wp-content\/uploads\/2023\/06\/DSC0813-300x200.jpg 300w, http:\/\/motorradcamperreisen.de\/wp-content\/uploads\/2023\/06\/DSC0813-768x511.jpg 768w, http:\/\/motorradcamperreisen.de\/wp-content\/uploads\/2023\/06\/DSC0813-1536x1022.jpg 1536w, http:\/\/motorradcamperreisen.de\/wp-content\/uploads\/2023\/06\/DSC0813-2048x1363.jpg 2048w\" sizes=\"(max-width: 1024px) 100vw, 1024px\" \/><\/figure>\n\n\n\n<figure class=\"wp-block-image size-large\"><img loading=\"lazy\" decoding=\"async\" width=\"1024\" height=\"682\" data-id=\"1918\" src=\"http:\/\/motorradcamperreisen.de\/wp-content\/uploads\/2023\/06\/DSC0818-1024x682.jpg\" alt=\"\" class=\"wp-image-1918\" srcset=\"http:\/\/motorradcamperreisen.de\/wp-content\/uploads\/2023\/06\/DSC0818-1024x682.jpg 1024w, http:\/\/motorradcamperreisen.de\/wp-content\/uploads\/2023\/06\/DSC0818-300x200.jpg 300w, http:\/\/motorradcamperreisen.de\/wp-content\/uploads\/2023\/06\/DSC0818-768x511.jpg 768w, http:\/\/motorradcamperreisen.de\/wp-content\/uploads\/2023\/06\/DSC0818-1536x1022.jpg 1536w, http:\/\/motorradcamperreisen.de\/wp-content\/uploads\/2023\/06\/DSC0818-2048x1363.jpg 2048w\" sizes=\"(max-width: 1024px) 100vw, 1024px\" \/><\/figure>\n\n\n\n<figure class=\"wp-block-image size-large\"><img loading=\"lazy\" decoding=\"async\" width=\"768\" height=\"1024\" data-id=\"1919\" src=\"http:\/\/motorradcamperreisen.de\/wp-content\/uploads\/2023\/06\/IMG_20230607_140152-768x1024.jpg\" alt=\"\" class=\"wp-image-1919\" srcset=\"http:\/\/motorradcamperreisen.de\/wp-content\/uploads\/2023\/06\/IMG_20230607_140152-768x1024.jpg 768w, http:\/\/motorradcamperreisen.de\/wp-content\/uploads\/2023\/06\/IMG_20230607_140152-225x300.jpg 225w, http:\/\/motorradcamperreisen.de\/wp-content\/uploads\/2023\/06\/IMG_20230607_140152-1152x1536.jpg 1152w, http:\/\/motorradcamperreisen.de\/wp-content\/uploads\/2023\/06\/IMG_20230607_140152-1536x2048.jpg 1536w, http:\/\/motorradcamperreisen.de\/wp-content\/uploads\/2023\/06\/IMG_20230607_140152-scaled.jpg 1920w\" sizes=\"(max-width: 768px) 100vw, 768px\" \/><\/figure>\n\n\n\n<figure class=\"wp-block-image size-large\"><img loading=\"lazy\" decoding=\"async\" width=\"768\" height=\"1024\" data-id=\"1915\" src=\"http:\/\/motorradcamperreisen.de\/wp-content\/uploads\/2023\/06\/IMG_20230607_140757-768x1024.jpg\" alt=\"\" class=\"wp-image-1915\" srcset=\"http:\/\/motorradcamperreisen.de\/wp-content\/uploads\/2023\/06\/IMG_20230607_140757-768x1024.jpg 768w, http:\/\/motorradcamperreisen.de\/wp-content\/uploads\/2023\/06\/IMG_20230607_140757-225x300.jpg 225w, http:\/\/motorradcamperreisen.de\/wp-content\/uploads\/2023\/06\/IMG_20230607_140757-1152x1536.jpg 1152w, http:\/\/motorradcamperreisen.de\/wp-content\/uploads\/2023\/06\/IMG_20230607_140757-1536x2048.jpg 1536w, http:\/\/motorradcamperreisen.de\/wp-content\/uploads\/2023\/06\/IMG_20230607_140757-scaled.jpg 1920w\" sizes=\"(max-width: 768px) 100vw, 768px\" \/><\/figure>\n\n\n\n<figure class=\"wp-block-image size-large\"><img loading=\"lazy\" decoding=\"async\" width=\"768\" height=\"1024\" data-id=\"1914\" src=\"http:\/\/motorradcamperreisen.de\/wp-content\/uploads\/2023\/06\/IMG_20230607_140944-768x1024.jpg\" alt=\"\" class=\"wp-image-1914\" srcset=\"http:\/\/motorradcamperreisen.de\/wp-content\/uploads\/2023\/06\/IMG_20230607_140944-768x1024.jpg 768w, http:\/\/motorradcamperreisen.de\/wp-content\/uploads\/2023\/06\/IMG_20230607_140944-225x300.jpg 225w, http:\/\/motorradcamperreisen.de\/wp-content\/uploads\/2023\/06\/IMG_20230607_140944-1152x1536.jpg 1152w, http:\/\/motorradcamperreisen.de\/wp-content\/uploads\/2023\/06\/IMG_20230607_140944-1536x2048.jpg 1536w, http:\/\/motorradcamperreisen.de\/wp-content\/uploads\/2023\/06\/IMG_20230607_140944-scaled.jpg 1920w\" sizes=\"(max-width: 768px) 100vw, 768px\" \/><\/figure>\n\n\n\n<figure class=\"wp-block-image size-large\"><img loading=\"lazy\" decoding=\"async\" width=\"768\" height=\"1024\" data-id=\"1917\" src=\"http:\/\/motorradcamperreisen.de\/wp-content\/uploads\/2023\/06\/IMG_20230607_142103-768x1024.jpg\" alt=\"\" class=\"wp-image-1917\" srcset=\"http:\/\/motorradcamperreisen.de\/wp-content\/uploads\/2023\/06\/IMG_20230607_142103-768x1024.jpg 768w, http:\/\/motorradcamperreisen.de\/wp-content\/uploads\/2023\/06\/IMG_20230607_142103-225x300.jpg 225w, http:\/\/motorradcamperreisen.de\/wp-content\/uploads\/2023\/06\/IMG_20230607_142103-1152x1536.jpg 1152w, http:\/\/motorradcamperreisen.de\/wp-content\/uploads\/2023\/06\/IMG_20230607_142103-1536x2048.jpg 1536w, http:\/\/motorradcamperreisen.de\/wp-content\/uploads\/2023\/06\/IMG_20230607_142103-scaled.jpg 1920w\" sizes=\"(max-width: 768px) 100vw, 768px\" \/><\/figure>\n\n\n\n<figure class=\"wp-block-image size-large\"><img loading=\"lazy\" decoding=\"async\" width=\"768\" height=\"1024\" data-id=\"1920\" src=\"http:\/\/motorradcamperreisen.de\/wp-content\/uploads\/2023\/06\/IMG_20230607_144657-768x1024.jpg\" alt=\"\" class=\"wp-image-1920\" srcset=\"http:\/\/motorradcamperreisen.de\/wp-content\/uploads\/2023\/06\/IMG_20230607_144657-768x1024.jpg 768w, http:\/\/motorradcamperreisen.de\/wp-content\/uploads\/2023\/06\/IMG_20230607_144657-225x300.jpg 225w, http:\/\/motorradcamperreisen.de\/wp-content\/uploads\/2023\/06\/IMG_20230607_144657-1152x1536.jpg 1152w, http:\/\/motorradcamperreisen.de\/wp-content\/uploads\/2023\/06\/IMG_20230607_144657-1536x2048.jpg 1536w, http:\/\/motorradcamperreisen.de\/wp-content\/uploads\/2023\/06\/IMG_20230607_144657-scaled.jpg 1920w\" sizes=\"(max-width: 768px) 100vw, 768px\" \/><\/figure>\n\n\n\n<figure class=\"wp-block-image size-large\"><img loading=\"lazy\" decoding=\"async\" width=\"768\" height=\"1024\" data-id=\"1921\" src=\"http:\/\/motorradcamperreisen.de\/wp-content\/uploads\/2023\/06\/IMG_20230607_150101-768x1024.jpg\" alt=\"\" class=\"wp-image-1921\" srcset=\"http:\/\/motorradcamperreisen.de\/wp-content\/uploads\/2023\/06\/IMG_20230607_150101-768x1024.jpg 768w, http:\/\/motorradcamperreisen.de\/wp-content\/uploads\/2023\/06\/IMG_20230607_150101-225x300.jpg 225w, http:\/\/motorradcamperreisen.de\/wp-content\/uploads\/2023\/06\/IMG_20230607_150101-1152x1536.jpg 1152w, http:\/\/motorradcamperreisen.de\/wp-content\/uploads\/2023\/06\/IMG_20230607_150101-1536x2048.jpg 1536w, http:\/\/motorradcamperreisen.de\/wp-content\/uploads\/2023\/06\/IMG_20230607_150101-scaled.jpg 1920w\" sizes=\"(max-width: 768px) 100vw, 768px\" \/><\/figure>\n<\/figure>\n\n\n\n<p>Die von mir geplante Route habe ich gecancelt. Ich fahre gerade eine andere Strecke und stehe aktuell ungef\u00e4hr 60 km vor der norwegischen Grenze. Das Highlight des Tages war heute eine Tankstelle \u2013 die einzige weit und breit. Und da ich ungern mit wenig Sprit im Tank unterwegs bin, allein schon wegen der Standheizung, musste ich also noch mal nachtanken. Ich habe mir allerdings mit etwas \u00fcber 10 Litern begn\u00fcgt: Literpreis: 2,30 Euro !!!!!!! Normalerweise tanke ich in Finnland f\u00fcr um die 1,90 Euro. Spannenderweise galt der Preis f\u00fcr Benzin, E10 und Diesel gleicherma\u00dfen. So kann man auch Geld verdienen \ud83d\ude0a.<\/p>\n\n\n\n<p>Standplatz heute: Autark mit Blick auf einen See in einer Umgebung, die stark an die heimische Heide erinnert. Durch diesen Weg hier lang, habe ich mir einiges an KM erspart, da ich, wie oben beschrieben, das n\u00e4chste Ziel ge\u00e4ndert habe.<\/p>\n\n\n\n<div class=\"wp-block-columns is-layout-flex wp-container-core-columns-is-layout-1 wp-block-columns-is-layout-flex\">\n<div class=\"wp-block-column is-layout-flow wp-block-column-is-layout-flow\" style=\"flex-basis:50%\">\n<figure class=\"wp-block-image size-large\"><img loading=\"lazy\" decoding=\"async\" width=\"768\" height=\"1024\" src=\"http:\/\/motorradcamperreisen.de\/wp-content\/uploads\/2023\/06\/IMG_20230607_175931-768x1024.jpg\" alt=\"\" class=\"wp-image-1922\" srcset=\"http:\/\/motorradcamperreisen.de\/wp-content\/uploads\/2023\/06\/IMG_20230607_175931-768x1024.jpg 768w, http:\/\/motorradcamperreisen.de\/wp-content\/uploads\/2023\/06\/IMG_20230607_175931-225x300.jpg 225w, http:\/\/motorradcamperreisen.de\/wp-content\/uploads\/2023\/06\/IMG_20230607_175931-1152x1536.jpg 1152w, http:\/\/motorradcamperreisen.de\/wp-content\/uploads\/2023\/06\/IMG_20230607_175931-1536x2048.jpg 1536w, http:\/\/motorradcamperreisen.de\/wp-content\/uploads\/2023\/06\/IMG_20230607_175931-scaled.jpg 1920w\" sizes=\"(max-width: 768px) 100vw, 768px\" \/><\/figure>\n<\/div>\n\n\n\n<div class=\"wp-block-column is-layout-flow wp-block-column-is-layout-flow\" style=\"flex-basis:50%\">\n<figure class=\"wp-block-image size-large\"><img loading=\"lazy\" decoding=\"async\" width=\"768\" height=\"1024\" src=\"http:\/\/motorradcamperreisen.de\/wp-content\/uploads\/2023\/06\/IMG_20230607_175924-768x1024.jpg\" alt=\"\" class=\"wp-image-1923\" srcset=\"http:\/\/motorradcamperreisen.de\/wp-content\/uploads\/2023\/06\/IMG_20230607_175924-768x1024.jpg 768w, http:\/\/motorradcamperreisen.de\/wp-content\/uploads\/2023\/06\/IMG_20230607_175924-225x300.jpg 225w, http:\/\/motorradcamperreisen.de\/wp-content\/uploads\/2023\/06\/IMG_20230607_175924-1152x1536.jpg 1152w, http:\/\/motorradcamperreisen.de\/wp-content\/uploads\/2023\/06\/IMG_20230607_175924-1536x2048.jpg 1536w, http:\/\/motorradcamperreisen.de\/wp-content\/uploads\/2023\/06\/IMG_20230607_175924-scaled.jpg 1920w\" sizes=\"(max-width: 768px) 100vw, 768px\" \/><\/figure>\n<\/div>\n<\/div>\n\n\n\n<p>Den Bericht gibt\u2019s dann in den n\u00e4chsten Tagen.<\/p>\n\n\n\n<p class=\"has-link-color wp-elements-81e9758c2e6edda20f0e187029cae6a2\"><strong>weiter<\/strong> <strong>gehts <a href=\"http:\/\/motorradcamperreisen.de\/?page_id=1638\">Hier<\/a><\/strong><\/p>\n","protected":false},"excerpt":{"rendered":"<p>Das war nun mein letzter Tag in Finnland. H\u00e4tte ich mich vorher genug mit Finnland besch\u00e4ftigt, w\u00e4re ich vielleicht etwas l\u00e4nger geblieben. So sind einige Dinge, die vermutlich sehr sehenswert gewesen w\u00e4ren, an mir vorbeigelaufen.Mir ist schon klar \u2013 im Grunde habe ich \u201ealle Zeit\u201c der Welt (na gut, ich vermute, ich muss tats\u00e4chlich irgendwann [&hellip;]<\/p>\n","protected":false},"author":1,"featured_media":0,"parent":0,"menu_order":0,"comment_status":"closed","ping_status":"closed","template":"","meta":{"site-sidebar-layout":"default","site-content-layout":"","ast-site-content-layout":"default","site-content-style":"default","site-sidebar-style":"default","ast-global-header-display":"","ast-banner-title-visibility":"","ast-main-header-display":"","ast-hfb-above-header-display":"","ast-hfb-below-header-display":"","ast-hfb-mobile-header-display":"","site-post-title":"","ast-breadcrumbs-content":"","ast-featured-img":"","footer-sml-layout":"","ast-disable-related-posts":"","theme-transparent-header-meta":"","adv-header-id-meta":"","stick-header-meta":"","header-above-stick-meta":"","header-main-stick-meta":"","header-below-stick-meta":"","astra-migrate-meta-layouts":"default","ast-page-background-enabled":"default","ast-page-background-meta":{"desktop":{"background-color":"","background-image":"","background-repeat":"repeat","background-position":"center center","background-size":"auto","background-attachment":"scroll","background-type":"","background-media":"","overlay-type":"","overlay-color":"","overlay-opacity":"","overlay-gradient":""},"tablet":{"background-color":"","background-image":"","background-repeat":"repeat","background-position":"center center","background-size":"auto","background-attachment":"scroll","background-type":"","background-media":"","overlay-type":"","overlay-color":"","overlay-opacity":"","overlay-gradient":""},"mobile":{"background-color":"","background-image":"","background-repeat":"repeat","background-position":"center center","background-size":"auto","background-attachment":"scroll","background-type":"","background-media":"","overlay-type":"","overlay-color":"","overlay-opacity":"","overlay-gradient":""}},"ast-content-background-meta":{"desktop":{"background-color":"var(--ast-global-color-5)","background-image":"","background-repeat":"repeat","background-position":"center center","background-size":"auto","background-attachment":"scroll","background-type":"","background-media":"","overlay-type":"","overlay-color":"","overlay-opacity":"","overlay-gradient":""},"tablet":{"background-color":"var(--ast-global-color-5)","background-image":"","background-repeat":"repeat","background-position":"center center","background-size":"auto","background-attachment":"scroll","background-type":"","background-media":"","overlay-type":"","overlay-color":"","overlay-opacity":"","overlay-gradient":""},"mobile":{"background-color":"var(--ast-global-color-5)","background-image":"","background-repeat":"repeat","background-position":"center center","background-size":"auto","background-attachment":"scroll","background-type":"","background-media":"","overlay-type":"","overlay-color":"","overlay-opacity":"","overlay-gradient":""}},"footnotes":""},"yoast_head":"<!-- This site is optimized with the Yoast SEO plugin v24.5 - https:\/\/yoast.com\/wordpress\/plugins\/seo\/ -->\n<title>Halber Weg Inari zur Grense Jakoblev - motorradcamperreisen.de<\/title>\n<meta name=\"robots\" content=\"index, follow, max-snippet:-1, max-image-preview:large, max-video-preview:-1\" \/>\n<link rel=\"canonical\" href=\"http:\/\/motorradcamperreisen.de\/?page_id=1925\" \/>\n<meta property=\"og:locale\" content=\"de_DE\" \/>\n<meta property=\"og:type\" content=\"article\" \/>\n<meta property=\"og:title\" content=\"Halber Weg Inari zur Grense Jakoblev - motorradcamperreisen.de\" \/>\n<meta property=\"og:description\" content=\"Das war nun mein letzter Tag in Finnland. H\u00e4tte ich mich vorher genug mit Finnland besch\u00e4ftigt, w\u00e4re ich vielleicht etwas l\u00e4nger geblieben. So sind einige Dinge, die vermutlich sehr sehenswert gewesen w\u00e4ren, an mir vorbeigelaufen.Mir ist schon klar \u2013 im Grunde habe ich \u201ealle Zeit\u201c der Welt (na gut, ich vermute, ich muss tats\u00e4chlich irgendwann [&hellip;]\" \/>\n<meta property=\"og:url\" content=\"http:\/\/motorradcamperreisen.de\/?page_id=1925\" \/>\n<meta property=\"og:site_name\" content=\"motorradcamperreisen.de\" \/>\n<meta property=\"article:modified_time\" content=\"2023-06-07T16:02:30+00:00\" \/>\n<meta property=\"og:image\" content=\"http:\/\/motorradcamperreisen.de\/wp-content\/uploads\/2023\/06\/DSC0813-1024x682.jpg\" \/>\n<meta name=\"twitter:card\" content=\"summary_large_image\" \/>\n<meta name=\"twitter:label1\" content=\"Gesch\u00e4tzte Lesezeit\" \/>\n\t<meta name=\"twitter:data1\" content=\"4\u00a0Minuten\" \/>\n<script type=\"application\/ld+json\" class=\"yoast-schema-graph\">{\"@context\":\"https:\/\/schema.org\",\"@graph\":[{\"@type\":\"WebPage\",\"@id\":\"http:\/\/motorradcamperreisen.de\/?page_id=1925\",\"url\":\"http:\/\/motorradcamperreisen.de\/?page_id=1925\",\"name\":\"Halber Weg Inari zur Grense Jakoblev - motorradcamperreisen.de\",\"isPartOf\":{\"@id\":\"http:\/\/motorradcamperreisen.de\/#website\"},\"primaryImageOfPage\":{\"@id\":\"http:\/\/motorradcamperreisen.de\/?page_id=1925#primaryimage\"},\"image\":{\"@id\":\"http:\/\/motorradcamperreisen.de\/?page_id=1925#primaryimage\"},\"thumbnailUrl\":\"http:\/\/motorradcamperreisen.de\/wp-content\/uploads\/2023\/06\/DSC0813-1024x682.jpg\",\"datePublished\":\"2023-06-07T15:51:15+00:00\",\"dateModified\":\"2023-06-07T16:02:30+00:00\",\"breadcrumb\":{\"@id\":\"http:\/\/motorradcamperreisen.de\/?page_id=1925#breadcrumb\"},\"inLanguage\":\"de\",\"potentialAction\":[{\"@type\":\"ReadAction\",\"target\":[\"http:\/\/motorradcamperreisen.de\/?page_id=1925\"]}]},{\"@type\":\"ImageObject\",\"inLanguage\":\"de\",\"@id\":\"http:\/\/motorradcamperreisen.de\/?page_id=1925#primaryimage\",\"url\":\"http:\/\/motorradcamperreisen.de\/wp-content\/uploads\/2023\/06\/DSC0813-scaled.jpg\",\"contentUrl\":\"http:\/\/motorradcamperreisen.de\/wp-content\/uploads\/2023\/06\/DSC0813-scaled.jpg\",\"width\":2560,\"height\":1704},{\"@type\":\"BreadcrumbList\",\"@id\":\"http:\/\/motorradcamperreisen.de\/?page_id=1925#breadcrumb\",\"itemListElement\":[{\"@type\":\"ListItem\",\"position\":1,\"name\":\"Startseite\",\"item\":\"http:\/\/motorradcamperreisen.de\/\"},{\"@type\":\"ListItem\",\"position\":2,\"name\":\"Halber Weg Inari zur Grense Jakoblev\"}]},{\"@type\":\"WebSite\",\"@id\":\"http:\/\/motorradcamperreisen.de\/#website\",\"url\":\"http:\/\/motorradcamperreisen.de\/\",\"name\":\"motorradcamperreisen.de\",\"description\":\"Motorradtouren, Camperreisen, St\u00e4dtetrips und was mir sonst noch so einf\u00e4llt....\",\"publisher\":{\"@id\":\"http:\/\/motorradcamperreisen.de\/#\/schema\/person\/3b5f74e4181c032b66d5c7b9f7ec1790\"},\"potentialAction\":[{\"@type\":\"SearchAction\",\"target\":{\"@type\":\"EntryPoint\",\"urlTemplate\":\"http:\/\/motorradcamperreisen.de\/?s={search_term_string}\"},\"query-input\":{\"@type\":\"PropertyValueSpecification\",\"valueRequired\":true,\"valueName\":\"search_term_string\"}}],\"inLanguage\":\"de\"},{\"@type\":[\"Person\",\"Organization\"],\"@id\":\"http:\/\/motorradcamperreisen.de\/#\/schema\/person\/3b5f74e4181c032b66d5c7b9f7ec1790\",\"name\":\"Bile66\",\"image\":{\"@type\":\"ImageObject\",\"inLanguage\":\"de\",\"@id\":\"http:\/\/motorradcamperreisen.de\/#\/schema\/person\/image\/\",\"url\":\"http:\/\/motorradcamperreisen.de\/wp-content\/uploads\/2022\/07\/IMG_20191005_143007-scaled.jpg\",\"contentUrl\":\"http:\/\/motorradcamperreisen.de\/wp-content\/uploads\/2022\/07\/IMG_20191005_143007-scaled.jpg\",\"width\":1920,\"height\":2560,\"caption\":\"Bile66\"},\"logo\":{\"@id\":\"http:\/\/motorradcamperreisen.de\/#\/schema\/person\/image\/\"},\"sameAs\":[\"http:\/\/motorradcamperreisen.de\"]}]}<\/script>\n<!-- \/ Yoast SEO plugin. -->","yoast_head_json":{"title":"Halber Weg Inari zur Grense Jakoblev - motorradcamperreisen.de","robots":{"index":"index","follow":"follow","max-snippet":"max-snippet:-1","max-image-preview":"max-image-preview:large","max-video-preview":"max-video-preview:-1"},"canonical":"http:\/\/motorradcamperreisen.de\/?page_id=1925","og_locale":"de_DE","og_type":"article","og_title":"Halber Weg Inari zur Grense Jakoblev - motorradcamperreisen.de","og_description":"Das war nun mein letzter Tag in Finnland. H\u00e4tte ich mich vorher genug mit Finnland besch\u00e4ftigt, w\u00e4re ich vielleicht etwas l\u00e4nger geblieben. So sind einige Dinge, die vermutlich sehr sehenswert gewesen w\u00e4ren, an mir vorbeigelaufen.Mir ist schon klar \u2013 im Grunde habe ich \u201ealle Zeit\u201c der Welt (na gut, ich vermute, ich muss tats\u00e4chlich irgendwann [&hellip;]","og_url":"http:\/\/motorradcamperreisen.de\/?page_id=1925","og_site_name":"motorradcamperreisen.de","article_modified_time":"2023-06-07T16:02:30+00:00","og_image":[{"url":"http:\/\/motorradcamperreisen.de\/wp-content\/uploads\/2023\/06\/DSC0813-1024x682.jpg","type":"","width":"","height":""}],"twitter_card":"summary_large_image","twitter_misc":{"Gesch\u00e4tzte Lesezeit":"4\u00a0Minuten"},"schema":{"@context":"https:\/\/schema.org","@graph":[{"@type":"WebPage","@id":"http:\/\/motorradcamperreisen.de\/?page_id=1925","url":"http:\/\/motorradcamperreisen.de\/?page_id=1925","name":"Halber Weg Inari zur Grense Jakoblev - motorradcamperreisen.de","isPartOf":{"@id":"http:\/\/motorradcamperreisen.de\/#website"},"primaryImageOfPage":{"@id":"http:\/\/motorradcamperreisen.de\/?page_id=1925#primaryimage"},"image":{"@id":"http:\/\/motorradcamperreisen.de\/?page_id=1925#primaryimage"},"thumbnailUrl":"http:\/\/motorradcamperreisen.de\/wp-content\/uploads\/2023\/06\/DSC0813-1024x682.jpg","datePublished":"2023-06-07T15:51:15+00:00","dateModified":"2023-06-07T16:02:30+00:00","breadcrumb":{"@id":"http:\/\/motorradcamperreisen.de\/?page_id=1925#breadcrumb"},"inLanguage":"de","potentialAction":[{"@type":"ReadAction","target":["http:\/\/motorradcamperreisen.de\/?page_id=1925"]}]},{"@type":"ImageObject","inLanguage":"de","@id":"http:\/\/motorradcamperreisen.de\/?page_id=1925#primaryimage","url":"http:\/\/motorradcamperreisen.de\/wp-content\/uploads\/2023\/06\/DSC0813-scaled.jpg","contentUrl":"http:\/\/motorradcamperreisen.de\/wp-content\/uploads\/2023\/06\/DSC0813-scaled.jpg","width":2560,"height":1704},{"@type":"BreadcrumbList","@id":"http:\/\/motorradcamperreisen.de\/?page_id=1925#breadcrumb","itemListElement":[{"@type":"ListItem","position":1,"name":"Startseite","item":"http:\/\/motorradcamperreisen.de\/"},{"@type":"ListItem","position":2,"name":"Halber Weg Inari zur Grense Jakoblev"}]},{"@type":"WebSite","@id":"http:\/\/motorradcamperreisen.de\/#website","url":"http:\/\/motorradcamperreisen.de\/","name":"motorradcamperreisen.de","description":"Motorradtouren, Camperreisen, St\u00e4dtetrips und was mir sonst noch so einf\u00e4llt....","publisher":{"@id":"http:\/\/motorradcamperreisen.de\/#\/schema\/person\/3b5f74e4181c032b66d5c7b9f7ec1790"},"potentialAction":[{"@type":"SearchAction","target":{"@type":"EntryPoint","urlTemplate":"http:\/\/motorradcamperreisen.de\/?s={search_term_string}"},"query-input":{"@type":"PropertyValueSpecification","valueRequired":true,"valueName":"search_term_string"}}],"inLanguage":"de"},{"@type":["Person","Organization"],"@id":"http:\/\/motorradcamperreisen.de\/#\/schema\/person\/3b5f74e4181c032b66d5c7b9f7ec1790","name":"Bile66","image":{"@type":"ImageObject","inLanguage":"de","@id":"http:\/\/motorradcamperreisen.de\/#\/schema\/person\/image\/","url":"http:\/\/motorradcamperreisen.de\/wp-content\/uploads\/2022\/07\/IMG_20191005_143007-scaled.jpg","contentUrl":"http:\/\/motorradcamperreisen.de\/wp-content\/uploads\/2022\/07\/IMG_20191005_143007-scaled.jpg","width":1920,"height":2560,"caption":"Bile66"},"logo":{"@id":"http:\/\/motorradcamperreisen.de\/#\/schema\/person\/image\/"},"sameAs":["http:\/\/motorradcamperreisen.de"]}]}},"_links":{"self":[{"href":"http:\/\/motorradcamperreisen.de\/index.php?rest_route=\/wp\/v2\/pages\/1925"}],"collection":[{"href":"http:\/\/motorradcamperreisen.de\/index.php?rest_route=\/wp\/v2\/pages"}],"about":[{"href":"http:\/\/motorradcamperreisen.de\/index.php?rest_route=\/wp\/v2\/types\/page"}],"author":[{"embeddable":true,"href":"http:\/\/motorradcamperreisen.de\/index.php?rest_route=\/wp\/v2\/users\/1"}],"replies":[{"embeddable":true,"href":"http:\/\/motorradcamperreisen.de\/index.php?rest_route=%2Fwp%2Fv2%2Fcomments&post=1925"}],"version-history":[{"count":4,"href":"http:\/\/motorradcamperreisen.de\/index.php?rest_route=\/wp\/v2\/pages\/1925\/revisions"}],"predecessor-version":[{"id":1934,"href":"http:\/\/motorradcamperreisen.de\/index.php?rest_route=\/wp\/v2\/pages\/1925\/revisions\/1934"}],"wp:attachment":[{"href":"http:\/\/motorradcamperreisen.de\/index.php?rest_route=%2Fwp%2Fv2%2Fmedia&parent=1925"}],"curies":[{"name":"wp","href":"https:\/\/api.w.org\/{rel}","templated":true}]}}