{"id":1635,"date":"2023-05-23T13:01:01","date_gmt":"2023-05-23T11:01:01","guid":{"rendered":"http:\/\/motorradcamperreisen.de\/?page_id=1635"},"modified":"2023-06-07T17:56:49","modified_gmt":"2023-06-07T15:56:49","slug":"kuusamo-nach-inari","status":"publish","type":"page","link":"http:\/\/motorradcamperreisen.de\/?page_id=1635","title":{"rendered":"Kuusamo nach Inari"},"content":{"rendered":"\n<figure class=\"wp-block-image size-medium\"><img loading=\"lazy\" decoding=\"async\" width=\"219\" height=\"300\" src=\"http:\/\/motorradcamperreisen.de\/wp-content\/uploads\/2023\/05\/grafik-9-219x300.png\" alt=\"\" class=\"wp-image-1636\" srcset=\"http:\/\/motorradcamperreisen.de\/wp-content\/uploads\/2023\/05\/grafik-9-219x300.png 219w, http:\/\/motorradcamperreisen.de\/wp-content\/uploads\/2023\/05\/grafik-9.png 497w\" sizes=\"(max-width: 219px) 100vw, 219px\" \/><\/figure>\n\n\n\n<p>Klassische Fehlplanung &#8211; viel zu weit. Vor allem, wenn man vorher noch in einen Nationalpark will:<\/p>\n\n\n\n<p>Die Nacht war lausig kalt. Es hat gehagelt und geregnet bei gerade einmal 1 Grad Au\u00dfentemperatur. Mir war saukalt. Standheizung w\u00e4re sicher die L\u00f6sung gewesen, aber nat\u00fcrlich hat Frau Chaos alle Gebl\u00e4se vollgestellt. Das habe ich heute ge\u00e4ndert und ein bisschen umger\u00e4umt \ud83d\ude0a<\/p>\n\n\n\n<p>Mein heutiges Ziel war der Oulanka Nationalpark. Eigentlich wollte ich nur die Stromschnellen sehen, aber irgendwie hat es mich zu einer ausgiebigen Wanderung gelockt. Mal Kopf frei kriegen und an gar nichts denken.<\/p>\n\n\n\n<p>Die Anfahrt war sehr kurz und es ist immer noch so, dass es mich total erstaunt, dass auf E (Europa) Stra\u00dfen so wahnsinnig wenig Verkehr herrscht. Wenn dir alle 20 Minuten mal ein Auto entgegenkommt, ist das schon viel.<\/p>\n\n\n\n<p>Auch hier wieder nur jede Menge Bilder:<\/p>\n\n\n\n<figure class=\"wp-block-gallery has-nested-images columns-default is-cropped wp-block-gallery-1 is-layout-flex wp-block-gallery-is-layout-flex\">\n<figure class=\"wp-block-image size-large\"><img loading=\"lazy\" decoding=\"async\" width=\"768\" height=\"1024\" data-id=\"1900\" src=\"http:\/\/motorradcamperreisen.de\/wp-content\/uploads\/2023\/06\/IMG_20230606_120911-768x1024.jpg\" alt=\"\" class=\"wp-image-1900\" srcset=\"http:\/\/motorradcamperreisen.de\/wp-content\/uploads\/2023\/06\/IMG_20230606_120911-768x1024.jpg 768w, http:\/\/motorradcamperreisen.de\/wp-content\/uploads\/2023\/06\/IMG_20230606_120911-225x300.jpg 225w, http:\/\/motorradcamperreisen.de\/wp-content\/uploads\/2023\/06\/IMG_20230606_120911-1152x1536.jpg 1152w, http:\/\/motorradcamperreisen.de\/wp-content\/uploads\/2023\/06\/IMG_20230606_120911-1536x2048.jpg 1536w, http:\/\/motorradcamperreisen.de\/wp-content\/uploads\/2023\/06\/IMG_20230606_120911-scaled.jpg 1920w\" sizes=\"(max-width: 768px) 100vw, 768px\" \/><\/figure>\n\n\n\n<figure class=\"wp-block-image size-large\"><img loading=\"lazy\" decoding=\"async\" width=\"768\" height=\"1024\" data-id=\"1903\" src=\"http:\/\/motorradcamperreisen.de\/wp-content\/uploads\/2023\/06\/IMG_20230606_121151-768x1024.jpg\" alt=\"\" class=\"wp-image-1903\" srcset=\"http:\/\/motorradcamperreisen.de\/wp-content\/uploads\/2023\/06\/IMG_20230606_121151-768x1024.jpg 768w, http:\/\/motorradcamperreisen.de\/wp-content\/uploads\/2023\/06\/IMG_20230606_121151-225x300.jpg 225w, http:\/\/motorradcamperreisen.de\/wp-content\/uploads\/2023\/06\/IMG_20230606_121151-1152x1536.jpg 1152w, http:\/\/motorradcamperreisen.de\/wp-content\/uploads\/2023\/06\/IMG_20230606_121151-1536x2048.jpg 1536w, http:\/\/motorradcamperreisen.de\/wp-content\/uploads\/2023\/06\/IMG_20230606_121151-scaled.jpg 1920w\" sizes=\"(max-width: 768px) 100vw, 768px\" \/><\/figure>\n\n\n\n<figure class=\"wp-block-image size-large\"><img loading=\"lazy\" decoding=\"async\" width=\"768\" height=\"1024\" data-id=\"1895\" src=\"http:\/\/motorradcamperreisen.de\/wp-content\/uploads\/2023\/06\/IMG_20230606_124810-768x1024.jpg\" alt=\"\" class=\"wp-image-1895\" srcset=\"http:\/\/motorradcamperreisen.de\/wp-content\/uploads\/2023\/06\/IMG_20230606_124810-768x1024.jpg 768w, http:\/\/motorradcamperreisen.de\/wp-content\/uploads\/2023\/06\/IMG_20230606_124810-225x300.jpg 225w, http:\/\/motorradcamperreisen.de\/wp-content\/uploads\/2023\/06\/IMG_20230606_124810-1152x1536.jpg 1152w, http:\/\/motorradcamperreisen.de\/wp-content\/uploads\/2023\/06\/IMG_20230606_124810-1536x2048.jpg 1536w, http:\/\/motorradcamperreisen.de\/wp-content\/uploads\/2023\/06\/IMG_20230606_124810-scaled.jpg 1920w\" sizes=\"(max-width: 768px) 100vw, 768px\" \/><\/figure>\n\n\n\n<figure class=\"wp-block-image size-large\"><img loading=\"lazy\" decoding=\"async\" width=\"1024\" height=\"682\" data-id=\"1897\" src=\"http:\/\/motorradcamperreisen.de\/wp-content\/uploads\/2023\/06\/DSC0808-1024x682.jpg\" alt=\"\" class=\"wp-image-1897\" srcset=\"http:\/\/motorradcamperreisen.de\/wp-content\/uploads\/2023\/06\/DSC0808-1024x682.jpg 1024w, http:\/\/motorradcamperreisen.de\/wp-content\/uploads\/2023\/06\/DSC0808-300x200.jpg 300w, http:\/\/motorradcamperreisen.de\/wp-content\/uploads\/2023\/06\/DSC0808-768x511.jpg 768w, http:\/\/motorradcamperreisen.de\/wp-content\/uploads\/2023\/06\/DSC0808-1536x1022.jpg 1536w, http:\/\/motorradcamperreisen.de\/wp-content\/uploads\/2023\/06\/DSC0808-2048x1363.jpg 2048w\" sizes=\"(max-width: 1024px) 100vw, 1024px\" \/><\/figure>\n\n\n\n<figure class=\"wp-block-image size-large\"><img loading=\"lazy\" decoding=\"async\" width=\"768\" height=\"1024\" data-id=\"1896\" src=\"http:\/\/motorradcamperreisen.de\/wp-content\/uploads\/2023\/06\/IMG_20230606_134605-768x1024.jpg\" alt=\"\" class=\"wp-image-1896\" srcset=\"http:\/\/motorradcamperreisen.de\/wp-content\/uploads\/2023\/06\/IMG_20230606_134605-768x1024.jpg 768w, http:\/\/motorradcamperreisen.de\/wp-content\/uploads\/2023\/06\/IMG_20230606_134605-225x300.jpg 225w, http:\/\/motorradcamperreisen.de\/wp-content\/uploads\/2023\/06\/IMG_20230606_134605-1152x1536.jpg 1152w, http:\/\/motorradcamperreisen.de\/wp-content\/uploads\/2023\/06\/IMG_20230606_134605-1536x2048.jpg 1536w, http:\/\/motorradcamperreisen.de\/wp-content\/uploads\/2023\/06\/IMG_20230606_134605-scaled.jpg 1920w\" sizes=\"(max-width: 768px) 100vw, 768px\" \/><\/figure>\n\n\n\n<figure class=\"wp-block-image size-large\"><img loading=\"lazy\" decoding=\"async\" width=\"768\" height=\"1024\" data-id=\"1901\" src=\"http:\/\/motorradcamperreisen.de\/wp-content\/uploads\/2023\/06\/IMG_20230606_135209-768x1024.jpg\" alt=\"\" class=\"wp-image-1901\" srcset=\"http:\/\/motorradcamperreisen.de\/wp-content\/uploads\/2023\/06\/IMG_20230606_135209-768x1024.jpg 768w, http:\/\/motorradcamperreisen.de\/wp-content\/uploads\/2023\/06\/IMG_20230606_135209-225x300.jpg 225w, http:\/\/motorradcamperreisen.de\/wp-content\/uploads\/2023\/06\/IMG_20230606_135209-1152x1536.jpg 1152w, http:\/\/motorradcamperreisen.de\/wp-content\/uploads\/2023\/06\/IMG_20230606_135209-1536x2048.jpg 1536w, http:\/\/motorradcamperreisen.de\/wp-content\/uploads\/2023\/06\/IMG_20230606_135209-scaled.jpg 1920w\" sizes=\"(max-width: 768px) 100vw, 768px\" \/><\/figure>\n\n\n\n<figure class=\"wp-block-image size-large\"><img loading=\"lazy\" decoding=\"async\" width=\"768\" height=\"1024\" data-id=\"1898\" src=\"http:\/\/motorradcamperreisen.de\/wp-content\/uploads\/2023\/06\/IMG_20230606_135233-768x1024.jpg\" alt=\"\" class=\"wp-image-1898\" srcset=\"http:\/\/motorradcamperreisen.de\/wp-content\/uploads\/2023\/06\/IMG_20230606_135233-768x1024.jpg 768w, http:\/\/motorradcamperreisen.de\/wp-content\/uploads\/2023\/06\/IMG_20230606_135233-225x300.jpg 225w, http:\/\/motorradcamperreisen.de\/wp-content\/uploads\/2023\/06\/IMG_20230606_135233-1152x1536.jpg 1152w, http:\/\/motorradcamperreisen.de\/wp-content\/uploads\/2023\/06\/IMG_20230606_135233-1536x2048.jpg 1536w, http:\/\/motorradcamperreisen.de\/wp-content\/uploads\/2023\/06\/IMG_20230606_135233-scaled.jpg 1920w\" sizes=\"(max-width: 768px) 100vw, 768px\" \/><figcaption class=\"wp-element-caption\">fbt<\/figcaption><\/figure>\n\n\n\n<figure class=\"wp-block-image size-large\"><img loading=\"lazy\" decoding=\"async\" width=\"768\" height=\"1024\" data-id=\"1899\" src=\"http:\/\/motorradcamperreisen.de\/wp-content\/uploads\/2023\/06\/IMG_20230606_140424-768x1024.jpg\" alt=\"\" class=\"wp-image-1899\" srcset=\"http:\/\/motorradcamperreisen.de\/wp-content\/uploads\/2023\/06\/IMG_20230606_140424-768x1024.jpg 768w, http:\/\/motorradcamperreisen.de\/wp-content\/uploads\/2023\/06\/IMG_20230606_140424-225x300.jpg 225w, http:\/\/motorradcamperreisen.de\/wp-content\/uploads\/2023\/06\/IMG_20230606_140424-1152x1536.jpg 1152w, http:\/\/motorradcamperreisen.de\/wp-content\/uploads\/2023\/06\/IMG_20230606_140424-1536x2048.jpg 1536w, http:\/\/motorradcamperreisen.de\/wp-content\/uploads\/2023\/06\/IMG_20230606_140424-scaled.jpg 1920w\" sizes=\"(max-width: 768px) 100vw, 768px\" \/><\/figure>\n\n\n\n<figure class=\"wp-block-image size-large\"><img loading=\"lazy\" decoding=\"async\" width=\"768\" height=\"1024\" data-id=\"1902\" src=\"http:\/\/motorradcamperreisen.de\/wp-content\/uploads\/2023\/06\/IMG_20230606_140438-768x1024.jpg\" alt=\"\" class=\"wp-image-1902\" srcset=\"http:\/\/motorradcamperreisen.de\/wp-content\/uploads\/2023\/06\/IMG_20230606_140438-768x1024.jpg 768w, http:\/\/motorradcamperreisen.de\/wp-content\/uploads\/2023\/06\/IMG_20230606_140438-225x300.jpg 225w, http:\/\/motorradcamperreisen.de\/wp-content\/uploads\/2023\/06\/IMG_20230606_140438-1152x1536.jpg 1152w, http:\/\/motorradcamperreisen.de\/wp-content\/uploads\/2023\/06\/IMG_20230606_140438-1536x2048.jpg 1536w, http:\/\/motorradcamperreisen.de\/wp-content\/uploads\/2023\/06\/IMG_20230606_140438-scaled.jpg 1920w\" sizes=\"(max-width: 768px) 100vw, 768px\" \/><\/figure>\n<\/figure>\n\n\n\n<figure class=\"wp-block-video\"><video controls src=\"http:\/\/motorradcamperreisen.de\/wp-content\/uploads\/2023\/06\/VID_20230606_140918.mp4\"><\/video><\/figure>\n\n\n\n<p>Aber ein genauso tolles Erlebnis hatte ich unterwegs (\u00fcbrigens immer noch auf einer Europastra\u00dfe):<\/p>\n\n\n\n<figure class=\"wp-block-gallery has-nested-images columns-default is-cropped wp-block-gallery-2 is-layout-flex wp-block-gallery-is-layout-flex\">\n<figure class=\"wp-block-image size-large\"><img loading=\"lazy\" decoding=\"async\" width=\"768\" height=\"1024\" data-id=\"1909\" src=\"http:\/\/motorradcamperreisen.de\/wp-content\/uploads\/2023\/06\/IMG_20230606_150512-768x1024.jpg\" alt=\"\" class=\"wp-image-1909\" srcset=\"http:\/\/motorradcamperreisen.de\/wp-content\/uploads\/2023\/06\/IMG_20230606_150512-768x1024.jpg 768w, http:\/\/motorradcamperreisen.de\/wp-content\/uploads\/2023\/06\/IMG_20230606_150512-225x300.jpg 225w, http:\/\/motorradcamperreisen.de\/wp-content\/uploads\/2023\/06\/IMG_20230606_150512-1152x1536.jpg 1152w, http:\/\/motorradcamperreisen.de\/wp-content\/uploads\/2023\/06\/IMG_20230606_150512-1536x2048.jpg 1536w, http:\/\/motorradcamperreisen.de\/wp-content\/uploads\/2023\/06\/IMG_20230606_150512-scaled.jpg 1920w\" sizes=\"(max-width: 768px) 100vw, 768px\" \/><\/figure>\n\n\n\n<figure class=\"wp-block-image size-large\"><img loading=\"lazy\" decoding=\"async\" width=\"768\" height=\"1024\" data-id=\"1911\" src=\"http:\/\/motorradcamperreisen.de\/wp-content\/uploads\/2023\/06\/IMG_20230606_150513-768x1024.jpg\" alt=\"\" class=\"wp-image-1911\" srcset=\"http:\/\/motorradcamperreisen.de\/wp-content\/uploads\/2023\/06\/IMG_20230606_150513-768x1024.jpg 768w, http:\/\/motorradcamperreisen.de\/wp-content\/uploads\/2023\/06\/IMG_20230606_150513-225x300.jpg 225w, http:\/\/motorradcamperreisen.de\/wp-content\/uploads\/2023\/06\/IMG_20230606_150513-1152x1536.jpg 1152w, http:\/\/motorradcamperreisen.de\/wp-content\/uploads\/2023\/06\/IMG_20230606_150513-1536x2048.jpg 1536w, http:\/\/motorradcamperreisen.de\/wp-content\/uploads\/2023\/06\/IMG_20230606_150513-scaled.jpg 1920w\" sizes=\"(max-width: 768px) 100vw, 768px\" \/><\/figure>\n\n\n\n<figure class=\"wp-block-image size-large\"><img loading=\"lazy\" decoding=\"async\" width=\"768\" height=\"1024\" data-id=\"1908\" src=\"http:\/\/motorradcamperreisen.de\/wp-content\/uploads\/2023\/06\/IMG_20230606_150514-768x1024.jpg\" alt=\"\" class=\"wp-image-1908\" srcset=\"http:\/\/motorradcamperreisen.de\/wp-content\/uploads\/2023\/06\/IMG_20230606_150514-768x1024.jpg 768w, http:\/\/motorradcamperreisen.de\/wp-content\/uploads\/2023\/06\/IMG_20230606_150514-225x300.jpg 225w, http:\/\/motorradcamperreisen.de\/wp-content\/uploads\/2023\/06\/IMG_20230606_150514-1152x1536.jpg 1152w, http:\/\/motorradcamperreisen.de\/wp-content\/uploads\/2023\/06\/IMG_20230606_150514-1536x2048.jpg 1536w, http:\/\/motorradcamperreisen.de\/wp-content\/uploads\/2023\/06\/IMG_20230606_150514-scaled.jpg 1920w\" sizes=\"(max-width: 768px) 100vw, 768px\" \/><\/figure>\n\n\n\n<figure class=\"wp-block-image size-large\"><img loading=\"lazy\" decoding=\"async\" width=\"768\" height=\"1024\" data-id=\"1907\" src=\"http:\/\/motorradcamperreisen.de\/wp-content\/uploads\/2023\/06\/IMG_20230606_150523-768x1024.jpg\" alt=\"\" class=\"wp-image-1907\" srcset=\"http:\/\/motorradcamperreisen.de\/wp-content\/uploads\/2023\/06\/IMG_20230606_150523-768x1024.jpg 768w, http:\/\/motorradcamperreisen.de\/wp-content\/uploads\/2023\/06\/IMG_20230606_150523-225x300.jpg 225w, http:\/\/motorradcamperreisen.de\/wp-content\/uploads\/2023\/06\/IMG_20230606_150523-1152x1536.jpg 1152w, http:\/\/motorradcamperreisen.de\/wp-content\/uploads\/2023\/06\/IMG_20230606_150523-1536x2048.jpg 1536w, http:\/\/motorradcamperreisen.de\/wp-content\/uploads\/2023\/06\/IMG_20230606_150523-scaled.jpg 1920w\" sizes=\"(max-width: 768px) 100vw, 768px\" \/><\/figure>\n<\/figure>\n\n\n\n<p class=\"has-link-color wp-elements-0fd2716f0f494a6ce1f5e5b4ec5a00c2\"><strong>weiter gehts <a href=\"http:\/\/motorradcamperreisen.de\/?page_id=1925\">hier<\/a><\/strong><\/p>\n","protected":false},"excerpt":{"rendered":"<p>Klassische Fehlplanung &#8211; viel zu weit. Vor allem, wenn man vorher noch in einen Nationalpark will: Die Nacht war lausig kalt. Es hat gehagelt und geregnet bei gerade einmal 1 Grad Au\u00dfentemperatur. Mir war saukalt. Standheizung w\u00e4re sicher die L\u00f6sung gewesen, aber nat\u00fcrlich hat Frau Chaos alle Gebl\u00e4se vollgestellt. Das habe ich heute ge\u00e4ndert und [&hellip;]<\/p>\n","protected":false},"author":1,"featured_media":0,"parent":1540,"menu_order":7,"comment_status":"open","ping_status":"closed","template":"","meta":{"site-sidebar-layout":"default","site-content-layout":"","ast-site-content-layout":"default","site-content-style":"default","site-sidebar-style":"default","ast-global-header-display":"","ast-banner-title-visibility":"","ast-main-header-display":"","ast-hfb-above-header-display":"","ast-hfb-below-header-display":"","ast-hfb-mobile-header-display":"","site-post-title":"","ast-breadcrumbs-content":"","ast-featured-img":"","footer-sml-layout":"","ast-disable-related-posts":"","theme-transparent-header-meta":"","adv-header-id-meta":"","stick-header-meta":"","header-above-stick-meta":"","header-main-stick-meta":"","header-below-stick-meta":"","astra-migrate-meta-layouts":"default","ast-page-background-enabled":"default","ast-page-background-meta":{"desktop":{"background-color":"","background-image":"","background-repeat":"repeat","background-position":"center center","background-size":"auto","background-attachment":"scroll","background-type":"","background-media":"","overlay-type":"","overlay-color":"","overlay-opacity":"","overlay-gradient":""},"tablet":{"background-color":"","background-image":"","background-repeat":"repeat","background-position":"center center","background-size":"auto","background-attachment":"scroll","background-type":"","background-media":"","overlay-type":"","overlay-color":"","overlay-opacity":"","overlay-gradient":""},"mobile":{"background-color":"","background-image":"","background-repeat":"repeat","background-position":"center center","background-size":"auto","background-attachment":"scroll","background-type":"","background-media":"","overlay-type":"","overlay-color":"","overlay-opacity":"","overlay-gradient":""}},"ast-content-background-meta":{"desktop":{"background-color":"var(--ast-global-color-5)","background-image":"","background-repeat":"repeat","background-position":"center center","background-size":"auto","background-attachment":"scroll","background-type":"","background-media":"","overlay-type":"","overlay-color":"","overlay-opacity":"","overlay-gradient":""},"tablet":{"background-color":"var(--ast-global-color-5)","background-image":"","background-repeat":"repeat","background-position":"center center","background-size":"auto","background-attachment":"scroll","background-type":"","background-media":"","overlay-type":"","overlay-color":"","overlay-opacity":"","overlay-gradient":""},"mobile":{"background-color":"var(--ast-global-color-5)","background-image":"","background-repeat":"repeat","background-position":"center center","background-size":"auto","background-attachment":"scroll","background-type":"","background-media":"","overlay-type":"","overlay-color":"","overlay-opacity":"","overlay-gradient":""}},"footnotes":""},"yoast_head":"<!-- This site is optimized with the Yoast SEO plugin v24.5 - https:\/\/yoast.com\/wordpress\/plugins\/seo\/ -->\n<title>Kuusamo nach Inari - motorradcamperreisen.de<\/title>\n<meta name=\"robots\" content=\"index, follow, max-snippet:-1, max-image-preview:large, max-video-preview:-1\" \/>\n<link rel=\"canonical\" href=\"http:\/\/motorradcamperreisen.de\/?page_id=1635\" \/>\n<meta property=\"og:locale\" content=\"de_DE\" \/>\n<meta property=\"og:type\" content=\"article\" \/>\n<meta property=\"og:title\" content=\"Kuusamo nach Inari - motorradcamperreisen.de\" \/>\n<meta property=\"og:description\" content=\"Klassische Fehlplanung &#8211; viel zu weit. Vor allem, wenn man vorher noch in einen Nationalpark will: Die Nacht war lausig kalt. Es hat gehagelt und geregnet bei gerade einmal 1 Grad Au\u00dfentemperatur. Mir war saukalt. Standheizung w\u00e4re sicher die L\u00f6sung gewesen, aber nat\u00fcrlich hat Frau Chaos alle Gebl\u00e4se vollgestellt. Das habe ich heute ge\u00e4ndert und [&hellip;]\" \/>\n<meta property=\"og:url\" content=\"http:\/\/motorradcamperreisen.de\/?page_id=1635\" \/>\n<meta property=\"og:site_name\" content=\"motorradcamperreisen.de\" \/>\n<meta property=\"article:modified_time\" content=\"2023-06-07T15:56:49+00:00\" \/>\n<meta property=\"og:image\" content=\"http:\/\/motorradcamperreisen.de\/wp-content\/uploads\/2023\/05\/grafik-9-219x300.png\" \/>\n<meta name=\"twitter:card\" content=\"summary_large_image\" \/>\n<meta name=\"twitter:label1\" content=\"Gesch\u00e4tzte Lesezeit\" \/>\n\t<meta name=\"twitter:data1\" content=\"4\u00a0Minuten\" \/>\n<script type=\"application\/ld+json\" class=\"yoast-schema-graph\">{\"@context\":\"https:\/\/schema.org\",\"@graph\":[{\"@type\":\"WebPage\",\"@id\":\"http:\/\/motorradcamperreisen.de\/?page_id=1635\",\"url\":\"http:\/\/motorradcamperreisen.de\/?page_id=1635\",\"name\":\"Kuusamo nach Inari - motorradcamperreisen.de\",\"isPartOf\":{\"@id\":\"http:\/\/motorradcamperreisen.de\/#website\"},\"primaryImageOfPage\":{\"@id\":\"http:\/\/motorradcamperreisen.de\/?page_id=1635#primaryimage\"},\"image\":{\"@id\":\"http:\/\/motorradcamperreisen.de\/?page_id=1635#primaryimage\"},\"thumbnailUrl\":\"http:\/\/motorradcamperreisen.de\/wp-content\/uploads\/2023\/05\/grafik-9-219x300.png\",\"datePublished\":\"2023-05-23T11:01:01+00:00\",\"dateModified\":\"2023-06-07T15:56:49+00:00\",\"breadcrumb\":{\"@id\":\"http:\/\/motorradcamperreisen.de\/?page_id=1635#breadcrumb\"},\"inLanguage\":\"de\",\"potentialAction\":[{\"@type\":\"ReadAction\",\"target\":[\"http:\/\/motorradcamperreisen.de\/?page_id=1635\"]}]},{\"@type\":\"ImageObject\",\"inLanguage\":\"de\",\"@id\":\"http:\/\/motorradcamperreisen.de\/?page_id=1635#primaryimage\",\"url\":\"http:\/\/motorradcamperreisen.de\/wp-content\/uploads\/2023\/05\/grafik-9.png\",\"contentUrl\":\"http:\/\/motorradcamperreisen.de\/wp-content\/uploads\/2023\/05\/grafik-9.png\",\"width\":497,\"height\":681},{\"@type\":\"BreadcrumbList\",\"@id\":\"http:\/\/motorradcamperreisen.de\/?page_id=1635#breadcrumb\",\"itemListElement\":[{\"@type\":\"ListItem\",\"position\":1,\"name\":\"Startseite\",\"item\":\"http:\/\/motorradcamperreisen.de\/\"},{\"@type\":\"ListItem\",\"position\":2,\"name\":\"Finnland und Norwegen 2023\",\"item\":\"http:\/\/motorradcamperreisen.de\/?page_id=1540\"},{\"@type\":\"ListItem\",\"position\":3,\"name\":\"Kuusamo nach Inari\"}]},{\"@type\":\"WebSite\",\"@id\":\"http:\/\/motorradcamperreisen.de\/#website\",\"url\":\"http:\/\/motorradcamperreisen.de\/\",\"name\":\"motorradcamperreisen.de\",\"description\":\"Motorradtouren, Camperreisen, St\u00e4dtetrips und was mir sonst noch so einf\u00e4llt....\",\"publisher\":{\"@id\":\"http:\/\/motorradcamperreisen.de\/#\/schema\/person\/3b5f74e4181c032b66d5c7b9f7ec1790\"},\"potentialAction\":[{\"@type\":\"SearchAction\",\"target\":{\"@type\":\"EntryPoint\",\"urlTemplate\":\"http:\/\/motorradcamperreisen.de\/?s={search_term_string}\"},\"query-input\":{\"@type\":\"PropertyValueSpecification\",\"valueRequired\":true,\"valueName\":\"search_term_string\"}}],\"inLanguage\":\"de\"},{\"@type\":[\"Person\",\"Organization\"],\"@id\":\"http:\/\/motorradcamperreisen.de\/#\/schema\/person\/3b5f74e4181c032b66d5c7b9f7ec1790\",\"name\":\"Bile66\",\"image\":{\"@type\":\"ImageObject\",\"inLanguage\":\"de\",\"@id\":\"http:\/\/motorradcamperreisen.de\/#\/schema\/person\/image\/\",\"url\":\"http:\/\/motorradcamperreisen.de\/wp-content\/uploads\/2022\/07\/IMG_20191005_143007-scaled.jpg\",\"contentUrl\":\"http:\/\/motorradcamperreisen.de\/wp-content\/uploads\/2022\/07\/IMG_20191005_143007-scaled.jpg\",\"width\":1920,\"height\":2560,\"caption\":\"Bile66\"},\"logo\":{\"@id\":\"http:\/\/motorradcamperreisen.de\/#\/schema\/person\/image\/\"},\"sameAs\":[\"http:\/\/motorradcamperreisen.de\"]}]}<\/script>\n<!-- \/ Yoast SEO plugin. -->","yoast_head_json":{"title":"Kuusamo nach Inari - motorradcamperreisen.de","robots":{"index":"index","follow":"follow","max-snippet":"max-snippet:-1","max-image-preview":"max-image-preview:large","max-video-preview":"max-video-preview:-1"},"canonical":"http:\/\/motorradcamperreisen.de\/?page_id=1635","og_locale":"de_DE","og_type":"article","og_title":"Kuusamo nach Inari - motorradcamperreisen.de","og_description":"Klassische Fehlplanung &#8211; viel zu weit. Vor allem, wenn man vorher noch in einen Nationalpark will: Die Nacht war lausig kalt. Es hat gehagelt und geregnet bei gerade einmal 1 Grad Au\u00dfentemperatur. Mir war saukalt. Standheizung w\u00e4re sicher die L\u00f6sung gewesen, aber nat\u00fcrlich hat Frau Chaos alle Gebl\u00e4se vollgestellt. Das habe ich heute ge\u00e4ndert und [&hellip;]","og_url":"http:\/\/motorradcamperreisen.de\/?page_id=1635","og_site_name":"motorradcamperreisen.de","article_modified_time":"2023-06-07T15:56:49+00:00","og_image":[{"url":"http:\/\/motorradcamperreisen.de\/wp-content\/uploads\/2023\/05\/grafik-9-219x300.png","type":"","width":"","height":""}],"twitter_card":"summary_large_image","twitter_misc":{"Gesch\u00e4tzte Lesezeit":"4\u00a0Minuten"},"schema":{"@context":"https:\/\/schema.org","@graph":[{"@type":"WebPage","@id":"http:\/\/motorradcamperreisen.de\/?page_id=1635","url":"http:\/\/motorradcamperreisen.de\/?page_id=1635","name":"Kuusamo nach Inari - motorradcamperreisen.de","isPartOf":{"@id":"http:\/\/motorradcamperreisen.de\/#website"},"primaryImageOfPage":{"@id":"http:\/\/motorradcamperreisen.de\/?page_id=1635#primaryimage"},"image":{"@id":"http:\/\/motorradcamperreisen.de\/?page_id=1635#primaryimage"},"thumbnailUrl":"http:\/\/motorradcamperreisen.de\/wp-content\/uploads\/2023\/05\/grafik-9-219x300.png","datePublished":"2023-05-23T11:01:01+00:00","dateModified":"2023-06-07T15:56:49+00:00","breadcrumb":{"@id":"http:\/\/motorradcamperreisen.de\/?page_id=1635#breadcrumb"},"inLanguage":"de","potentialAction":[{"@type":"ReadAction","target":["http:\/\/motorradcamperreisen.de\/?page_id=1635"]}]},{"@type":"ImageObject","inLanguage":"de","@id":"http:\/\/motorradcamperreisen.de\/?page_id=1635#primaryimage","url":"http:\/\/motorradcamperreisen.de\/wp-content\/uploads\/2023\/05\/grafik-9.png","contentUrl":"http:\/\/motorradcamperreisen.de\/wp-content\/uploads\/2023\/05\/grafik-9.png","width":497,"height":681},{"@type":"BreadcrumbList","@id":"http:\/\/motorradcamperreisen.de\/?page_id=1635#breadcrumb","itemListElement":[{"@type":"ListItem","position":1,"name":"Startseite","item":"http:\/\/motorradcamperreisen.de\/"},{"@type":"ListItem","position":2,"name":"Finnland und Norwegen 2023","item":"http:\/\/motorradcamperreisen.de\/?page_id=1540"},{"@type":"ListItem","position":3,"name":"Kuusamo nach Inari"}]},{"@type":"WebSite","@id":"http:\/\/motorradcamperreisen.de\/#website","url":"http:\/\/motorradcamperreisen.de\/","name":"motorradcamperreisen.de","description":"Motorradtouren, Camperreisen, St\u00e4dtetrips und was mir sonst noch so einf\u00e4llt....","publisher":{"@id":"http:\/\/motorradcamperreisen.de\/#\/schema\/person\/3b5f74e4181c032b66d5c7b9f7ec1790"},"potentialAction":[{"@type":"SearchAction","target":{"@type":"EntryPoint","urlTemplate":"http:\/\/motorradcamperreisen.de\/?s={search_term_string}"},"query-input":{"@type":"PropertyValueSpecification","valueRequired":true,"valueName":"search_term_string"}}],"inLanguage":"de"},{"@type":["Person","Organization"],"@id":"http:\/\/motorradcamperreisen.de\/#\/schema\/person\/3b5f74e4181c032b66d5c7b9f7ec1790","name":"Bile66","image":{"@type":"ImageObject","inLanguage":"de","@id":"http:\/\/motorradcamperreisen.de\/#\/schema\/person\/image\/","url":"http:\/\/motorradcamperreisen.de\/wp-content\/uploads\/2022\/07\/IMG_20191005_143007-scaled.jpg","contentUrl":"http:\/\/motorradcamperreisen.de\/wp-content\/uploads\/2022\/07\/IMG_20191005_143007-scaled.jpg","width":1920,"height":2560,"caption":"Bile66"},"logo":{"@id":"http:\/\/motorradcamperreisen.de\/#\/schema\/person\/image\/"},"sameAs":["http:\/\/motorradcamperreisen.de"]}]}},"_links":{"self":[{"href":"http:\/\/motorradcamperreisen.de\/index.php?rest_route=\/wp\/v2\/pages\/1635"}],"collection":[{"href":"http:\/\/motorradcamperreisen.de\/index.php?rest_route=\/wp\/v2\/pages"}],"about":[{"href":"http:\/\/motorradcamperreisen.de\/index.php?rest_route=\/wp\/v2\/types\/page"}],"author":[{"embeddable":true,"href":"http:\/\/motorradcamperreisen.de\/index.php?rest_route=\/wp\/v2\/users\/1"}],"replies":[{"embeddable":true,"href":"http:\/\/motorradcamperreisen.de\/index.php?rest_route=%2Fwp%2Fv2%2Fcomments&post=1635"}],"version-history":[{"count":5,"href":"http:\/\/motorradcamperreisen.de\/index.php?rest_route=\/wp\/v2\/pages\/1635\/revisions"}],"predecessor-version":[{"id":1928,"href":"http:\/\/motorradcamperreisen.de\/index.php?rest_route=\/wp\/v2\/pages\/1635\/revisions\/1928"}],"up":[{"embeddable":true,"href":"http:\/\/motorradcamperreisen.de\/index.php?rest_route=\/wp\/v2\/pages\/1540"}],"wp:attachment":[{"href":"http:\/\/motorradcamperreisen.de\/index.php?rest_route=%2Fwp%2Fv2%2Fmedia&parent=1635"}],"curies":[{"name":"wp","href":"https:\/\/api.w.org\/{rel}","templated":true}]}}