{"id":1608,"date":"2023-05-23T11:29:01","date_gmt":"2023-05-23T09:29:01","guid":{"rendered":"http:\/\/motorradcamperreisen.de\/?page_id=1608"},"modified":"2023-06-04T18:38:44","modified_gmt":"2023-06-04T16:38:44","slug":"uuisikaupunki-nach-saltkaret","status":"publish","type":"page","link":"http:\/\/motorradcamperreisen.de\/?page_id=1608","title":{"rendered":"Uuisikaupunki nach Saltkaret"},"content":{"rendered":"\n<figure class=\"wp-block-image size-medium\"><img loading=\"lazy\" decoding=\"async\" width=\"104\" height=\"300\" src=\"http:\/\/motorradcamperreisen.de\/wp-content\/uploads\/2023\/05\/grafik-4-104x300.png\" alt=\"\" class=\"wp-image-1609\" srcset=\"http:\/\/motorradcamperreisen.de\/wp-content\/uploads\/2023\/05\/grafik-4-104x300.png 104w, http:\/\/motorradcamperreisen.de\/wp-content\/uploads\/2023\/05\/grafik-4.png 329w\" sizes=\"(max-width: 104px) 100vw, 104px\" \/><\/figure>\n\n\n\n<p><\/p>\n\n\n\n<p>Nach einer Nacht auf dem CP Rairunta wurde ich am Morgen sogar noch verw\u00f6hnt. Die sehr freundliche Besitzerin brachte mir eine Tasche mit \u201eFr\u00fchst\u00fcck\u201c \u2013 die obligatorische Zimtschnecke und zwei s\u00fc\u00dfe Br\u00f6tchen. Das fand ich richtig toll, und ich werde auch noch eine entsprechende Bewertung abgeben.<\/p>\n\n\n\n<p>Ich machte mich dann auf den Weg in den unaussprechlichen Ort Uusikaupunki. Eigentlich habe ich dort die Kirche gesucht \u2013 aber die fand ich so langweilig, dass ich nicht mal ein Foto davon gemacht habe. Daf\u00fcr bin ich am Soldatenfriedhof gelandet, wo mir die Kirche zumindest von au\u00dfen gut gefallen hat.<\/p>\n\n\n\n<div class=\"wp-block-columns is-layout-flex wp-container-core-columns-is-layout-1 wp-block-columns-is-layout-flex\">\n<div class=\"wp-block-column is-layout-flow wp-block-column-is-layout-flow\" style=\"flex-basis:33.34%\">\n<figure class=\"wp-block-image size-large is-resized\"><img loading=\"lazy\" decoding=\"async\" src=\"http:\/\/motorradcamperreisen.de\/wp-content\/uploads\/2023\/06\/IMG_20230603_112250-768x1024.jpg\" alt=\"\" class=\"wp-image-1839\" width=\"384\" height=\"512\" srcset=\"http:\/\/motorradcamperreisen.de\/wp-content\/uploads\/2023\/06\/IMG_20230603_112250-768x1024.jpg 768w, http:\/\/motorradcamperreisen.de\/wp-content\/uploads\/2023\/06\/IMG_20230603_112250-225x300.jpg 225w, http:\/\/motorradcamperreisen.de\/wp-content\/uploads\/2023\/06\/IMG_20230603_112250-1152x1536.jpg 1152w, http:\/\/motorradcamperreisen.de\/wp-content\/uploads\/2023\/06\/IMG_20230603_112250-1536x2048.jpg 1536w, http:\/\/motorradcamperreisen.de\/wp-content\/uploads\/2023\/06\/IMG_20230603_112250-scaled.jpg 1920w\" sizes=\"(max-width: 384px) 100vw, 384px\" \/><\/figure>\n<\/div>\n\n\n\n<div class=\"wp-block-column is-layout-flow wp-block-column-is-layout-flow\" style=\"flex-basis:33.34%\">\n<figure class=\"wp-block-image size-large is-resized\"><img loading=\"lazy\" decoding=\"async\" src=\"http:\/\/motorradcamperreisen.de\/wp-content\/uploads\/2023\/06\/IMG_20230603_112155-768x1024.jpg\" alt=\"\" class=\"wp-image-1840\" width=\"384\" height=\"512\" srcset=\"http:\/\/motorradcamperreisen.de\/wp-content\/uploads\/2023\/06\/IMG_20230603_112155-768x1024.jpg 768w, http:\/\/motorradcamperreisen.de\/wp-content\/uploads\/2023\/06\/IMG_20230603_112155-225x300.jpg 225w, http:\/\/motorradcamperreisen.de\/wp-content\/uploads\/2023\/06\/IMG_20230603_112155-1152x1536.jpg 1152w, http:\/\/motorradcamperreisen.de\/wp-content\/uploads\/2023\/06\/IMG_20230603_112155-1536x2048.jpg 1536w, http:\/\/motorradcamperreisen.de\/wp-content\/uploads\/2023\/06\/IMG_20230603_112155-scaled.jpg 1920w\" sizes=\"(max-width: 384px) 100vw, 384px\" \/><\/figure>\n<\/div>\n\n\n\n<div class=\"wp-block-column is-layout-flow wp-block-column-is-layout-flow\" style=\"flex-basis:33.33%\"><\/div>\n<\/div>\n\n\n\n<p>Auffallend viele US Cars fahren hier durch die Stra\u00dfen. Hier zwei kleine Einblicke:<\/p>\n\n\n\n<div class=\"wp-block-columns is-layout-flex wp-container-core-columns-is-layout-3 wp-block-columns-is-layout-flex\">\n<div class=\"wp-block-column is-layout-flow wp-block-column-is-layout-flow\" style=\"flex-basis:100%\">\n<div class=\"wp-block-columns is-layout-flex wp-container-core-columns-is-layout-2 wp-block-columns-is-layout-flex\">\n<div class=\"wp-block-column is-layout-flow wp-block-column-is-layout-flow\" style=\"flex-basis:50%\">\n<figure class=\"wp-block-image size-large is-resized\"><img loading=\"lazy\" decoding=\"async\" src=\"http:\/\/motorradcamperreisen.de\/wp-content\/uploads\/2023\/06\/IMG_20230603_112615-768x1024.jpg\" alt=\"\" class=\"wp-image-1841\" width=\"384\" height=\"512\" srcset=\"http:\/\/motorradcamperreisen.de\/wp-content\/uploads\/2023\/06\/IMG_20230603_112615-768x1024.jpg 768w, http:\/\/motorradcamperreisen.de\/wp-content\/uploads\/2023\/06\/IMG_20230603_112615-225x300.jpg 225w, http:\/\/motorradcamperreisen.de\/wp-content\/uploads\/2023\/06\/IMG_20230603_112615-1152x1536.jpg 1152w, http:\/\/motorradcamperreisen.de\/wp-content\/uploads\/2023\/06\/IMG_20230603_112615-1536x2048.jpg 1536w, http:\/\/motorradcamperreisen.de\/wp-content\/uploads\/2023\/06\/IMG_20230603_112615-scaled.jpg 1920w\" sizes=\"(max-width: 384px) 100vw, 384px\" \/><\/figure>\n<\/div>\n\n\n\n<div class=\"wp-block-column is-layout-flow wp-block-column-is-layout-flow\" style=\"flex-basis:50%\">\n<figure class=\"wp-block-image size-large is-resized\"><img loading=\"lazy\" decoding=\"async\" src=\"http:\/\/motorradcamperreisen.de\/wp-content\/uploads\/2023\/06\/IMG_20230603_112630-768x1024.jpg\" alt=\"\" class=\"wp-image-1842\" width=\"384\" height=\"512\" srcset=\"http:\/\/motorradcamperreisen.de\/wp-content\/uploads\/2023\/06\/IMG_20230603_112630-768x1024.jpg 768w, http:\/\/motorradcamperreisen.de\/wp-content\/uploads\/2023\/06\/IMG_20230603_112630-225x300.jpg 225w, http:\/\/motorradcamperreisen.de\/wp-content\/uploads\/2023\/06\/IMG_20230603_112630-1152x1536.jpg 1152w, http:\/\/motorradcamperreisen.de\/wp-content\/uploads\/2023\/06\/IMG_20230603_112630-1536x2048.jpg 1536w, http:\/\/motorradcamperreisen.de\/wp-content\/uploads\/2023\/06\/IMG_20230603_112630-scaled.jpg 1920w\" sizes=\"(max-width: 384px) 100vw, 384px\" \/><\/figure>\n<\/div>\n<\/div>\n<\/div>\n<\/div>\n\n\n\n<p>Weiter ging es gro\u00df in Richtung Vaasa. Da das Wetter nicht gerade zum drau\u00dfen rumlaufen eingeladen hat, habe ich halt mal ein paar Kilometer abgespult. Die Stra\u00dfen k\u00f6nnen allerdings sehr, sehr eint\u00f6nig sein.<\/p>\n\n\n\n<figure class=\"wp-block-image aligncenter size-large\"><img loading=\"lazy\" decoding=\"async\" width=\"768\" height=\"1024\" src=\"http:\/\/motorradcamperreisen.de\/wp-content\/uploads\/2023\/06\/IMG_20230603_143251-768x1024.jpg\" alt=\"\" class=\"wp-image-1843\" srcset=\"http:\/\/motorradcamperreisen.de\/wp-content\/uploads\/2023\/06\/IMG_20230603_143251-768x1024.jpg 768w, http:\/\/motorradcamperreisen.de\/wp-content\/uploads\/2023\/06\/IMG_20230603_143251-225x300.jpg 225w, http:\/\/motorradcamperreisen.de\/wp-content\/uploads\/2023\/06\/IMG_20230603_143251-1152x1536.jpg 1152w, http:\/\/motorradcamperreisen.de\/wp-content\/uploads\/2023\/06\/IMG_20230603_143251-1536x2048.jpg 1536w, http:\/\/motorradcamperreisen.de\/wp-content\/uploads\/2023\/06\/IMG_20230603_143251-scaled.jpg 1920w\" sizes=\"(max-width: 768px) 100vw, 768px\" \/><\/figure>\n\n\n\n<p>Zwischendurch wurde ich sogar an die Heimat erinnert: Das Baumsterben ist \u00fcberall, nicht nur im Harz:<\/p>\n\n\n\n<figure class=\"wp-block-image aligncenter size-large\"><img loading=\"lazy\" decoding=\"async\" width=\"768\" height=\"1024\" src=\"http:\/\/motorradcamperreisen.de\/wp-content\/uploads\/2023\/06\/IMG_20230603_162030-768x1024.jpg\" alt=\"\" class=\"wp-image-1844\" srcset=\"http:\/\/motorradcamperreisen.de\/wp-content\/uploads\/2023\/06\/IMG_20230603_162030-768x1024.jpg 768w, http:\/\/motorradcamperreisen.de\/wp-content\/uploads\/2023\/06\/IMG_20230603_162030-225x300.jpg 225w, http:\/\/motorradcamperreisen.de\/wp-content\/uploads\/2023\/06\/IMG_20230603_162030-1152x1536.jpg 1152w, http:\/\/motorradcamperreisen.de\/wp-content\/uploads\/2023\/06\/IMG_20230603_162030-1536x2048.jpg 1536w, http:\/\/motorradcamperreisen.de\/wp-content\/uploads\/2023\/06\/IMG_20230603_162030-scaled.jpg 1920w\" sizes=\"(max-width: 768px) 100vw, 768px\" \/><\/figure>\n\n\n\n<p>Dazu f\u00e4llt mir ein: LET\u00b4S TALK ABOUT\u2026\u2026.<\/p>\n\n\n\n<p>Verkehr \u2013 allerdings meine ich mal eher den auf der Stra\u00dfe \ud83d\ude0a. Wenn ich bisher dachte, dass die Stra\u00dfen in GB und IE schlecht waren, dann wurde ich jetzt eines Besseren belehrt. Die Anzahl an schlechten Stra\u00dfen mit Schlagl\u00f6chern und anderem hat mich schon erstaunt.<\/p>\n\n\n\n<p>Mein Sohn w\u00fcrde hier tats\u00e4chlich die Krise bekommen: H\u00f6chstgeschwindigkeit bisher 100 km\/h. Und die im st\u00e4ndigen Wechsel. Innerorts ist mittlerweile schon 40 Standard, aber oft genug auch 30. Au\u00dferorts hat man auch gern mal nur 50\/60\/70 Km\/h \u2013 ohne das man erkennen k\u00f6nnte, warum die Geschwindigkeit reduziert wird. Nahezu alle 3 \u2013 5 Kilometer (also gut, ich hab es nicht gemessen, aber es f\u00fchlt sich so an) steht ein Blitzer. Kind: das w\u00fcrde hier richtig teuer f\u00fcr dich, fahr lieber in ein anderes Land oder warte bis du so alt bist wie ich und es dich nicht mehr st\u00f6rt\u2026.<\/p>\n\n\n\n<p>Die Verkehrsschilder habe ich auch nach nunmehr 5 Tagen noch nicht alle verstanden. Leider war Google da aich nicht hilfreich \u2013 mal schauen, wenn ich wieder zu Hause bin.<\/p>\n\n\n\n<p>Verkehrsschilder sind hier \u00fcbrigens meist orange\/gelb\/rot. Macht ja auch Sinn, wenn im Winter hier alles wei\u00df ist.<\/p>\n\n\n\n<p>Was mich am meisten verwirrt hat ist, dass hier permanent links vor rechts gilt. Also es gibt sozusagen nur sehr wenige Hauptstra\u00dfen wo die Vorfahrt geregelt ist. Angesehen davon, dass es an jeder Ecke Fu\u00dfg\u00e4nger\u00fcberwege gibt. In der Masse habe ich die wirklich noch nicht gesehen.<\/p>\n\n\n\n<p><\/p>\n\n\n\n<p><\/p>\n\n\n\n<p class=\"has-link-color wp-elements-331860378b6485c2f99ca251773faccb\"><strong>weiter gehts <a href=\"http:\/\/motorradcamperreisen.de\/?page_id=1617\">hier<\/a><\/strong><\/p>\n","protected":false},"excerpt":{"rendered":"<p>Nach einer Nacht auf dem CP Rairunta wurde ich am Morgen sogar noch verw\u00f6hnt. Die sehr freundliche Besitzerin brachte mir eine Tasche mit \u201eFr\u00fchst\u00fcck\u201c \u2013 die obligatorische Zimtschnecke und zwei s\u00fc\u00dfe Br\u00f6tchen. Das fand ich richtig toll, und ich werde auch noch eine entsprechende Bewertung abgeben. Ich machte mich dann auf den Weg in den [&hellip;]<\/p>\n","protected":false},"author":1,"featured_media":0,"parent":1540,"menu_order":4,"comment_status":"open","ping_status":"closed","template":"","meta":{"site-sidebar-layout":"default","site-content-layout":"","ast-site-content-layout":"default","site-content-style":"default","site-sidebar-style":"default","ast-global-header-display":"","ast-banner-title-visibility":"","ast-main-header-display":"","ast-hfb-above-header-display":"","ast-hfb-below-header-display":"","ast-hfb-mobile-header-display":"","site-post-title":"","ast-breadcrumbs-content":"","ast-featured-img":"","footer-sml-layout":"","ast-disable-related-posts":"","theme-transparent-header-meta":"","adv-header-id-meta":"","stick-header-meta":"","header-above-stick-meta":"","header-main-stick-meta":"","header-below-stick-meta":"","astra-migrate-meta-layouts":"default","ast-page-background-enabled":"default","ast-page-background-meta":{"desktop":{"background-color":"","background-image":"","background-repeat":"repeat","background-position":"center center","background-size":"auto","background-attachment":"scroll","background-type":"","background-media":"","overlay-type":"","overlay-color":"","overlay-opacity":"","overlay-gradient":""},"tablet":{"background-color":"","background-image":"","background-repeat":"repeat","background-position":"center center","background-size":"auto","background-attachment":"scroll","background-type":"","background-media":"","overlay-type":"","overlay-color":"","overlay-opacity":"","overlay-gradient":""},"mobile":{"background-color":"","background-image":"","background-repeat":"repeat","background-position":"center center","background-size":"auto","background-attachment":"scroll","background-type":"","background-media":"","overlay-type":"","overlay-color":"","overlay-opacity":"","overlay-gradient":""}},"ast-content-background-meta":{"desktop":{"background-color":"var(--ast-global-color-5)","background-image":"","background-repeat":"repeat","background-position":"center center","background-size":"auto","background-attachment":"scroll","background-type":"","background-media":"","overlay-type":"","overlay-color":"","overlay-opacity":"","overlay-gradient":""},"tablet":{"background-color":"var(--ast-global-color-5)","background-image":"","background-repeat":"repeat","background-position":"center center","background-size":"auto","background-attachment":"scroll","background-type":"","background-media":"","overlay-type":"","overlay-color":"","overlay-opacity":"","overlay-gradient":""},"mobile":{"background-color":"var(--ast-global-color-5)","background-image":"","background-repeat":"repeat","background-position":"center center","background-size":"auto","background-attachment":"scroll","background-type":"","background-media":"","overlay-type":"","overlay-color":"","overlay-opacity":"","overlay-gradient":""}},"footnotes":""},"yoast_head":"<!-- This site is optimized with the Yoast SEO plugin v24.5 - https:\/\/yoast.com\/wordpress\/plugins\/seo\/ -->\n<title>Uuisikaupunki nach Saltkaret - motorradcamperreisen.de<\/title>\n<meta name=\"robots\" content=\"index, follow, max-snippet:-1, max-image-preview:large, max-video-preview:-1\" \/>\n<link rel=\"canonical\" href=\"http:\/\/motorradcamperreisen.de\/?page_id=1608\" \/>\n<meta property=\"og:locale\" content=\"de_DE\" \/>\n<meta property=\"og:type\" content=\"article\" \/>\n<meta property=\"og:title\" content=\"Uuisikaupunki nach Saltkaret - motorradcamperreisen.de\" \/>\n<meta property=\"og:description\" content=\"Nach einer Nacht auf dem CP Rairunta wurde ich am Morgen sogar noch verw\u00f6hnt. Die sehr freundliche Besitzerin brachte mir eine Tasche mit \u201eFr\u00fchst\u00fcck\u201c \u2013 die obligatorische Zimtschnecke und zwei s\u00fc\u00dfe Br\u00f6tchen. Das fand ich richtig toll, und ich werde auch noch eine entsprechende Bewertung abgeben. Ich machte mich dann auf den Weg in den [&hellip;]\" \/>\n<meta property=\"og:url\" content=\"http:\/\/motorradcamperreisen.de\/?page_id=1608\" \/>\n<meta property=\"og:site_name\" content=\"motorradcamperreisen.de\" \/>\n<meta property=\"article:modified_time\" content=\"2023-06-04T16:38:44+00:00\" \/>\n<meta property=\"og:image\" content=\"http:\/\/motorradcamperreisen.de\/wp-content\/uploads\/2023\/05\/grafik-4-104x300.png\" \/>\n<meta name=\"twitter:card\" content=\"summary_large_image\" \/>\n<meta name=\"twitter:label1\" content=\"Gesch\u00e4tzte Lesezeit\" \/>\n\t<meta name=\"twitter:data1\" content=\"4\u00a0Minuten\" \/>\n<script type=\"application\/ld+json\" class=\"yoast-schema-graph\">{\"@context\":\"https:\/\/schema.org\",\"@graph\":[{\"@type\":\"WebPage\",\"@id\":\"http:\/\/motorradcamperreisen.de\/?page_id=1608\",\"url\":\"http:\/\/motorradcamperreisen.de\/?page_id=1608\",\"name\":\"Uuisikaupunki nach Saltkaret - motorradcamperreisen.de\",\"isPartOf\":{\"@id\":\"http:\/\/motorradcamperreisen.de\/#website\"},\"primaryImageOfPage\":{\"@id\":\"http:\/\/motorradcamperreisen.de\/?page_id=1608#primaryimage\"},\"image\":{\"@id\":\"http:\/\/motorradcamperreisen.de\/?page_id=1608#primaryimage\"},\"thumbnailUrl\":\"http:\/\/motorradcamperreisen.de\/wp-content\/uploads\/2023\/05\/grafik-4-104x300.png\",\"datePublished\":\"2023-05-23T09:29:01+00:00\",\"dateModified\":\"2023-06-04T16:38:44+00:00\",\"breadcrumb\":{\"@id\":\"http:\/\/motorradcamperreisen.de\/?page_id=1608#breadcrumb\"},\"inLanguage\":\"de\",\"potentialAction\":[{\"@type\":\"ReadAction\",\"target\":[\"http:\/\/motorradcamperreisen.de\/?page_id=1608\"]}]},{\"@type\":\"ImageObject\",\"inLanguage\":\"de\",\"@id\":\"http:\/\/motorradcamperreisen.de\/?page_id=1608#primaryimage\",\"url\":\"http:\/\/motorradcamperreisen.de\/wp-content\/uploads\/2023\/05\/grafik-4.png\",\"contentUrl\":\"http:\/\/motorradcamperreisen.de\/wp-content\/uploads\/2023\/05\/grafik-4.png\",\"width\":329,\"height\":953},{\"@type\":\"BreadcrumbList\",\"@id\":\"http:\/\/motorradcamperreisen.de\/?page_id=1608#breadcrumb\",\"itemListElement\":[{\"@type\":\"ListItem\",\"position\":1,\"name\":\"Startseite\",\"item\":\"http:\/\/motorradcamperreisen.de\/\"},{\"@type\":\"ListItem\",\"position\":2,\"name\":\"Finnland und Norwegen 2023\",\"item\":\"http:\/\/motorradcamperreisen.de\/?page_id=1540\"},{\"@type\":\"ListItem\",\"position\":3,\"name\":\"Uuisikaupunki nach Saltkaret\"}]},{\"@type\":\"WebSite\",\"@id\":\"http:\/\/motorradcamperreisen.de\/#website\",\"url\":\"http:\/\/motorradcamperreisen.de\/\",\"name\":\"motorradcamperreisen.de\",\"description\":\"Motorradtouren, Camperreisen, St\u00e4dtetrips und was mir sonst noch so einf\u00e4llt....\",\"publisher\":{\"@id\":\"http:\/\/motorradcamperreisen.de\/#\/schema\/person\/3b5f74e4181c032b66d5c7b9f7ec1790\"},\"potentialAction\":[{\"@type\":\"SearchAction\",\"target\":{\"@type\":\"EntryPoint\",\"urlTemplate\":\"http:\/\/motorradcamperreisen.de\/?s={search_term_string}\"},\"query-input\":{\"@type\":\"PropertyValueSpecification\",\"valueRequired\":true,\"valueName\":\"search_term_string\"}}],\"inLanguage\":\"de\"},{\"@type\":[\"Person\",\"Organization\"],\"@id\":\"http:\/\/motorradcamperreisen.de\/#\/schema\/person\/3b5f74e4181c032b66d5c7b9f7ec1790\",\"name\":\"Bile66\",\"image\":{\"@type\":\"ImageObject\",\"inLanguage\":\"de\",\"@id\":\"http:\/\/motorradcamperreisen.de\/#\/schema\/person\/image\/\",\"url\":\"http:\/\/motorradcamperreisen.de\/wp-content\/uploads\/2022\/07\/IMG_20191005_143007-scaled.jpg\",\"contentUrl\":\"http:\/\/motorradcamperreisen.de\/wp-content\/uploads\/2022\/07\/IMG_20191005_143007-scaled.jpg\",\"width\":1920,\"height\":2560,\"caption\":\"Bile66\"},\"logo\":{\"@id\":\"http:\/\/motorradcamperreisen.de\/#\/schema\/person\/image\/\"},\"sameAs\":[\"http:\/\/motorradcamperreisen.de\"]}]}<\/script>\n<!-- \/ Yoast SEO plugin. -->","yoast_head_json":{"title":"Uuisikaupunki nach Saltkaret - motorradcamperreisen.de","robots":{"index":"index","follow":"follow","max-snippet":"max-snippet:-1","max-image-preview":"max-image-preview:large","max-video-preview":"max-video-preview:-1"},"canonical":"http:\/\/motorradcamperreisen.de\/?page_id=1608","og_locale":"de_DE","og_type":"article","og_title":"Uuisikaupunki nach Saltkaret - motorradcamperreisen.de","og_description":"Nach einer Nacht auf dem CP Rairunta wurde ich am Morgen sogar noch verw\u00f6hnt. Die sehr freundliche Besitzerin brachte mir eine Tasche mit \u201eFr\u00fchst\u00fcck\u201c \u2013 die obligatorische Zimtschnecke und zwei s\u00fc\u00dfe Br\u00f6tchen. Das fand ich richtig toll, und ich werde auch noch eine entsprechende Bewertung abgeben. Ich machte mich dann auf den Weg in den [&hellip;]","og_url":"http:\/\/motorradcamperreisen.de\/?page_id=1608","og_site_name":"motorradcamperreisen.de","article_modified_time":"2023-06-04T16:38:44+00:00","og_image":[{"url":"http:\/\/motorradcamperreisen.de\/wp-content\/uploads\/2023\/05\/grafik-4-104x300.png","type":"","width":"","height":""}],"twitter_card":"summary_large_image","twitter_misc":{"Gesch\u00e4tzte Lesezeit":"4\u00a0Minuten"},"schema":{"@context":"https:\/\/schema.org","@graph":[{"@type":"WebPage","@id":"http:\/\/motorradcamperreisen.de\/?page_id=1608","url":"http:\/\/motorradcamperreisen.de\/?page_id=1608","name":"Uuisikaupunki nach Saltkaret - motorradcamperreisen.de","isPartOf":{"@id":"http:\/\/motorradcamperreisen.de\/#website"},"primaryImageOfPage":{"@id":"http:\/\/motorradcamperreisen.de\/?page_id=1608#primaryimage"},"image":{"@id":"http:\/\/motorradcamperreisen.de\/?page_id=1608#primaryimage"},"thumbnailUrl":"http:\/\/motorradcamperreisen.de\/wp-content\/uploads\/2023\/05\/grafik-4-104x300.png","datePublished":"2023-05-23T09:29:01+00:00","dateModified":"2023-06-04T16:38:44+00:00","breadcrumb":{"@id":"http:\/\/motorradcamperreisen.de\/?page_id=1608#breadcrumb"},"inLanguage":"de","potentialAction":[{"@type":"ReadAction","target":["http:\/\/motorradcamperreisen.de\/?page_id=1608"]}]},{"@type":"ImageObject","inLanguage":"de","@id":"http:\/\/motorradcamperreisen.de\/?page_id=1608#primaryimage","url":"http:\/\/motorradcamperreisen.de\/wp-content\/uploads\/2023\/05\/grafik-4.png","contentUrl":"http:\/\/motorradcamperreisen.de\/wp-content\/uploads\/2023\/05\/grafik-4.png","width":329,"height":953},{"@type":"BreadcrumbList","@id":"http:\/\/motorradcamperreisen.de\/?page_id=1608#breadcrumb","itemListElement":[{"@type":"ListItem","position":1,"name":"Startseite","item":"http:\/\/motorradcamperreisen.de\/"},{"@type":"ListItem","position":2,"name":"Finnland und Norwegen 2023","item":"http:\/\/motorradcamperreisen.de\/?page_id=1540"},{"@type":"ListItem","position":3,"name":"Uuisikaupunki nach Saltkaret"}]},{"@type":"WebSite","@id":"http:\/\/motorradcamperreisen.de\/#website","url":"http:\/\/motorradcamperreisen.de\/","name":"motorradcamperreisen.de","description":"Motorradtouren, Camperreisen, St\u00e4dtetrips und was mir sonst noch so einf\u00e4llt....","publisher":{"@id":"http:\/\/motorradcamperreisen.de\/#\/schema\/person\/3b5f74e4181c032b66d5c7b9f7ec1790"},"potentialAction":[{"@type":"SearchAction","target":{"@type":"EntryPoint","urlTemplate":"http:\/\/motorradcamperreisen.de\/?s={search_term_string}"},"query-input":{"@type":"PropertyValueSpecification","valueRequired":true,"valueName":"search_term_string"}}],"inLanguage":"de"},{"@type":["Person","Organization"],"@id":"http:\/\/motorradcamperreisen.de\/#\/schema\/person\/3b5f74e4181c032b66d5c7b9f7ec1790","name":"Bile66","image":{"@type":"ImageObject","inLanguage":"de","@id":"http:\/\/motorradcamperreisen.de\/#\/schema\/person\/image\/","url":"http:\/\/motorradcamperreisen.de\/wp-content\/uploads\/2022\/07\/IMG_20191005_143007-scaled.jpg","contentUrl":"http:\/\/motorradcamperreisen.de\/wp-content\/uploads\/2022\/07\/IMG_20191005_143007-scaled.jpg","width":1920,"height":2560,"caption":"Bile66"},"logo":{"@id":"http:\/\/motorradcamperreisen.de\/#\/schema\/person\/image\/"},"sameAs":["http:\/\/motorradcamperreisen.de"]}]}},"_links":{"self":[{"href":"http:\/\/motorradcamperreisen.de\/index.php?rest_route=\/wp\/v2\/pages\/1608"}],"collection":[{"href":"http:\/\/motorradcamperreisen.de\/index.php?rest_route=\/wp\/v2\/pages"}],"about":[{"href":"http:\/\/motorradcamperreisen.de\/index.php?rest_route=\/wp\/v2\/types\/page"}],"author":[{"embeddable":true,"href":"http:\/\/motorradcamperreisen.de\/index.php?rest_route=\/wp\/v2\/users\/1"}],"replies":[{"embeddable":true,"href":"http:\/\/motorradcamperreisen.de\/index.php?rest_route=%2Fwp%2Fv2%2Fcomments&post=1608"}],"version-history":[{"count":5,"href":"http:\/\/motorradcamperreisen.de\/index.php?rest_route=\/wp\/v2\/pages\/1608\/revisions"}],"predecessor-version":[{"id":1845,"href":"http:\/\/motorradcamperreisen.de\/index.php?rest_route=\/wp\/v2\/pages\/1608\/revisions\/1845"}],"up":[{"embeddable":true,"href":"http:\/\/motorradcamperreisen.de\/index.php?rest_route=\/wp\/v2\/pages\/1540"}],"wp:attachment":[{"href":"http:\/\/motorradcamperreisen.de\/index.php?rest_route=%2Fwp%2Fv2%2Fmedia&parent=1608"}],"curies":[{"name":"wp","href":"https:\/\/api.w.org\/{rel}","templated":true}]}}