{"id":1589,"date":"2023-05-23T10:36:28","date_gmt":"2023-05-23T08:36:28","guid":{"rendered":"http:\/\/motorradcamperreisen.de\/?page_id=1589"},"modified":"2023-06-02T17:10:35","modified_gmt":"2023-06-02T15:10:35","slug":"es-geht-los-anreise-nach-travemuende-faehre-helsinki","status":"publish","type":"page","link":"http:\/\/motorradcamperreisen.de\/?page_id=1589","title":{"rendered":"Es geht los &#8211; Anreise nach Travem\u00fcnde, F\u00e4hre, Helsinki"},"content":{"rendered":"\n<p class=\"has-black-color has-text-color has-link-color wp-elements-0f76dc338c00b8496ab4dde158431acb\"><\/p>\n\n\n\n<p>Nachdem ich noch ein paar sch\u00f6ne Tage in der Ruhe der Heide verbracht habe, gings los auf &#8222;gro\u00dfe Tour&#8220;. Am fr\u00fchen Nachmittag nach L\u00fcbeck gestartet und nat\u00fcrlich wie gewohnt jede Menge Verkehr auf der Autobahn. Dennoch war ich recht zeitig am F\u00e4hranleger, aber noch zu fr\u00fch um dort zu warten. <\/p>\n\n\n\n<p>Ich habe mich also nach Travem\u00fcnde an den Strand aufgemacht und bei der Gelegenheit auch gleich beim Italiener ein fr\u00fches Abendessen zu mir genommen<\/p>\n\n\n\n<figure class=\"wp-block-image aligncenter size-medium\"><img loading=\"lazy\" decoding=\"async\" width=\"225\" height=\"300\" src=\"http:\/\/motorradcamperreisen.de\/wp-content\/uploads\/2023\/06\/IMG_20230529_170806-225x300.jpg\" alt=\"\" class=\"wp-image-1786\" srcset=\"http:\/\/motorradcamperreisen.de\/wp-content\/uploads\/2023\/06\/IMG_20230529_170806-225x300.jpg 225w, http:\/\/motorradcamperreisen.de\/wp-content\/uploads\/2023\/06\/IMG_20230529_170806-768x1024.jpg 768w, http:\/\/motorradcamperreisen.de\/wp-content\/uploads\/2023\/06\/IMG_20230529_170806-1152x1536.jpg 1152w, http:\/\/motorradcamperreisen.de\/wp-content\/uploads\/2023\/06\/IMG_20230529_170806-1536x2048.jpg 1536w, http:\/\/motorradcamperreisen.de\/wp-content\/uploads\/2023\/06\/IMG_20230529_170806-scaled.jpg 1920w\" sizes=\"(max-width: 225px) 100vw, 225px\" \/><\/figure>\n\n\n\n<p>Gegen 18:30 war ich wieder im Hafengel\u00e4nde. Der Check In sollte ab 20:30 erfolgen. W\u00e4hrend ich mich da also langweilte fiel mir ein, dass ich nicht getankt hatte. Tja, das muss ich jetzt wohl f\u00fcr teures Geld in Finnland nachholen. <\/p>\n\n\n\n<p>Der CheckIn war sehr p\u00fcnktlich und au\u00dfer meinem Personalausweis wollte niemand etwas sehen, keine Tickets, nichts. Nun hie\u00df es allerdings wieder warten, denn der CheckIn f\u00fcr die Auffahrt war auf 23:00 Uhr festgelegt. Na ja, die Zeit hat man dann mit quatschen mit anderen Urlaubern verbracht. Viertel vor elf ging es aber los. Die Auffahrt h\u00e4tte ich vor lauter quatschen fast verpasst. <\/p>\n\n\n\n<figure class=\"wp-block-image aligncenter size-large is-resized\"><img loading=\"lazy\" decoding=\"async\" src=\"http:\/\/motorradcamperreisen.de\/wp-content\/uploads\/2023\/06\/IMG_20230529_224714-768x1024.jpg\" alt=\"\" class=\"wp-image-1787\" width=\"384\" height=\"512\" srcset=\"http:\/\/motorradcamperreisen.de\/wp-content\/uploads\/2023\/06\/IMG_20230529_224714-768x1024.jpg 768w, http:\/\/motorradcamperreisen.de\/wp-content\/uploads\/2023\/06\/IMG_20230529_224714-225x300.jpg 225w, http:\/\/motorradcamperreisen.de\/wp-content\/uploads\/2023\/06\/IMG_20230529_224714-1152x1536.jpg 1152w, http:\/\/motorradcamperreisen.de\/wp-content\/uploads\/2023\/06\/IMG_20230529_224714-1536x2048.jpg 1536w, http:\/\/motorradcamperreisen.de\/wp-content\/uploads\/2023\/06\/IMG_20230529_224714-scaled.jpg 1920w\" sizes=\"(max-width: 384px) 100vw, 384px\" \/><\/figure>\n\n\n\n<p>Ich hatte mal Gl\u00fcck und konnte meine Kabine sofort beziehen. Bei der Buchung habe ich ja leider nur noch eine Innenkabine bekommen, aber ganz ehrlich, das hat nicht im geringsten gest\u00f6rt. Eher der sehr schwerh\u00f6rige Opa nebenan, der mich dann auch noch zusammengebr\u00fcllt hat, als ich sehr freundlich fragte, ob er eventuell seinen Fernseher leiser stellen k\u00f6nnte. Menschen gibts&#8230;<\/p>\n\n\n\n<div class=\"wp-block-columns is-layout-flex wp-container-core-columns-is-layout-3 wp-block-columns-is-layout-flex\">\n<div class=\"wp-block-column is-layout-flow wp-block-column-is-layout-flow\" style=\"flex-basis:100%\">\n<div class=\"wp-block-columns is-layout-flex wp-container-core-columns-is-layout-2 wp-block-columns-is-layout-flex\">\n<div class=\"wp-block-column is-layout-flow wp-block-column-is-layout-flow\" style=\"flex-basis:100%\">\n<div class=\"wp-block-columns is-layout-flex wp-container-core-columns-is-layout-1 wp-block-columns-is-layout-flex\">\n<div class=\"wp-block-column is-layout-flow wp-block-column-is-layout-flow\" style=\"flex-basis:50%\">\n<figure class=\"wp-block-image aligncenter size-large is-resized\"><img loading=\"lazy\" decoding=\"async\" src=\"http:\/\/motorradcamperreisen.de\/wp-content\/uploads\/2023\/06\/IMG_20230529_230821-768x1024.jpg\" alt=\"\" class=\"wp-image-1788\" width=\"384\" height=\"512\" srcset=\"http:\/\/motorradcamperreisen.de\/wp-content\/uploads\/2023\/06\/IMG_20230529_230821-768x1024.jpg 768w, http:\/\/motorradcamperreisen.de\/wp-content\/uploads\/2023\/06\/IMG_20230529_230821-225x300.jpg 225w, http:\/\/motorradcamperreisen.de\/wp-content\/uploads\/2023\/06\/IMG_20230529_230821-1152x1536.jpg 1152w, http:\/\/motorradcamperreisen.de\/wp-content\/uploads\/2023\/06\/IMG_20230529_230821-1536x2048.jpg 1536w, http:\/\/motorradcamperreisen.de\/wp-content\/uploads\/2023\/06\/IMG_20230529_230821-scaled.jpg 1920w\" sizes=\"(max-width: 384px) 100vw, 384px\" \/><\/figure>\n<\/div>\n\n\n\n<div class=\"wp-block-column is-layout-flow wp-block-column-is-layout-flow\" style=\"flex-basis:50%\">\n<figure class=\"wp-block-image aligncenter size-large is-resized\"><img loading=\"lazy\" decoding=\"async\" src=\"http:\/\/motorradcamperreisen.de\/wp-content\/uploads\/2023\/06\/IMG_20230529_230849-768x1024.jpg\" alt=\"\" class=\"wp-image-1791\" width=\"384\" height=\"512\" srcset=\"http:\/\/motorradcamperreisen.de\/wp-content\/uploads\/2023\/06\/IMG_20230529_230849-768x1024.jpg 768w, http:\/\/motorradcamperreisen.de\/wp-content\/uploads\/2023\/06\/IMG_20230529_230849-225x300.jpg 225w, http:\/\/motorradcamperreisen.de\/wp-content\/uploads\/2023\/06\/IMG_20230529_230849-1152x1536.jpg 1152w, http:\/\/motorradcamperreisen.de\/wp-content\/uploads\/2023\/06\/IMG_20230529_230849-1536x2048.jpg 1536w, http:\/\/motorradcamperreisen.de\/wp-content\/uploads\/2023\/06\/IMG_20230529_230849-scaled.jpg 1920w\" sizes=\"(max-width: 384px) 100vw, 384px\" \/><figcaption class=\"wp-element-caption\">bsh<\/figcaption><\/figure>\n<\/div>\n<\/div>\n<\/div>\n<\/div>\n<\/div>\n<\/div>\n\n\n\n<p>Letzendlich sass ich allerdings schon um 23:10 auf dem Sonnendeck und beobachtete, wie die F\u00e4hre beladen wurde. <\/p>\n\n\n\n<p><strong>weiter gehts <a href=\"http:\/\/motorradcamperreisen.de\/?page_id=1591\">hier<\/a><\/strong><\/p>\n","protected":false},"excerpt":{"rendered":"<p>Nachdem ich noch ein paar sch\u00f6ne Tage in der Ruhe der Heide verbracht habe, gings los auf &#8222;gro\u00dfe Tour&#8220;. Am fr\u00fchen Nachmittag nach L\u00fcbeck gestartet und nat\u00fcrlich wie gewohnt jede Menge Verkehr auf der Autobahn. Dennoch war ich recht zeitig am F\u00e4hranleger, aber noch zu fr\u00fch um dort zu warten. Ich habe mich also nach [&hellip;]<\/p>\n","protected":false},"author":1,"featured_media":0,"parent":1540,"menu_order":-2,"comment_status":"open","ping_status":"closed","template":"","meta":{"site-sidebar-layout":"default","site-content-layout":"","ast-site-content-layout":"default","site-content-style":"default","site-sidebar-style":"default","ast-global-header-display":"","ast-banner-title-visibility":"","ast-main-header-display":"","ast-hfb-above-header-display":"","ast-hfb-below-header-display":"","ast-hfb-mobile-header-display":"","site-post-title":"","ast-breadcrumbs-content":"","ast-featured-img":"","footer-sml-layout":"","ast-disable-related-posts":"","theme-transparent-header-meta":"","adv-header-id-meta":"","stick-header-meta":"","header-above-stick-meta":"","header-main-stick-meta":"","header-below-stick-meta":"","astra-migrate-meta-layouts":"default","ast-page-background-enabled":"default","ast-page-background-meta":{"desktop":{"background-color":"","background-image":"","background-repeat":"repeat","background-position":"center center","background-size":"auto","background-attachment":"scroll","background-type":"","background-media":"","overlay-type":"","overlay-color":"","overlay-opacity":"","overlay-gradient":""},"tablet":{"background-color":"","background-image":"","background-repeat":"repeat","background-position":"center center","background-size":"auto","background-attachment":"scroll","background-type":"","background-media":"","overlay-type":"","overlay-color":"","overlay-opacity":"","overlay-gradient":""},"mobile":{"background-color":"","background-image":"","background-repeat":"repeat","background-position":"center center","background-size":"auto","background-attachment":"scroll","background-type":"","background-media":"","overlay-type":"","overlay-color":"","overlay-opacity":"","overlay-gradient":""}},"ast-content-background-meta":{"desktop":{"background-color":"var(--ast-global-color-5)","background-image":"","background-repeat":"repeat","background-position":"center center","background-size":"auto","background-attachment":"scroll","background-type":"","background-media":"","overlay-type":"","overlay-color":"","overlay-opacity":"","overlay-gradient":""},"tablet":{"background-color":"var(--ast-global-color-5)","background-image":"","background-repeat":"repeat","background-position":"center center","background-size":"auto","background-attachment":"scroll","background-type":"","background-media":"","overlay-type":"","overlay-color":"","overlay-opacity":"","overlay-gradient":""},"mobile":{"background-color":"var(--ast-global-color-5)","background-image":"","background-repeat":"repeat","background-position":"center center","background-size":"auto","background-attachment":"scroll","background-type":"","background-media":"","overlay-type":"","overlay-color":"","overlay-opacity":"","overlay-gradient":""}},"footnotes":""},"yoast_head":"<!-- This site is optimized with the Yoast SEO plugin v24.5 - https:\/\/yoast.com\/wordpress\/plugins\/seo\/ -->\n<title>Es geht los - Anreise nach Travem\u00fcnde, F\u00e4hre, Helsinki - motorradcamperreisen.de<\/title>\n<meta name=\"robots\" content=\"index, follow, max-snippet:-1, max-image-preview:large, max-video-preview:-1\" \/>\n<link rel=\"canonical\" href=\"http:\/\/motorradcamperreisen.de\/?page_id=1589\" \/>\n<meta property=\"og:locale\" content=\"de_DE\" \/>\n<meta property=\"og:type\" content=\"article\" \/>\n<meta property=\"og:title\" content=\"Es geht los - Anreise nach Travem\u00fcnde, F\u00e4hre, Helsinki - motorradcamperreisen.de\" \/>\n<meta property=\"og:description\" content=\"Nachdem ich noch ein paar sch\u00f6ne Tage in der Ruhe der Heide verbracht habe, gings los auf &#8222;gro\u00dfe Tour&#8220;. Am fr\u00fchen Nachmittag nach L\u00fcbeck gestartet und nat\u00fcrlich wie gewohnt jede Menge Verkehr auf der Autobahn. Dennoch war ich recht zeitig am F\u00e4hranleger, aber noch zu fr\u00fch um dort zu warten. Ich habe mich also nach [&hellip;]\" \/>\n<meta property=\"og:url\" content=\"http:\/\/motorradcamperreisen.de\/?page_id=1589\" \/>\n<meta property=\"og:site_name\" content=\"motorradcamperreisen.de\" \/>\n<meta property=\"article:modified_time\" content=\"2023-06-02T15:10:35+00:00\" \/>\n<meta property=\"og:image\" content=\"http:\/\/motorradcamperreisen.de\/wp-content\/uploads\/2023\/06\/IMG_20230529_170806-225x300.jpg\" \/>\n<meta name=\"twitter:card\" content=\"summary_large_image\" \/>\n<meta name=\"twitter:label1\" content=\"Gesch\u00e4tzte Lesezeit\" \/>\n\t<meta name=\"twitter:data1\" content=\"3\u00a0Minuten\" \/>\n<script type=\"application\/ld+json\" class=\"yoast-schema-graph\">{\"@context\":\"https:\/\/schema.org\",\"@graph\":[{\"@type\":\"WebPage\",\"@id\":\"http:\/\/motorradcamperreisen.de\/?page_id=1589\",\"url\":\"http:\/\/motorradcamperreisen.de\/?page_id=1589\",\"name\":\"Es geht los - Anreise nach Travem\u00fcnde, F\u00e4hre, Helsinki - motorradcamperreisen.de\",\"isPartOf\":{\"@id\":\"http:\/\/motorradcamperreisen.de\/#website\"},\"primaryImageOfPage\":{\"@id\":\"http:\/\/motorradcamperreisen.de\/?page_id=1589#primaryimage\"},\"image\":{\"@id\":\"http:\/\/motorradcamperreisen.de\/?page_id=1589#primaryimage\"},\"thumbnailUrl\":\"http:\/\/motorradcamperreisen.de\/wp-content\/uploads\/2023\/06\/IMG_20230529_170806-225x300.jpg\",\"datePublished\":\"2023-05-23T08:36:28+00:00\",\"dateModified\":\"2023-06-02T15:10:35+00:00\",\"breadcrumb\":{\"@id\":\"http:\/\/motorradcamperreisen.de\/?page_id=1589#breadcrumb\"},\"inLanguage\":\"de\",\"potentialAction\":[{\"@type\":\"ReadAction\",\"target\":[\"http:\/\/motorradcamperreisen.de\/?page_id=1589\"]}]},{\"@type\":\"ImageObject\",\"inLanguage\":\"de\",\"@id\":\"http:\/\/motorradcamperreisen.de\/?page_id=1589#primaryimage\",\"url\":\"http:\/\/motorradcamperreisen.de\/wp-content\/uploads\/2023\/06\/IMG_20230529_170806-scaled.jpg\",\"contentUrl\":\"http:\/\/motorradcamperreisen.de\/wp-content\/uploads\/2023\/06\/IMG_20230529_170806-scaled.jpg\",\"width\":1920,\"height\":2560},{\"@type\":\"BreadcrumbList\",\"@id\":\"http:\/\/motorradcamperreisen.de\/?page_id=1589#breadcrumb\",\"itemListElement\":[{\"@type\":\"ListItem\",\"position\":1,\"name\":\"Startseite\",\"item\":\"http:\/\/motorradcamperreisen.de\/\"},{\"@type\":\"ListItem\",\"position\":2,\"name\":\"Finnland und Norwegen 2023\",\"item\":\"http:\/\/motorradcamperreisen.de\/?page_id=1540\"},{\"@type\":\"ListItem\",\"position\":3,\"name\":\"Es geht los &#8211; Anreise nach Travem\u00fcnde, F\u00e4hre, Helsinki\"}]},{\"@type\":\"WebSite\",\"@id\":\"http:\/\/motorradcamperreisen.de\/#website\",\"url\":\"http:\/\/motorradcamperreisen.de\/\",\"name\":\"motorradcamperreisen.de\",\"description\":\"Motorradtouren, Camperreisen, St\u00e4dtetrips und was mir sonst noch so einf\u00e4llt....\",\"publisher\":{\"@id\":\"http:\/\/motorradcamperreisen.de\/#\/schema\/person\/3b5f74e4181c032b66d5c7b9f7ec1790\"},\"potentialAction\":[{\"@type\":\"SearchAction\",\"target\":{\"@type\":\"EntryPoint\",\"urlTemplate\":\"http:\/\/motorradcamperreisen.de\/?s={search_term_string}\"},\"query-input\":{\"@type\":\"PropertyValueSpecification\",\"valueRequired\":true,\"valueName\":\"search_term_string\"}}],\"inLanguage\":\"de\"},{\"@type\":[\"Person\",\"Organization\"],\"@id\":\"http:\/\/motorradcamperreisen.de\/#\/schema\/person\/3b5f74e4181c032b66d5c7b9f7ec1790\",\"name\":\"Bile66\",\"image\":{\"@type\":\"ImageObject\",\"inLanguage\":\"de\",\"@id\":\"http:\/\/motorradcamperreisen.de\/#\/schema\/person\/image\/\",\"url\":\"http:\/\/motorradcamperreisen.de\/wp-content\/uploads\/2022\/07\/IMG_20191005_143007-scaled.jpg\",\"contentUrl\":\"http:\/\/motorradcamperreisen.de\/wp-content\/uploads\/2022\/07\/IMG_20191005_143007-scaled.jpg\",\"width\":1920,\"height\":2560,\"caption\":\"Bile66\"},\"logo\":{\"@id\":\"http:\/\/motorradcamperreisen.de\/#\/schema\/person\/image\/\"},\"sameAs\":[\"http:\/\/motorradcamperreisen.de\"]}]}<\/script>\n<!-- \/ Yoast SEO plugin. -->","yoast_head_json":{"title":"Es geht los - Anreise nach Travem\u00fcnde, F\u00e4hre, Helsinki - motorradcamperreisen.de","robots":{"index":"index","follow":"follow","max-snippet":"max-snippet:-1","max-image-preview":"max-image-preview:large","max-video-preview":"max-video-preview:-1"},"canonical":"http:\/\/motorradcamperreisen.de\/?page_id=1589","og_locale":"de_DE","og_type":"article","og_title":"Es geht los - Anreise nach Travem\u00fcnde, F\u00e4hre, Helsinki - motorradcamperreisen.de","og_description":"Nachdem ich noch ein paar sch\u00f6ne Tage in der Ruhe der Heide verbracht habe, gings los auf &#8222;gro\u00dfe Tour&#8220;. Am fr\u00fchen Nachmittag nach L\u00fcbeck gestartet und nat\u00fcrlich wie gewohnt jede Menge Verkehr auf der Autobahn. Dennoch war ich recht zeitig am F\u00e4hranleger, aber noch zu fr\u00fch um dort zu warten. Ich habe mich also nach [&hellip;]","og_url":"http:\/\/motorradcamperreisen.de\/?page_id=1589","og_site_name":"motorradcamperreisen.de","article_modified_time":"2023-06-02T15:10:35+00:00","og_image":[{"url":"http:\/\/motorradcamperreisen.de\/wp-content\/uploads\/2023\/06\/IMG_20230529_170806-225x300.jpg","type":"","width":"","height":""}],"twitter_card":"summary_large_image","twitter_misc":{"Gesch\u00e4tzte Lesezeit":"3\u00a0Minuten"},"schema":{"@context":"https:\/\/schema.org","@graph":[{"@type":"WebPage","@id":"http:\/\/motorradcamperreisen.de\/?page_id=1589","url":"http:\/\/motorradcamperreisen.de\/?page_id=1589","name":"Es geht los - Anreise nach Travem\u00fcnde, F\u00e4hre, Helsinki - motorradcamperreisen.de","isPartOf":{"@id":"http:\/\/motorradcamperreisen.de\/#website"},"primaryImageOfPage":{"@id":"http:\/\/motorradcamperreisen.de\/?page_id=1589#primaryimage"},"image":{"@id":"http:\/\/motorradcamperreisen.de\/?page_id=1589#primaryimage"},"thumbnailUrl":"http:\/\/motorradcamperreisen.de\/wp-content\/uploads\/2023\/06\/IMG_20230529_170806-225x300.jpg","datePublished":"2023-05-23T08:36:28+00:00","dateModified":"2023-06-02T15:10:35+00:00","breadcrumb":{"@id":"http:\/\/motorradcamperreisen.de\/?page_id=1589#breadcrumb"},"inLanguage":"de","potentialAction":[{"@type":"ReadAction","target":["http:\/\/motorradcamperreisen.de\/?page_id=1589"]}]},{"@type":"ImageObject","inLanguage":"de","@id":"http:\/\/motorradcamperreisen.de\/?page_id=1589#primaryimage","url":"http:\/\/motorradcamperreisen.de\/wp-content\/uploads\/2023\/06\/IMG_20230529_170806-scaled.jpg","contentUrl":"http:\/\/motorradcamperreisen.de\/wp-content\/uploads\/2023\/06\/IMG_20230529_170806-scaled.jpg","width":1920,"height":2560},{"@type":"BreadcrumbList","@id":"http:\/\/motorradcamperreisen.de\/?page_id=1589#breadcrumb","itemListElement":[{"@type":"ListItem","position":1,"name":"Startseite","item":"http:\/\/motorradcamperreisen.de\/"},{"@type":"ListItem","position":2,"name":"Finnland und Norwegen 2023","item":"http:\/\/motorradcamperreisen.de\/?page_id=1540"},{"@type":"ListItem","position":3,"name":"Es geht los &#8211; Anreise nach Travem\u00fcnde, F\u00e4hre, Helsinki"}]},{"@type":"WebSite","@id":"http:\/\/motorradcamperreisen.de\/#website","url":"http:\/\/motorradcamperreisen.de\/","name":"motorradcamperreisen.de","description":"Motorradtouren, Camperreisen, St\u00e4dtetrips und was mir sonst noch so einf\u00e4llt....","publisher":{"@id":"http:\/\/motorradcamperreisen.de\/#\/schema\/person\/3b5f74e4181c032b66d5c7b9f7ec1790"},"potentialAction":[{"@type":"SearchAction","target":{"@type":"EntryPoint","urlTemplate":"http:\/\/motorradcamperreisen.de\/?s={search_term_string}"},"query-input":{"@type":"PropertyValueSpecification","valueRequired":true,"valueName":"search_term_string"}}],"inLanguage":"de"},{"@type":["Person","Organization"],"@id":"http:\/\/motorradcamperreisen.de\/#\/schema\/person\/3b5f74e4181c032b66d5c7b9f7ec1790","name":"Bile66","image":{"@type":"ImageObject","inLanguage":"de","@id":"http:\/\/motorradcamperreisen.de\/#\/schema\/person\/image\/","url":"http:\/\/motorradcamperreisen.de\/wp-content\/uploads\/2022\/07\/IMG_20191005_143007-scaled.jpg","contentUrl":"http:\/\/motorradcamperreisen.de\/wp-content\/uploads\/2022\/07\/IMG_20191005_143007-scaled.jpg","width":1920,"height":2560,"caption":"Bile66"},"logo":{"@id":"http:\/\/motorradcamperreisen.de\/#\/schema\/person\/image\/"},"sameAs":["http:\/\/motorradcamperreisen.de"]}]}},"_links":{"self":[{"href":"http:\/\/motorradcamperreisen.de\/index.php?rest_route=\/wp\/v2\/pages\/1589"}],"collection":[{"href":"http:\/\/motorradcamperreisen.de\/index.php?rest_route=\/wp\/v2\/pages"}],"about":[{"href":"http:\/\/motorradcamperreisen.de\/index.php?rest_route=\/wp\/v2\/types\/page"}],"author":[{"embeddable":true,"href":"http:\/\/motorradcamperreisen.de\/index.php?rest_route=\/wp\/v2\/users\/1"}],"replies":[{"embeddable":true,"href":"http:\/\/motorradcamperreisen.de\/index.php?rest_route=%2Fwp%2Fv2%2Fcomments&post=1589"}],"version-history":[{"count":7,"href":"http:\/\/motorradcamperreisen.de\/index.php?rest_route=\/wp\/v2\/pages\/1589\/revisions"}],"predecessor-version":[{"id":1792,"href":"http:\/\/motorradcamperreisen.de\/index.php?rest_route=\/wp\/v2\/pages\/1589\/revisions\/1792"}],"up":[{"embeddable":true,"href":"http:\/\/motorradcamperreisen.de\/index.php?rest_route=\/wp\/v2\/pages\/1540"}],"wp:attachment":[{"href":"http:\/\/motorradcamperreisen.de\/index.php?rest_route=%2Fwp%2Fv2%2Fmedia&parent=1589"}],"curies":[{"name":"wp","href":"https:\/\/api.w.org\/{rel}","templated":true}]}}