{"id":1542,"date":"2023-05-10T18:40:24","date_gmt":"2023-05-10T16:40:24","guid":{"rendered":"http:\/\/motorradcamperreisen.de\/?page_id=1542"},"modified":"2023-08-01T12:48:47","modified_gmt":"2023-08-01T10:48:47","slug":"vorbereitung-zur-tour","status":"publish","type":"page","link":"http:\/\/motorradcamperreisen.de\/?page_id=1542","title":{"rendered":"Vorbereitung zur Tour"},"content":{"rendered":"\n<p id=\"block-a82968b8-d87f-4d57-a517-32164a9e1516\">Zun\u00e4chst habe ich mich nat\u00fcrlich auf den unz\u00e4hligen richtig tollen Seiten im Internet umgesehen. Dabei habe ich so viele tolle Tipps und Anregungen erhalten, dass ich mich schon recht gut vorbereitet f\u00fchle.<\/p>\n\n\n\n<p id=\"block-a7a4f9b2-e4f5-4d96-98b4-8913e4ab0527\">Ich habe mir nat\u00fcrlich die <a href=\"https:\/\/order.brobizz.com\/signup\/?language=de&amp;type=private\" target=\"_blank\" rel=\"noreferrer noopener\">BroBizz<\/a> besorgt. So ist das Leben doch viel entspannter. Ich habe bei meiner Planung nicht im geringsten darauf geachtet ob ich Mautsta\u00dfen fahre oder nicht. Die Planung war von Ort A nach Ort B. Auch wenn sieben Wochen schon eine gute Zeitspanne ist, die Zeit mich st\u00e4ndig auf Alternativ- bzw. kostenfreien Stra\u00dfen zu bewegen habe ich dann doch nicht. Zumal die Planung mit TomTom auch nicht so toll ist. Aber das habe ich nun schon \u00f6fter bedient und ist mir somit vertraut.<\/p>\n\n\n\n<p id=\"block-47f26741-f5ad-4bf3-af83-76d017f3afcc\">Aufgrund eines weiteren Tipps habe ich mir auch f\u00fcr die F\u00e4hren die <a href=\"https:\/\/autopassferje.no\/en\/\" target=\"_blank\" rel=\"noreferrer noopener\">Ferjekort<\/a> besorgt. Damit spart man auf inl\u00e4ndischen F\u00e4hren bares Geld. Es sollen bis zu 50% sein, warten wir es ab.<\/p>\n\n\n\n<p id=\"block-d38cf723-5d4b-41b9-a397-df6eca081a87\">In meiner Planung gibt es nat\u00fcrlich jede Menge Besichtigungspunkte, Wanderung und sonstige Unternehmungen. Was genau, findet ihr dann in den jeweiligen n\u00e4chsten Seiten. Wobei noch die Frage bleiben wird, wie ich Zeit und Lust habe regelm\u00e4\u00dfig zu schreiben.<\/p>\n\n\n\n<p id=\"block-7235c426-f5b1-4130-9a20-5435700b0efd\">Mein Auto ist fast fertig, jetzt warte ich nur noch auf die hinteren Thermo-Matten, die ich mir kurzfristig bestellt habe. Meine M\u00f6bel habe ich ein bisschen modifiziert und mir vern\u00fcnftige Fliegengitter aus Fieberglas gen\u00e4hnt. Das N\u00e4hergebnis ist eher naja, aber sie sollten ihren Zweck durchaus erf\u00fcllen. Ganz kurzfristig habe ich mir noch Gedanken \u00fcber ein Dachnetz gemacht. Das habe ich mit meinem vorhanden Gep\u00e4cknetz kostenfrei gel\u00f6st.<\/p>\n\n\n\n<p>Ich habe auf der Tour keinen Campingplatz gebucht oder mir gar im Vorfeld Gedanken gemacht. Ich gedenke schon recht h\u00e4ufig frei zu stehen, aber gelegentlich muss ich nat\u00fcrlich auch mal auf Campingpl\u00e4tze um die Toilette zu leeren, zum Duschen usw. Vieles geht aber auch auf Wohnmobilpl\u00e4tzen &#8211; gerade Norwegen ist da mit \u00dcbernachtungsm\u00f6glicheiten ein Paradies. Zur eventuellen Campingplatzsuche verwende ich <a href=\"https:\/\/park4night.com\/de\" target=\"_blank\" rel=\"noreferrer noopener\">Park4night<\/a>, <a href=\"https:\/\/www.promobil.de\/tipps\/download-stellplatz-radar-app-kostenlos\/\" target=\"_blank\" rel=\"noreferrer noopener\">Stellplatz Radar<\/a> und den <a href=\"https:\/\/play.google.com\/store\/apps\/details?id=de.adac.camping23&amp;pli=1\" target=\"_blank\" rel=\"noreferrer noopener\">ADAC Campingf\u00fchrer 2023<\/a> den es k\u00fcrzlich f\u00fcr einige Stunden umsonst gab. Im Zweifelsfall hilft auch Google immer irgendwie weiter &#8211; also entspannt bleiben.<\/p>\n\n\n\n<p id=\"block-0f4781bd-6b21-4568-9d8d-09885147a72e\">F\u00fcr die Anreise habe ich mich nach langem hin- und her doch f\u00fcr die F\u00e4hre nach Helsinki entschieden. Ich musste in der Planung irgendwann feststellen, dass ich trotz allem zu wenig Zeit habe und Schweden somit nicht so abfahren k\u00f6nnte wie gedacht. Letztlich habe ich noch einmal von vorne mit der Planung angefangen und entschieden, dass ich den Einstieg ins Abendteuer doch in Finnland beginne. Ich werde mit der F\u00e4hre von Travem\u00fcnde nach Helsinki fahren &#8211; 30 Stunden an Board. Da ich aber F\u00e4hrfahrten liebe, sollte mich das erst recht auf die Tour einstimmen.<\/p>\n\n\n\n<p id=\"block-1c2d7caf-de5f-4086-afff-c25f3354cc57\">Zuvor verbringe ich noch ein paar Tage in der Heide um mich dort mit meiner Freundin zu erholen und entspannt zu relaxen. Einen besseren Start in die kommende Zeit kann ich mir auch nicht vorstellen.<\/p>\n\n\n\n<p>weiter gehts <a href=\"http:\/\/motorradcamperreisen.de\/?page_id=1589\">HIER<\/a><\/p>\n","protected":false},"excerpt":{"rendered":"<p>Zun\u00e4chst habe ich mich nat\u00fcrlich auf den unz\u00e4hligen richtig tollen Seiten im Internet umgesehen. Dabei habe ich so viele tolle Tipps und Anregungen erhalten, dass ich mich schon recht gut vorbereitet f\u00fchle. Ich habe mir nat\u00fcrlich die BroBizz besorgt. So ist das Leben doch viel entspannter. Ich habe bei meiner Planung nicht im geringsten darauf [&hellip;]<\/p>\n","protected":false},"author":1,"featured_media":0,"parent":1540,"menu_order":0,"comment_status":"open","ping_status":"closed","template":"","meta":{"site-sidebar-layout":"default","site-content-layout":"","ast-site-content-layout":"default","site-content-style":"default","site-sidebar-style":"default","ast-global-header-display":"","ast-banner-title-visibility":"","ast-main-header-display":"","ast-hfb-above-header-display":"","ast-hfb-below-header-display":"","ast-hfb-mobile-header-display":"","site-post-title":"","ast-breadcrumbs-content":"","ast-featured-img":"","footer-sml-layout":"","ast-disable-related-posts":"","theme-transparent-header-meta":"","adv-header-id-meta":"","stick-header-meta":"","header-above-stick-meta":"","header-main-stick-meta":"","header-below-stick-meta":"","astra-migrate-meta-layouts":"default","ast-page-background-enabled":"default","ast-page-background-meta":{"desktop":{"background-color":"","background-image":"","background-repeat":"repeat","background-position":"center center","background-size":"auto","background-attachment":"scroll","background-type":"","background-media":"","overlay-type":"","overlay-color":"","overlay-opacity":"","overlay-gradient":""},"tablet":{"background-color":"","background-image":"","background-repeat":"repeat","background-position":"center center","background-size":"auto","background-attachment":"scroll","background-type":"","background-media":"","overlay-type":"","overlay-color":"","overlay-opacity":"","overlay-gradient":""},"mobile":{"background-color":"","background-image":"","background-repeat":"repeat","background-position":"center center","background-size":"auto","background-attachment":"scroll","background-type":"","background-media":"","overlay-type":"","overlay-color":"","overlay-opacity":"","overlay-gradient":""}},"ast-content-background-meta":{"desktop":{"background-color":"var(--ast-global-color-5)","background-image":"","background-repeat":"repeat","background-position":"center center","background-size":"auto","background-attachment":"scroll","background-type":"","background-media":"","overlay-type":"","overlay-color":"","overlay-opacity":"","overlay-gradient":""},"tablet":{"background-color":"var(--ast-global-color-5)","background-image":"","background-repeat":"repeat","background-position":"center center","background-size":"auto","background-attachment":"scroll","background-type":"","background-media":"","overlay-type":"","overlay-color":"","overlay-opacity":"","overlay-gradient":""},"mobile":{"background-color":"var(--ast-global-color-5)","background-image":"","background-repeat":"repeat","background-position":"center center","background-size":"auto","background-attachment":"scroll","background-type":"","background-media":"","overlay-type":"","overlay-color":"","overlay-opacity":"","overlay-gradient":""}},"footnotes":""},"yoast_head":"<!-- This site is optimized with the Yoast SEO plugin v24.5 - https:\/\/yoast.com\/wordpress\/plugins\/seo\/ -->\n<title>Vorbereitung zur Tour - motorradcamperreisen.de<\/title>\n<meta name=\"robots\" content=\"index, follow, max-snippet:-1, max-image-preview:large, max-video-preview:-1\" \/>\n<link rel=\"canonical\" href=\"http:\/\/motorradcamperreisen.de\/?page_id=1542\" \/>\n<meta property=\"og:locale\" content=\"de_DE\" \/>\n<meta property=\"og:type\" content=\"article\" \/>\n<meta property=\"og:title\" content=\"Vorbereitung zur Tour - motorradcamperreisen.de\" \/>\n<meta property=\"og:description\" content=\"Zun\u00e4chst habe ich mich nat\u00fcrlich auf den unz\u00e4hligen richtig tollen Seiten im Internet umgesehen. Dabei habe ich so viele tolle Tipps und Anregungen erhalten, dass ich mich schon recht gut vorbereitet f\u00fchle. Ich habe mir nat\u00fcrlich die BroBizz besorgt. So ist das Leben doch viel entspannter. Ich habe bei meiner Planung nicht im geringsten darauf [&hellip;]\" \/>\n<meta property=\"og:url\" content=\"http:\/\/motorradcamperreisen.de\/?page_id=1542\" \/>\n<meta property=\"og:site_name\" content=\"motorradcamperreisen.de\" \/>\n<meta property=\"article:modified_time\" content=\"2023-08-01T10:48:47+00:00\" \/>\n<meta name=\"twitter:card\" content=\"summary_large_image\" \/>\n<meta name=\"twitter:label1\" content=\"Gesch\u00e4tzte Lesezeit\" \/>\n\t<meta name=\"twitter:data1\" content=\"3\u00a0Minuten\" \/>\n<script type=\"application\/ld+json\" class=\"yoast-schema-graph\">{\"@context\":\"https:\/\/schema.org\",\"@graph\":[{\"@type\":\"WebPage\",\"@id\":\"http:\/\/motorradcamperreisen.de\/?page_id=1542\",\"url\":\"http:\/\/motorradcamperreisen.de\/?page_id=1542\",\"name\":\"Vorbereitung zur Tour - motorradcamperreisen.de\",\"isPartOf\":{\"@id\":\"http:\/\/motorradcamperreisen.de\/#website\"},\"datePublished\":\"2023-05-10T16:40:24+00:00\",\"dateModified\":\"2023-08-01T10:48:47+00:00\",\"breadcrumb\":{\"@id\":\"http:\/\/motorradcamperreisen.de\/?page_id=1542#breadcrumb\"},\"inLanguage\":\"de\",\"potentialAction\":[{\"@type\":\"ReadAction\",\"target\":[\"http:\/\/motorradcamperreisen.de\/?page_id=1542\"]}]},{\"@type\":\"BreadcrumbList\",\"@id\":\"http:\/\/motorradcamperreisen.de\/?page_id=1542#breadcrumb\",\"itemListElement\":[{\"@type\":\"ListItem\",\"position\":1,\"name\":\"Startseite\",\"item\":\"http:\/\/motorradcamperreisen.de\/\"},{\"@type\":\"ListItem\",\"position\":2,\"name\":\"Finnland und Norwegen 2023\",\"item\":\"http:\/\/motorradcamperreisen.de\/?page_id=1540\"},{\"@type\":\"ListItem\",\"position\":3,\"name\":\"Vorbereitung zur Tour\"}]},{\"@type\":\"WebSite\",\"@id\":\"http:\/\/motorradcamperreisen.de\/#website\",\"url\":\"http:\/\/motorradcamperreisen.de\/\",\"name\":\"motorradcamperreisen.de\",\"description\":\"Motorradtouren, Camperreisen, St\u00e4dtetrips und was mir sonst noch so einf\u00e4llt....\",\"publisher\":{\"@id\":\"http:\/\/motorradcamperreisen.de\/#\/schema\/person\/3b5f74e4181c032b66d5c7b9f7ec1790\"},\"potentialAction\":[{\"@type\":\"SearchAction\",\"target\":{\"@type\":\"EntryPoint\",\"urlTemplate\":\"http:\/\/motorradcamperreisen.de\/?s={search_term_string}\"},\"query-input\":{\"@type\":\"PropertyValueSpecification\",\"valueRequired\":true,\"valueName\":\"search_term_string\"}}],\"inLanguage\":\"de\"},{\"@type\":[\"Person\",\"Organization\"],\"@id\":\"http:\/\/motorradcamperreisen.de\/#\/schema\/person\/3b5f74e4181c032b66d5c7b9f7ec1790\",\"name\":\"Bile66\",\"image\":{\"@type\":\"ImageObject\",\"inLanguage\":\"de\",\"@id\":\"http:\/\/motorradcamperreisen.de\/#\/schema\/person\/image\/\",\"url\":\"http:\/\/motorradcamperreisen.de\/wp-content\/uploads\/2022\/07\/IMG_20191005_143007-scaled.jpg\",\"contentUrl\":\"http:\/\/motorradcamperreisen.de\/wp-content\/uploads\/2022\/07\/IMG_20191005_143007-scaled.jpg\",\"width\":1920,\"height\":2560,\"caption\":\"Bile66\"},\"logo\":{\"@id\":\"http:\/\/motorradcamperreisen.de\/#\/schema\/person\/image\/\"},\"sameAs\":[\"http:\/\/motorradcamperreisen.de\"]}]}<\/script>\n<!-- \/ Yoast SEO plugin. -->","yoast_head_json":{"title":"Vorbereitung zur Tour - motorradcamperreisen.de","robots":{"index":"index","follow":"follow","max-snippet":"max-snippet:-1","max-image-preview":"max-image-preview:large","max-video-preview":"max-video-preview:-1"},"canonical":"http:\/\/motorradcamperreisen.de\/?page_id=1542","og_locale":"de_DE","og_type":"article","og_title":"Vorbereitung zur Tour - motorradcamperreisen.de","og_description":"Zun\u00e4chst habe ich mich nat\u00fcrlich auf den unz\u00e4hligen richtig tollen Seiten im Internet umgesehen. Dabei habe ich so viele tolle Tipps und Anregungen erhalten, dass ich mich schon recht gut vorbereitet f\u00fchle. Ich habe mir nat\u00fcrlich die BroBizz besorgt. So ist das Leben doch viel entspannter. Ich habe bei meiner Planung nicht im geringsten darauf [&hellip;]","og_url":"http:\/\/motorradcamperreisen.de\/?page_id=1542","og_site_name":"motorradcamperreisen.de","article_modified_time":"2023-08-01T10:48:47+00:00","twitter_card":"summary_large_image","twitter_misc":{"Gesch\u00e4tzte Lesezeit":"3\u00a0Minuten"},"schema":{"@context":"https:\/\/schema.org","@graph":[{"@type":"WebPage","@id":"http:\/\/motorradcamperreisen.de\/?page_id=1542","url":"http:\/\/motorradcamperreisen.de\/?page_id=1542","name":"Vorbereitung zur Tour - motorradcamperreisen.de","isPartOf":{"@id":"http:\/\/motorradcamperreisen.de\/#website"},"datePublished":"2023-05-10T16:40:24+00:00","dateModified":"2023-08-01T10:48:47+00:00","breadcrumb":{"@id":"http:\/\/motorradcamperreisen.de\/?page_id=1542#breadcrumb"},"inLanguage":"de","potentialAction":[{"@type":"ReadAction","target":["http:\/\/motorradcamperreisen.de\/?page_id=1542"]}]},{"@type":"BreadcrumbList","@id":"http:\/\/motorradcamperreisen.de\/?page_id=1542#breadcrumb","itemListElement":[{"@type":"ListItem","position":1,"name":"Startseite","item":"http:\/\/motorradcamperreisen.de\/"},{"@type":"ListItem","position":2,"name":"Finnland und Norwegen 2023","item":"http:\/\/motorradcamperreisen.de\/?page_id=1540"},{"@type":"ListItem","position":3,"name":"Vorbereitung zur Tour"}]},{"@type":"WebSite","@id":"http:\/\/motorradcamperreisen.de\/#website","url":"http:\/\/motorradcamperreisen.de\/","name":"motorradcamperreisen.de","description":"Motorradtouren, Camperreisen, St\u00e4dtetrips und was mir sonst noch so einf\u00e4llt....","publisher":{"@id":"http:\/\/motorradcamperreisen.de\/#\/schema\/person\/3b5f74e4181c032b66d5c7b9f7ec1790"},"potentialAction":[{"@type":"SearchAction","target":{"@type":"EntryPoint","urlTemplate":"http:\/\/motorradcamperreisen.de\/?s={search_term_string}"},"query-input":{"@type":"PropertyValueSpecification","valueRequired":true,"valueName":"search_term_string"}}],"inLanguage":"de"},{"@type":["Person","Organization"],"@id":"http:\/\/motorradcamperreisen.de\/#\/schema\/person\/3b5f74e4181c032b66d5c7b9f7ec1790","name":"Bile66","image":{"@type":"ImageObject","inLanguage":"de","@id":"http:\/\/motorradcamperreisen.de\/#\/schema\/person\/image\/","url":"http:\/\/motorradcamperreisen.de\/wp-content\/uploads\/2022\/07\/IMG_20191005_143007-scaled.jpg","contentUrl":"http:\/\/motorradcamperreisen.de\/wp-content\/uploads\/2022\/07\/IMG_20191005_143007-scaled.jpg","width":1920,"height":2560,"caption":"Bile66"},"logo":{"@id":"http:\/\/motorradcamperreisen.de\/#\/schema\/person\/image\/"},"sameAs":["http:\/\/motorradcamperreisen.de"]}]}},"_links":{"self":[{"href":"http:\/\/motorradcamperreisen.de\/index.php?rest_route=\/wp\/v2\/pages\/1542"}],"collection":[{"href":"http:\/\/motorradcamperreisen.de\/index.php?rest_route=\/wp\/v2\/pages"}],"about":[{"href":"http:\/\/motorradcamperreisen.de\/index.php?rest_route=\/wp\/v2\/types\/page"}],"author":[{"embeddable":true,"href":"http:\/\/motorradcamperreisen.de\/index.php?rest_route=\/wp\/v2\/users\/1"}],"replies":[{"embeddable":true,"href":"http:\/\/motorradcamperreisen.de\/index.php?rest_route=%2Fwp%2Fv2%2Fcomments&post=1542"}],"version-history":[{"count":4,"href":"http:\/\/motorradcamperreisen.de\/index.php?rest_route=\/wp\/v2\/pages\/1542\/revisions"}],"predecessor-version":[{"id":3195,"href":"http:\/\/motorradcamperreisen.de\/index.php?rest_route=\/wp\/v2\/pages\/1542\/revisions\/3195"}],"up":[{"embeddable":true,"href":"http:\/\/motorradcamperreisen.de\/index.php?rest_route=\/wp\/v2\/pages\/1540"}],"wp:attachment":[{"href":"http:\/\/motorradcamperreisen.de\/index.php?rest_route=%2Fwp%2Fv2%2Fmedia&parent=1542"}],"curies":[{"name":"wp","href":"https:\/\/api.w.org\/{rel}","templated":true}]}}